{"id":11193,"date":"2024-09-30T17:50:45","date_gmt":"2024-09-30T15:50:45","guid":{"rendered":"https:\/\/tonsberg.katolsk.no\/?page_id=11193"},"modified":"2025-09-20T13:13:47","modified_gmt":"2025-09-20T11:13:47","slug":"katolsk-forum-tidligere-sesonger","status":"publish","type":"page","link":"https:\/\/tonsberg.katolsk.no\/index.php\/katolsk-forum\/katolsk-forum-tidligere-sesonger\/","title":{"rendered":"Katolsk forum &#8211; h\u00f8sten 2024 og tidligere sesonger"},"content":{"rendered":"\n<p><strong>H\u00d8STEN 2024<\/strong><br>Etter fem og et halvt \u00e5rs pause starter Katolsk forum opp igjen. Ny Katolsk forum-komit\u00e9 best\u00e5r av Tonje G. Hareide, Sigurd Ormbostad, Gro Vitters\u00f8 og diakon Sigurd Hareide. Ta kontakt om du har forslag til foredragstema eller vil bidra p\u00e5 andre m\u00e5ter. Vel m\u00f8tt til spennende og opplysende foredrag i v\u00e5re nye menighetslokaler:<\/p>\n\n\n\n<ul class=\"wp-block-list\">\n<li>Foredragene starter kl. 19 og avsluttes f\u00f8r kl. 21<\/li>\n\n\n\n<li>Enkel kveldsmat <\/li>\n\n\n\n<li>H\u00f8sten 2024 er foredragene p\u00e5 torsdager<\/li>\n\n\n\n<li>Entr\u00e9 kr. 100,- (gratis for skoleungdom og studenter)<\/li>\n<\/ul>\n\n\n\n<div class=\"wp-block-media-text has-media-on-the-right is-stacked-on-mobile\"><div class=\"wp-block-media-text__content\">\n<p>Torsdag 24. oktober 2024: <br><strong>Da tiden ble kristnet<\/strong><br>Eivor A. Oftestad<\/p>\n\n\n\n<p>(foto: Joakim S. Enger)<\/p>\n<\/div><figure class=\"wp-block-media-text__media\"><img loading=\"lazy\" decoding=\"async\" width=\"974\" height=\"1024\" src=\"https:\/\/tonsberg.katolsk.no\/wp-content\/uploads\/2024\/09\/Eivor.A.Oftestad_JSEnger-KOPI-974x1024.jpg\" alt=\"\" class=\"wp-image-11199 size-full\" srcset=\"https:\/\/tonsberg.katolsk.no\/wp-content\/uploads\/2024\/09\/Eivor.A.Oftestad_JSEnger-KOPI-974x1024.jpg 974w, https:\/\/tonsberg.katolsk.no\/wp-content\/uploads\/2024\/09\/Eivor.A.Oftestad_JSEnger-KOPI-285x300.jpg 285w, https:\/\/tonsberg.katolsk.no\/wp-content\/uploads\/2024\/09\/Eivor.A.Oftestad_JSEnger-KOPI-768x808.jpg 768w, https:\/\/tonsberg.katolsk.no\/wp-content\/uploads\/2024\/09\/Eivor.A.Oftestad_JSEnger-KOPI.jpg 1431w\" sizes=\"auto, (max-width: 767px) 89vw, (max-width: 1000px) 54vw, (max-width: 1071px) 543px, 580px\" \/><\/figure><\/div>\n\n\n\n<p><em>2024 er blitt feiret som <a href=\"https:\/\/moster2024.no\/kristenretten\" target=\"_blank\" rel=\"noreferrer noopener\">kristenrettens 1000-\u00e5rsjubileum<\/a>. I kristenretten finner vi et omfattende regelverk som integrerer jordbrukssamfunnets tid og kirkens tid. Primstaver, kirkeklokker og kalendere fra middelalderen viser en ny m\u00e5te \u00e5 tenke tid p\u00e5. Liturgien knytter d\u00f8gnets og \u00e5rstidenes rytme sammen med Kristi liv og helgenene. Hva slags tidsforst\u00e5else er egentlig dette? Greier vi \u00e5 holde fast ved en kristnet tid i en sekularisert<br>kultur?&nbsp;<\/em><\/p>\n\n\n\n<p><strong>Eivor Andersen Oftestad <\/strong>er professor i kristendomshistorie ved H\u00f8gskolen i Innlandet, Hamar. Hun har skrevet flere b\u00f8ker, bidrar stadig i samfunnsdebatten og har blant annet v\u00e6re fast spaltist i avisene Dag og tid, Klassekampen og V\u00e5rt Land.<\/p>\n\n\n\n<div class=\"wp-block-media-text is-stacked-on-mobile\"><figure class=\"wp-block-media-text__media\"><img loading=\"lazy\" decoding=\"async\" width=\"300\" height=\"400\" src=\"https:\/\/tonsberg.katolsk.no\/wp-content\/uploads\/2024\/09\/Anders-Aschim.jpg\" alt=\"\" class=\"wp-image-11202 size-full\" srcset=\"https:\/\/tonsberg.katolsk.no\/wp-content\/uploads\/2024\/09\/Anders-Aschim.jpg 300w, https:\/\/tonsberg.katolsk.no\/wp-content\/uploads\/2024\/09\/Anders-Aschim-225x300.jpg 225w\" sizes=\"auto, (max-width: 300px) 100vw, 300px\" \/><\/figure><div class=\"wp-block-media-text__content\">\n<p>Torsdag 21. november 2024: <br><strong>\u00abNyttige og gode \u00e5 lese\u00bb. <br>Bibelb\u00f8kene som likevel ikke forsvant <\/strong><br>Anders Aschim<\/p>\n\n\n\n<p>(foto: H\u00f8gskolen i Innlandet)<\/p>\n<\/div><\/div>\n\n\n\n<p><em>\u00abApokryfer: Det er b\u00f8ker som ikke holdes for like med Den hellige skrift, men som dog er nyttige og gode \u00e5 lese.\u00bb Med disse ordene sorterte Martin Luther ut de deuterokanoniske skriftene, et titalls b\u00f8ker som tradisjonelt hadde v\u00e6rt regnet med til Det gamle testamentet, og satte dem p\u00e5 loftet, i en egen avdeling mellom Det gamle og Det nye testamentet. Men mye tyder p\u00e5 at bibelbrukere flest fortsatt oppfattet disse b\u00f8kene som hellig skrift, p\u00e5 lik linje med andre bibelske b\u00f8ker, ogs\u00e5 i Norge<strong>. <\/strong>I 2024 gav Bibelselskapet ut <\/em><a href=\"https:\/\/stolavbok.no\/produkt\/bibel-2024-katolsk-kanon-pa-bokmal\/\">Bibel 2024 \u2013 Katolsk kanon<\/a><em>, den f\u00f8rste bibelutgaven p\u00e5 norsk noensinne hvor de deuterokanoniske b\u00f8ker er plassert blant de andre b\u00f8kene i Det gamle testamentet, der hvor de h\u00f8rer hjemme i katolske bibler<\/em> <em>(<a href=\"https:\/\/www.katolsk.no\/nyheter\/2024\/03\/bibelselskapet-har-innfridd-onsket-om-katolsk-kanon\" target=\"_blank\" rel=\"noreferrer noopener\">les mer p\u00e5 katolsk.no om den nye bibelutgaven med katolsk kanon<\/a>).<\/em> <\/p>\n\n\n\n<p><strong>Anders Aschim<\/strong> er professor i religion, livssyn og etikk ved H\u00f8gskolen i Innlandet, Hamar. Han er medlem av Bibelselskapets oversettelsesutvalg, har tidligere arbeidet som bibeloversetter for Det Norske Bibelselskap og har utgitt flere b\u00f8ker.<\/p>\n\n\n\n<p><strong>H\u00d8STEN 2018<\/strong>: <a href=\"https:\/\/tonsberg.katolsk.no\/wp-content\/uploads\/2017\/08\/Katolsk-forum-h%C3%B8sten-2018.pdf\">Katolsk forum h\u00f8sten 2018<\/a><\/p>\n\n\n\n<p><strong>V\u00c5REN 2018:<\/strong> <br><strong>Katolsk forum v\u00e5ren 2018<br><\/strong>Katolsk forum g\u00e5r tilbake til torsdag som fast m\u00f8tedag.<br>Unntak er samarbeid med kirkeakademiet mandag 19. mars.<br><em>Entr\u00e9 kr. 50,- (gratis for skoleungdom og studenter)<\/em><br><em>Enkel kveldsmat n\u00e5r arrangementet holdes i<\/em><br><em>St. Olav kirkes menighetslokale \u2013 Botnegaten 22, 3112 T\u00f8nsberg<\/em><\/p>\n\n\n\n<p>Torsdag 11. januar kl. 19-21<br>Dag \u00d8ivind \u00d8stereng:<br><strong>Fra Luther til Peter \u2013 en pilegrims bekjennelser<\/strong><\/p>\n\n\n\n<p>Torsdag 25. januar kl. 19-21<br>Peder Solberg:<br><strong>Hva er da et menneske?<\/strong><br><strong>En katolsk humanisme for v\u00e5r tid<\/strong><\/p>\n\n\n\n<p>Helgen 16.-18. mars:<br><strong>Fasteretrett ved p. Hallvard Hole OFM<br><\/strong>Fullt program<strong>&nbsp;<\/strong><a href=\"https:\/\/tonsberg.katolsk.no\/index.php\/2018\/02\/16\/fasteretrett-pa-polsk-og-norsk-16-18-mars\/\" target=\"_blank\" rel=\"noreferrer noopener\">her.<\/a><\/p>\n\n\n\n<p>Mandag 19. mars kl. 19-21 i T\u00f8nsberg og F\u00e6rder bibliotek,<br>i samarbeid med&nbsp;<a href=\"http:\/\/www.kirkeakademiene.no\/about\/ost\/tonsberg-kirkeakademi\/\" target=\"_blank\" rel=\"noreferrer noopener\">T\u00f8nsberg kirkeakademi<\/a>&nbsp;og&nbsp;<a href=\"http:\/\/rundkirken.no\/\" target=\"_blank\" rel=\"noreferrer noopener\">Rundkirkens venner<\/a>:<br>Kristin B. Aavitsland og Bj\u00f8rn Bandlien:<br><strong>T\u00f8nsberg \u2013 et Jerusalem p\u00e5 65 grader nord<\/strong><br>(kr. 100,- i inngangspenger ved dette arrangementet)<\/p>\n\n\n\n<p>I 2018 er det 1000 \u00e5r siden Hellig Olav bes\u00f8kte T\u00f8nsberg.<br>Rundkirken og Olavsklosteret i T\u00f8nsberg er et unikt vitnesbyrd<br>i v\u00e5rt distrikt om arven etter helgenkongen. F\u00e5 kjenner denne<br>historien bedre enn professor i kirke- og kulturhistorie ved<br>Det teologiske menighetsfakultet, Kristin Aavitsland, og<br>professor Bj\u00f8rn Bandlien ved H\u00f8gskolen i S\u00f8r\u00f8st-Norge.<\/p>\n\n\n\n<p>De jakter jerusalemkoden og dr\u00f8fter hvordan olavskulten vokste<br>fram i spennet mellom kongemakt og oppr\u00f8rere. Midt blant<br>ruinene av kirken og klosteret vil kveldens foredragsholdere<br>tegne et bilde av T\u00f8nsberg som et Jerusalem p\u00e5 65 grader<br>nord.<\/p>\n\n\n\n<p><a href=\"http:\/\/xn--tnsberg-q1a.katolsk.no\/wp-content\/uploads\/2017\/08\/Program-for-katolsk-forum-h%C3%B8sten-2017.pdf\">Program for katolsk forum h\u00f8sten 2017<\/a>&nbsp;(last opp pdf)<\/p>\n\n\n\n<h2 class=\"wp-block-heading\"><strong>Katolsk forum h\u00f8sten 2017<\/strong><br>St. Olav kirke, Botnegaten 22, 3112 T\u00f8nsberg<\/h2>\n\n\n\n<p>Torsdag 31. august<br><strong>Jorden \u2013 v\u00e5rt hjem, v\u00e5rt ansvar.<\/strong><br><strong>Om Laudato si, pave Frans\u2019 milj\u00f8encyklika<\/strong><br>Sosialteolog Alexander Golding<\/p>\n\n\n\n<p>Onsdag 20. september<br><strong>\u00d8kumeniske gleder og ergrelser<\/strong><br><strong>fem hundre \u00e5r etter reformasjonens begynnelse<\/strong><br>Biskop Bernt Eidsvig<br>(Biskopen feirer onsdagsmessen kl. 18 i kirken f\u00f8r foredraget)<\/p>\n\n\n\n<p>Mandag 23. oktober (NB! I Solvangkirken)<br><strong>T\u00f8nsberg \u2013 et katolsk kjerneomr\u00e5de etter reformasjonen?<\/strong><br>F\u00f8rsteamanuensis Henning Laugerud<br>(Kr. 100,- i inngangspenger ved dette arrangementet som er i samarbeid med<br>T\u00f8nsberg kirkeakademi og T\u00f8nsberg domprosti)<\/p>\n\n\n\n<p>Onsdag 8. november<br><strong>Fra avl til design. Mennesket i endring?<\/strong><br>Forsker Eivor A. Oftestad<\/p>\n\n\n\n<p>Helgen 8.-10. desember (n\u00e6rmere program kommer):<br><strong>Adventsretrett: N\u00e5de<\/strong><br>Sr. Anne-Bente Hadland<\/p>\n\n\n\n<p>Foredragene starter kl. 19,<br>inkluderer enkel kveldsmat n\u00e5r de holdes i St. Olav kirkes menighetslokale og avsluttes f\u00f8r kl. 21.<br>Merk at ukedag for foredragene i h\u00f8st varierer!<br>Entr\u00e9 kr. 50,- (gratis for skoleungdom og studenter)<\/p>\n","protected":false},"excerpt":{"rendered":"<p>H\u00d8STEN 2024Etter fem og et halvt \u00e5rs pause starter Katolsk forum opp igjen. Ny Katolsk forum-komit\u00e9 best\u00e5r av Tonje G. Hareide, Sigurd Ormbostad, Gro Vitters\u00f8 og diakon Sigurd Hareide. Ta kontakt om du har forslag til foredragstema eller vil bidra p\u00e5 andre m\u00e5ter. Vel m\u00f8tt til spennende og opplysende foredrag i v\u00e5re nye menighetslokaler: Torsdag &hellip; <\/p>\n<p class=\"link-more\"><a href=\"https:\/\/tonsberg.katolsk.no\/index.php\/katolsk-forum\/katolsk-forum-tidligere-sesonger\/\" class=\"more-link\">Fortsett \u00e5 lese<span class=\"screen-reader-text\"> \u00abKatolsk forum &#8211; h\u00f8sten 2024 og tidligere sesonger\u00bb<\/span><\/a><\/p>\n","protected":false},"author":2,"featured_media":0,"parent":17,"menu_order":0,"comment_status":"closed","ping_status":"closed","template":"","meta":{"footnotes":""},"class_list":["post-11193","page","type-page","status-publish","hentry"],"_links":{"self":[{"href":"https:\/\/tonsberg.katolsk.no\/index.php\/wp-json\/wp\/v2\/pages\/11193","targetHints":{"allow":["GET"]}}],"collection":[{"href":"https:\/\/tonsberg.katolsk.no\/index.php\/wp-json\/wp\/v2\/pages"}],"about":[{"href":"https:\/\/tonsberg.katolsk.no\/index.php\/wp-json\/wp\/v2\/types\/page"}],"author":[{"embeddable":true,"href":"https:\/\/tonsberg.katolsk.no\/index.php\/wp-json\/wp\/v2\/users\/2"}],"replies":[{"embeddable":true,"href":"https:\/\/tonsberg.katolsk.no\/index.php\/wp-json\/wp\/v2\/comments?post=11193"}],"version-history":[{"count":4,"href":"https:\/\/tonsberg.katolsk.no\/index.php\/wp-json\/wp\/v2\/pages\/11193\/revisions"}],"predecessor-version":[{"id":11811,"href":"https:\/\/tonsberg.katolsk.no\/index.php\/wp-json\/wp\/v2\/pages\/11193\/revisions\/11811"}],"up":[{"embeddable":true,"href":"https:\/\/tonsberg.katolsk.no\/index.php\/wp-json\/wp\/v2\/pages\/17"}],"wp:attachment":[{"href":"https:\/\/tonsberg.katolsk.no\/index.php\/wp-json\/wp\/v2\/media?parent=11193"}],"curies":[{"name":"wp","href":"https:\/\/api.w.org\/{rel}","templated":true}]}}