{"id":11327,"date":"2024-12-27T16:36:44","date_gmt":"2024-12-27T15:36:44","guid":{"rendered":"https:\/\/tonsberg.katolsk.no\/?page_id=11327"},"modified":"2025-09-18T16:13:57","modified_gmt":"2025-09-18T14:13:57","slug":"menighetsradet-og-finansradet","status":"publish","type":"page","link":"https:\/\/tonsberg.katolsk.no\/index.php\/menighetsradet-og-finansradet\/","title":{"rendered":"Menighetsr\u00e5det og finansr\u00e5det"},"content":{"rendered":"\n<p><em><strong>Menighetsr\u00e5d 2024-2026:&nbsp;<\/strong><\/em><br>Duy Thang Do (leder, 909 69 022, thangdo@start.no), Aravinda Perera (nestleder), Terese Ranek (sekret\u00e6r), Monika Basiejko (medlem), Grethe Nyg\u00e5rd (medlem), Bong Ae Steinnes (medlem), Ildik\u00f3 Kiraly (varamedlem).<br>P. Johannes Vu Manh Hung (sogneprest og formann i menighetsr\u00e5det) og Sigurd Hareide (diakon) deltar ogs\u00e5 i menighetsr\u00e5det.<\/p>\n\n\n\n<p><strong><em>Pastoralr\u00e5dsrepresentant:<\/em><\/strong><br>Menighetsr\u00e5dsleder m\u00f8ter vanligvis i Oslo katolsk bisped\u00f8mmes pastoralr\u00e5d<\/p>\n\n\n\n<p><strong><em>Finansr\u00e5d (fra 2025-2026):<\/em><\/strong><br>Sognepresten (p. Johannes Vu Manh Hung), diakon Sigurd Hareide, Aravinda Perera (fra menighetsr\u00e5det), Vuong Duy Nguyen og Johan Svorst\u00f8l<\/p>\n\n\n\n<p>Oversikt over tidligere menighetsr\u00e5d og finansr\u00e5d<a href=\"https:\/\/tonsberg.katolsk.no\/index.php\/kontakt\/tidligere-menighetsrad-og-finansrad\/\" target=\"_blank\" rel=\"noreferrer noopener\">&nbsp;her<\/a>. <\/p>\n","protected":false},"excerpt":{"rendered":"<p>Menighetsr\u00e5d 2024-2026:&nbsp;Duy Thang Do (leder, 909 69 022, thangdo@start.no), Aravinda Perera (nestleder), Terese Ranek (sekret\u00e6r), Monika Basiejko (medlem), Grethe Nyg\u00e5rd (medlem), Bong Ae Steinnes (medlem), Ildik\u00f3 Kiraly (varamedlem).P. Johannes Vu Manh Hung (sogneprest og formann i menighetsr\u00e5det) og Sigurd Hareide (diakon) deltar ogs\u00e5 i menighetsr\u00e5det. Pastoralr\u00e5dsrepresentant:Menighetsr\u00e5dsleder m\u00f8ter vanligvis i Oslo katolsk bisped\u00f8mmes pastoralr\u00e5d Finansr\u00e5d (fra &hellip; <\/p>\n<p class=\"link-more\"><a href=\"https:\/\/tonsberg.katolsk.no\/index.php\/menighetsradet-og-finansradet\/\" class=\"more-link\">Fortsett \u00e5 lese<span class=\"screen-reader-text\"> \u00abMenighetsr\u00e5det og finansr\u00e5det\u00bb<\/span><\/a><\/p>\n","protected":false},"author":2,"featured_media":0,"parent":0,"menu_order":0,"comment_status":"closed","ping_status":"closed","template":"","meta":{"footnotes":""},"class_list":["post-11327","page","type-page","status-publish","hentry"],"_links":{"self":[{"href":"https:\/\/tonsberg.katolsk.no\/index.php\/wp-json\/wp\/v2\/pages\/11327","targetHints":{"allow":["GET"]}}],"collection":[{"href":"https:\/\/tonsberg.katolsk.no\/index.php\/wp-json\/wp\/v2\/pages"}],"about":[{"href":"https:\/\/tonsberg.katolsk.no\/index.php\/wp-json\/wp\/v2\/types\/page"}],"author":[{"embeddable":true,"href":"https:\/\/tonsberg.katolsk.no\/index.php\/wp-json\/wp\/v2\/users\/2"}],"replies":[{"embeddable":true,"href":"https:\/\/tonsberg.katolsk.no\/index.php\/wp-json\/wp\/v2\/comments?post=11327"}],"version-history":[{"count":4,"href":"https:\/\/tonsberg.katolsk.no\/index.php\/wp-json\/wp\/v2\/pages\/11327\/revisions"}],"predecessor-version":[{"id":11791,"href":"https:\/\/tonsberg.katolsk.no\/index.php\/wp-json\/wp\/v2\/pages\/11327\/revisions\/11791"}],"wp:attachment":[{"href":"https:\/\/tonsberg.katolsk.no\/index.php\/wp-json\/wp\/v2\/media?parent=11327"}],"curies":[{"name":"wp","href":"https:\/\/api.w.org\/{rel}","templated":true}]}}