{"id":11330,"date":"2024-12-27T16:38:42","date_gmt":"2024-12-27T15:38:42","guid":{"rendered":"https:\/\/tonsberg.katolsk.no\/?page_id=11330"},"modified":"2026-03-06T14:42:12","modified_gmt":"2026-03-06T13:42:12","slug":"menighetsradsmoter","status":"publish","type":"page","link":"https:\/\/tonsberg.katolsk.no\/index.php\/menighetsradsmoter\/","title":{"rendered":"Menighetsr\u00e5dsm\u00f8ter"},"content":{"rendered":"\n<p>Her publiseres referater fra menighetsr\u00e5dsm\u00f8tene (de nyeste \u00f8verst):<\/p>\n\n\n\n<div data-wp-interactive=\"core\/file\" class=\"wp-block-file\"><object data-wp-bind--hidden=\"!state.hasPdfPreview\" hidden class=\"wp-block-file__embed\" data=\"https:\/\/tonsberg.katolsk.no\/wp-content\/uploads\/2026\/03\/Referat-fra-menighetsradsmote-torsdag-12.-februar-2026.pdf\" type=\"application\/pdf\" style=\"width:100%;height:600px\" aria-label=\"Innbygging av Referat fra menighetsr\u00e5dsm\u00f8te torsdag 12. februar 2026\"><\/object><a id=\"wp-block-file--media-ec54f16d-247b-4abd-ab87-dd2e6dfd3c37\" href=\"https:\/\/tonsberg.katolsk.no\/wp-content\/uploads\/2026\/03\/Referat-fra-menighetsradsmote-torsdag-12.-februar-2026.pdf\">Referat fra menighetsr\u00e5dsm\u00f8te torsdag 12. februar 2026<\/a><a href=\"https:\/\/tonsberg.katolsk.no\/wp-content\/uploads\/2026\/03\/Referat-fra-menighetsradsmote-torsdag-12.-februar-2026.pdf\" class=\"wp-block-file__button wp-element-button\" download aria-describedby=\"wp-block-file--media-ec54f16d-247b-4abd-ab87-dd2e6dfd3c37\">Last ned<\/a><\/div>\n\n\n\n<div data-wp-interactive=\"core\/file\" class=\"wp-block-file\"><object data-wp-bind--hidden=\"!state.hasPdfPreview\" hidden class=\"wp-block-file__embed\" data=\"https:\/\/tonsberg.katolsk.no\/wp-content\/uploads\/2026\/02\/Referat-fra-menighetsradsmote-torsdag-8.-januar-2026.pdf\" type=\"application\/pdf\" style=\"width:100%;height:600px\" aria-label=\"Innbygging av Referat fra menighetsr\u00e5dsm\u00f8te torsdag 8. januar 2026\"><\/object><a id=\"wp-block-file--media-4fa1b7dc-9f97-438a-bce3-c21528a40ee5\" href=\"https:\/\/tonsberg.katolsk.no\/wp-content\/uploads\/2026\/02\/Referat-fra-menighetsradsmote-torsdag-8.-januar-2026.pdf\">Referat fra menighetsr\u00e5dsm\u00f8te torsdag 8. januar 2026<\/a><a href=\"https:\/\/tonsberg.katolsk.no\/wp-content\/uploads\/2026\/02\/Referat-fra-menighetsradsmote-torsdag-8.-januar-2026.pdf\" class=\"wp-block-file__button wp-element-button\" download aria-describedby=\"wp-block-file--media-4fa1b7dc-9f97-438a-bce3-c21528a40ee5\">Last ned<\/a><\/div>\n\n\n\n<div data-wp-interactive=\"core\/file\" class=\"wp-block-file\"><object data-wp-bind--hidden=\"!state.hasPdfPreview\" hidden class=\"wp-block-file__embed\" data=\"https:\/\/tonsberg.katolsk.no\/wp-content\/uploads\/2025\/12\/Menighetsradsmote-20.-november-2025.pdf\" type=\"application\/pdf\" style=\"width:100%;height:600px\" aria-label=\"Innbygging av Menighetsr\u00e5dsm\u00f8te 20. november 2025\"><\/object><a id=\"wp-block-file--media-2fe0891e-5a7f-49ca-9f8a-411d08b4ce1d\" href=\"https:\/\/tonsberg.katolsk.no\/wp-content\/uploads\/2025\/12\/Menighetsradsmote-20.-november-2025.pdf\">Menighetsr\u00e5dsm\u00f8te 20. november 2025<\/a><a href=\"https:\/\/tonsberg.katolsk.no\/wp-content\/uploads\/2025\/12\/Menighetsradsmote-20.-november-2025.pdf\" class=\"wp-block-file__button wp-element-button\" download aria-describedby=\"wp-block-file--media-2fe0891e-5a7f-49ca-9f8a-411d08b4ce1d\">Last ned<\/a><\/div>\n\n\n\n<div data-wp-interactive=\"core\/file\" class=\"wp-block-file\"><object data-wp-bind--hidden=\"!state.hasPdfPreview\" hidden class=\"wp-block-file__embed\" data=\"https:\/\/tonsberg.katolsk.no\/wp-content\/uploads\/2025\/11\/Referat-fra-menighetsradsmote-16.-oktober-2025.pdf\" type=\"application\/pdf\" style=\"width:100%;height:600px\" aria-label=\"Innbygging av Referat fra menighetsr\u00e5dsm\u00f8te 16. oktober 2025\"><\/object><a id=\"wp-block-file--media-ff047045-1738-4804-8739-61e7d1c3dd23\" href=\"https:\/\/tonsberg.katolsk.no\/wp-content\/uploads\/2025\/11\/Referat-fra-menighetsradsmote-16.-oktober-2025.pdf\">Referat fra menighetsr\u00e5dsm\u00f8te 16. oktober 2025<\/a><a href=\"https:\/\/tonsberg.katolsk.no\/wp-content\/uploads\/2025\/11\/Referat-fra-menighetsradsmote-16.-oktober-2025.pdf\" class=\"wp-block-file__button wp-element-button\" download aria-describedby=\"wp-block-file--media-ff047045-1738-4804-8739-61e7d1c3dd23\">Last ned<\/a><\/div>\n\n\n\n<div data-wp-interactive=\"core\/file\" class=\"wp-block-file\"><object data-wp-bind--hidden=\"!state.hasPdfPreview\" hidden class=\"wp-block-file__embed\" data=\"https:\/\/tonsberg.katolsk.no\/wp-content\/uploads\/2025\/09\/Menighetsradsmotereferat-18.-september-2025.pdf\" type=\"application\/pdf\" style=\"width:100%;height:600px\" aria-label=\"Innbygging av Menighetsr\u00e5dsm\u00f8tereferat - 18. september 2025\"><\/object><a id=\"wp-block-file--media-44e86921-82a1-437a-89d0-2105a76b2af7\" href=\"https:\/\/tonsberg.katolsk.no\/wp-content\/uploads\/2025\/09\/Menighetsradsmotereferat-18.-september-2025.pdf\">Menighetsr\u00e5dsm\u00f8tereferat &#8211; 18. september 2025<\/a><a href=\"https:\/\/tonsberg.katolsk.no\/wp-content\/uploads\/2025\/09\/Menighetsradsmotereferat-18.-september-2025.pdf\" class=\"wp-block-file__button wp-element-button\" download aria-describedby=\"wp-block-file--media-44e86921-82a1-437a-89d0-2105a76b2af7\">Last ned<\/a><\/div>\n\n\n\n<div data-wp-interactive=\"core\/file\" class=\"wp-block-file\"><object data-wp-bind--hidden=\"!state.hasPdfPreview\" hidden class=\"wp-block-file__embed\" data=\"https:\/\/tonsberg.katolsk.no\/wp-content\/uploads\/2025\/08\/Menighetsradsmotereferat-31.-juli-2025.pdf\" type=\"application\/pdf\" style=\"width:100%;height:600px\" aria-label=\"Innbygging av Menighetsr\u00e5dsm\u00f8tereferat 31. juli 2025\"><\/object><a id=\"wp-block-file--media-b72abf8d-acd9-4264-9046-1d51bdaec4ab\" href=\"https:\/\/tonsberg.katolsk.no\/wp-content\/uploads\/2025\/08\/Menighetsradsmotereferat-31.-juli-2025.pdf\">Menighetsr\u00e5dsm\u00f8tereferat 31. juli 2025<\/a><a href=\"https:\/\/tonsberg.katolsk.no\/wp-content\/uploads\/2025\/08\/Menighetsradsmotereferat-31.-juli-2025.pdf\" class=\"wp-block-file__button wp-element-button\" download aria-describedby=\"wp-block-file--media-b72abf8d-acd9-4264-9046-1d51bdaec4ab\">Last ned<\/a><\/div>\n\n\n\n<div data-wp-interactive=\"core\/file\" class=\"wp-block-file\"><object data-wp-bind--hidden=\"!state.hasPdfPreview\" hidden class=\"wp-block-file__embed\" data=\"https:\/\/tonsberg.katolsk.no\/wp-content\/uploads\/2025\/08\/Menighetsradsmotereferat-12.-juni-2025.pdf\" type=\"application\/pdf\" style=\"width:100%;height:600px\" aria-label=\"Innbygging av Menighetsr\u00e5dsm\u00f8tereferat - 12. juni 2025\"><\/object><a id=\"wp-block-file--media-df02723e-32ac-49df-b1b9-8559581668fc\" href=\"https:\/\/tonsberg.katolsk.no\/wp-content\/uploads\/2025\/08\/Menighetsradsmotereferat-12.-juni-2025.pdf\">Menighetsr\u00e5dsm\u00f8tereferat &#8211; 12. juni 2025<\/a><a href=\"https:\/\/tonsberg.katolsk.no\/wp-content\/uploads\/2025\/08\/Menighetsradsmotereferat-12.-juni-2025.pdf\" class=\"wp-block-file__button wp-element-button\" download aria-describedby=\"wp-block-file--media-df02723e-32ac-49df-b1b9-8559581668fc\">Last ned<\/a><\/div>\n\n\n\n<div data-wp-interactive=\"core\/file\" class=\"wp-block-file\"><object data-wp-bind--hidden=\"!state.hasPdfPreview\" hidden class=\"wp-block-file__embed\" data=\"https:\/\/tonsberg.katolsk.no\/wp-content\/uploads\/2025\/08\/Menighetsradsmotereferat-10.-april-2025.pdf\" type=\"application\/pdf\" style=\"width:100%;height:600px\" aria-label=\"Innbygging av Menighetsr\u00e5dsm\u00f8tereferat - 10. april 2025\"><\/object><a id=\"wp-block-file--media-66114412-9930-44f0-a949-c119875f085c\" href=\"https:\/\/tonsberg.katolsk.no\/wp-content\/uploads\/2025\/08\/Menighetsradsmotereferat-10.-april-2025.pdf\">Menighetsr\u00e5dsm\u00f8tereferat &#8211; 10. april 2025<\/a><a href=\"https:\/\/tonsberg.katolsk.no\/wp-content\/uploads\/2025\/08\/Menighetsradsmotereferat-10.-april-2025.pdf\" class=\"wp-block-file__button wp-element-button\" download aria-describedby=\"wp-block-file--media-66114412-9930-44f0-a949-c119875f085c\">Last ned<\/a><\/div>\n\n\n\n<div data-wp-interactive=\"core\/file\" class=\"wp-block-file\"><object data-wp-bind--hidden=\"!state.hasPdfPreview\" hidden class=\"wp-block-file__embed\" data=\"https:\/\/tonsberg.katolsk.no\/wp-content\/uploads\/2025\/04\/Menighetsradsmotereferat-13.-mars-2025.pdf\" type=\"application\/pdf\" style=\"width:100%;height:600px\" aria-label=\"Innbygging av Menighetsr\u00e5dsm\u00f8tereferat - 13. mars 2025\"><\/object><a id=\"wp-block-file--media-b663542f-adb1-4e8d-bbbd-fe617649e0a8\" href=\"https:\/\/tonsberg.katolsk.no\/wp-content\/uploads\/2025\/04\/Menighetsradsmotereferat-13.-mars-2025.pdf\">Menighetsr\u00e5dsm\u00f8tereferat &#8211; 13. mars 2025<\/a><a href=\"https:\/\/tonsberg.katolsk.no\/wp-content\/uploads\/2025\/04\/Menighetsradsmotereferat-13.-mars-2025.pdf\" class=\"wp-block-file__button wp-element-button\" download aria-describedby=\"wp-block-file--media-b663542f-adb1-4e8d-bbbd-fe617649e0a8\">Last ned<\/a><\/div>\n\n\n\n<div data-wp-interactive=\"core\/file\" class=\"wp-block-file\"><object data-wp-bind--hidden=\"!state.hasPdfPreview\" hidden class=\"wp-block-file__embed\" data=\"https:\/\/tonsberg.katolsk.no\/wp-content\/uploads\/2025\/03\/Menighetsradsmote-30.01.2025.pdf\" type=\"application\/pdf\" style=\"width:100%;height:600px\" aria-label=\"Innbygging av Menighetsr\u00e5dsm\u00f8te 30.01.2025\"><\/object><a id=\"wp-block-file--media-12c1a350-6a2c-42d1-a8aa-7e49894681b2\" href=\"https:\/\/tonsberg.katolsk.no\/wp-content\/uploads\/2025\/03\/Menighetsradsmote-30.01.2025.pdf\">Menighetsr\u00e5dsm\u00f8te 30.01.2025<\/a><a href=\"https:\/\/tonsberg.katolsk.no\/wp-content\/uploads\/2025\/03\/Menighetsradsmote-30.01.2025.pdf\" class=\"wp-block-file__button wp-element-button\" download aria-describedby=\"wp-block-file--media-12c1a350-6a2c-42d1-a8aa-7e49894681b2\">Last ned<\/a><\/div>\n\n\n\n<p><\/p>\n\n\n\n<p>[Referatet fra 12. desember 2024 ble i menighetsr\u00e5dsm\u00f8tet 30. januar 2025 revidert og godkjent. Noen feil i versjonen som tidligere var lagt ut ble rettet opp, og ny og endelig versjon er lagt ut nedenfor:]<\/p>\n\n\n\n<div data-wp-interactive=\"core\/file\" class=\"wp-block-file\"><object data-wp-bind--hidden=\"!state.hasPdfPreview\" hidden class=\"wp-block-file__embed\" data=\"https:\/\/tonsberg.katolsk.no\/wp-content\/uploads\/2025\/01\/Menighetsradsmote-121224-revidert-og-godkjent-i-motet-300125.pdf\" type=\"application\/pdf\" style=\"width:100%;height:600px\" aria-label=\"Innbygging av Menighetsr\u00e5dsm\u00f8te 121224 - revidert og godkjent i m\u00f8tet 300125\"><\/object><a id=\"wp-block-file--media-5e04bac9-cfd3-4a89-a603-65bdf8795ad6\" href=\"https:\/\/tonsberg.katolsk.no\/wp-content\/uploads\/2025\/01\/Menighetsradsmote-121224-revidert-og-godkjent-i-motet-300125.pdf\">Menighetsr\u00e5dsm\u00f8te 121224 &#8211; revidert og godkjent i m\u00f8tet 300125<\/a><a href=\"https:\/\/tonsberg.katolsk.no\/wp-content\/uploads\/2025\/01\/Menighetsradsmote-121224-revidert-og-godkjent-i-motet-300125.pdf\" class=\"wp-block-file__button wp-element-button\" download aria-describedby=\"wp-block-file--media-5e04bac9-cfd3-4a89-a603-65bdf8795ad6\">Last ned<\/a><\/div>\n\n\n\n<div data-wp-interactive=\"core\/file\" class=\"wp-block-file\"><object data-wp-bind--hidden=\"!state.hasPdfPreview\" hidden class=\"wp-block-file__embed\" data=\"https:\/\/tonsberg.katolsk.no\/wp-content\/uploads\/2024\/12\/Menighetsradsmote-141124.pdf\" type=\"application\/pdf\" style=\"width:100%;height:600px\" aria-label=\"Innbygging av Menighetsr\u00e5dsm\u00f8te 141124\"><\/object><a id=\"wp-block-file--media-2016257e-9ed6-493f-8e3c-1d0021f47d30\" href=\"https:\/\/tonsberg.katolsk.no\/wp-content\/uploads\/2024\/12\/Menighetsradsmote-141124.pdf\">Menighetsr\u00e5dsm\u00f8te 141124<\/a><a href=\"https:\/\/tonsberg.katolsk.no\/wp-content\/uploads\/2024\/12\/Menighetsradsmote-141124.pdf\" class=\"wp-block-file__button wp-element-button\" download aria-describedby=\"wp-block-file--media-2016257e-9ed6-493f-8e3c-1d0021f47d30\">Last ned<\/a><\/div>\n\n\n\n<div data-wp-interactive=\"core\/file\" class=\"wp-block-file\"><object data-wp-bind--hidden=\"!state.hasPdfPreview\" hidden class=\"wp-block-file__embed\" data=\"https:\/\/tonsberg.katolsk.no\/wp-content\/uploads\/2024\/12\/Menighetsradsmote-171024.pdf\" type=\"application\/pdf\" style=\"width:100%;height:600px\" aria-label=\"Innbygging av Menighetsr\u00e5dsm\u00f8te 171024\"><\/object><a id=\"wp-block-file--media-fbd9e79a-0477-4278-a311-df983de77ebd\" href=\"https:\/\/tonsberg.katolsk.no\/wp-content\/uploads\/2024\/12\/Menighetsradsmote-171024.pdf\">Menighetsr\u00e5dsm\u00f8te 171024<\/a><a href=\"https:\/\/tonsberg.katolsk.no\/wp-content\/uploads\/2024\/12\/Menighetsradsmote-171024.pdf\" class=\"wp-block-file__button wp-element-button\" download aria-describedby=\"wp-block-file--media-fbd9e79a-0477-4278-a311-df983de77ebd\">Last ned<\/a><\/div>\n\n\n\n<div data-wp-interactive=\"core\/file\" class=\"wp-block-file\"><object data-wp-bind--hidden=\"!state.hasPdfPreview\" hidden class=\"wp-block-file__embed\" data=\"https:\/\/tonsberg.katolsk.no\/wp-content\/uploads\/2024\/12\/Menighetsradsmote-120924.pdf\" type=\"application\/pdf\" style=\"width:100%;height:600px\" aria-label=\"Innbygging av Menighetsr\u00e5dsm\u00f8te 120924\"><\/object><a id=\"wp-block-file--media-0bf0004e-d44e-42c9-bb1f-ad84582bfce7\" href=\"https:\/\/tonsberg.katolsk.no\/wp-content\/uploads\/2024\/12\/Menighetsradsmote-120924.pdf\">Menighetsr\u00e5dsm\u00f8te 120924<\/a><a href=\"https:\/\/tonsberg.katolsk.no\/wp-content\/uploads\/2024\/12\/Menighetsradsmote-120924.pdf\" class=\"wp-block-file__button wp-element-button\" download aria-describedby=\"wp-block-file--media-0bf0004e-d44e-42c9-bb1f-ad84582bfce7\">Last ned<\/a><\/div>\n\n\n\n<div data-wp-interactive=\"core\/file\" class=\"wp-block-file\"><object data-wp-bind--hidden=\"!state.hasPdfPreview\" hidden class=\"wp-block-file__embed\" data=\"https:\/\/tonsberg.katolsk.no\/wp-content\/uploads\/2024\/12\/Referat-fra-menighetsradsmote-19.-juni-2024.pdf\" type=\"application\/pdf\" style=\"width:100%;height:600px\" aria-label=\"Innbygging av Referat fra menighetsr\u00e5dsm\u00f8te 19. juni 2024\"><\/object><a id=\"wp-block-file--media-357209ad-e938-4d25-abde-48aa340d44bf\" href=\"https:\/\/tonsberg.katolsk.no\/wp-content\/uploads\/2024\/12\/Referat-fra-menighetsradsmote-19.-juni-2024.pdf\">Referat fra menighetsr\u00e5dsm\u00f8te 19. juni 2024<\/a><a href=\"https:\/\/tonsberg.katolsk.no\/wp-content\/uploads\/2024\/12\/Referat-fra-menighetsradsmote-19.-juni-2024.pdf\" class=\"wp-block-file__button wp-element-button\" download aria-describedby=\"wp-block-file--media-357209ad-e938-4d25-abde-48aa340d44bf\">Last ned<\/a><\/div>\n","protected":false},"excerpt":{"rendered":"<p>Her publiseres referater fra menighetsr\u00e5dsm\u00f8tene (de nyeste \u00f8verst): [Referatet fra 12. desember 2024 ble i menighetsr\u00e5dsm\u00f8tet 30. januar 2025 revidert og godkjent. Noen feil i versjonen som tidligere var lagt ut ble rettet opp, og ny og endelig versjon er lagt ut nedenfor:]<\/p>\n","protected":false},"author":2,"featured_media":0,"parent":0,"menu_order":0,"comment_status":"closed","ping_status":"closed","template":"","meta":{"footnotes":""},"class_list":["post-11330","page","type-page","status-publish","hentry"],"_links":{"self":[{"href":"https:\/\/tonsberg.katolsk.no\/index.php\/wp-json\/wp\/v2\/pages\/11330","targetHints":{"allow":["GET"]}}],"collection":[{"href":"https:\/\/tonsberg.katolsk.no\/index.php\/wp-json\/wp\/v2\/pages"}],"about":[{"href":"https:\/\/tonsberg.katolsk.no\/index.php\/wp-json\/wp\/v2\/types\/page"}],"author":[{"embeddable":true,"href":"https:\/\/tonsberg.katolsk.no\/index.php\/wp-json\/wp\/v2\/users\/2"}],"replies":[{"embeddable":true,"href":"https:\/\/tonsberg.katolsk.no\/index.php\/wp-json\/wp\/v2\/comments?post=11330"}],"version-history":[{"count":13,"href":"https:\/\/tonsberg.katolsk.no\/index.php\/wp-json\/wp\/v2\/pages\/11330\/revisions"}],"predecessor-version":[{"id":12285,"href":"https:\/\/tonsberg.katolsk.no\/index.php\/wp-json\/wp\/v2\/pages\/11330\/revisions\/12285"}],"wp:attachment":[{"href":"https:\/\/tonsberg.katolsk.no\/index.php\/wp-json\/wp\/v2\/media?parent=11330"}],"curies":[{"name":"wp","href":"https:\/\/api.w.org\/{rel}","templated":true}]}}