{"id":11340,"date":"2024-12-27T16:51:20","date_gmt":"2024-12-27T15:51:20","guid":{"rendered":"https:\/\/tonsberg.katolsk.no\/?page_id=11340"},"modified":"2026-04-07T09:57:42","modified_gmt":"2026-04-07T07:57:42","slug":"utleie-av-st-olav-kirkes-menighetshus","status":"publish","type":"page","link":"https:\/\/tonsberg.katolsk.no\/index.php\/utleie-av-st-olav-kirkes-menighetshus\/","title":{"rendered":"Utleie av St. Olav kirkes menighetshus"},"content":{"rendered":"\n<p><strong>Retningslinjer for utleie og bruk av menighetslokalet i St. Olav menighet:<\/strong><\/p>\n\n\n\n<p>Adresse: St. Olav menighet, Klosterlasses gate 1 (f\u00f8r: Botnegaten 22), 3112 T\u00f8nsberg<br>Telefon: 917 95 671 (10-14 p\u00e5 hverdager)<\/p>\n\n\n\n<ul class=\"wp-block-list\">\n<li>Alle arrangement m\u00e5 v\u00e6re avsluttet innen midnatt.<\/li>\n\n\n\n<li>Av hensyn til naboer, m\u00e5 man unng\u00e5 h\u00f8y musikk.<\/li>\n\n\n\n<li>Leier\/l\u00e5ntager er ansvarlig for at alle vinduer og d\u00f8rer er lukket og l\u00e5st f\u00f8r lokalet forlates.<\/li>\n\n\n\n<li>Leier\/l\u00e5ntager er ansvarlig for \u00e5 f\u00f8lge brannforskriftene for St. Olav kirke og menighetshus og sette seg inn i dem p\u00e5 forh\u00e5nd.<\/li>\n\n\n\n<li>Lokalet m\u00e5 v\u00e6re ryddet og vasket innen kl. 10.00 p\u00e5f\u00f8lgende dag, med unntak av s\u00f8ndager da alt m\u00e5 v\u00e6re ryddet og vasket innen kl. 09.00.<\/li>\n\n\n\n<li>Ved fester og st\u00f8rre arrangement m\u00e5 leietager vaske alle deler av lokalet som er benyttet.<\/li>\n\n\n\n<li>S\u00f8ppel sorteres if\u00f8lge anvisning og t\u00f8mmes i s\u00f8ppeldunker i boden ved parkeringsplassen (n\u00f8kkel i kj\u00f8kkenskuff).<\/li>\n\n\n\n<li>Stoler og bord settes tilbake som anvist. Bord m\u00e5 ikke flyttes uten \u00e5 l\u00f8sne bremsene p\u00e5 hjulene.<\/li>\n\n\n\n<li>Skader p\u00e5 inventar erstattes.<\/li>\n\n\n\n<li>N\u00f8kkel hentes og leveres p\u00e5 kontoret p\u00e5 hverdager mellom 10 og 14 om ikke annet er avtalt. Den som skriver under p\u00e5 l\u00e5n av n\u00f8kkel er ansvarlig leietager og brannansvarlig under leieforholdet.<\/li>\n\n\n\n<li>Om utleie av menighetslokalet p\u00e5 selve <strong>f\u00f8rstekommunionsdagen eller konfirmasjonsdagen:<\/strong> De som er interessert i \u00e5 leie lokalet m\u00e5 levere skriftlig melding til kontoret eller til <a href=\"mailto:tonsberg@katolsk.no\">tonsberg@katolsk.no<\/a> <strong>etter at en frist er blitt oppgitt<\/strong> p\u00e5 menighetens hjemmeside. Etter fristen vil det bli trukket lodd om hvem som f\u00e5r leie lokalet. Den gamle delen vil ikke bli leid ut disse dagene. Lokalet vil kun bli leid ut til fest etter den siste av messene dersom det er to messer disse dagene. Den som f\u00e5r leie til f\u00f8rstekommunion eller konfirmasjon, f\u00e5r automatisk plass i den siste messen (dersom det er to messer).<\/li>\n<\/ul>\n\n\n\n<p><strong>Priser ved utleie:<br><\/strong>Formiddag, ettermiddag eller kveld: 2000 kr. Hel dag: 3000 kr. <br>L\u00e5n av lokalet til minnesamv\u00e6r for menighetsmedlemmer er gratis<\/p>\n\n\n\n<p><strong>Betalingsinformasjon:<br>Leietager vil f\u00e5 tilsendt faktura fra v\u00e5rt regnskapsfirma Knif<\/strong>. <br>Ved bestilling av lokalet, v\u00e6r vennlig og gi oss informasjon om navn, postadresse med postnummer og e-postadresse.<\/p>\n","protected":false},"excerpt":{"rendered":"<p>Retningslinjer for utleie og bruk av menighetslokalet i St. Olav menighet: Adresse: St. Olav menighet, Klosterlasses gate 1 (f\u00f8r: Botnegaten 22), 3112 T\u00f8nsbergTelefon: 917 95 671 (10-14 p\u00e5 hverdager) Priser ved utleie:Formiddag, ettermiddag eller kveld: 2000 kr. Hel dag: 3000 kr. L\u00e5n av lokalet til minnesamv\u00e6r for menighetsmedlemmer er gratis Betalingsinformasjon:Leietager vil f\u00e5 tilsendt faktura &hellip; <\/p>\n<p class=\"link-more\"><a href=\"https:\/\/tonsberg.katolsk.no\/index.php\/utleie-av-st-olav-kirkes-menighetshus\/\" class=\"more-link\">Fortsett \u00e5 lese<span class=\"screen-reader-text\"> \u00abUtleie av St. Olav kirkes menighetshus\u00bb<\/span><\/a><\/p>\n","protected":false},"author":2,"featured_media":0,"parent":0,"menu_order":0,"comment_status":"closed","ping_status":"closed","template":"","meta":{"footnotes":""},"class_list":["post-11340","page","type-page","status-publish","hentry"],"_links":{"self":[{"href":"https:\/\/tonsberg.katolsk.no\/index.php\/wp-json\/wp\/v2\/pages\/11340","targetHints":{"allow":["GET"]}}],"collection":[{"href":"https:\/\/tonsberg.katolsk.no\/index.php\/wp-json\/wp\/v2\/pages"}],"about":[{"href":"https:\/\/tonsberg.katolsk.no\/index.php\/wp-json\/wp\/v2\/types\/page"}],"author":[{"embeddable":true,"href":"https:\/\/tonsberg.katolsk.no\/index.php\/wp-json\/wp\/v2\/users\/2"}],"replies":[{"embeddable":true,"href":"https:\/\/tonsberg.katolsk.no\/index.php\/wp-json\/wp\/v2\/comments?post=11340"}],"version-history":[{"count":12,"href":"https:\/\/tonsberg.katolsk.no\/index.php\/wp-json\/wp\/v2\/pages\/11340\/revisions"}],"predecessor-version":[{"id":12329,"href":"https:\/\/tonsberg.katolsk.no\/index.php\/wp-json\/wp\/v2\/pages\/11340\/revisions\/12329"}],"wp:attachment":[{"href":"https:\/\/tonsberg.katolsk.no\/index.php\/wp-json\/wp\/v2\/media?parent=11340"}],"curies":[{"name":"wp","href":"https:\/\/api.w.org\/{rel}","templated":true}]}}