{"id":11361,"date":"2025-01-09T20:42:39","date_gmt":"2025-01-09T19:42:39","guid":{"rendered":"https:\/\/tonsberg.katolsk.no\/?page_id=11361"},"modified":"2025-04-04T08:57:42","modified_gmt":"2025-04-04T06:57:42","slug":"trossamtaler-varen-2025","status":"publish","type":"page","link":"https:\/\/tonsberg.katolsk.no\/index.php\/trossamtaler-varen-2025\/","title":{"rendered":"Trossamtaler v\u00e5ren 2025"},"content":{"rendered":"\n<p>Trossamtalene som startet i september 2024 fortsetter for dem som tenker p\u00e5 \u00e5 bli d\u00f8pt eller konvertere (for dem som er d\u00f8pt f\u00f8r, vil det si: \u00e5 bli opptatt i Den katolske kirkes fulle fellesskap). NB! \u00c5 delta i samtalene er 100 % uforpliktende. \u00c5 delta er ingen p\u00e5melding til konversjon eller d\u00e5p. Samtalene vil p\u00e5g\u00e5 annenhver tirsdag frem til mai. <\/p>\n\n\n\n<p>Samlingene blir ledet av Erling Dahle, diakon Sigurd Hareide og p. Johannes Vu Manh Hung (sogneadministrator). Samtalene er i utgangspunktet for dem som deltok h\u00f8sten 2024, men det kan v\u00e6re mulig \u00e5 slutte seg til v\u00e5rens samtaler og eventuelt fortsette til h\u00f8sten. Ta i s\u00e5 fall kontakt med johannes.vu.manh.hung@katolsk.no eller sigurd.hareide@katolsk.no<\/p>\n\n\n\n<p>Det viktigste r\u00e5det til dem som tenker p\u00e5 \u00e5 konvertere er \u00e5 <strong>g\u00e5 regelmessig i den hellige messe, s\u00e6rlig s\u00f8ndagsmessene<\/strong>. Et annet r\u00e5d er \u00e5 lese om katolsk tro, s\u00e6rlig i Den katolske kirkes katekisme. Under samtalene vil vi s\u00e6rlig referere til <strong>kompendiet til katekismen<\/strong> (finnes tilgjengelig&nbsp;<a href=\"https:\/\/www.katolsk.no\/tro\/kkk\/kompendium\">her<\/a> og kan kj\u00f8pes fra menighetens bokskap).<\/p>\n\n\n\n<p><strong>Plan for v\u00e5ren 2025&nbsp;<\/strong><br>De to siste delene av katekismekompendiet:<br>Del 3: Livet i Kristus (\u00c5nden og budene)  <br>Del 4: Kristen b\u00f8nn<\/p>\n\n\n\n<p>Tid: &nbsp;&nbsp;&nbsp;&nbsp;&nbsp; Tirsdager kl. 1845-2015 (etter aftenmessen)<br>Sted: &nbsp;&nbsp; Ledig sal i nytt eller gammelt menighetslokale<\/p>\n\n\n\n<p>14. januar: Om messens ulike deler &#8211; hva vi gj\u00f8r og hvorfor vi gj\u00f8r det<br>28. januar: Om b\u00f8nn (del 4 i katekismekompendiet)<br>11. februar: Om livet i Kristus &#8211; en oversikt over del 3 i katekismekompendiet<br>25. februar: Om ordenslivets plass i Kirken v\/p. <a href=\"https:\/\/hallvardofm.com\/om-meg\/\" target=\"_blank\" rel=\"noreferrer noopener\">Hallvard Hole OFM<\/a><br>11. mars: Om Kirkens historie i verden og i Norge<br>25. mars (h\u00f8ytidsdagen Herrens bebudelse): Om Maria og helgenene<br>1. april: Om den stille uke og p\u00e5sken &#8211; fra palmes\u00f8ndag til pinsedag <br>22. april: Tema bestemmes senere<br>6. mai: Tema bestemmes senere<br>20. mai: Tema bestemmes senere<br><br>Eventuell opptagelse i Kirkens fulle fellesskap i p\u00e5sketiden (mellom p\u00e5skedag og pinsedag, fortrinnsvis i mai i \u00e5r). Eventuell d\u00e5p avtales med de det gjelder og forutsetter opptakelse som katekumener i god tid f\u00f8r d\u00e5pen og de andre initiasjonssakramentene mottas (konfirmasjonen og eukaristien).<\/p>\n","protected":false},"excerpt":{"rendered":"<p>Trossamtalene som startet i september 2024 fortsetter for dem som tenker p\u00e5 \u00e5 bli d\u00f8pt eller konvertere (for dem som er d\u00f8pt f\u00f8r, vil det si: \u00e5 bli opptatt i Den katolske kirkes fulle fellesskap). NB! \u00c5 delta i samtalene er 100 % uforpliktende. \u00c5 delta er ingen p\u00e5melding til konversjon eller d\u00e5p. Samtalene vil &hellip; <\/p>\n<p class=\"link-more\"><a href=\"https:\/\/tonsberg.katolsk.no\/index.php\/trossamtaler-varen-2025\/\" class=\"more-link\">Fortsett \u00e5 lese<span class=\"screen-reader-text\"> \u00abTrossamtaler v\u00e5ren 2025\u00bb<\/span><\/a><\/p>\n","protected":false},"author":2,"featured_media":0,"parent":0,"menu_order":0,"comment_status":"closed","ping_status":"closed","template":"","meta":{"footnotes":""},"class_list":["post-11361","page","type-page","status-publish","hentry"],"_links":{"self":[{"href":"https:\/\/tonsberg.katolsk.no\/index.php\/wp-json\/wp\/v2\/pages\/11361","targetHints":{"allow":["GET"]}}],"collection":[{"href":"https:\/\/tonsberg.katolsk.no\/index.php\/wp-json\/wp\/v2\/pages"}],"about":[{"href":"https:\/\/tonsberg.katolsk.no\/index.php\/wp-json\/wp\/v2\/types\/page"}],"author":[{"embeddable":true,"href":"https:\/\/tonsberg.katolsk.no\/index.php\/wp-json\/wp\/v2\/users\/2"}],"replies":[{"embeddable":true,"href":"https:\/\/tonsberg.katolsk.no\/index.php\/wp-json\/wp\/v2\/comments?post=11361"}],"version-history":[{"count":5,"href":"https:\/\/tonsberg.katolsk.no\/index.php\/wp-json\/wp\/v2\/pages\/11361\/revisions"}],"predecessor-version":[{"id":11562,"href":"https:\/\/tonsberg.katolsk.no\/index.php\/wp-json\/wp\/v2\/pages\/11361\/revisions\/11562"}],"wp:attachment":[{"href":"https:\/\/tonsberg.katolsk.no\/index.php\/wp-json\/wp\/v2\/media?parent=11361"}],"curies":[{"name":"wp","href":"https:\/\/api.w.org\/{rel}","templated":true}]}}