{"id":11404,"date":"2025-01-30T18:24:31","date_gmt":"2025-01-30T17:24:31","guid":{"rendered":"https:\/\/tonsberg.katolsk.no\/?page_id=11404"},"modified":"2025-11-18T23:24:15","modified_gmt":"2025-11-18T22:24:15","slug":"konfirmanter-9-klasse","status":"publish","type":"page","link":"https:\/\/tonsberg.katolsk.no\/index.php\/katekese\/konfirmanter-9-klasse\/","title":{"rendered":"Konfirmanter II.\u00e5r (9. klasse)"},"content":{"rendered":"\n<p>Velkommen til det siste \u00e5ret av 2 \u00e5rs forberedelser til \u00e5 motta konfirmasjonens sakrament! Dette er gruppen for hovedsakelig 9.klassinger og oppover. <strong>Det er viktig \u00e5 p\u00e5melde barnet til dette andre og siste \u00e5ret gjennom linken nederst p\u00e5 siden<\/strong> (selv om barnet ble registrert til I.\u00e5ret ifjor). Hold av disse datoene allerede n\u00e5: <strong>den obligatoriske p\u00e5skeleiren<\/strong> fra <strong>palmes\u00f8ndag til I.p\u00e5skedag 2026<\/strong> samt <strong>konfirmasjonen 2. mai 2026<\/strong>! Infom\u00f8te for foreldre og konfirmanter om p\u00e5skeleiren vil holdes ifm novemberkatekesen.<\/p>\n\n\n\n<p><strong>Kateketene for II.\u00e5rs konfirmantene 2025-26 er:<\/strong> Lino Thorlakson: linot00@gmail.com (40055862), Marcus Augustin R\u00f8nning: ronningmarcus@gmail.com (94051991) og Mai.<\/p>\n\n\n\n<p><strong>Katekeseplan for II.\u00e5rs konfirmantene 2025-26:<\/strong><\/p>\n\n\n\n<figure class=\"wp-block-table\"><table class=\"has-fixed-layout\"><tbody><tr><td colspan=\"2\">H\u00f8sten 2025<\/td><td>Hovedtema<\/td><\/tr><tr><td><strong>August<\/strong><\/td><td>S\u00f8ndag 31. august fra kl .11-15<\/td><td>Den Hellige \u00c5nd Om konfirmasjon (repetisjon)<\/td><\/tr><tr><td><strong>September<\/strong><\/td><td>l\u00f8rdag 20. september fra kl 11 &#8211; 20:30 (<a href=\"https:\/\/tonsberg.katolsk.no\/index.php\/katekese\/konfirmantdag-lordag-20-september-2025\/\">mer informasjon her<\/a>) og s\u00f8ndag 21. september fra kl. 9:30 til 15:30<\/td><td>Vi samles begge dager og &nbsp;blir bedre kjent. Messekurs<\/td><\/tr><tr><td><strong>Oktober<\/strong><\/td><td>s\u00f8ndag 19. oktober kl. 11 &#8211; 15 &nbsp;<\/td><td>Hva er b\u00f8nn? Hvordan be?<\/td><\/tr><tr><td><strong>November<\/strong><\/td><td>s\u00f8ndag 16. november kl. 11 &#8211; 15 &nbsp;<strong><em>(NB: Infom\u00f8te om p\u00e5skeleiren i forkant av katekesen fra kl.10-11)<\/em><\/strong><\/td><td>De 10 Bud (fokus p\u00e5 de f\u00f8rste 4 bud). Den gamle og nye pakten.<\/td><\/tr><tr><td><strong>Desember<\/strong><\/td><td>s\u00f8ndag 14. desember kl. 11 &#8211; 15 &nbsp; Hver s\u00f8ndag i advent: <strong>ADVENTSAKSJONEN<\/strong>. Konfirmantene hjelper til. Mer informasjon kommer.<\/td><td>Det femte og sjette bud. Advent og jul.<\/td><\/tr><tr><td colspan=\"2\">V\u00e5r 2026<\/td><td>Hovedtema<\/td><\/tr><tr><td><strong>Januar<\/strong><\/td><td>s\u00f8ndag 11. januar kl. 11 &#8211; 15 OBS FILIPISK MESSE kl 13<\/td><td>De siste 4 bud. Jesus. Bergprekenen.<\/td><\/tr><tr><td><strong>Februar<\/strong><\/td><td>s\u00f8ndag 8. februar kl. 11 &#8211; 15 OBS FILIPISK MESSE kl 13<\/td><td>Eukaristien og Messen Jesu disipler og det siste m\u00e5ltid<\/td><\/tr><tr><td><strong>Mars<\/strong><\/td><td>s\u00f8ndag 15. mars kl. 11 &#8211; 15 &nbsp; <strong>OBLIGATORISK P\u00c5SKELEIR<\/strong>: Palmes\u00f8ndag &#8211; 1. P\u00e5skedag (29.mars &#8211; 5. april) i regi av NUK<\/td><td>Skriftem\u00e5let, oss mennesker, synden Fastetiden, den stille uke og p\u00e5sken Kirkebygget og korsveien<\/td><\/tr><tr><td><strong>April<\/strong><\/td><td><strong>OBLIGATORISK P\u00c5SKELEIR<\/strong>: Palmes\u00f8ndag &#8211; 1. P\u00e5skedag (29.mars &#8211; 5. april) i regi av NUK &nbsp; <br><br>s\u00f8ndag 19. april kl. 11 &#8211; 15<\/td><td>Hva, hvordan og hvorfor om de siste forberedelsene<\/td><\/tr><tr><td><strong>Mai<\/strong><\/td><td>l\u00f8rdag 2. mai &#8211; <strong>KONFIRMASJON &#8211;<\/strong> en eller to messer &nbsp;<\/td><td>&nbsp;<\/td><\/tr><\/tbody><\/table><\/figure>\n\n\n\n<p><strong><u>Datoer for I. og II.\u00e5rs konfirmantkatekesesamlinger 2025 &#8211; 2026 (kl. 11 &#8211; 15):<\/u><\/strong>                             <strong>2025: <\/strong>s\u00f8ndag 31. august, 21. september, 19. oktober, 16. november, 14. desember.          <strong>2026:<\/strong> s\u00f8ndag 11. januar, 8. februar, 15. mars, 19. april, 10.mai.<\/p>\n\n\n\n<p><strong>NB: 80% forpliktende oppm\u00f8te <\/strong>(dvs inntil 2 ganger med gyldig frav\u00e6r i tilfelle av plutselig oppst\u00e5tt sykdom eller alvorlig hendelse). <strong>D\u00e5psattest og konfirmasjonsattest m\u00e5 det sendes eller leveres kopi av til menigheten ved katekesekoordinator innen desember 2025. Innen utgangen av 2025, m\u00e5 ogs\u00e5 konfirmanten oppgi sitt konfirmasjonsnavn (m\u00e5 v\u00e6re et helgennavn) + navn p\u00e5 sine to faddere\/vitner med deres konfirmasjonsattester.<\/strong><\/p>\n\n\n\n<p><strong><u>Katekesesamlingene for I. og II.\u00e5rs konfirmantene ser slik ut:<\/u><\/strong><\/p>\n\n\n\n<p><strong>11-12) <\/strong>Obligatorisk messe, hvor foreldre deltar med sine barn<\/p>\n\n\n\n<p><strong>12-12:30) <\/strong>Kirkekaffe<\/p>\n\n\n\n<p><strong>12:30-13:30) <\/strong>1. \u00f8kt i respektive katekesegrupper<\/p>\n\n\n\n<p><strong>13:30-14:00) <\/strong>Matpause<\/p>\n\n\n\n<p><strong>14-15) <\/strong>2. \u00f8kt i respektive katekesegrupper<\/p>\n\n\n\n<p><strong>15) <\/strong>Slutt for dagen<\/p>\n\n\n\n<p><strong>Kontingent:<\/strong> kr 500&nbsp;pr barn (s\u00f8skenmoderasjon: kr 750) betales inn p\u00e5 kontonummer: 1638.17.36583.<\/p>\n\n\n\n<p>(Kontingenten dekker b\u00f8ker, mapper, skrivemateriell samt pausemat og drikke)<\/p>\n\n\n\n<p><strong>P\u00e5meldingsskjema til II.\u00e5rs-konfirmantundervisning:<\/strong> <a href=\"https:\/\/forms.office.com\/pages\/responsepage.aspx?id=-v90rbsIDUiTmklrdgP0XYuyrbZFxTlFlPeKljCNcadUNTA5MUFTOE5aNFcyRUUyWTRZMk5DWUtJSi4u&amp;route=shorturl\">https:\/\/forms.office.com\/pages\/responsepage.aspx?id=-v90rbsIDUiTmklrdgP0XYuyrbZFxTlFlPeKljCNcadUNTA5MUFTOE5aNFcyRUUyWTRZMk5DWUtJSi4u&amp;route=shorturl<\/a><\/p>\n\n\n\n<p><strong>NB: <\/strong>Husk \u00e5 <strong>melde ifra om allergier og intoleranser, diagnoser og spesielle behov<\/strong>.<\/p>\n\n\n\n<p><strong>Trykk &laquo;Send&raquo; for vellykket registrering<\/strong>. Dersom dere ikke lykkes \u00e5 registrere dere via Microsoft-kontoen deres, kan man registrere seg uten denne fra en annen nettleser.<\/p>\n\n\n\n<p><strong>NB: De som av ulike \u00e5rsaker har hatt mye frav\u00e6r under sitt I.\u00e5r som konfirmant, eller mangler d\u00e5p og\/eller I.kommunion, er p\u00e5lagt \u00e5 f\u00f8lge digital katekese parallelt med II.\u00e5ret. <\/strong>Den digitale katekesen utgj\u00f8r 6 samlinger s\u00f8ndager fra kl. 18:30-20:00 med disse datoene i <strong>2025:<\/strong> 19.10, 09.11, 07.12, og i<strong> 2026:<\/strong> 18.01, 22.02 og 22.03. Man kan ha 1 gyldig frav\u00e6r (evt. 2 ganger ved plutselig oppst\u00e5tt sykdom eller alvorlig hendelse). P\u00e5melding gj\u00f8res innen 14.okt 2025: <a href=\"https:\/\/forms.office.com\/pages\/responsepage.aspx?id=-v90rbsIDUiTmklrdgP0XYuyrbZFxTlFlPeKljCNcadUNkJHTTA3SU1UWkszTzNHQUZLQldPMFhGTC4u&amp;route=shorturl\">Ekstra konfirmantundervisning p\u00e5 nett 2025-2026<\/a> (Ta kontakt med kateket Terese.Ranek@katolsk.no (40451985) etter denne datoen).<\/p>\n\n\n\n<p><strong>De konfirmanter som ikke har mottatt d\u00e5p og I.kommunion,<\/strong> f\u00e5r tilbud om \u00e5 d\u00f8pes og st\u00e5 til I.kommunion ifm p\u00e5skeleiren p\u00e5 Mariaholm i samr\u00e5d med v\u00e5r sogneprest, Johannes Vu Manh Hung, eller s\u00e5 kan de gjennomf\u00f8re disse sakramentene en gang det passer for b\u00e5de familien og presten etter mars 2026 eller ifm konfirmasjonssakramentet i samr\u00e5d med ham.&nbsp;Disse familiene bes ta kontakt med presten direkte for hvor og n\u00e5r sakramentene \u00f8nskes p\u00e5: <a href=\"mailto:johannes.vu.manh.hung@katolsk.no\">johannes.vu.manh.hung@katolsk.no<\/a> eller 90525631.<\/p>\n\n\n\n<p><strong>Har dere sp\u00f8rsm\u00e5l?<\/strong><br>Ta kontakt med katekesekoordinator Nanna Natalia Karpinska J\u00f8rgensen: nanna.jorgensen@katolsk.no eller 95141740.<\/p>\n\n\n\n<p><\/p>\n","protected":false},"excerpt":{"rendered":"<p>Velkommen til det siste \u00e5ret av 2 \u00e5rs forberedelser til \u00e5 motta konfirmasjonens sakrament! Dette er gruppen for hovedsakelig 9.klassinger og oppover. Det er viktig \u00e5 p\u00e5melde barnet til dette andre og siste \u00e5ret gjennom linken nederst p\u00e5 siden (selv om barnet ble registrert til I.\u00e5ret ifjor). Hold av disse datoene allerede n\u00e5: den obligatoriske &hellip; <\/p>\n<p class=\"link-more\"><a href=\"https:\/\/tonsberg.katolsk.no\/index.php\/katekese\/konfirmanter-9-klasse\/\" class=\"more-link\">Fortsett \u00e5 lese<span class=\"screen-reader-text\"> \u00abKonfirmanter II.\u00e5r (9. klasse)\u00bb<\/span><\/a><\/p>\n","protected":false},"author":2,"featured_media":0,"parent":12,"menu_order":0,"comment_status":"closed","ping_status":"closed","template":"","meta":{"footnotes":""},"class_list":["post-11404","page","type-page","status-publish","hentry"],"_links":{"self":[{"href":"https:\/\/tonsberg.katolsk.no\/index.php\/wp-json\/wp\/v2\/pages\/11404","targetHints":{"allow":["GET"]}}],"collection":[{"href":"https:\/\/tonsberg.katolsk.no\/index.php\/wp-json\/wp\/v2\/pages"}],"about":[{"href":"https:\/\/tonsberg.katolsk.no\/index.php\/wp-json\/wp\/v2\/types\/page"}],"author":[{"embeddable":true,"href":"https:\/\/tonsberg.katolsk.no\/index.php\/wp-json\/wp\/v2\/users\/2"}],"replies":[{"embeddable":true,"href":"https:\/\/tonsberg.katolsk.no\/index.php\/wp-json\/wp\/v2\/comments?post=11404"}],"version-history":[{"count":31,"href":"https:\/\/tonsberg.katolsk.no\/index.php\/wp-json\/wp\/v2\/pages\/11404\/revisions"}],"predecessor-version":[{"id":12071,"href":"https:\/\/tonsberg.katolsk.no\/index.php\/wp-json\/wp\/v2\/pages\/11404\/revisions\/12071"}],"up":[{"embeddable":true,"href":"https:\/\/tonsberg.katolsk.no\/index.php\/wp-json\/wp\/v2\/pages\/12"}],"wp:attachment":[{"href":"https:\/\/tonsberg.katolsk.no\/index.php\/wp-json\/wp\/v2\/media?parent=11404"}],"curies":[{"name":"wp","href":"https:\/\/api.w.org\/{rel}","templated":true}]}}