{"id":11406,"date":"2025-01-30T18:25:04","date_gmt":"2025-01-30T17:25:04","guid":{"rendered":"https:\/\/tonsberg.katolsk.no\/?page_id=11406"},"modified":"2026-02-07T17:53:33","modified_gmt":"2026-02-07T16:53:33","slug":"forstekommunion-3-klasse","status":"publish","type":"page","link":"https:\/\/tonsberg.katolsk.no\/index.php\/forstekommunion-3-klasse\/","title":{"rendered":"F\u00f8rstekommunion &#8211; II. \u00e5r"},"content":{"rendered":"\n<p><strong>Kj\u00e6re alle barn og foresatte i I.kommunionsgruppen og i Familiekatekesen 2025-2026,<\/strong><\/p>\n\n\n\n<p>Dette katekese\u00e5ret skal F\u00f8rstekommunionsgruppen og Familiekatekesen v\u00e6re en god del sammen og ogs\u00e5 gj\u00f8re noe hver for seg, men med mange av de samme temaene. <strong>Hold av I.kommunionsdatoen: l\u00f8rdag 23.mai!<\/strong><\/p>\n\n\n\n<p><strong><u>De viktigste temaene som skal gjennomg\u00e5s dette \u00e5ret:<\/u><\/strong><\/p>\n\n\n\n<ul class=\"wp-block-list\">\n<li>Hvem er Gud?<\/li>\n\n\n\n<li>Hvem er Jesus?<\/li>\n\n\n\n<li>Hvem er Den Hellige \u00c5nd?<\/li>\n\n\n\n<li>Hvem er vi mennesker, og hvor kom vi fra?<\/li>\n\n\n\n<li>Hva er messen, hva skjer i messen og hvorfor er den s\u00e5 viktig?<\/li>\n\n\n\n<li>Hva er et sakrament, og hvilke sakramenter har vi?<\/li>\n\n\n\n<li>Hva er et kirke\u00e5r?<\/li>\n\n\n\n<li>Hva er Bibelen, og hva trenger vi \u00e5 vite om og fra den?<\/li>\n\n\n\n<li>B\u00f8nn, spesielt <em>Fader v\u00e5r<\/em>, <em>Hill deg, Maria <\/em>og kommunionsb\u00f8nnen.<\/li>\n<\/ul>\n\n\n\n<hr class=\"wp-block-separator has-alpha-channel-opacity\"\/>\n\n\n\n<p><strong>Kateketene og assistentene i I. kommunions- og familiekatekesegruppene dette \u00e5ret er:<\/strong><\/p>\n\n\n\n<p>Terese Ranek: <a href=\"mailto:terese.ranek@katolsk.no\">terese.ranek@katolsk.no<\/a> (40451985) og assistentene: Raneshi Perera, Valeria Str\u00f8mme, Doreen Q. Johansen, Hai og Kim Vu.<\/p>\n\n\n\n<p><strong>I. kommunions- og familiekatekeseplan 2025-26:<\/strong><\/p>\n\n\n\n<figure class=\"wp-block-table\"><table class=\"has-fixed-layout\"><tbody><tr><td colspan=\"2\"><strong>H\u00f8sten 2025 <\/strong><strong><\/strong><\/td><td><strong>Tema<\/strong><\/td><\/tr><tr><td><strong>September<\/strong><strong><\/strong><\/td><td>L\u00f8rdag 6. september, katekese fra kl. 11 \u2013 15. Foresatte er med hele dagen. Obligatorisk katekesemesse kl. 14. &nbsp; L\u00f8rdag 27. september, kl. 11 \u2013 15<br>Obligatorisk messe kl. 14 MED foresatte\/familier<\/td><td>&nbsp; Bli-kjent og repetisjon: Gud, Bibelen, Den Hellige \u00c5nd og oss mennesker<\/td><\/tr><tr><td><strong>Oktober<\/strong><\/td><td>L\u00f8rdag 18. oktober, katekese fra kl. 11 \u2013 15.<br>Obligatorisk messe kl. 14 MED foresatte\/familier<\/td><td>Jesus, Maria\/helgener og Kirkekalenderen<\/td><\/tr><tr><td><strong>November<\/strong><\/td><td><strong>Frivillig:<\/strong> L\u00f8rdag 1. november: Allehelgensfest for hele menigheten og katekesen. Informasjon kommer. &nbsp; L\u00f8rdag 8.november, katekese fra kl. 11 \u2013 15<br>Obligatorisk messe kl. 14 MED foresatte\/familier<\/td><td>&nbsp; Hva er messen, og hvorfor og hvordan feirer vi den?<\/td><\/tr><tr><td><strong>Desember<\/strong><\/td><td>L\u00f8rdag 13. desember, katekese fra kl. 11 \u2013 15<br>Obligatorisk messe kl. 14 MED foresatte\/familier &nbsp; Ekstra\u00f8velse f\u00f8r julespill: Informasjon kommer.<\/td><td>Juleverksted og \u00f8velse til julespillet.<\/td><\/tr><tr><td colspan=\"2\"><strong>V\u00e5r 2025 <\/strong><strong><\/strong><\/td><td><strong>&nbsp;<\/strong><\/td><\/tr><tr><td><strong>Januar<\/strong><\/td><td>Ekstra\u00f8velse for julespill: L\u00f8rdag 3.januar, katekese fra kl.13 \u2013 15 <strong>Julespill fremf\u00f8ring og juletrefest:<\/strong> S\u00f8ndag 4. januar &nbsp; L\u00f8rdag 10. januar, katekese fra kl. 11 \u2013 15<br>Obligatorisk messe kl. 14 MED foresatte\/familier<\/td><td>&nbsp; &nbsp; Moses, noen andre bibelfortellinger, de 10 bud og det dobbelte kj\u00e6rlighetsbudet<\/td><\/tr><tr><td><strong>Februar<\/strong><\/td><td>L\u00f8rdag 7. februar, katekese fra kl. 11 \u2013 15<br>Obligatorisk messe kl. 14 MED foresatte\/familier &nbsp; <strong>Frivillig:<\/strong> L\u00f8rdag 15. februar: Fastelavenfest\/karneval<\/td><td>Sakramentene: spesielt d\u00e5p, skriftem\u00e5l, kommunion og konfirmasjon.<\/td><\/tr><tr><td><strong>Mars<\/strong><\/td><td><br>L\u00f8rdag 14. mars, katekese fra kl. 11 \u2013 15<br>Obligatorisk messe kl. 14 MED foresatte\/familier<\/td><td>Sakramentene: Vi \u00f8ver p\u00e5 skriftem\u00e5let og snakker om p\u00e5sken.<\/td><\/tr><tr><td><strong>April<\/strong><\/td><td>L\u00f8rdag 11. april, katekese fra kl. 11 \u2013 15<br>Obligatorisk messe kl. 14 MED foresatte\/familier<\/td><td>En p\u00e5skefest: Repetisjon<\/td><\/tr><tr><td><strong>Mai<\/strong><\/td><td>L\u00f8rdag 9. mai, katekese fra kl. 11 \u2013 15<br>Obligatorisk messe kl. 14 MED foresatte\/familier &nbsp; Ekstra\u00f8velser og skriftem\u00e5l f\u00f8r f\u00f8rsetkommunion. <strong>F\u00d8RSTEKOMMUNION ER L\u00d8RDAG 23. MAI<\/strong>. Tidspunkt kommer<\/td><td>&nbsp; <strong>F\u00f8rstekommunionsbarna<\/strong> har \u00f8velse og skriftem\u00e5l denne m\u00e5neden. Ekstradag(er) blir satt opp. Info kommer.<\/td><\/tr><\/tbody><\/table><\/figure>\n\n\n\n<p class=\"has-white-background-color has-background\"><strong><u>Datoer for I.kommunions- og Familiekatekesesamlinger 2025 &#8211; 2026 (kl. 11 &#8211; 15):<\/u><\/strong><br><strong>2025: <\/strong>l\u00f8rdag 6. september, 27. september, 18. oktober, 8. november, 13. desember.       <strong>2026: <\/strong>l\u00f8rdag 10. januar, 7. februar, 14. mars, 11. april, 9.&nbsp;mai.<\/p>\n\n\n\n<p class=\"has-white-background-color has-background\"><strong>NB: 80% forpliktende oppm\u00f8te <\/strong>(dvs inntil 2 ganger med gyldig frav\u00e6r i tilfelle av plutselig oppst\u00e5tt sykdom eller alvorlig hendelse).<\/p>\n\n\n\n<p><strong><u>Katekesesamlingene for I.kommunion<\/u> <\/strong>ser slik ut:<\/p>\n\n\n\n<p><strong>(10:00) <\/strong>Barnekoret ifm katekesemessen \u00f8ver i kirken med Terese<\/p>\n\n\n\n<p><strong>(10:30) <\/strong>Barn med katekesemesseoppgaver forbereder seg i kirken<\/p>\n\n\n\n<p><strong>11-12:00) <\/strong>1. \u00f8kt i katekesegruppen<\/p>\n\n\n\n<p><strong>12-12:45) <\/strong>Matpause og felles lek<\/p>\n\n\n\n<p><strong>12:45-13:45) <\/strong>2. \u00f8kt i katekesegruppen<\/p>\n\n\n\n<p><strong>13:45-14:00) <\/strong>Dopause og barna finner frem til sine foreldre\/familier<\/p>\n\n\n\n<p><strong>14-15) <\/strong>Felles obligatorisk messe hvor <strong>foreldre deltar<\/strong> <strong>med sine barn<\/strong><\/p>\n\n\n\n<p><strong>15)<\/strong> Slutt for dagen<\/p>\n\n\n\n<p><strong>Kontingent: <\/strong>kr 350 for f\u00f8rstekommunikanter\u00a0betales inn p\u00e5 kontonummer: 1638.17.36583.\u00a0 Hvis dere har flere barn i katekesen, men ingen av dem er konfirmanter p\u00e5 II.\u00e5ret (9.klasse), kan dere betale kr 500. Hvis dere har flere barn i katekesen og ett av barna er konfirmant p\u00e5 II.\u00e5ret, skal dere betale kr 750.\u00a0<\/p>\n\n\n\n<p>(Kontingenten dekker b\u00f8ker, mapper, skrivemateriell samt pausemat og drikke)<\/p>\n\n\n\n<p><strong>P\u00e5meldingsskjema I.kommunion: <\/strong><a href=\"https:\/\/forms.office.com\/pages\/responsepage.aspx?id=-v90rbsIDUiTmklrdgP0XYuyrbZFxTlFlPeKljCNcadUMVNUWk5EQk0xWEFMNEhMMjZROVZGVTRWRi4u&amp;route=shorturl\">https:\/\/forms.office.com\/pages\/responsepage.aspx?id=-v90rbsIDUiTmklrdgP0XYuyrbZFxTlFlPeKljCNcadUMVNUWk5EQk0xWEFMNEhMMjZROVZGVTRWRi4u&amp;route=shorturl<\/a><\/p>\n\n\n\n<p><strong>NB:&nbsp;<\/strong>Husk \u00e5&nbsp;<strong>melde ifra om allergier og intoleranser, diagnoser og spesielle behov&nbsp;<\/strong>og n\u00e5r du kan stille som&nbsp;<strong>katekesehjelp&nbsp;<\/strong>i skjemaet (vi har en&nbsp;<strong>utegruppe<\/strong>&nbsp;som passer p\u00e5 barna og organiserer lek i pausen; en&nbsp;<strong>kj\u00f8kkengruppe<\/strong>&nbsp;som forbereder mat til barnas matpause, og en<strong>&nbsp;ryddegruppe<\/strong>&nbsp;som rydder\/t\u00f8rker av bord, mopper gulv og g\u00e5r med s\u00f8pla til slutt).<\/p>\n\n\n\n<p><strong>Trykk \u00abSend\u00bb for vellykket registrering<\/strong>. Dersom dere ikke lykkes \u00e5 registrere dere via Microsoft-kontoen deres, kan man registrere seg uten denne fra en annen nettleser.<\/p>\n\n\n\n<p><strong>P\u00e5meldingsskjema til de som \u00f8nsker \u00e5 delta i Barnekoret (gratis):<\/strong>&nbsp;<a href=\"https:\/\/forms.office.com\/pages\/responsepage.aspx?id=-v90rbsIDUiTmklrdgP0XYuyrbZFxTlFlPeKljCNcadURFVETDY1RE5GUE02VkFZUEpINlpOWE9MUC4u&amp;route=shorturl\">https:\/\/forms.office.com\/pages\/responsepage.aspx?id=-v90rbsIDUiTmklrdgP0XYuyrbZFxTlFlPeKljCNcadURFVETDY1RE5GUE02VkFZUEpINlpOWE9MUC4u&amp;route=shorturl<\/a><\/p>\n\n\n\n<p><strong>Katekese <\/strong>er et kollektivt ansvar, hvor menigheter og foreldre hjelper hverandre i denne felles oppgaven. Foreldre har ansvar for \u00e5 bringe sitt barn til katekese og formidle den kristne tro og verdier. Katekese er noe man er invitert til \u00e5 gj\u00f8re hele livet &#8211; ikke bare n\u00e5r man forbereder seg til I. kommunion og konfirmasjon. Det er like viktig for barn og ungdom \u00e5 oppleve et fellesskap og f\u00e5 en tilh\u00f8righet til menigheten, troen og sine jevnaldrende i kirken. Sammen &#8211; menighet og foreldre\/familier &#8211; hjelper vi v\u00e5re barn \u00e5 f\u00e5 et n\u00e6rere forhold til troen og Gud.<\/p>\n\n\n\n<p><strong>Foresatte&nbsp;er ventet \u00e5 hjelpe til  i katekesen<\/strong> ved \u00e5 velge \u00e9n dag p\u00e5 h\u00f8sten og \u00e9n dag p\u00e5 v\u00e5ren til \u00e5 hjelpe til med ulike oppgaver under katekesen. Disse oppgavene best\u00e5r som hovedregel av vil best\u00e5 i matlaging, rydding, \u00e5 assistere kateketene med praktiske ting, osv.<\/p>\n\n\n\n<p><strong>F\u00f8rstekommunionsbarna og deltakelse i messen generelt:&nbsp;<\/strong>&nbsp;Barna med foresatte\/familie m\u00e5 delta i messen minst to ganger pr m\u00e5ned. I begynnelsen av katekese\u00e5ret f\u00e5r barna et <strong>&laquo;Messekort<\/strong>&laquo;. Her skal prest, kateket eller forelder signere for hver messe barna har deltatt i. Etter jul skal barna f\u00e5&nbsp;<strong>oppgaver i messene<\/strong>, som de skal f\u00f8re p\u00e5 samme messekort. H\u00f8ymesser og&nbsp; messer generelt er ikke s\u00e5 lett for barn \u00e5 forst\u00e5, og det kan v\u00e6re vanskelig for dem \u00e5 delta n\u00e5r det involverer mye stillesitting og mye de ikke skj\u00f8nner. P\u00e5 grunn av dette har v\u00e5r menighet to messer hver m\u00e5ned der det er litt enklere for barn \u00e5 f\u00f8lge: <strong>katekesemessen<\/strong> (p\u00e5 katekesel\u00f8rdagene) og&nbsp;<strong>familiemessen&nbsp;<\/strong>(en s\u00f8ndag hver m\u00e5ned). Datoer for familiemessene annonseres p\u00e5 menighetens nettside.<\/p>\n\n\n\n<p>Med vennlig hilsen Terese Ranek<\/p>\n\n\n\n<p><strong>Har dere sp\u00f8rsm\u00e5l?<\/strong><br>Ta kontakt med katekesekoordinator Nanna Natalia Karpinska J\u00f8rgensen: nanna.jorgensen@katolsk.no eller 95141740.<br><strong><br><\/strong><\/p>\n\n\n\n<p><\/p>\n\n\n\n<p><\/p>\n","protected":false},"excerpt":{"rendered":"<p>Kj\u00e6re alle barn og foresatte i I.kommunionsgruppen og i Familiekatekesen 2025-2026, Dette katekese\u00e5ret skal F\u00f8rstekommunionsgruppen og Familiekatekesen v\u00e6re en god del sammen og ogs\u00e5 gj\u00f8re noe hver for seg, men med mange av de samme temaene. Hold av I.kommunionsdatoen: l\u00f8rdag 23.mai! De viktigste temaene som skal gjennomg\u00e5s dette \u00e5ret: Kateketene og assistentene i I. kommunions- &hellip; <\/p>\n<p class=\"link-more\"><a href=\"https:\/\/tonsberg.katolsk.no\/index.php\/forstekommunion-3-klasse\/\" class=\"more-link\">Fortsett \u00e5 lese<span class=\"screen-reader-text\"> \u00abF\u00f8rstekommunion &#8211; II. \u00e5r\u00bb<\/span><\/a><\/p>\n","protected":false},"author":2,"featured_media":0,"parent":0,"menu_order":0,"comment_status":"closed","ping_status":"closed","template":"","meta":{"footnotes":""},"class_list":["post-11406","page","type-page","status-publish","hentry"],"_links":{"self":[{"href":"https:\/\/tonsberg.katolsk.no\/index.php\/wp-json\/wp\/v2\/pages\/11406","targetHints":{"allow":["GET"]}}],"collection":[{"href":"https:\/\/tonsberg.katolsk.no\/index.php\/wp-json\/wp\/v2\/pages"}],"about":[{"href":"https:\/\/tonsberg.katolsk.no\/index.php\/wp-json\/wp\/v2\/types\/page"}],"author":[{"embeddable":true,"href":"https:\/\/tonsberg.katolsk.no\/index.php\/wp-json\/wp\/v2\/users\/2"}],"replies":[{"embeddable":true,"href":"https:\/\/tonsberg.katolsk.no\/index.php\/wp-json\/wp\/v2\/comments?post=11406"}],"version-history":[{"count":38,"href":"https:\/\/tonsberg.katolsk.no\/index.php\/wp-json\/wp\/v2\/pages\/11406\/revisions"}],"predecessor-version":[{"id":12263,"href":"https:\/\/tonsberg.katolsk.no\/index.php\/wp-json\/wp\/v2\/pages\/11406\/revisions\/12263"}],"wp:attachment":[{"href":"https:\/\/tonsberg.katolsk.no\/index.php\/wp-json\/wp\/v2\/media?parent=11406"}],"curies":[{"name":"wp","href":"https:\/\/api.w.org\/{rel}","templated":true}]}}