{"id":11492,"date":"2025-03-13T17:34:17","date_gmt":"2025-03-13T16:34:17","guid":{"rendered":"https:\/\/tonsberg.katolsk.no\/?page_id=11492"},"modified":"2025-11-26T08:12:40","modified_gmt":"2025-11-26T07:12:40","slug":"caritascafe","status":"publish","type":"page","link":"https:\/\/tonsberg.katolsk.no\/index.php\/grupper\/caritasgruppe\/caritascafe\/","title":{"rendered":"Caritaskaf\u00e9"},"content":{"rendered":"\n<p>Alle er hjertelig velkommen til Caritaskaf\u00e9en! <br>Vi starter alltid med messe kl. 12.00, etterfulgt av hyggelig samv\u00e6r i det gamle menighetslokalet.<\/p>\n\n\n\n<p>H\u00d8STEN 2025: <br>[H\u00f8stens f\u00f8rste Caritaskaf\u00e9 arrangeres torsdag 30. oktober. F\u00f8rst samles vi til messe klokken 12. Etter messen samles vi i den gamle menighetssalen til samtale og enkel lunsj. &#8211; M\u00d8TET BLE AVLYST]<\/p>\n\n\n\n<p><strong>Neste Caritaskaf\u00e9 i h\u00f8st blir 27. november.<\/strong> Messe klokken 12 og samling i den gamle menighetssalen.<\/p>\n\n\n\n<p><strong>Alle er velkommen b\u00e5de gamle og unge.<\/strong><\/p>\n\n\n\n<p><strong>Dessverre blir det bare to Caritaskaf\u00e9er i h\u00f8st fordi vi som til n\u00e5 har tatt ansvar er alle over 70 \u00e5r:<\/strong><br>Irene Sanchez, tlf: 94426125<br>Oddbj\u00f8rg Alise Dahle, tlf: 41335684<br>Ellinor Hilberg, tlf: 90725807<br>Grethe Nyg\u00e5rd, tlf: 41161438<\/p>\n","protected":false},"excerpt":{"rendered":"<p>Alle er hjertelig velkommen til Caritaskaf\u00e9en! Vi starter alltid med messe kl. 12.00, etterfulgt av hyggelig samv\u00e6r i det gamle menighetslokalet. H\u00d8STEN 2025: [H\u00f8stens f\u00f8rste Caritaskaf\u00e9 arrangeres torsdag 30. oktober. F\u00f8rst samles vi til messe klokken 12. Etter messen samles vi i den gamle menighetssalen til samtale og enkel lunsj. &#8211; M\u00d8TET BLE AVLYST] Neste &hellip; <\/p>\n<p class=\"link-more\"><a href=\"https:\/\/tonsberg.katolsk.no\/index.php\/grupper\/caritasgruppe\/caritascafe\/\" class=\"more-link\">Fortsett \u00e5 lese<span class=\"screen-reader-text\"> \u00abCaritaskaf\u00e9\u00bb<\/span><\/a><\/p>\n","protected":false},"author":2,"featured_media":0,"parent":40,"menu_order":0,"comment_status":"closed","ping_status":"closed","template":"","meta":{"footnotes":""},"class_list":["post-11492","page","type-page","status-publish","hentry"],"_links":{"self":[{"href":"https:\/\/tonsberg.katolsk.no\/index.php\/wp-json\/wp\/v2\/pages\/11492","targetHints":{"allow":["GET"]}}],"collection":[{"href":"https:\/\/tonsberg.katolsk.no\/index.php\/wp-json\/wp\/v2\/pages"}],"about":[{"href":"https:\/\/tonsberg.katolsk.no\/index.php\/wp-json\/wp\/v2\/types\/page"}],"author":[{"embeddable":true,"href":"https:\/\/tonsberg.katolsk.no\/index.php\/wp-json\/wp\/v2\/users\/2"}],"replies":[{"embeddable":true,"href":"https:\/\/tonsberg.katolsk.no\/index.php\/wp-json\/wp\/v2\/comments?post=11492"}],"version-history":[{"count":7,"href":"https:\/\/tonsberg.katolsk.no\/index.php\/wp-json\/wp\/v2\/pages\/11492\/revisions"}],"predecessor-version":[{"id":12081,"href":"https:\/\/tonsberg.katolsk.no\/index.php\/wp-json\/wp\/v2\/pages\/11492\/revisions\/12081"}],"up":[{"embeddable":true,"href":"https:\/\/tonsberg.katolsk.no\/index.php\/wp-json\/wp\/v2\/pages\/40"}],"wp:attachment":[{"href":"https:\/\/tonsberg.katolsk.no\/index.php\/wp-json\/wp\/v2\/media?parent=11492"}],"curies":[{"name":"wp","href":"https:\/\/api.w.org\/{rel}","templated":true}]}}