{"id":11504,"date":"2025-03-13T17:42:14","date_gmt":"2025-03-13T16:42:14","guid":{"rendered":"https:\/\/tonsberg.katolsk.no\/?page_id=11504"},"modified":"2025-09-20T13:27:25","modified_gmt":"2025-09-20T11:27:25","slug":"sprakcafe","status":"publish","type":"page","link":"https:\/\/tonsberg.katolsk.no\/index.php\/sprakcafe\/","title":{"rendered":"Spr\u00e5kkaf\u00e9"},"content":{"rendered":"\n<p>Spr\u00e5kkaf\u00e9en under St. Olav menighets Caritas-arbeid er fra h\u00f8sten 2025 flyttet til tirsdager kl. 1830-20.30.  <\/p>\n\n\n\n<p>Spr\u00e5kkaf\u00e9en er for deg som trenger \u00e5 \u00f8ve p\u00e5 \u00e5 snakke norsk. Vi sitter i sm\u00e5 grupper og snakker om tema gitt av norsktalende l\u00e6rer.<br><br>Det er ogs\u00e5 et hyggelig sted \u00e5 m\u00f8te andre som er nye i Norge. Enkel servering med kaffe\/te.<\/p>\n\n\n\n<p>For flere opplysninger, kontakt\u00a0Maria Sol\u00e5s (930 34 289).<br>Velkommen!<\/p>\n","protected":false},"excerpt":{"rendered":"<p>Spr\u00e5kkaf\u00e9en under St. Olav menighets Caritas-arbeid er fra h\u00f8sten 2025 flyttet til tirsdager kl. 1830-20.30. Spr\u00e5kkaf\u00e9en er for deg som trenger \u00e5 \u00f8ve p\u00e5 \u00e5 snakke norsk. Vi sitter i sm\u00e5 grupper og snakker om tema gitt av norsktalende l\u00e6rer. Det er ogs\u00e5 et hyggelig sted \u00e5 m\u00f8te andre som er nye i Norge. Enkel &hellip; <\/p>\n<p class=\"link-more\"><a href=\"https:\/\/tonsberg.katolsk.no\/index.php\/sprakcafe\/\" class=\"more-link\">Fortsett \u00e5 lese<span class=\"screen-reader-text\"> \u00abSpr\u00e5kkaf\u00e9\u00bb<\/span><\/a><\/p>\n","protected":false},"author":2,"featured_media":0,"parent":0,"menu_order":0,"comment_status":"closed","ping_status":"closed","template":"","meta":{"footnotes":""},"class_list":["post-11504","page","type-page","status-publish","hentry"],"_links":{"self":[{"href":"https:\/\/tonsberg.katolsk.no\/index.php\/wp-json\/wp\/v2\/pages\/11504","targetHints":{"allow":["GET"]}}],"collection":[{"href":"https:\/\/tonsberg.katolsk.no\/index.php\/wp-json\/wp\/v2\/pages"}],"about":[{"href":"https:\/\/tonsberg.katolsk.no\/index.php\/wp-json\/wp\/v2\/types\/page"}],"author":[{"embeddable":true,"href":"https:\/\/tonsberg.katolsk.no\/index.php\/wp-json\/wp\/v2\/users\/2"}],"replies":[{"embeddable":true,"href":"https:\/\/tonsberg.katolsk.no\/index.php\/wp-json\/wp\/v2\/comments?post=11504"}],"version-history":[{"count":4,"href":"https:\/\/tonsberg.katolsk.no\/index.php\/wp-json\/wp\/v2\/pages\/11504\/revisions"}],"predecessor-version":[{"id":11818,"href":"https:\/\/tonsberg.katolsk.no\/index.php\/wp-json\/wp\/v2\/pages\/11504\/revisions\/11818"}],"wp:attachment":[{"href":"https:\/\/tonsberg.katolsk.no\/index.php\/wp-json\/wp\/v2\/media?parent=11504"}],"curies":[{"name":"wp","href":"https:\/\/api.w.org\/{rel}","templated":true}]}}