{"id":11529,"date":"2025-03-23T15:10:47","date_gmt":"2025-03-23T14:10:47","guid":{"rendered":"https:\/\/tonsberg.katolsk.no\/?page_id=11529"},"modified":"2025-03-23T16:20:07","modified_gmt":"2025-03-23T15:20:07","slug":"hvordan-blir-en-voksen-kristen-om-katekumenatet-for-voksne","status":"publish","type":"page","link":"https:\/\/tonsberg.katolsk.no\/index.php\/hvordan-blir-en-voksen-kristen-om-katekumenatet-for-voksne\/","title":{"rendered":"Hvordan blir en voksen kristen? Om katekumenatet for voksne"},"content":{"rendered":"\n<p>HVORDAN BLIR EN VOKSEN KRISTEN?<br>Av diakon Sigurd Hareide<\/p>\n\n\n\n<p>N\u00e5r et <strong>barn<\/strong> av kristne foreldre blir f\u00f8dt, oppfordrer Kirken foreldrene til \u00e5 la barnet d\u00f8pe \u00abi l\u00f8pet av de f\u00f8rste uker etter barnets f\u00f8dsel\u00bb (<em>Ritual for d\u00e5p av barn<\/em>). Foreldrene ber om d\u00e5pen p\u00e5 vegne av barnet og lover \u00e5 oppdra barnet i troen s\u00e5 barnet skal finne sin plass ved Herrens alterbord og leve sitt liv i Kirkens fellesskap. I l\u00f8pet av barndommen og ungdommen f\u00e5r barnet del i skriftem\u00e5lets sakrament, konfirmasjonens sakrament og eukaristiens sakrament\/den hellige kommunion \u2013 alle sakramentene skal lede barnet videre inn i Kirkens fellesskap som barnet fikk del i ved d\u00e5pen.<\/p>\n\n\n\n<p>N\u00e5r en <strong>voksen<\/strong> \u2013 ved Den Hellige \u00c5nds hjelp \u2013 oppdager kristen tro og selv begynner \u00e5 tro p\u00e5 Kristus, er veien inn i Kirkens fellesskap annerledes. Mens Kirkens ideal for d\u00e5p av barn er at de skal d\u00f8pes s\u00e5 tidlig som mulig i livet, skal voksne som vil d\u00f8pes derimot forberede seg en god stund, ja, gjerne mer enn et \u00e5r, f\u00f8r de blir d\u00f8pt. Og n\u00e5r de til slutt blir d\u00f8pt, helst p\u00e5 p\u00e5skenatt, mottar de ikke bare d\u00e5pens sakrament, men ogs\u00e5 konfirmasjonens og eukaristiens sakrament i samme gudstjenesten.<\/p>\n\n\n\n<p>Katekismen kaller d\u00e5pen, konfirmasjonen og eukaristien\/kommunionen for <strong>\u00absakramentene som innvier i det kristne liv\u00bb<\/strong>, de leder oss inn i det kristne livet og kalles ogs\u00e5 for \u00abinitiasjonssakramentene\u00bb, innlednings-sakramentene. Ritualet for den kristne initiasjon av voksne, alts\u00e5 hvordan voksne ledes inn i det kristne livet, inneholder fire avgrensede perioder:<\/p>\n\n\n\n<p><em>1) <strong>Evangelisering og \u00abprekatekumenat\u00bb<\/strong>:<\/em> En uformell fase hvor den voksne n\u00e6rmer seg Kirkens fellesskap og f\u00e5r en f\u00f8rste oppl\u00e6ring.<br><em>2) <strong>Katekumenatet:<\/strong><\/em> Den voksne gir offentlig uttrykk for sitt \u00f8nske om \u00e5 bli d\u00f8pt og blir opptatt som katekumen, en egen stand i Kirken. Oppl\u00e6ringen fortsetter i kort eller lang tid. <em>3) <strong>Renselses- og opplysningstiden<\/strong>:<\/em> Den siste forberedelsesfasen frem mot d\u00e5p faller vanligvis sammen med fastetiden f\u00f8r p\u00e5ske.<br><em>4) <strong>Feiringen av initiasjonssakramentene<\/strong>:<\/em> Om mulig skjer dette p\u00e5skenatt, hvor d\u00e5pskandidatene mottar b\u00e5de d\u00e5pen, konfirmasjon og eukaristien. \u00a0<br><em>5) <strong>Den \u00abmystagogiske\u00bb tid<\/strong>:<\/em> De nyd\u00f8pte reflekterer i tiden mellom p\u00e5skenatt og pinsedag over mysteriene de har mottatt og livet fremover i Kirkens fellesskap. \u00a0\u00a0\u00a0\u00a0\u00a0\u00a0\u00a0\u00a0\u00a0\u00a0\u00a0\u00a0\u00a0\u00a0\u00a0\u00a0\u00a0\u00a0 \u00a0\u00a0\u00a0\u00a0\u00a0\u00a0\u00a0\u00a0\u00a0\u00a0\u00a0\u00a0\u00a0\u00a0\u00a0\u00a0\u00a0\u00a0\u00a0\u00a0\u00a0\u00a0\u00a0\u00a0\u00a0\u00a0\u00a0\u00a0\u00a0\u00a0\u00a0\u00a0\u00a0\u00a0\u00a0\u00a0\u00a0\u00a0\u00a0\u00a0\u00a0\u00a0\u00a0\u00a0\u00a0\u00a0<\/p>\n","protected":false},"excerpt":{"rendered":"<p>HVORDAN BLIR EN VOKSEN KRISTEN?Av diakon Sigurd Hareide N\u00e5r et barn av kristne foreldre blir f\u00f8dt, oppfordrer Kirken foreldrene til \u00e5 la barnet d\u00f8pe \u00abi l\u00f8pet av de f\u00f8rste uker etter barnets f\u00f8dsel\u00bb (Ritual for d\u00e5p av barn). Foreldrene ber om d\u00e5pen p\u00e5 vegne av barnet og lover \u00e5 oppdra barnet i troen s\u00e5 barnet &hellip; <\/p>\n<p class=\"link-more\"><a href=\"https:\/\/tonsberg.katolsk.no\/index.php\/hvordan-blir-en-voksen-kristen-om-katekumenatet-for-voksne\/\" class=\"more-link\">Fortsett \u00e5 lese<span class=\"screen-reader-text\"> \u00abHvordan blir en voksen kristen? Om katekumenatet for voksne\u00bb<\/span><\/a><\/p>\n","protected":false},"author":2,"featured_media":0,"parent":0,"menu_order":0,"comment_status":"closed","ping_status":"closed","template":"","meta":{"footnotes":""},"class_list":["post-11529","page","type-page","status-publish","hentry"],"_links":{"self":[{"href":"https:\/\/tonsberg.katolsk.no\/index.php\/wp-json\/wp\/v2\/pages\/11529","targetHints":{"allow":["GET"]}}],"collection":[{"href":"https:\/\/tonsberg.katolsk.no\/index.php\/wp-json\/wp\/v2\/pages"}],"about":[{"href":"https:\/\/tonsberg.katolsk.no\/index.php\/wp-json\/wp\/v2\/types\/page"}],"author":[{"embeddable":true,"href":"https:\/\/tonsberg.katolsk.no\/index.php\/wp-json\/wp\/v2\/users\/2"}],"replies":[{"embeddable":true,"href":"https:\/\/tonsberg.katolsk.no\/index.php\/wp-json\/wp\/v2\/comments?post=11529"}],"version-history":[{"count":3,"href":"https:\/\/tonsberg.katolsk.no\/index.php\/wp-json\/wp\/v2\/pages\/11529\/revisions"}],"predecessor-version":[{"id":11535,"href":"https:\/\/tonsberg.katolsk.no\/index.php\/wp-json\/wp\/v2\/pages\/11529\/revisions\/11535"}],"wp:attachment":[{"href":"https:\/\/tonsberg.katolsk.no\/index.php\/wp-json\/wp\/v2\/media?parent=11529"}],"curies":[{"name":"wp","href":"https:\/\/api.w.org\/{rel}","templated":true}]}}