{"id":11551,"date":"2025-03-31T20:49:02","date_gmt":"2025-03-31T18:49:02","guid":{"rendered":"https:\/\/tonsberg.katolsk.no\/?page_id=11551"},"modified":"2026-04-15T21:16:49","modified_gmt":"2026-04-15T19:16:49","slug":"voksenkatekese","status":"publish","type":"page","link":"https:\/\/tonsberg.katolsk.no\/index.php\/voksenkatekese\/","title":{"rendered":"Voksenkatekese"},"content":{"rendered":"\n<p>Voksenkatekese er et tilbud for voksne med samlinger en gang i m\u00e5neden med fordypning i ulike temaer om katolsk tro og praksis, hvor man er velkommen til \u00e5 foresl\u00e5 temaer man \u00f8nsker \u00e5 dr\u00f8fte. Varighet: ca. 1,5 time (etter torsdagens aftenmesse). Datoer og tider nedenfor.<\/p>\n\n\n\n<p>Ved sp\u00f8rsm\u00e5l, ta kontakt med planleggingskomit\u00e9en for voksenkatekese:<br><em>P. Johannes Vu Manh Hung:&nbsp;90525631<br>Lino Thorlakson:&nbsp;40055862<br>Henrik Gimle Holm:&nbsp;40641256<br>Duy Thang Do:&nbsp;90969022&nbsp;<\/em><\/p>\n\n\n\n<p><strong>SAMLINGER v\u00e5ren 2026:<\/strong><br>29. januar kl. 18.45-20.30: Det liturgiske \u00e5r<\/p>\n\n\n\n<p>15. april kl. 18.45-20.30<\/p>\n\n\n\n<p><strong>SAMLINGER h\u00f8sten 2025: <\/strong><\/p>\n\n\n\n<p>November: 27. november kl 18.45 &#8211; 20.30: &laquo;De ti bud&raquo;<\/p>\n\n\n\n<p>Desember: 11. desember kl 18.45 &#8211; 20.30: Fortsettelse om de ti bud &#8211; fra fjerde bud<\/p>\n\n\n\n<p><\/p>\n\n\n\n<p><strong>SAMLINGER v\u00e5ren 2025:<\/strong><br><a href=\"https:\/\/tonsberg.katolsk.no\/index.php\/2025\/05\/01\/voksenkatekese-15-mai-om-den-hellige-kommunion\/\">Torsdag 15. mai 2025<\/a>: Den hellige kommunion<\/p>\n\n\n\n<p><a href=\"https:\/\/tonsberg.katolsk.no\/index.php\/2025\/03\/31\/voksenkatekese-om-skriftemalet\/\">Torsdag 3. april 2025: Skriftem\u00e5let<\/a><\/p>\n\n\n\n<p><a href=\"https:\/\/tonsberg.katolsk.no\/index.php\/2025\/02\/15\/voksenkatekese\/\">Torsdag 6. mars<\/a> 2025<\/p>\n","protected":false},"excerpt":{"rendered":"<p>Voksenkatekese er et tilbud for voksne med samlinger en gang i m\u00e5neden med fordypning i ulike temaer om katolsk tro og praksis, hvor man er velkommen til \u00e5 foresl\u00e5 temaer man \u00f8nsker \u00e5 dr\u00f8fte. Varighet: ca. 1,5 time (etter torsdagens aftenmesse). Datoer og tider nedenfor. Ved sp\u00f8rsm\u00e5l, ta kontakt med planleggingskomit\u00e9en for voksenkatekese:P. Johannes Vu &hellip; <\/p>\n<p class=\"link-more\"><a href=\"https:\/\/tonsberg.katolsk.no\/index.php\/voksenkatekese\/\" class=\"more-link\">Fortsett \u00e5 lese<span class=\"screen-reader-text\"> \u00abVoksenkatekese\u00bb<\/span><\/a><\/p>\n","protected":false},"author":2,"featured_media":0,"parent":0,"menu_order":0,"comment_status":"closed","ping_status":"closed","template":"","meta":{"footnotes":""},"class_list":["post-11551","page","type-page","status-publish","hentry"],"_links":{"self":[{"href":"https:\/\/tonsberg.katolsk.no\/index.php\/wp-json\/wp\/v2\/pages\/11551","targetHints":{"allow":["GET"]}}],"collection":[{"href":"https:\/\/tonsberg.katolsk.no\/index.php\/wp-json\/wp\/v2\/pages"}],"about":[{"href":"https:\/\/tonsberg.katolsk.no\/index.php\/wp-json\/wp\/v2\/types\/page"}],"author":[{"embeddable":true,"href":"https:\/\/tonsberg.katolsk.no\/index.php\/wp-json\/wp\/v2\/users\/2"}],"replies":[{"embeddable":true,"href":"https:\/\/tonsberg.katolsk.no\/index.php\/wp-json\/wp\/v2\/comments?post=11551"}],"version-history":[{"count":15,"href":"https:\/\/tonsberg.katolsk.no\/index.php\/wp-json\/wp\/v2\/pages\/11551\/revisions"}],"predecessor-version":[{"id":12367,"href":"https:\/\/tonsberg.katolsk.no\/index.php\/wp-json\/wp\/v2\/pages\/11551\/revisions\/12367"}],"wp:attachment":[{"href":"https:\/\/tonsberg.katolsk.no\/index.php\/wp-json\/wp\/v2\/media?parent=11551"}],"curies":[{"name":"wp","href":"https:\/\/api.w.org\/{rel}","templated":true}]}}