{"id":11723,"date":"2025-08-22T15:54:26","date_gmt":"2025-08-22T13:54:26","guid":{"rendered":"https:\/\/tonsberg.katolsk.no\/?page_id=11723"},"modified":"2026-01-08T08:19:57","modified_gmt":"2026-01-08T07:19:57","slug":"trossamtaler-hosten-2025","status":"publish","type":"page","link":"https:\/\/tonsberg.katolsk.no\/index.php\/sakramenter\/vil-du-bli-katolikk\/trossamtaler-hosten-2025\/","title":{"rendered":"Trossamtaler h\u00f8sten 2025"},"content":{"rendered":"\n<p>Vil du bli katolikk, eller lurer du p\u00e5 om du skal bli det? Da er dette tilbudet for deg.&nbsp;<strong>Tirsdag 16. september kl. 18.45-20.15&nbsp;<\/strong>starter&nbsp;<strong>trossamtaler<\/strong>&nbsp;opp for dem som tenker p\u00e5 \u00e5 bli katolikk. Veien er forskjellig om man er d\u00f8pt fra f\u00f8r eller ikke er d\u00f8pt, men vi starter sammen og har mye av undervisningen sammen. Samtalene vil p\u00e5g\u00e5 ca. annenhver tirsdag frem til jul og fortsette til v\u00e5ren med sikte p\u00e5 d\u00e5p eller opptagelse i Kirken i p\u00e5sketiden, om en \u00f8nsker det etter \u00e5 ha forberedt seg over tid.&nbsp;<strong>Se datoer og tematisk plan nederst p\u00e5 denne siden<\/strong>. NB! \u00c5 delta i samtalene er 100 % uforpliktende. \u00c5 delta er ingen p\u00e5melding til \u00e5 bli katolikk. <\/p>\n\n\n\n<p>Samlingene vil bli ledet av Erling Dahle, diakon Sigurd Hareide og p. Johannes Vu Manh Hung (sogneadministrator) (telefon og e-post til diakon og sogneadmininstrator <a href=\"https:\/\/tonsberg.katolsk.no\/index.php\/informasjon\/om-st-olav-menighet-og-kirke\/\" data-type=\"link\" data-id=\"https:\/\/tonsberg.katolsk.no\/index.php\/informasjon\/om-st-olav-menighet-og-kirke\/\">her<\/a>). P\u00e5melding innen 12. september til: tonsberg@katolsk.no (mulig med etterp\u00e5melding)<\/p>\n\n\n\n<p>Det viktigste r\u00e5det til dem som tenker p\u00e5 \u00e5 konvertere er \u00e5 g\u00e5 regelmessig i den hellige messe, s\u00e6rlig s\u00f8ndagsmessene. Et annet r\u00e5d er \u00e5 lese om katolsk tro, s\u00e6rlig i Den katolske kirkes katekisme. Under samtalene vil vi s\u00e6rlig referere til kompendiet til katekismen (finnes tilgjengelig&nbsp;<a href=\"https:\/\/www.katolsk.no\/tro\">her<\/a>).<\/p>\n\n\n\n<p><strong>Plan for h\u00f8sten 2025&nbsp;<\/strong>Del 1 og 2 i katekismekompendiet \u2013 1) Trosbekjennelsen og 2) Feiringen av det kristne mysterium<strong>:<\/strong><\/p>\n\n\n\n<p>Tid: &nbsp;&nbsp;&nbsp;&nbsp;&nbsp; Tirsdager kl. 1845-2015 (etter aftenmessen kl. 18 &#8211; kom gjerne i den om du har anledning)<br>Sted: &nbsp;&nbsp; Ledig sal i nytt eller gammelt menighetslokale<\/p>\n\n\n\n<p>16.9. &nbsp;&nbsp; Oppstart \u2013 presentasjon av opplegget og dagens tema: Kirkens selvforst\u00e5else<\/p>\n\n\n\n<p>30.9. &nbsp;&nbsp; Liturgien og kirke\u00e5ret<\/p>\n\n\n\n<p>21.10. Overleveringen av troen: Bibelen, tradisjonen og l\u00e6reembetet<\/p>\n\n\n\n<p>4.11. Trosbekjennelsen &#8211; del 1<\/p>\n\n\n\n<p>18.11. Trosbekjennelsen &#8211; del 2<br><br>2.12. Sakramentene som innvier i det kristne liv (d\u00e5p, konfirmasjon og eukaristi)<\/p>\n\n\n\n<p>16.12. Sakramentene til tjeneste for fellesskapet og sendelsen (ordinasjon og ekteskap)<\/p>\n\n\n\n<p><strong>Plan for v\u00e5ren 2026<br><\/strong>\u2013 frem til p\u00e5sken med d\u00e5p for de ud\u00f8pte, og p\u00e5sketiden med eventuell opptagelse for de d\u00f8pte i Kirkens fulle fellesskap<strong>:<\/strong><\/p>\n\n\n\n<ul class=\"wp-block-list\">\n<li>Fordypning i temaer fra h\u00f8sten (del 1 og 2 i katekismekompendiet)<\/li>\n\n\n\n<li>Del 3 og 4 i katekismekompendiet: Livet i Kristus (\u00c5nden og budene) og Kristen b\u00f8nn<\/li>\n\n\n\n<li>Den katolske kirkes historie i Norge og verden<\/li>\n<\/ul>\n","protected":false},"excerpt":{"rendered":"<p>Vil du bli katolikk, eller lurer du p\u00e5 om du skal bli det? Da er dette tilbudet for deg.&nbsp;Tirsdag 16. september kl. 18.45-20.15&nbsp;starter&nbsp;trossamtaler&nbsp;opp for dem som tenker p\u00e5 \u00e5 bli katolikk. Veien er forskjellig om man er d\u00f8pt fra f\u00f8r eller ikke er d\u00f8pt, men vi starter sammen og har mye av undervisningen sammen. Samtalene &hellip; <\/p>\n<p class=\"link-more\"><a href=\"https:\/\/tonsberg.katolsk.no\/index.php\/sakramenter\/vil-du-bli-katolikk\/trossamtaler-hosten-2025\/\" class=\"more-link\">Fortsett \u00e5 lese<span class=\"screen-reader-text\"> \u00abTrossamtaler h\u00f8sten 2025\u00bb<\/span><\/a><\/p>\n","protected":false},"author":2,"featured_media":0,"parent":2037,"menu_order":0,"comment_status":"closed","ping_status":"closed","template":"","meta":{"footnotes":""},"class_list":["post-11723","page","type-page","status-publish","hentry"],"_links":{"self":[{"href":"https:\/\/tonsberg.katolsk.no\/index.php\/wp-json\/wp\/v2\/pages\/11723","targetHints":{"allow":["GET"]}}],"collection":[{"href":"https:\/\/tonsberg.katolsk.no\/index.php\/wp-json\/wp\/v2\/pages"}],"about":[{"href":"https:\/\/tonsberg.katolsk.no\/index.php\/wp-json\/wp\/v2\/types\/page"}],"author":[{"embeddable":true,"href":"https:\/\/tonsberg.katolsk.no\/index.php\/wp-json\/wp\/v2\/users\/2"}],"replies":[{"embeddable":true,"href":"https:\/\/tonsberg.katolsk.no\/index.php\/wp-json\/wp\/v2\/comments?post=11723"}],"version-history":[{"count":4,"href":"https:\/\/tonsberg.katolsk.no\/index.php\/wp-json\/wp\/v2\/pages\/11723\/revisions"}],"predecessor-version":[{"id":12190,"href":"https:\/\/tonsberg.katolsk.no\/index.php\/wp-json\/wp\/v2\/pages\/11723\/revisions\/12190"}],"up":[{"embeddable":true,"href":"https:\/\/tonsberg.katolsk.no\/index.php\/wp-json\/wp\/v2\/pages\/2037"}],"wp:attachment":[{"href":"https:\/\/tonsberg.katolsk.no\/index.php\/wp-json\/wp\/v2\/media?parent=11723"}],"curies":[{"name":"wp","href":"https:\/\/api.w.org\/{rel}","templated":true}]}}