{"id":11755,"date":"2025-09-04T13:02:19","date_gmt":"2025-09-04T11:02:19","guid":{"rendered":"https:\/\/tonsberg.katolsk.no\/?page_id=11755"},"modified":"2025-11-07T16:06:35","modified_gmt":"2025-11-07T15:06:35","slug":"konfirmanter-8-klasse","status":"publish","type":"page","link":"https:\/\/tonsberg.katolsk.no\/index.php\/katekese\/konfirmanter-8-klasse\/","title":{"rendered":"Konfirmanter I. \u00e5r (8. klasse)"},"content":{"rendered":"\n<p><strong>Kj\u00e6re I. \u00e5rs-konfirmanter og foreldre!<\/strong><\/p>\n\n\n\n<p>Velkommen til f\u00f8rste \u00e5r med konfirmasjonsundervisning ved St. Olav katolske kirke i T\u00f8nsberg skole\u00e5ret 2025-2026. Denne h\u00f8sten begynner det f\u00f8rste av to \u00e5r med konfirmasjonsundervisning. <strong>Det er 2 \u00e5rs forberedelse til konfirmasjonen<\/strong>. I \u00e5r er Anne-Rigmor Stock Evje kateket for 8. trinn. Christen Westgaard og Gunnhild B\u00e6r\u00f8 er medhjelpere. Vi gleder oss til \u00e5 bli kjent med dere som kommer til undervisningen.<\/p>\n\n\n\n<p><strong>Hva er konfirmasjon?<br><\/strong>Ved d\u00e5pen lover foreldre \u00e5 oppdra barna i den kristne tro. Ved konfirmasjonens sakrament fullf\u00f8res innf\u00f8ringen i Kirkens fellesskap. Ungdommene utrustes med Den Hellige \u00c5nds gave. Det betyr \u00e5 bli styrket av Gud til \u00e5 leve i Kirkens fellesskap og fortsette det kristne liv som begynte ved d\u00e5pen. Katolikker b\u00f8re v\u00e6re konfirmert for \u00e5 gifte seg og m\u00e5 v\u00e6re konfirmert for \u00e5 motta ordinasjonens sakrament og for \u00e5 v\u00e6re fadder ved d\u00e5p og konfirmasjon.<\/p>\n\n\n\n<p><strong>Forberedelse<br><\/strong>\u00c5 forberede seg til \u00e5 motta konfirmasjonens sakrament er viktig. Konfirmantene deltar i s\u00f8ndagsmesse og konfirmasjonsundervisning. Undervisningen er rett etter s\u00f8ndagsmessen en gang i m\u00e5neden. Alle m\u00f8ter da opp til h\u00f8ymessen kl. 11. Etter messen er det undervisning frem til kl. 15. Gjennom \u00e5ret vil vi l\u00e6re mer om v\u00e5r katolske tro og det \u00e5 leve som kristen. Vi \u00f8nsker ogs\u00e5 \u00e5 ta opp temaer som dere er spesielt opptatt av. I tillegg blir det andre aktiviteter gjennom \u00e5ret som dere kan glede dere til.<\/p>\n\n\n\n<p><strong>Nedenfor finner dere oversikt over datoer, tidspunkt og aktiviteter. <em>Alt opplegg og undervisning er obligatorisk.<\/em><\/strong><\/p>\n\n\n\n<p>Alt godt i Kristus,<br>&#8211; Pater Johannes Vu Manh Hung, sogneadministrator<br>&#8211; Anne-Rigmor Stock Evje, <a href=\"mailto:Anne-Rigmor.Stock.Evje@katolsk.no\">Anne-Rigmor.Stock.Evje@katolsk.no<\/a>, 45407409<br>&#8211; Christen Westgaard, <a href=\"mailto:christen.westgaard@gmail.com\">christen.westgaard@gmail.com<\/a>, 92119900,<br>&#8211; Gunnhild B\u00e6r\u00f8, <a href=\"mailto:gunnhild.baro@gmail.com\">gunnhild.baro@gmail.com<\/a>, 40408311<\/p>\n\n\n\n<p><strong><u>Katekesesamlingene for I. og II.\u00e5rs konfirmantene ser slik ut:<\/u><\/strong><\/p>\n\n\n\n<p><strong>11-12) <\/strong>Obligatorisk messe, hvor foreldre deltar med sine barn<\/p>\n\n\n\n<p><strong>12-12:30) <\/strong>Kirkekaffe<\/p>\n\n\n\n<p><strong>12:30-13:30) <\/strong>1. \u00f8kt i respektive katekesegrupper<\/p>\n\n\n\n<p><strong>13:30-14:00) <\/strong>Matpause<\/p>\n\n\n\n<p><strong>14-15) <\/strong>2. \u00f8kt i respektive katekesegrupper<\/p>\n\n\n\n<p><strong>15) <\/strong>Slutt for dagen<\/p>\n\n\n\n<p><strong>Katekeseplan for I. \u00e5rs-konfirmanter 2025\/2026:<\/strong><\/p>\n\n\n\n<figure class=\"wp-block-table\"><table class=\"has-fixed-layout\"><tbody><tr><td><strong>H\u00f8sten 2025<\/strong><\/td><td><strong>&nbsp;<\/strong><\/td><\/tr><tr><td>august<\/td><td>31. august kl. 11 \u2013 15<br>Tema: Bibelen og tidslinjen gjennom Det gamle &#8211; og Det nye testamentet<\/td><\/tr><tr><td>september<\/td><td>21. september kl. 11 \u2013 15<br>Tema: Hva er tro \u2013 side 9*<\/td><\/tr><tr><td>oktober<\/td><td>19. oktober kl. 11 \u2013 15 Tema: Hva kan vi vite om Gud \u2013 side 20<\/td><\/tr><tr><td>november<\/td><td>16. november kl. 11- 15<br>Tema: Hva er synd \u2013 side 32<\/td><\/tr><tr><td>desember<\/td><td>14. desember kl. 11 \u2013 15 Tema: Jesus, b\u00e5de Gud og menneske \u2013 side 43<\/td><\/tr><tr><td><strong>V\u00e5ren 2026<\/strong><\/td><td>&nbsp;<\/td><\/tr><tr><td>januar<\/td><td>11. januar kl. 11 \u2013 15 Tema: D\u00e5pen og de andre sakramentene \u2013 s 54<\/td><\/tr><tr><td>februar<\/td><td>8. februar kl. 11 \u2013 15 Tema: Sakramentene ekteskap, ordinasjon og sykesalving \u2013 side 65<\/td><\/tr><tr><td>mars<\/td><td>15. mars kl. 11 \u2013 15 Tema: Sakramentene kommunion\/eukaristien; Gud ofrer sin S\u00f8nn for oss \u2013 side 77<\/td><\/tr><tr><td>april<\/td><td>19. april kl. 11 \u2013 15 Tema: Jesu oppstandelse &#8211; side 88<\/td><\/tr><tr><td>mai<\/td><td>10. mai kl. 11 \u2013 15 Tema: N\u00e6rmere beskjed kommer.<\/td><\/tr><\/tbody><\/table><\/figure>\n\n\n\n<p>*Sidehenvisningene er til konfirmasjonsboka YouCat som deles ut p\u00e5 f\u00f8rste samling.<\/p>\n\n\n\n<p>NB: Temaene kan bli forskj\u00f8vet mellom samlingene. Nye temaer kan dukke opp.<\/p>\n\n\n\n<p><strong><u>Datoer for I. og II.\u00e5rs konfirmantkatekesesamlinger 2025 &#8211; 2026 (kl. 11 &#8211; 15):<\/u><\/strong>                             <strong>2025: <\/strong>s\u00f8ndag 31. august, 21. september, 19. oktober, 16. november, 14. desember.          <strong>2026:<\/strong> s\u00f8ndag 11. januar, 8. februar, 15. mars, 19. april, 10.mai.<\/p>\n\n\n\n<p><strong>NB: 80% forpliktende oppm\u00f8te <\/strong>(dvs inntil 2 ganger med gyldig frav\u00e6r i tilfelle av plutselig oppst\u00e5tt sykdom eller alvorlig hendelse).<\/p>\n\n\n\n<p><strong><u>Katekesesamlingene for I. og II.\u00e5rs konfirmantene ser slik ut:<\/u><\/strong><\/p>\n\n\n\n<p><strong>11-12) <\/strong>Obligatorisk messe, hvor foreldre deltar med sine barn<\/p>\n\n\n\n<p><strong>12-12:30) <\/strong>Kirkekaffe<\/p>\n\n\n\n<p><strong>12:30-13:30) <\/strong>1. \u00f8kt i respektive katekesegrupper<\/p>\n\n\n\n<p><strong>13:30-14:00) <\/strong>Matpause<\/p>\n\n\n\n<p><strong>14-15) <\/strong>2. \u00f8kt i respektive katekesegrupper<\/p>\n\n\n\n<p><strong>15) <\/strong>Slutt for dagen<\/p>\n\n\n\n<p><strong>Kontingent: <\/strong>kr 350&nbsp;pr barn betales inn p\u00e5 kontonummer: 1638.17.36583. Hvis dere har flere barn i katekesen, men ingen av dem er konfirmanter p\u00e5 II.\u00e5ret (9.klasse), kan dere betale kr 500. Hvis dere har flere barn i katekesen og ett av barna er konfirmant p\u00e5 II.\u00e5ret, skal dere betale kr 750.<\/p>\n\n\n\n<p>(Kontingenten dekker b\u00f8ker, mapper, skrivemateriell samt pausemat og drikke)<\/p>\n\n\n\n<p><strong>P\u00e5meldingsskjema til I.\u00e5rs-konfirmantundervisning:<\/strong> <a href=\"https:\/\/forms.office.com\/pages\/responsepage.aspx?id=-v90rbsIDUiTmklrdgP0XYuyrbZFxTlFlPeKljCNcadUQUxCU1U5WVM2RUM5Vk83TVNKMjlRTTQzNS4u&amp;route=shorturl\">https:\/\/forms.office.com\/pages\/responsepage.aspx?id=-v90rbsIDUiTmklrdgP0XYuyrbZFxTlFlPeKljCNcadUQUxCU1U5WVM2RUM5Vk83TVNKMjlRTTQzNS4u&amp;route=shorturl<\/a><\/p>\n\n\n\n<p><strong>NB: <\/strong>Husk \u00e5 <strong>melde ifra om allergier og intoleranser, diagnoser og spesielle behov<\/strong>.<\/p>\n\n\n\n<p><strong>Trykk &laquo;Send&raquo; for vellykket registrering<\/strong>. Dersom dere ikke lykkes \u00e5 registrere dere via Microsoft-kontoen deres, kan man registrere seg uten denne fra en annen nettleser.<\/p>\n\n\n\n<p><strong>Har dere sp\u00f8rsm\u00e5l?<\/strong><br>Ta kontakt med katekesekoordinator Nanna Natalia Karpinska J\u00f8rgensen: nanna.jorgensen@katolsk.no eller 95141740.<\/p>\n\n\n\n<p><\/p>\n","protected":false},"excerpt":{"rendered":"<p>Kj\u00e6re I. \u00e5rs-konfirmanter og foreldre! Velkommen til f\u00f8rste \u00e5r med konfirmasjonsundervisning ved St. Olav katolske kirke i T\u00f8nsberg skole\u00e5ret 2025-2026. Denne h\u00f8sten begynner det f\u00f8rste av to \u00e5r med konfirmasjonsundervisning. Det er 2 \u00e5rs forberedelse til konfirmasjonen. I \u00e5r er Anne-Rigmor Stock Evje kateket for 8. trinn. Christen Westgaard og Gunnhild B\u00e6r\u00f8 er medhjelpere. Vi &hellip; <\/p>\n<p class=\"link-more\"><a href=\"https:\/\/tonsberg.katolsk.no\/index.php\/katekese\/konfirmanter-8-klasse\/\" class=\"more-link\">Fortsett \u00e5 lese<span class=\"screen-reader-text\"> \u00abKonfirmanter I. \u00e5r (8. klasse)\u00bb<\/span><\/a><\/p>\n","protected":false},"author":2,"featured_media":0,"parent":12,"menu_order":0,"comment_status":"closed","ping_status":"closed","template":"","meta":{"footnotes":""},"class_list":["post-11755","page","type-page","status-publish","hentry"],"_links":{"self":[{"href":"https:\/\/tonsberg.katolsk.no\/index.php\/wp-json\/wp\/v2\/pages\/11755","targetHints":{"allow":["GET"]}}],"collection":[{"href":"https:\/\/tonsberg.katolsk.no\/index.php\/wp-json\/wp\/v2\/pages"}],"about":[{"href":"https:\/\/tonsberg.katolsk.no\/index.php\/wp-json\/wp\/v2\/types\/page"}],"author":[{"embeddable":true,"href":"https:\/\/tonsberg.katolsk.no\/index.php\/wp-json\/wp\/v2\/users\/2"}],"replies":[{"embeddable":true,"href":"https:\/\/tonsberg.katolsk.no\/index.php\/wp-json\/wp\/v2\/comments?post=11755"}],"version-history":[{"count":19,"href":"https:\/\/tonsberg.katolsk.no\/index.php\/wp-json\/wp\/v2\/pages\/11755\/revisions"}],"predecessor-version":[{"id":12054,"href":"https:\/\/tonsberg.katolsk.no\/index.php\/wp-json\/wp\/v2\/pages\/11755\/revisions\/12054"}],"up":[{"embeddable":true,"href":"https:\/\/tonsberg.katolsk.no\/index.php\/wp-json\/wp\/v2\/pages\/12"}],"wp:attachment":[{"href":"https:\/\/tonsberg.katolsk.no\/index.php\/wp-json\/wp\/v2\/media?parent=11755"}],"curies":[{"name":"wp","href":"https:\/\/api.w.org\/{rel}","templated":true}]}}