{"id":11778,"date":"2025-09-15T14:57:01","date_gmt":"2025-09-15T12:57:01","guid":{"rendered":"https:\/\/tonsberg.katolsk.no\/?page_id=11778"},"modified":"2025-11-07T15:20:29","modified_gmt":"2025-11-07T14:20:29","slug":"tweens-4-7-klasse","status":"publish","type":"page","link":"https:\/\/tonsberg.katolsk.no\/index.php\/katekese\/tweens-4-7-klasse\/","title":{"rendered":"Tweens (4.-7. klasse)"},"content":{"rendered":"\n<p><strong>Kj\u00e6re barn i 4., 5., 6. og 7. klasse og deres foresatte<\/strong><br><br>Tweens er katekese for barn mellom I. kommunion og konfirmasjon og danner et meningsfylt milj\u00f8 \u00e5 v\u00e6re ung katolikk i, hvor sosiale relasjoner dannes for livet. Barn i 4. .- 7. klasse som ikke har mottatt I. kommunion, bes f\u00f8lge Tweensgruppen &#8211; merke av i<br>p\u00e5meldingsskjemaet nederst p\u00e5 siden at de ikke har mottatt I.kommunion enn\u00e5, og vi lager et eget opplegg for disse barna i tillegg til Tweens-aktivitetene. Disse barna kan st\u00e5 til I.kommunion sammen med II.\u00e5rs kommunionsbarna 23.mai 2026.<\/p>\n\n\n\n<p>Katekese er et kollektivt ansvar, hvor menigheter og foreldre hjelper hverandre i denne felles oppgaven. Foreldre har ansvar for \u00e5 bringe sitt barn til katekese og formidle den kristne tro og verdier. Katekese er noe man er invitert til \u00e5 gj\u00f8re hele livet &#8211; ikke bare n\u00e5r man forbereder seg til I. kommunion og konfirmasjon. Det er like viktig for barn og ungdom \u00e5 oppleve et fellesskap og f\u00e5 en tilh\u00f8righet til troen, menigheten, og sine jevnaldrende der. Sammen &#8211; menighet og foreldre\/familier &#8211; hjelper vi v\u00e5re barn \u00e5 f\u00e5 et n\u00e6rere forhold til Gud.<\/p>\n\n\n\n<p><strong><u>Tweens-kateketene 2025\/2026:<\/u><\/strong><br>Karol Jankowski: <a href=\"mailto:karol.jan.jankowski@gmail.com\">karol.jan.jankowski@gmail.com<\/a><br><\/p>\n\n\n\n<p>Hong Thorlakson: <a href=\"mailto:honght00@gmail.com\">honght00@gmail.com<\/a><br><\/p>\n\n\n\n<p>Thao Trang Nguyen: <a href=\"mailto:thaon80@hotmail.com\">thaon80@hotmail.com<\/a><\/p>\n\n\n\n<p><strong>Tweens katekeseplan for 2025\/2026:<\/strong><\/p>\n\n\n\n<figure class=\"wp-block-table\"><table class=\"has-fixed-layout\"><tbody><tr><td><strong>V\u00e5r 2025<\/strong><\/td><td><strong>Hovedtema<\/strong><\/td><\/tr><tr><td>06. SEPT<\/td><td>Felles opplegg for alle &#8211; natursti<\/td><\/tr><tr><td>27. SEPT<\/td><td>De 10 bud, Det dobbelte kj\u00e6rlighetsbud<\/td><\/tr><tr><td>18. OKT<\/td><td>De 10 bud, be rosenkransen<\/td><\/tr><tr><td>08. NOV<\/td><td>De 7 sakramenter<\/td><\/tr><tr><td>13. DES<\/td><td>De 7 sakramenter, Jul og Advent<\/td><\/tr><tr><td colspan=\"2\"><strong>V\u00e5r 2026&nbsp;&nbsp;&nbsp;&nbsp;&nbsp;&nbsp;&nbsp;&nbsp;&nbsp;&nbsp;&nbsp;&nbsp;&nbsp;&nbsp;&nbsp;&nbsp;&nbsp;&nbsp;&nbsp;&nbsp;&nbsp;&nbsp;&nbsp;&nbsp;                                                         Hovedtema<\/strong><\/td><\/tr><tr><td>10. JAN<\/td><td>Kirken og leddene i messen<\/td><\/tr><tr><td>07. FEB<\/td><td>Kirken og leddene i messen<\/td><\/tr><tr><td>14. MAR<\/td><td>Fastetiden, Korsveien, Skriftem\u00e5let, P\u00e5ske<\/td><\/tr><tr><td>11. APR<\/td><td>Jesus og Maria<\/td><\/tr><tr><td>09. MAI<\/td><td>Jesus og Maria, be rosenkransen<\/td><\/tr><\/tbody><\/table><\/figure>\n\n\n\n<p><strong><u>Datoer for Tweens 2025 &#8211; 2026 (kl. 11 &#8211; 15):<\/u><\/strong><br><strong>2025: <\/strong>l\u00f8rdag 6. september, 27. september, 18. oktober, 8. november, 13. desember.       <strong>2026: <\/strong>l\u00f8rdag 10. januar, 7. februar, 14. mars, 11. april, 9.&nbsp;mai.<\/p>\n\n\n\n<p><strong><u>Katekesesamlingene for Tweens ser slik ut<\/u>:<\/strong><\/p>\n\n\n\n<p><strong>(10:00) <\/strong>Barnekoret ifm katekesemessen \u00f8ver i kirken med Terese<\/p>\n\n\n\n<p><strong>(10:30) <\/strong>Barn med katekesemesseoppgaver forbereder seg i kirken<\/p>\n\n\n\n<p><strong>11-12:00) <\/strong>1. \u00f8kt i katekesegruppen<\/p>\n\n\n\n<p><strong>12-12:45) <\/strong>Matpause og felles lek<\/p>\n\n\n\n<p><strong>12:45-13:45) <\/strong>2. \u00f8kt i katekesegruppen<\/p>\n\n\n\n<p><strong>13:45-14:00) <\/strong>Dopause og barna finner frem til sine foreldre\/familier<\/p>\n\n\n\n<p><strong>14-15) <\/strong>Felles<strong> obligatorisk messe<\/strong> hvor <strong>foreldre deltar<\/strong> <strong>med sine barn<\/strong><\/p>\n\n\n\n<p><strong>15)<\/strong> Slutt for dagen<\/p>\n\n\n\n<p><strong>Kontingent: <\/strong>kr 350<strong>&nbsp;<\/strong>pr barn + voksen betales inn p\u00e5 kontonummer: 1638.17.36583. Deretter kr 100 ekstra for hver ekstra voksen\/barn som er med. Barn 0 &#8211; 5 \u00e5r er gratis.  <\/p>\n\n\n\n<p>(Kontingenten dekker b\u00f8ker, mapper, skrivemateriell samt pausemat og drikke)<\/p>\n\n\n\n<p><strong>P\u00e5meldingsskjema Tweens: <\/strong><a href=\"https:\/\/forms.office.com\/pages\/responsepage.aspx?id=-v90rbsIDUiTmklrdgP0XYuyrbZFxTlFlPeKljCNcadUMEZOUVRFTkg5MDA4UzBVV05aWThPWDVVRC4u&amp;route=shorturl\">https:\/\/forms.office.com\/pages\/responsepage.aspx?id=-v90rbsIDUiTmklrdgP0XYuyrbZFxTlFlPeKljCNcadUMEZOUVRFTkg5MDA4UzBVV05aWThPWDVVRC4u&amp;route=shorturl<\/a><\/p>\n\n\n\n<p><strong>NB: <\/strong>Husk \u00e5 <strong>melde ifra om allergier og intoleranser, diagnoser og spesielle behov <\/strong>og n\u00e5r du kan stille som <strong>katekesehjelp <\/strong>i skjemaet (vi har en <strong>utegruppe<\/strong> som passer p\u00e5 barna og organiserer lek i pausen; en <strong>kj\u00f8kkengruppe<\/strong> som forbereder mat til barnas matpause, og en<strong> ryddegruppe<\/strong> som rydder\/t\u00f8rker av bord, mopper gulv og g\u00e5r med s\u00f8pla til slutt).<\/p>\n\n\n\n<p><strong>Trykk &laquo;Send&raquo; for vellykket registrering<\/strong>. Dersom dere ikke lykkes \u00e5 registrere dere via Microsoft-kontoen deres, kan man registrere seg uten denne fra en annen nettleser.<\/p>\n\n\n\n<p><strong>P\u00e5meldingsskjema til de som \u00f8nsker \u00e5 delta i Barnekoret (gratis):<\/strong>\u00a0<a href=\"https:\/\/forms.office.com\/pages\/responsepage.aspx?id=-v90rbsIDUiTmklrdgP0XYuyrbZFxTlFlPeKljCNcadURFVETDY1RE5GUE02VkFZUEpINlpOWE9MUC4u&amp;route=shorturl\">https:\/\/forms.office.com\/pages\/responsepage.aspx?id=-v90rbsIDUiTmklrdgP0XYuyrbZFxTlFlPeKljCNcadURFVETDY1RE5GUE02VkFZUEpINlpOWE9MUC4u&amp;route=shorturl<\/a><\/p>\n\n\n\n<p><strong><strong><u>Hilsen fra Tweens-kateketene og Pedagogisk plan for Tweens katekese\u00e5ret 2025-26:<\/u><\/strong><\/strong><\/p>\n\n\n\n<p>Gjennom \u00e5ret vil vi l\u00e6re mer om v\u00e5r katolske tro og det \u00e5 leve som kristen.<br>Disse temaene vil vi fordype oss inn i ila katekese\u00e5ret:<\/p>\n\n\n\n<ol class=\"wp-block-list\">\n<li>De 7 sakramentene<\/li>\n\n\n\n<li>De 10 bud, Det dobbelte kj\u00e6rlighetsbud<\/li>\n\n\n\n<li>Kirken og leddene i messen<\/li>\n\n\n\n<li>Gud, Jesus, Maria og andre helgener<\/li>\n\n\n\n<li>Be sammen: Fader V\u00e5r, Hill deg Maria, \u00c6re V\u00e6re Faderen, Rosenkrans<\/li>\n<\/ol>\n\n\n\n<p>Vi kommer til \u00e5 ta utgangspunktet i boka \u00abYOUCAT for Kids\u00bb &#8211; (denne boka vil barna f\u00e5 med hjem) og muligens viser vi noe Youtube videoer fra bibelselskapet og andre kristne kilder.<\/p>\n\n\n\n<p><strong>M\u00e5let v\u00e5rt er \u00e5 skape et trivelig og trygt katolsk milj\u00f8 for at barna skal kunne vokse i sin tro p\u00e5 Gud Jesus Kristus i v\u00e5rt kristne felleskap.<\/strong><\/p>\n\n\n\n<p>Kateketens oppgaver er \u00e5 fortelle om troen, \u00e5 feire liturgien, \u00e5 elske Kristus, \u00e5 be og \u00e5 bygge opp felleskapet*. Enhver katolikk er kalt til \u00e5 gj\u00f8re disse oppgavene. Disse oppgavene skjer ikke bare hver gang det er katekese og\/eller messe, men de fortsetter i hjemmet ogs\u00e5. <strong>For \u00e5 lykkes i \u00e5 gj\u00f8re disse oppgavene og hjelpe v\u00e5re barn vokse trygt i troen p\u00e5 Gud Jesus Kristus, ber vi derfor dere foreldre om hjelp og samarbeid til dette.<\/strong> Dere foreldre er barnas n\u00e6rmeste og viktigste kateketer. Bring Guds n\u00e6rv\u00e6r inn i familien deres. Den hellige Mor Teresa av Calcutta sa ofte at: \u00ab..familier som ber sammen, forblir sammen..\u00bb &nbsp;<\/p>\n\n\n\n<p>Hjelp oss derfor \u00e5 be sammen med barna deres, ta barna med til messen og v\u00e6r sammen med barna i messen. Gj\u00f8r messen mer interessant for barna ved \u00e5 engasjere dem til \u00e5 delta aktivt i messen, ved at de for eksempel gj\u00f8r noen av disse oppgavene: b\u00e6re frem offergaver, lese lesninger og forb\u00f8nner, ministrere eller synge i barnekor. Og husk, i sentrum for enhver katekeseprosess st\u00e5r det levende m\u00f8tet med Kristus*<\/p>\n\n\n\n<p>Alt godt i Kristus,<\/p>\n\n\n\n<p>Hong, Karol og Thao<\/p>\n\n\n\n<p><strong>* Fra <\/strong><em><strong>&laquo;Direktorium for katekese<\/strong><\/em><strong>&laquo;<\/strong><\/p>\n\n\n\n<p><strong>Har dere sp\u00f8rsm\u00e5l?<\/strong><br>Ta kontakt med katekesekoordinator Nanna Natalia Karpinska J\u00f8rgensen: nanna.jorgensen@katolsk.no eller 95141740.<br><\/p>\n\n\n\n<p><\/p>\n","protected":false},"excerpt":{"rendered":"<p>Kj\u00e6re barn i 4., 5., 6. og 7. klasse og deres foresatte Tweens er katekese for barn mellom I. kommunion og konfirmasjon og danner et meningsfylt milj\u00f8 \u00e5 v\u00e6re ung katolikk i, hvor sosiale relasjoner dannes for livet. Barn i 4. .- 7. klasse som ikke har mottatt I. kommunion, bes f\u00f8lge Tweensgruppen &#8211; merke &hellip; <\/p>\n<p class=\"link-more\"><a href=\"https:\/\/tonsberg.katolsk.no\/index.php\/katekese\/tweens-4-7-klasse\/\" class=\"more-link\">Fortsett \u00e5 lese<span class=\"screen-reader-text\"> \u00abTweens (4.-7. klasse)\u00bb<\/span><\/a><\/p>\n","protected":false},"author":2,"featured_media":0,"parent":12,"menu_order":0,"comment_status":"closed","ping_status":"closed","template":"","meta":{"footnotes":""},"class_list":["post-11778","page","type-page","status-publish","hentry"],"_links":{"self":[{"href":"https:\/\/tonsberg.katolsk.no\/index.php\/wp-json\/wp\/v2\/pages\/11778","targetHints":{"allow":["GET"]}}],"collection":[{"href":"https:\/\/tonsberg.katolsk.no\/index.php\/wp-json\/wp\/v2\/pages"}],"about":[{"href":"https:\/\/tonsberg.katolsk.no\/index.php\/wp-json\/wp\/v2\/types\/page"}],"author":[{"embeddable":true,"href":"https:\/\/tonsberg.katolsk.no\/index.php\/wp-json\/wp\/v2\/users\/2"}],"replies":[{"embeddable":true,"href":"https:\/\/tonsberg.katolsk.no\/index.php\/wp-json\/wp\/v2\/comments?post=11778"}],"version-history":[{"count":24,"href":"https:\/\/tonsberg.katolsk.no\/index.php\/wp-json\/wp\/v2\/pages\/11778\/revisions"}],"predecessor-version":[{"id":12052,"href":"https:\/\/tonsberg.katolsk.no\/index.php\/wp-json\/wp\/v2\/pages\/11778\/revisions\/12052"}],"up":[{"embeddable":true,"href":"https:\/\/tonsberg.katolsk.no\/index.php\/wp-json\/wp\/v2\/pages\/12"}],"wp:attachment":[{"href":"https:\/\/tonsberg.katolsk.no\/index.php\/wp-json\/wp\/v2\/media?parent=11778"}],"curies":[{"name":"wp","href":"https:\/\/api.w.org\/{rel}","templated":true}]}}