{"id":11785,"date":"2025-09-17T10:42:09","date_gmt":"2025-09-17T08:42:09","guid":{"rendered":"https:\/\/tonsberg.katolsk.no\/?page_id=11785"},"modified":"2025-09-17T10:43:12","modified_gmt":"2025-09-17T08:43:12","slug":"konfirmantdag-lordag-20-september-2025","status":"publish","type":"page","link":"https:\/\/tonsberg.katolsk.no\/index.php\/katekese\/konfirmantdag-lordag-20-september-2025\/","title":{"rendered":"Konfirmantdag l\u00f8rdag 20. september 2025"},"content":{"rendered":"\n<p>Kj\u00e6re foreldre og foresatte til siste \u00e5rs konfirmantkull!\ud83c\udf38<\/p>\n\n\n\n<p>Det er en glede \u00e5 meddele at konfirmantkateketene Lino, Marcus og Mai har spikret sammen et kjempefint opplegg for deres 19 barn til den store sosiale <strong>konfirmantdagen l\u00f8rdag 20. september<\/strong>, hvor vi p\u00e5 mange m\u00e5ter \u00f8nsker \u00e5 hylle og styrke <strong>ungdommenes felleskap<\/strong><strong>\ud83e\udd32<\/strong><\/p>\n\n\n\n<p><strong>Oppm\u00f8te: <u>Rom Hageland kl.11<\/u><\/strong> &#8211; hvor vi ikke kommer til \u00e5 beskue og snakke om planter\ud83c\udf34\ud83d\ude0a, men hvorfra vi kommer til \u00e5 g\u00e5 pilegrim i det gr\u00f8nne frem til kirken ledsaget av en lokal pilegrimsekspert\u200d\ud83d\udeb6\u200d\u2640\ufe0f\u200d\u27a1\ufe0f\ud83c\udf3f<\/p>\n\n\n\n<p><strong>Ungdommene bes huske<\/strong>: liten sekk med matpakke, drikke, sitteunderlag og skiftet\u00f8y + gode g\u00e5sko, kl\u00e6r etter v\u00e6r (sjekk v\u00e6rmeldingen kvelden f\u00f8r) + varme sokker \u00e5 ta p\u00e5 seg vel fremme i menighetslokalet\ud83e\udde6<\/p>\n\n\n\n<p>Deretter planlegger kateketene innekos med en spennende dokumentarfilm og god mat\ud83d\udcfd\ufe0f\ud83c\udf2e f\u00f8r kveldsmessen kl. 18\u26ea, etterfulgt av sosiale aktiviteter og deilig dessert som en avslutning p\u00e5 hele dagen\ud83d\udce6\ud83c\udf69\ud83e\udd17<\/p>\n\n\n\n<p><strong>Arrangementet avsluttes kl. 20,<\/strong> og ungdommen bes hentet kl. 20 utenfor kirken.<\/p>\n\n\n\n<p>Neste dag, bes ungdommene og deres familier om \u00e5 m\u00f8te til katekesemesse kl. 11, hvorp\u00e5 vi har katekese frem til kl. 15 (vi avst\u00e5r alts\u00e5 fra \u00e5 m\u00f8te opp kl.09:30 s\u00f8ndag 21.september, slik det opprinnelig stod i planen).<\/p>\n\n\n\n<p>I tilfelle sp\u00f8rsm\u00e5l, vennligst ta kontakt med undertegnede.<\/p>\n\n\n\n<p>Vi ser frem til en str\u00e5lende dag med deres flotte ungdommer! \u26c5<\/p>\n\n\n\n<p>Vi p\u00e5minner om at opplegget er obligatorisk\u2764\ufe0f<\/p>\n\n\n\n<p>Med vennlig hilsen<br>Nanna Natalia J\u00f8rgensen<\/p>\n\n\n\n<p>Katekesekoordinator<br>nanna.jorgensen@katolsk.no, tlf. 951 41 740<\/p>\n","protected":false},"excerpt":{"rendered":"<p>Kj\u00e6re foreldre og foresatte til siste \u00e5rs konfirmantkull!\ud83c\udf38 Det er en glede \u00e5 meddele at konfirmantkateketene Lino, Marcus og Mai har spikret sammen et kjempefint opplegg for deres 19 barn til den store sosiale konfirmantdagen l\u00f8rdag 20. september, hvor vi p\u00e5 mange m\u00e5ter \u00f8nsker \u00e5 hylle og styrke ungdommenes felleskap\ud83e\udd32 Oppm\u00f8te: Rom Hageland kl.11 &#8211; &hellip; <\/p>\n<p class=\"link-more\"><a href=\"https:\/\/tonsberg.katolsk.no\/index.php\/katekese\/konfirmantdag-lordag-20-september-2025\/\" class=\"more-link\">Fortsett \u00e5 lese<span class=\"screen-reader-text\"> \u00abKonfirmantdag l\u00f8rdag 20. september 2025\u00bb<\/span><\/a><\/p>\n","protected":false},"author":2,"featured_media":0,"parent":12,"menu_order":0,"comment_status":"closed","ping_status":"closed","template":"","meta":{"footnotes":""},"class_list":["post-11785","page","type-page","status-publish","hentry"],"_links":{"self":[{"href":"https:\/\/tonsberg.katolsk.no\/index.php\/wp-json\/wp\/v2\/pages\/11785","targetHints":{"allow":["GET"]}}],"collection":[{"href":"https:\/\/tonsberg.katolsk.no\/index.php\/wp-json\/wp\/v2\/pages"}],"about":[{"href":"https:\/\/tonsberg.katolsk.no\/index.php\/wp-json\/wp\/v2\/types\/page"}],"author":[{"embeddable":true,"href":"https:\/\/tonsberg.katolsk.no\/index.php\/wp-json\/wp\/v2\/users\/2"}],"replies":[{"embeddable":true,"href":"https:\/\/tonsberg.katolsk.no\/index.php\/wp-json\/wp\/v2\/comments?post=11785"}],"version-history":[{"count":1,"href":"https:\/\/tonsberg.katolsk.no\/index.php\/wp-json\/wp\/v2\/pages\/11785\/revisions"}],"predecessor-version":[{"id":11786,"href":"https:\/\/tonsberg.katolsk.no\/index.php\/wp-json\/wp\/v2\/pages\/11785\/revisions\/11786"}],"up":[{"embeddable":true,"href":"https:\/\/tonsberg.katolsk.no\/index.php\/wp-json\/wp\/v2\/pages\/12"}],"wp:attachment":[{"href":"https:\/\/tonsberg.katolsk.no\/index.php\/wp-json\/wp\/v2\/media?parent=11785"}],"curies":[{"name":"wp","href":"https:\/\/api.w.org\/{rel}","templated":true}]}}