{"id":11799,"date":"2025-09-20T12:44:51","date_gmt":"2025-09-20T10:44:51","guid":{"rendered":"https:\/\/tonsberg.katolsk.no\/?page_id=11799"},"modified":"2025-11-14T11:29:17","modified_gmt":"2025-11-14T10:29:17","slug":"katolsk-forum-hosten-2025","status":"publish","type":"page","link":"https:\/\/tonsberg.katolsk.no\/index.php\/katolsk-forum\/katolsk-forum-hosten-2025\/","title":{"rendered":"Katolsk Forum h\u00f8sten 2025"},"content":{"rendered":"\n<p>Vel m\u00f8tt til en ny sesong med Katolsk Forum i St. Olav kirke!<\/p>\n\n\n\n<ul class=\"wp-block-list\">\n<li>Entr\u00e9 kr. 100,- (gratis for skoleungdom og studenter)<\/li>\n\n\n\n<li>Foredragene starter kl. 19 og avsluttes f\u00f8r kl. 21<\/li>\n\n\n\n<li>Enkel kveldsmat<\/li>\n\n\n\n<li>H\u00f8sten 2025 er foredragene p\u00e5 torsdager<\/li>\n<\/ul>\n\n\n\n<div class=\"wp-block-media-text is-stacked-on-mobile\"><figure class=\"wp-block-media-text__media\"><img loading=\"lazy\" decoding=\"async\" width=\"405\" height=\"338\" src=\"https:\/\/tonsberg.katolsk.no\/wp-content\/uploads\/2025\/09\/Nanna-NJ-foto-hivolda.jpg\" alt=\"\" class=\"wp-image-11805 size-full\" srcset=\"https:\/\/tonsberg.katolsk.no\/wp-content\/uploads\/2025\/09\/Nanna-NJ-foto-hivolda.jpg 405w, https:\/\/tonsberg.katolsk.no\/wp-content\/uploads\/2025\/09\/Nanna-NJ-foto-hivolda-300x250.jpg 300w\" sizes=\"auto, (max-width: 405px) 100vw, 405px\" \/><\/figure><div class=\"wp-block-media-text__content\">\n<p>TORSDAG 2. OKTOBER: <br><strong>Om pilegrimsvandringer fra et helseperspektiv<\/strong><br>Nanna Natalia J\u00f8rgensen <br>(foto: H\u00f8gskolen i Volda)<\/p>\n<\/div><\/div>\n\n\n\n<p>Pilegrimsvandringer har f\u00e5tt en uventet renessanse. Folk fra hele verden begir seg ut p\u00e5 vandring mot gamle pilegrimsm\u00e5l, s\u00e6rlig langs europeiske pilegrimsveier, uavhengig av tro. Hva s\u00f8ker de moderne pilegrimene? Hvilke virkninger har vandringen p\u00e5 dem? J\u00f8rgensens forskning viser at religi\u00f8se motiver er i mindretall, og at folk g\u00e5r mer for personlige grunner som helse og selvutvikling. Vil det si at frelse er byttet ut med helse? Kan vi snakke om en selvterapeutisk verdi av pilegrimsvandring?<\/p>\n\n\n\n<p><strong>Nanna Natalia J\u00f8rgensen<\/strong> har en PhD i helse- og sosialfag fra H\u00f8gskulen i Volda med avhandlingen \u201cThe therapeutic mobilities of Pilgrimage Walking: A study of the health impacts of walking the Norwegian St. Olav Way\u201d. Hun har studert og jobbet i ulike land. Hennes forskningsfelt og personlige lidenskap er pilegrimsvandring som verkt\u00f8y til selvinnsikt, -utvikling og -terapi. H\u00e5pet er \u00e5 en dag kunne overtale helsemyndighetene til \u00e5 foreskrive pilegrimsvandring p\u00e5 \u00abgr\u00f8nn resept\u00bb.<\/p>\n\n\n\n<p>Nanna er v\u00e5r nye katekeseskoordinator (20 % stilling) og vil ogs\u00e5 dele tanker om hvordan pilegrimsvandring kan v\u00e6re et element i katekesen, Kirkens trosoppl\u00e6ring for barn og voksne, bl.a. i lys av de s\u00e5kalte sju pilegrimsn\u00f8klene.<\/p>\n\n\n\n<div class=\"wp-block-media-text has-media-on-the-right is-stacked-on-mobile\"><div class=\"wp-block-media-text__content\">\n<p>TORSDAG 13. NOVEMBER:<br><strong>1700-\u00e5rsjubileum for kirkem\u00f8tet i Nikea \u2013 hva skjedde der, og hvorfor er det fortsatt aktuelt?<\/strong><br>Peder K. Solberg<br>(Foto: NLA)<\/p>\n<\/div><figure class=\"wp-block-media-text__media\"><img loading=\"lazy\" decoding=\"async\" width=\"639\" height=\"709\" src=\"https:\/\/tonsberg.katolsk.no\/wp-content\/uploads\/2025\/09\/Peder-K.-Solberg-NLA.jpg\" alt=\"\" class=\"wp-image-11802 size-full\" srcset=\"https:\/\/tonsberg.katolsk.no\/wp-content\/uploads\/2025\/09\/Peder-K.-Solberg-NLA.jpg 639w, https:\/\/tonsberg.katolsk.no\/wp-content\/uploads\/2025\/09\/Peder-K.-Solberg-NLA-270x300.jpg 270w\" sizes=\"auto, (max-width: 639px) 100vw, 639px\" \/><\/figure><\/div>\n\n\n\n<p>Kirkem\u00f8tet i Nikea i 325 var det f\u00f8rste konsilet etter at keiseren i Romerriket var blitt kristen. I \u00e5r er det 1700 \u00e5r siden denne viktige milep\u00e6len i kristendommens historie. Hver s\u00f8ndag synger vi den nikenske trosbekjennelsen, som fortsatt definerer \u00f8kumenisk kristen tro. Hva sto p\u00e5 spill ved kirkem\u00f8tet i Nikea, hva skjedde der, og hvorfor er dette aktuelt for oss i dag?<br><br><em><strong>Peder K. Solberg<\/strong> er f\u00f8rstelektor i teologi ved NLA H\u00f8gskolen i Bergen. Som kirkehistoriker arbeider han s\u00e6rlig med oldkirken og 300-tallets kristne teologi. Han underviser ogs\u00e5 i katolske studier og leder en tverrfaglig forskergruppe for katolske studier med deltakere fra en rekke universiteter og h\u00f8gskoler i Norge.<\/em><\/p>\n\n\n\n<div class=\"wp-block-media-text is-stacked-on-mobile\"><figure class=\"wp-block-media-text__media\"><img loading=\"lazy\" decoding=\"async\" width=\"526\" height=\"526\" src=\"https:\/\/tonsberg.katolsk.no\/wp-content\/uploads\/2025\/09\/Myron-Kuspys-foto-katolsk.no_.jpg\" alt=\"\" class=\"wp-image-11803 size-full\" srcset=\"https:\/\/tonsberg.katolsk.no\/wp-content\/uploads\/2025\/09\/Myron-Kuspys-foto-katolsk.no_.jpg 526w, https:\/\/tonsberg.katolsk.no\/wp-content\/uploads\/2025\/09\/Myron-Kuspys-foto-katolsk.no_-300x300.jpg 300w, https:\/\/tonsberg.katolsk.no\/wp-content\/uploads\/2025\/09\/Myron-Kuspys-foto-katolsk.no_-150x150.jpg 150w, https:\/\/tonsberg.katolsk.no\/wp-content\/uploads\/2025\/09\/Myron-Kuspys-foto-katolsk.no_-100x100.jpg 100w\" sizes=\"auto, (max-width: 526px) 100vw, 526px\" \/><\/figure><div class=\"wp-block-media-text__content\">\n<p>TORSDAG 4. DESEMBER:<br><strong>\u00c9n tro p\u00e5 tvers av kulturer og tradisjoner<\/strong><br>P. Myron Kuspys<br>(Foto: Linda Therese Utst\u00f8l)<\/p>\n<\/div><\/div>\n\n\n\n<p>I tillegg til den latinske kirke best\u00e5r Den katolske kirke av en rekke egenstendige kirker i fullt fellesskap med biskopen av Roma, med sine egne liturgiske rituser som er mer eller mindre forskjellig fra latinsk ritus. Hva er likhetene og hva er forskjellene mellom disse ulike tradisjonene innenfor Den katolske kirke?<\/p>\n\n\n\n<p><strong><em>P. Myron Kuspys<\/em><\/strong><em>&nbsp;er f\u00f8dt i Lviv, Ukraina, og tilh\u00f8rer Det apostoliske eksarkat for katolske ukrainere av bysantinsk ritus i Tyskland og Skandinavia. Han ble presteviet i St. Olav domkirke i 2017 og er n\u00e5 ansvarlig for sjelesorgen for ukrainske gresk-katolske troende i hele Norge (fra 2. september 2019 kalt Sjelesorgstasjonen for den hellige martyrbiskop Josafat av Polotsk for ukrainske gresk-katolske i hele Norge).<\/em><\/p>\n\n\n\n<p><strong>Vel m\u00f8tt til Katolsk Forum h\u00f8sten 2025! <\/strong><br>Hilsen Katolsk Forum-komit\u00e9een: <br>Tonje G. Hareide, Sigurd Ormbostad, Gro Vitters\u00f8 og diakon Sigurd Hareide. <br><br>Ta gjerne kontakt om du har forslag til foredragstema eller vil bidra p\u00e5 andre m\u00e5ter.<\/p>\n","protected":false},"excerpt":{"rendered":"<p>Vel m\u00f8tt til en ny sesong med Katolsk Forum i St. Olav kirke! TORSDAG 2. OKTOBER: Om pilegrimsvandringer fra et helseperspektivNanna Natalia J\u00f8rgensen (foto: H\u00f8gskolen i Volda) Pilegrimsvandringer har f\u00e5tt en uventet renessanse. Folk fra hele verden begir seg ut p\u00e5 vandring mot gamle pilegrimsm\u00e5l, s\u00e6rlig langs europeiske pilegrimsveier, uavhengig av tro. Hva s\u00f8ker de &hellip; <\/p>\n<p class=\"link-more\"><a href=\"https:\/\/tonsberg.katolsk.no\/index.php\/katolsk-forum\/katolsk-forum-hosten-2025\/\" class=\"more-link\">Fortsett \u00e5 lese<span class=\"screen-reader-text\"> \u00abKatolsk Forum h\u00f8sten 2025\u00bb<\/span><\/a><\/p>\n","protected":false},"author":2,"featured_media":0,"parent":17,"menu_order":0,"comment_status":"closed","ping_status":"closed","template":"","meta":{"footnotes":""},"class_list":["post-11799","page","type-page","status-publish","hentry"],"_links":{"self":[{"href":"https:\/\/tonsberg.katolsk.no\/index.php\/wp-json\/wp\/v2\/pages\/11799","targetHints":{"allow":["GET"]}}],"collection":[{"href":"https:\/\/tonsberg.katolsk.no\/index.php\/wp-json\/wp\/v2\/pages"}],"about":[{"href":"https:\/\/tonsberg.katolsk.no\/index.php\/wp-json\/wp\/v2\/types\/page"}],"author":[{"embeddable":true,"href":"https:\/\/tonsberg.katolsk.no\/index.php\/wp-json\/wp\/v2\/users\/2"}],"replies":[{"embeddable":true,"href":"https:\/\/tonsberg.katolsk.no\/index.php\/wp-json\/wp\/v2\/comments?post=11799"}],"version-history":[{"count":9,"href":"https:\/\/tonsberg.katolsk.no\/index.php\/wp-json\/wp\/v2\/pages\/11799\/revisions"}],"predecessor-version":[{"id":11861,"href":"https:\/\/tonsberg.katolsk.no\/index.php\/wp-json\/wp\/v2\/pages\/11799\/revisions\/11861"}],"up":[{"embeddable":true,"href":"https:\/\/tonsberg.katolsk.no\/index.php\/wp-json\/wp\/v2\/pages\/17"}],"wp:attachment":[{"href":"https:\/\/tonsberg.katolsk.no\/index.php\/wp-json\/wp\/v2\/media?parent=11799"}],"curies":[{"name":"wp","href":"https:\/\/api.w.org\/{rel}","templated":true}]}}