{"id":12,"date":"2017-08-23T09:58:36","date_gmt":"2017-08-23T07:58:36","guid":{"rendered":"http:\/\/xn--tnsberg-q1a.katolsk.no\/?page_id=12"},"modified":"2025-10-17T11:55:05","modified_gmt":"2025-10-17T09:55:05","slug":"katekese","status":"publish","type":"page","link":"https:\/\/tonsberg.katolsk.no\/index.php\/katekese\/","title":{"rendered":"Katekese"},"content":{"rendered":"<h1><strong>Velkommen til nytt katekese\u00e5r 2025-2026!\ud83c\udf3b<\/strong><\/h1>\n<p>P\u00e5 denne siden finner dere informasjon om katekese\u00e5ret foran oss: generell informasjon samt p\u00e5meldingslinker til alle katekesegruppene med deres beskrivelser, m\u00e5lgrupper, datoer og undervisningsplaner, som dere finner ved \u00e5 klikke p\u00e5 deres respektive katekesegruppe i rullemenyen under &#8216;Katekese&#8217; \u00f8verst.<\/p>\n<p><strong>I \u00e5r har vi ny katekesekoordinator og forebyggingsansvarlig:<\/strong> Nanna Natalia Karpinska J\u00f8rgensen. Nanna kan kontaktes p\u00e5 e-post: nanna.jorgensen@katolsk.no eller telefon: 95141740. Hun snakker ogs\u00e5 polsk, engelsk, italiensk, og noe fransk og spansk dersom norsk er en utfordring for enkelte. Hun er ogs\u00e5 forebyggingsansvarlig i kirken, dvs at hun skal s\u00f8rge for at informasjon om dette er tilgjengelig for menigheten og at alt av uakseptabel oppmerksomhet, adferd og overgrep (fysisk, psykisk, muntlig, skriftlig) kan meldes ifra til henne eller direkte til: <a href=\"https:\/\/www.katolsk.no\/sites\/default\/files\/katolsk\/nyheter\/2021\/10\/folder_overgrep_2021_11jun-1.pdf\">Folder_overgrep_2021.indd.<\/a> Hun er ogs\u00e5 til hjelp i veien videre ift varsling, anmeldelse og st\u00f8tteapparat ved behov.<\/p>\n<p><img loading=\"lazy\" decoding=\"async\" class=\"alignnone wp-image-11698 size-thumbnail\" src=\"https:\/\/tonsberg.katolsk.no\/wp-content\/uploads\/2025\/08\/Nanna-N.-J.-august-2025-150x150.jpg\" alt=\"\" width=\"150\" height=\"150\" srcset=\"https:\/\/tonsberg.katolsk.no\/wp-content\/uploads\/2025\/08\/Nanna-N.-J.-august-2025-150x150.jpg 150w, https:\/\/tonsberg.katolsk.no\/wp-content\/uploads\/2025\/08\/Nanna-N.-J.-august-2025-100x100.jpg 100w\" sizes=\"auto, (max-width: 150px) 100vw, 150px\" \/><\/p>\n<p><span style=\"color: #ff0000;\"><strong>P\u00c5MELDING TIL OG INFORMASJON OM HVER AV KATEKESEGRUPPENE:<\/strong><\/span><\/p>\n<p>Alle barn, uavhengig om de har deltatt p\u00e5 katekese tidligere eller ikke, m\u00e5 p\u00e5meldes\/re-registrere seg til riktig katekesegruppe for hvert nye katekese\u00e5r. Det er 2-\u00e5rig forberedelse til I.kommunion og konfirmasjon &#8211; derav to separate p\u00e5meldinger til disse gruppene. Vi oppfordrer dessuten alle familier om \u00e5 melde sine barn inn i NUK (medlemskap gir bl.a. st\u00f8tte ifm konfirmantenes p\u00e5skeleir): <a href=\"https:\/\/medlem.nuk.no\/\">Bli medlem &#8211; Norges Unge Katolikker<\/a> og anbefaler alle til \u00e5 registrere seg som katolikk i Norge: <a href=\"https:\/\/services.katolsk.no\/registrering\/\">Registrer deg i Den katolske kirke i Norge | Den katolske kirke<\/a><\/p>\n<ul>\n<li>P\u00e5melding til <strong>I.\u00e5ret I.kommunion <\/strong>(2.klassinger) <em><strong>og<\/strong><\/em> til <strong>Familiekatekese<\/strong> (familier med barn fra 0-8 \u00e5r): <a style=\"font-size: 1rem;\" href=\"https:\/\/forms.office.com\/e\/MjK3Xe6Cn6\"><strong>HER<\/strong><\/a><\/li>\n<li>P\u00e5melding til <strong>II.\u00e5ret I.kommunion<\/strong> (3.klassinger):<strong style=\"font-size: 1rem;\"><a href=\"https:\/\/forms.office.com\/e\/MfyfypPuyF\"> HER<\/a><\/strong><\/li>\n<li>P\u00e5melding til <strong>Tweenskatekese<\/strong> (4.-7.klassinger som har mottatt I.kommunion, men ogs\u00e5 barn i denne aldersgruppen som enn\u00e5 ikke har mottatt I.kommunion): <strong style=\"color: #808080; font-size: 1rem;\"><a href=\"https:\/\/forms.office.com\/e\/tvWA3Wfb6e\">HER<\/a><\/strong><\/li>\n<li>P\u00e5melding for <strong>I.\u00e5rs konfirmanter<\/strong> (for det meste 8.klassinger): <a style=\"font-size: 1rem;\" href=\"https:\/\/forms.office.com\/e\/XpWs60UmNf\"><strong>HER<\/strong><\/a><\/li>\n<li>P\u00e5melding for <strong>II.\u00e5rs konfirmanter<\/strong> (for det meste 9.klassinger): <a href=\"https:\/\/forms.office.com\/e\/uR2imbkAxv\"><span style=\"color: #000000;\"><strong>HER<\/strong><\/span><\/a><\/li>\n<li>P\u00e5melding til <strong>Barnekor<\/strong> (barn i barneskolealder): <a style=\"font-size: 1rem;\" href=\"https:\/\/forms.office.com\/e\/V6FBuvxcvn\"><strong>HER<\/strong><\/a><\/li>\n<li>P\u00e5melding til <strong>Digital katekese<\/strong> (for de som mangler d\u00e5p, I.kommunion eller manglende I.\u00e5rs konfirmasjonsundervisning: <strong><a href=\"https:\/\/forms.office.com\/pages\/responsepage.aspx?id=-v90rbsIDUiTmklrdgP0XYuyrbZFxTlFlPeKljCNcadUNkJHTTA3SU1UWkszTzNHQUZLQldPMFhGTC4u&amp;route=shorturl\">Ekstra konfirmantundervisning p\u00e5 nett 2025-2026<\/a><\/strong><\/li>\n<\/ul>\n<p>(For mer detaljert informasjon ogs\u00e5 sendt ut elektronisk eller per post &#8211; se: <a href=\"https:\/\/tonsberg.katolsk.no\/wp-content\/uploads\/2025\/08\/BREV-TIL-KATKESEFAMILIENE-FOR-KATEKSEEARET-2025_2026.pdf\">BREV-TIL-KATKESEFAMILIENE-FOR-KATEKSEEARET-2025_2026.pdf)<\/a><\/p>\n<p><strong>NB:<\/strong> Husk \u00e5 <strong>melde ifra om allergier og intoleranser, diagnoser og spesielle behov<\/strong> <strong>til barnet<\/strong> og <strong>notere ned hvilke datoer dere kan stille som katekesehjelp<\/strong> (som dere oppga i p\u00e5meldingsskjemaet). Ifm katekesel\u00f8rdagene har vi en utegruppe som passer p\u00e5 barna og organiserer lek i pausen; en kj\u00f8kkengruppe som forbereder mat til barnas matpause, og en ryddegruppe som rydder\/t\u00f8rker av bord, mopper gulv og g\u00e5r med s\u00f8pla til slutt; mens ift konfirmantkatekeses\u00f8ndagene har vi en kj\u00f8kkengruppe til \u00e5 lage konfirmantenes pausemat og en ryddegruppe)<\/p>\n<p><strong>Trykk &laquo;Send&raquo; for vellykket registrering<\/strong>. Dersom dere ikke lykkes \u00e5 registrere dere via Microsoft-kontoen deres, kan man registrere seg uten denne fra en annen nettleser.<\/p>\n\n\n<p><strong>Vi vil ogs\u00e5 gjennomf\u00f8re flere fellesarrangementer gjennom dette katekese\u00e5ret 2025-26: <\/strong>slik som f.eks. pilegrimstur for II.\u00e5rs konfirmantene; h\u00f8sttakkefest; adventsaksjon (innsamlingsaksjon); julespill i messen 4.januar (med etterf\u00f8lgende juletrefest for alle); fastelavnsfest og karneval + kj\u00e6rlighetens dag p\u00e5 en og samme dag l\u00f8rdagen (f\u00f8r askeonsdag) 14.februar (for alle barn og barnefamilier); fasteaksjon (ogs\u00e5 en innsamlingsaksjon); korsveisandakt for barn og familier; p\u00e5skeleir for II.\u00e5rs konfirmantene; p\u00e5skefest m.fl. <strong>F\u00f8rste begivenhet i rekken vil v\u00e6re l\u00f8rdag 1.november med menighetsfest<\/strong> og Allehelgensmesse (for henholdsvis barna f\u00f8r messen og for alle etter messen). Mye av dette vil dere f\u00e5 informasjon om underveis, men <strong>ha det for vane \u00e5 sjekke v\u00e5r nettside jevnlig\/ukentlig<\/strong> hva ang\u00e5r <strong>s\u00e6rskilte dager<\/strong>: <a href=\"https:\/\/tonsberg.katolsk.no\/\">https:\/\/tonsberg.katolsk.no\/ <\/a> og under deres respektive <strong>katekesegruppe <\/strong>(som dere finner i rullemenyen over, under fanen &#8216;katekese&#8217;): <\/p>\n\n\n\n<p><strong>S\u00e5 en anmodning til dere foreldre, som er barnas viktigste kateketer:<\/strong><\/p>\n\n\n\n<p>M\u00e5let v\u00e5rt er \u00e5 skape et trivelig og trygt katolsk milj\u00f8 for at barna skal kunne vokse i sin tro p\u00e5 Gud Jesus Kristus i v\u00e5rt kristne felleskap.<\/p>\n\n\n\n<p>Kateketens oppgaver er \u00e5 fortelle om troen, \u00e5 feire liturgien, \u00e5 elske Kristus, \u00e5 be og \u00e5 bygge opp felleskapet*. Enhver katolikk er kalt til \u00e5 gj\u00f8re disse oppgavene. Disse oppgavene skjer ikke bare hver gang det er katekese og\/eller messe, men de fortsetter i hjemmet ogs\u00e5. <strong>For \u00e5 lykkes i \u00e5 gj\u00f8re disse oppgavene og hjelpe v\u00e5re barn vokse trygt i troen p\u00e5 Gud Jesus Kristus, ber vi derfor dere foreldre om hjelp og samarbeid til dette.<\/strong> Dere foreldre er barnas n\u00e6rmeste og viktigste kateketer. Bring Guds n\u00e6rv\u00e6r inn i familien deres. Den hellige Mor Teresa av Calcutta sa ofte: \u00ab..familier som ber sammen, forblir sammen..\u00bb<\/p>\n\n\n\n<p>Hjelp oss derfor \u00e5 be sammen med barna deres, ta barna med til messen og v\u00e6r sammen med barna i messen. Gj\u00f8r messen mer interessant for barna ved \u00e5 engasjere dem til \u00e5 delta aktivt i messen, ved at de for eksempel gj\u00f8r noen av disse oppgavene: b\u00e6re frem offergaver, lese lesninger og forb\u00f8nner, ministrere eller synge i barnekor. Og husk, i sentrum for enhver katekeseprosess st\u00e5r det levende m\u00f8tet med Kristus*<br><br>Vi gleder oss til \u00e5 ha katekese sammen med dere alle sammen fremover!<br>P\u00e5 vegne av v\u00e5r sogneprest, alle kateketer og assistenter i v\u00e5r menighet,<br>Nanna Natalia Karpinska J\u00f8rgensen (Katekesekoordinator og Forebyggingsansvarlig) nanna.jorgensen@katolsk.no, 95141740<\/p>\n\n\n\n<p>* Fra <em>&laquo;Direktorium for katekese<\/em>&laquo;<\/p>\n\n\n\n<p><\/p>\n","protected":false},"excerpt":{"rendered":"<p>Velkommen til nytt katekese\u00e5r 2025-2026!\ud83c\udf3b P\u00e5 denne siden finner dere informasjon om katekese\u00e5ret foran oss: generell informasjon samt p\u00e5meldingslinker til alle katekesegruppene med deres beskrivelser, m\u00e5lgrupper, datoer og undervisningsplaner, som dere finner ved \u00e5 klikke p\u00e5 deres respektive katekesegruppe i rullemenyen under &#8216;Katekese&#8217; \u00f8verst. I \u00e5r har vi ny katekesekoordinator og forebyggingsansvarlig: Nanna Natalia Karpinska &hellip; <\/p>\n<p class=\"link-more\"><a href=\"https:\/\/tonsberg.katolsk.no\/index.php\/katekese\/\" class=\"more-link\">Fortsett \u00e5 lese<span class=\"screen-reader-text\"> \u00abKatekese\u00bb<\/span><\/a><\/p>\n","protected":false},"author":2,"featured_media":0,"parent":0,"menu_order":0,"comment_status":"closed","ping_status":"closed","template":"","meta":{"footnotes":""},"class_list":["post-12","page","type-page","status-publish","hentry"],"_links":{"self":[{"href":"https:\/\/tonsberg.katolsk.no\/index.php\/wp-json\/wp\/v2\/pages\/12","targetHints":{"allow":["GET"]}}],"collection":[{"href":"https:\/\/tonsberg.katolsk.no\/index.php\/wp-json\/wp\/v2\/pages"}],"about":[{"href":"https:\/\/tonsberg.katolsk.no\/index.php\/wp-json\/wp\/v2\/types\/page"}],"author":[{"embeddable":true,"href":"https:\/\/tonsberg.katolsk.no\/index.php\/wp-json\/wp\/v2\/users\/2"}],"replies":[{"embeddable":true,"href":"https:\/\/tonsberg.katolsk.no\/index.php\/wp-json\/wp\/v2\/comments?post=12"}],"version-history":[{"count":165,"href":"https:\/\/tonsberg.katolsk.no\/index.php\/wp-json\/wp\/v2\/pages\/12\/revisions"}],"predecessor-version":[{"id":12009,"href":"https:\/\/tonsberg.katolsk.no\/index.php\/wp-json\/wp\/v2\/pages\/12\/revisions\/12009"}],"wp:attachment":[{"href":"https:\/\/tonsberg.katolsk.no\/index.php\/wp-json\/wp\/v2\/media?parent=12"}],"curies":[{"name":"wp","href":"https:\/\/api.w.org\/{rel}","templated":true}]}}