{"id":1212,"date":"2020-04-06T22:17:53","date_gmt":"2020-04-06T20:17:53","guid":{"rendered":"http:\/\/tonsberg.katolsk.no\/?page_id=1212"},"modified":"2023-10-08T17:18:51","modified_gmt":"2023-10-08T15:18:51","slug":"byggeprosjekt","status":"publish","type":"page","link":"https:\/\/tonsberg.katolsk.no\/index.php\/byggeprosjekt\/","title":{"rendered":"Byggeprosjekt"},"content":{"rendered":"<p><img loading=\"lazy\" decoding=\"async\" class=\"alignleft wp-image-1552 size-full\" src=\"https:\/\/tonsberg.katolsk.no\/wp-content\/uploads\/2020\/04\/T\u00e5rn-og-tilbygg-fra-vest-september-2020.png\" alt=\"\" width=\"622\" height=\"422\" srcset=\"https:\/\/tonsberg.katolsk.no\/wp-content\/uploads\/2020\/04\/T\u00e5rn-og-tilbygg-fra-vest-september-2020.png 622w, https:\/\/tonsberg.katolsk.no\/wp-content\/uploads\/2020\/04\/T\u00e5rn-og-tilbygg-fra-vest-september-2020-300x204.png 300w\" sizes=\"auto, (max-width: 622px) 100vw, 622px\" \/><\/p>\n<p>St. Olav menighet har siden 2016 arbeidet med \u00e5 planlegge bygging av ny menighetssal og nytt t\u00e5rn. Fra august 2023 er byggingen for alvor i gang.\u00a0<span style=\"color: #000000;\"><strong>Vi ber alle som kan og vil st\u00f8tte byggeprosjektet om \u00e5 gj\u00f8re det n\u00e5<\/strong>, med sm\u00e5 eller store bel\u00f8p, faste gaver eller engangsbel\u00f8p.<strong>\u00a0Jo mer penger vi samler inn selv, jo mindre m\u00e5 vi l\u00e5ne fra bisped\u00f8mmet<\/strong>, og jo mer kan vi bruke p\u00e5 andre viktige saker i menigheten v\u00e5r og fylle nybygget med liv.<\/span><\/p>\n<p><span style=\"color: #ff0000;\"><a href=\"https:\/\/tonsberg.katolsk.no\/index.php\/finansiering-av-ny-menighetssal-og-nytt-tarn-for-st-olav-kirke\/\" target=\"_blank\" rel=\"noopener\"><span style=\"color: #ff0000;\">Les mer om finansieringen OG ST\u00d8TT BYGGEFONDET N\u00c5<\/span><\/a>!<\/span><\/p>\n<p>Se tegninger og les mer om byggeprosjektet nedenfor.<\/p>\n<figure id=\"attachment_1554\" aria-describedby=\"caption-attachment-1554\" style=\"width: 605px\" class=\"wp-caption alignleft\"><img loading=\"lazy\" decoding=\"async\" class=\"wp-image-1554 size-full\" src=\"https:\/\/tonsberg.katolsk.no\/wp-content\/uploads\/2020\/04\/T\u00e5rn-og-tilbygg-sett-mot-nord-september-2020.png\" alt=\"\" width=\"605\" height=\"335\" srcset=\"https:\/\/tonsberg.katolsk.no\/wp-content\/uploads\/2020\/04\/T\u00e5rn-og-tilbygg-sett-mot-nord-september-2020.png 605w, https:\/\/tonsberg.katolsk.no\/wp-content\/uploads\/2020\/04\/T\u00e5rn-og-tilbygg-sett-mot-nord-september-2020-300x166.png 300w\" sizes=\"auto, (max-width: 605px) 100vw, 605px\" \/><figcaption id=\"caption-attachment-1554\" class=\"wp-caption-text\">Tilbygg og t\u00e5rn sett mot nord. Det runde hj\u00f8rnet p\u00e5 tilbygget gir assosiasjoner til v\u00e5r moderkirke i T\u00f8nsberg, St. Olav rundkirke fra 1100-tallet (ved biblioteket).<\/figcaption><\/figure>\n<p>Deler av n\u00e5v\u00e6rende menighetssal vil bli brukt til <em>menighetskontor<\/em>, resten til <em>undervisningsrom<\/em>. I det planlagte nybygget blir det <em>menighetssal<\/em>, <em>utvidet kj\u00f8kken<\/em>, <em>toaletter<\/em> (inkludert <em>HC-toalett<\/em>), samt en <em>garderobe<\/em>. For \u00e5 f\u00e5 plass til nybygget, m\u00e5 t\u00e5rnet flyttes og nytt t\u00e5rn oppf\u00f8res. Langs kirkens nordvegg planlegges det en <em>redskapsbod<\/em> som en utvendig forlenging av kirkens nordlige skip. Viktige deler av byggeplanene, b\u00e5de for t\u00e5rnet og menighetssalen, tar opp tr\u00e5den fra tegninger fra 1940- til 1950-tallet da kirken ble planlagt og oppf\u00f8rt.<\/p>\n<figure id=\"attachment_1229\" aria-describedby=\"caption-attachment-1229\" style=\"width: 1520px\" class=\"wp-caption alignleft\"><img loading=\"lazy\" decoding=\"async\" class=\"size-full wp-image-1229\" src=\"https:\/\/tonsberg.katolsk.no\/wp-content\/uploads\/2020\/04\/Perspektiv-fra-St.-Olavshagen-1.png\" alt=\"\" width=\"1520\" height=\"786\" srcset=\"https:\/\/tonsberg.katolsk.no\/wp-content\/uploads\/2020\/04\/Perspektiv-fra-St.-Olavshagen-1.png 1520w, https:\/\/tonsberg.katolsk.no\/wp-content\/uploads\/2020\/04\/Perspektiv-fra-St.-Olavshagen-1-300x155.png 300w, https:\/\/tonsberg.katolsk.no\/wp-content\/uploads\/2020\/04\/Perspektiv-fra-St.-Olavshagen-1-768x397.png 768w, https:\/\/tonsberg.katolsk.no\/wp-content\/uploads\/2020\/04\/Perspektiv-fra-St.-Olavshagen-1-1024x530.png 1024w\" sizes=\"auto, (max-width: 767px) 89vw, (max-width: 1000px) 54vw, (max-width: 1071px) 543px, 580px\" \/><figcaption id=\"caption-attachment-1229\" class=\"wp-caption-text\">Glassd\u00f8rene fra den nye menighetssalen kan \u00e5pnes mot St. Olavshagen<\/figcaption><\/figure>\n<p>&nbsp;<\/p>\n<p>Nedenfor f\u00f8lger enda flere bilder av byggeprosjektet.\u00a0Alle datategninger er ved <a href=\"https:\/\/www.kbarkitekter.no\/\" target=\"_blank\" rel=\"noopener\">KB arkitekter<\/a>, tilrettelegging for hjemmesideformatet ved bygningskomiteen i St. Olav kirke.<\/p>\n<figure id=\"attachment_2882\" aria-describedby=\"caption-attachment-2882\" style=\"width: 1778px\" class=\"wp-caption alignleft\"><a href=\"https:\/\/tonsberg.katolsk.no\/wp-content\/uploads\/2020\/04\/4098-ny-himling-flat.pdf\"><img loading=\"lazy\" decoding=\"async\" class=\"wp-image-2882 size-full\" src=\"https:\/\/tonsberg.katolsk.no\/wp-content\/uploads\/2020\/04\/4098-ny-himling-flat-pdf.jpg\" alt=\"\" width=\"1778\" height=\"1333\" \/><\/a><figcaption id=\"caption-attachment-2882\" class=\"wp-caption-text\">Ny menighetssal med utsikt mot atriet\/St. Olavshagen. Endelig l\u00f8sning kan v\u00e6re noe ulik i detaljl\u00f8sningene.<\/figcaption><\/figure>\n<figure id=\"attachment_1234\" aria-describedby=\"caption-attachment-1234\" style=\"width: 1216px\" class=\"wp-caption alignleft\"><img loading=\"lazy\" decoding=\"async\" class=\"size-full wp-image-1234\" src=\"https:\/\/tonsberg.katolsk.no\/wp-content\/uploads\/2020\/04\/Ny-menighetssal-med-utsikt-mot-Olavshagen-utvidet-kj\u00f8kken-og-gang-til-gammel-sal.png\" alt=\"\" width=\"1216\" height=\"908\" srcset=\"https:\/\/tonsberg.katolsk.no\/wp-content\/uploads\/2020\/04\/Ny-menighetssal-med-utsikt-mot-Olavshagen-utvidet-kj\u00f8kken-og-gang-til-gammel-sal.png 1216w, https:\/\/tonsberg.katolsk.no\/wp-content\/uploads\/2020\/04\/Ny-menighetssal-med-utsikt-mot-Olavshagen-utvidet-kj\u00f8kken-og-gang-til-gammel-sal-300x224.png 300w, https:\/\/tonsberg.katolsk.no\/wp-content\/uploads\/2020\/04\/Ny-menighetssal-med-utsikt-mot-Olavshagen-utvidet-kj\u00f8kken-og-gang-til-gammel-sal-768x573.png 768w, https:\/\/tonsberg.katolsk.no\/wp-content\/uploads\/2020\/04\/Ny-menighetssal-med-utsikt-mot-Olavshagen-utvidet-kj\u00f8kken-og-gang-til-gammel-sal-1024x765.png 1024w\" sizes=\"auto, (max-width: 767px) 89vw, (max-width: 1000px) 54vw, (max-width: 1071px) 543px, 580px\" \/><figcaption id=\"caption-attachment-1234\" class=\"wp-caption-text\">Ny menighetssal med utsikt mot serveringsluke til utvidet kj\u00f8kken, gang til gammel sal og St. Olavshagen<\/figcaption><\/figure>\n<p><img loading=\"lazy\" decoding=\"async\" class=\"size-full wp-image-1217 alignleft\" src=\"https:\/\/tonsberg.katolsk.no\/wp-content\/uploads\/2020\/04\/Situasjonsplan.png\" alt=\"\" width=\"626\" height=\"890\" srcset=\"https:\/\/tonsberg.katolsk.no\/wp-content\/uploads\/2020\/04\/Situasjonsplan.png 626w, https:\/\/tonsberg.katolsk.no\/wp-content\/uploads\/2020\/04\/Situasjonsplan-211x300.png 211w\" sizes=\"auto, (max-width: 626px) 100vw, 626px\" \/><\/p>\n<p>&nbsp;<\/p>\n","protected":false},"excerpt":{"rendered":"<p>St. Olav menighet har siden 2016 arbeidet med \u00e5 planlegge bygging av ny menighetssal og nytt t\u00e5rn. Fra august 2023 er byggingen for alvor i gang.\u00a0Vi ber alle som kan og vil st\u00f8tte byggeprosjektet om \u00e5 gj\u00f8re det n\u00e5, med sm\u00e5 eller store bel\u00f8p, faste gaver eller engangsbel\u00f8p.\u00a0Jo mer penger vi samler inn selv, jo &hellip; <\/p>\n<p class=\"link-more\"><a href=\"https:\/\/tonsberg.katolsk.no\/index.php\/byggeprosjekt\/\" class=\"more-link\">Fortsett \u00e5 lese<span class=\"screen-reader-text\"> \u00abByggeprosjekt\u00bb<\/span><\/a><\/p>\n","protected":false},"author":2,"featured_media":0,"parent":0,"menu_order":0,"comment_status":"closed","ping_status":"closed","template":"","meta":{"footnotes":""},"class_list":["post-1212","page","type-page","status-publish","hentry"],"_links":{"self":[{"href":"https:\/\/tonsberg.katolsk.no\/index.php\/wp-json\/wp\/v2\/pages\/1212","targetHints":{"allow":["GET"]}}],"collection":[{"href":"https:\/\/tonsberg.katolsk.no\/index.php\/wp-json\/wp\/v2\/pages"}],"about":[{"href":"https:\/\/tonsberg.katolsk.no\/index.php\/wp-json\/wp\/v2\/types\/page"}],"author":[{"embeddable":true,"href":"https:\/\/tonsberg.katolsk.no\/index.php\/wp-json\/wp\/v2\/users\/2"}],"replies":[{"embeddable":true,"href":"https:\/\/tonsberg.katolsk.no\/index.php\/wp-json\/wp\/v2\/comments?post=1212"}],"version-history":[{"count":36,"href":"https:\/\/tonsberg.katolsk.no\/index.php\/wp-json\/wp\/v2\/pages\/1212\/revisions"}],"predecessor-version":[{"id":2883,"href":"https:\/\/tonsberg.katolsk.no\/index.php\/wp-json\/wp\/v2\/pages\/1212\/revisions\/2883"}],"wp:attachment":[{"href":"https:\/\/tonsberg.katolsk.no\/index.php\/wp-json\/wp\/v2\/media?parent=1212"}],"curies":[{"name":"wp","href":"https:\/\/api.w.org\/{rel}","templated":true}]}}