{"id":12187,"date":"2026-01-08T08:15:12","date_gmt":"2026-01-08T07:15:12","guid":{"rendered":"https:\/\/tonsberg.katolsk.no\/?page_id=12187"},"modified":"2026-01-21T14:16:07","modified_gmt":"2026-01-21T13:16:07","slug":"trossamtaler-varen-2026","status":"publish","type":"page","link":"https:\/\/tonsberg.katolsk.no\/index.php\/trossamtaler-varen-2026\/","title":{"rendered":"Trossamtaler v\u00e5ren 2026"},"content":{"rendered":"\n<p>Trossamtalene er for de som vil l\u00e6re mer om katolsk tro og praksis og som eventuelt ogs\u00e5 \u00f8nsker \u00e5 bli opptatt i Den katolske kirkes fulle fellesskap (&laquo;konvertere&raquo;) eller bli d\u00f8pt om en ikke er d\u00f8pt med gyldig d\u00e5p tidligere.<\/p>\n\n\n\n<p>Samtalene er cirka annenhver tirsdag kl. 18.45-19.15. De som har anledning kan delta i aftenmessen kl. 18 f\u00f8r samtalen.  <\/p>\n\n\n\n<p>13. januar: Sosial oppstart med pizza \u2013 tema om kirke\u00e5ret<\/p>\n\n\n\n<p>27. januar: Sakramentene som innvier i det kristne liv (d\u00e5p, konfirmasjon og eukaristi) \u2013 repetisjon fra 2.12. og videref\u00f8ring av temaet<\/p>\n\n\n\n<p>10. februar: Sakramentene til tjeneste for fellesskapet og sendelsen (ordinasjon og ekteskap) <\/p>\n\n\n\n<p>24. februar: Kristen b\u00f8nn (katekismens fjerde del) <br>+ om klosterlivet<\/p>\n\n\n\n<p>10. mars: Introduksjon til katekismens tredje del: Livet i Kristus <\/p>\n\n\n\n<p>24. mars: Om f\u00f8rste til tredje bud + om p\u00e5skeliturgien<\/p>\n\n\n\n<p><em>Den stille uke og p\u00e5sken \u2013 \u00e5rets liturgiske h\u00f8ydepunkt<\/em><\/p>\n\n\n\n<p>14. april: Om fjerde til sjette bud <\/p>\n\n\n\n<p>28. april: Om sjuende til tiende bud<\/p>\n\n\n\n<p>12. mai: Helbredelsens sakramenter (Botens\/forsoningens sakrament og sykesalvingens sakrament)<\/p>\n\n\n\n<p>26. mai: Om Maria og helgenene og det evige livet <\/p>\n\n\n\n<p><strong>S\u00f8ndag 31. mai, festen for Den hellige treenighet: <\/strong>Opptagelse i Den katolske kirkes fulle fellesskap for dem som \u00f8nsker det?<\/p>\n","protected":false},"excerpt":{"rendered":"<p>Trossamtalene er for de som vil l\u00e6re mer om katolsk tro og praksis og som eventuelt ogs\u00e5 \u00f8nsker \u00e5 bli opptatt i Den katolske kirkes fulle fellesskap (&laquo;konvertere&raquo;) eller bli d\u00f8pt om en ikke er d\u00f8pt med gyldig d\u00e5p tidligere. Samtalene er cirka annenhver tirsdag kl. 18.45-19.15. De som har anledning kan delta i aftenmessen &hellip; <\/p>\n<p class=\"link-more\"><a href=\"https:\/\/tonsberg.katolsk.no\/index.php\/trossamtaler-varen-2026\/\" class=\"more-link\">Fortsett \u00e5 lese<span class=\"screen-reader-text\"> \u00abTrossamtaler v\u00e5ren 2026\u00bb<\/span><\/a><\/p>\n","protected":false},"author":2,"featured_media":0,"parent":0,"menu_order":0,"comment_status":"closed","ping_status":"closed","template":"","meta":{"footnotes":""},"class_list":["post-12187","page","type-page","status-publish","hentry"],"_links":{"self":[{"href":"https:\/\/tonsberg.katolsk.no\/index.php\/wp-json\/wp\/v2\/pages\/12187","targetHints":{"allow":["GET"]}}],"collection":[{"href":"https:\/\/tonsberg.katolsk.no\/index.php\/wp-json\/wp\/v2\/pages"}],"about":[{"href":"https:\/\/tonsberg.katolsk.no\/index.php\/wp-json\/wp\/v2\/types\/page"}],"author":[{"embeddable":true,"href":"https:\/\/tonsberg.katolsk.no\/index.php\/wp-json\/wp\/v2\/users\/2"}],"replies":[{"embeddable":true,"href":"https:\/\/tonsberg.katolsk.no\/index.php\/wp-json\/wp\/v2\/comments?post=12187"}],"version-history":[{"count":3,"href":"https:\/\/tonsberg.katolsk.no\/index.php\/wp-json\/wp\/v2\/pages\/12187\/revisions"}],"predecessor-version":[{"id":12222,"href":"https:\/\/tonsberg.katolsk.no\/index.php\/wp-json\/wp\/v2\/pages\/12187\/revisions\/12222"}],"wp:attachment":[{"href":"https:\/\/tonsberg.katolsk.no\/index.php\/wp-json\/wp\/v2\/media?parent=12187"}],"curies":[{"name":"wp","href":"https:\/\/api.w.org\/{rel}","templated":true}]}}