{"id":12195,"date":"2026-01-14T21:44:24","date_gmt":"2026-01-14T20:44:24","guid":{"rendered":"https:\/\/tonsberg.katolsk.no\/?page_id=12195"},"modified":"2026-01-16T09:47:56","modified_gmt":"2026-01-16T08:47:56","slug":"katolsk-forum-varen-2026","status":"publish","type":"page","link":"https:\/\/tonsberg.katolsk.no\/index.php\/katolsk-forum\/katolsk-forum-varen-2026\/","title":{"rendered":"Katolsk Forum v\u00e5ren 2026"},"content":{"rendered":"\n<p>Vel m\u00f8tt til en ny sesong med Katolsk Forum i St. Olav kirke!<\/p>\n\n\n\n<ul class=\"wp-block-list\">\n<li>Gratis entr\u00e9 v\u00e5ren 2026! <br>(De som har anledning, kan gjerne gi et frivillig bidrag til \u00e5 dekke utgiftene)<\/li>\n\n\n\n<li>Foredragene holdes torsdager, starter kl. 19 og avsluttes f\u00f8r kl. 21<\/li>\n\n\n\n<li>Enkel kveldsmat<\/li>\n<\/ul>\n\n\n\n<div class=\"wp-block-media-text is-stacked-on-mobile\"><figure class=\"wp-block-media-text__media\"><img loading=\"lazy\" decoding=\"async\" width=\"471\" height=\"558\" src=\"https:\/\/tonsberg.katolsk.no\/wp-content\/uploads\/2026\/01\/Anette-Moltubakk-til-hjemmeside.jpg\" alt=\"\" class=\"wp-image-12200 size-full\" srcset=\"https:\/\/tonsberg.katolsk.no\/wp-content\/uploads\/2026\/01\/Anette-Moltubakk-til-hjemmeside.jpg 471w, https:\/\/tonsberg.katolsk.no\/wp-content\/uploads\/2026\/01\/Anette-Moltubakk-til-hjemmeside-253x300.jpg 253w\" sizes=\"auto, (max-width: 471px) 100vw, 471px\" \/><\/figure><div class=\"wp-block-media-text__content\">\n<p>TORSDAG 5. FEBRUAR: <br><strong>\u00c5 m\u00f8te Gud i livet og b\u00f8nnen. Ignatiansk spiritualitet<\/strong><br>Sr. Anette Moltubakk<\/p>\n\n\n\n<p>(foto: Petter Stocke-Nicolaisen, katolsk.no) <\/p>\n<\/div><\/div>\n\n\n\n<p>Foredraget vil b\u00e5de ta for seg noe av bakgrunnen til ignatiansk spiritualitet og vise til hvordan man p\u00e5 en enkel m\u00e5te kan praktisere gjennom b\u00f8nn og refleksjon.<br>Ignatiansk spiritualitet legger vekt p\u00e5 hvordan man kan m\u00f8te Gud i b\u00f8nn og i det vanlige livet. Ved \u00e5 lytte til sin egen innerste lengsel og reflektere i b\u00f8nn b\u00e5de over bibeltekster og erfaringer i livet, \u00f8ver man p\u00e5 \u00e5 finne sin egen vei. Da f\u00e5r man innsikt i hvem man selv er, og hvordan livet kan leves i vennskap med Gud, livets og&nbsp; kj\u00e6rlighetens kilde.<\/p>\n\n\n\n<p><em><strong>S\u00f8ster Anette Moltubakk <\/strong>er St. Josephs\u00f8ster. Hun er utdannet spesialpedagog og har i flere \u00e5r arbeidet p\u00e5 St. Sunniva skole. Hun har hatt ansvar som novisiatetsleder i mange \u00e5r f\u00f8r hun ble&nbsp; provinsforstanderinne hos <a href=\"https:\/\/www.stjoseph.no\/\" target=\"_blank\" rel=\"noreferrer noopener\">St. Josephs\u00f8strene<\/a> i 2021. I tillegg er sr. Anette med i teamet som leder <a href=\"https:\/\/www.stjoseph.no\/?page_id=651\" target=\"_blank\" rel=\"noreferrer noopener\">St. Joseph Retrettsenter<\/a>. Det inneb\u00e6rer  at hun b\u00e5de arbeider med de mange retrettene som holdes der, og med \u00e5ndelig veiledning som ogs\u00e5 tilbys utenom retrettene.<\/em><\/p>\n\n\n\n<div class=\"wp-block-media-text has-media-on-the-right is-stacked-on-mobile\"><div class=\"wp-block-media-text__content\">\n<p>TORSDAG 19. MARS:<br><strong>Er menneskeverdet truet?<\/strong><br>Ola Didrik Saugstad<\/p>\n<\/div><figure class=\"wp-block-media-text__media\"><img loading=\"lazy\" decoding=\"async\" width=\"200\" height=\"250\" src=\"https:\/\/tonsberg.katolsk.no\/wp-content\/uploads\/2026\/01\/Ola-Didrik.jpg\" alt=\"\" class=\"wp-image-12201 size-full\"\/><\/figure><\/div>\n\n\n\n<p>I foredraget vil Saugstad ta opp sentrale temaer fra sin siste bok, <em><a href=\"https:\/\/www.forlagshusetlunde.no\/pandoras-eske\" target=\"_blank\" rel=\"noreferrer noopener\">Pandoras eske. Mennesket og Bioteknologien<\/a> <\/em> (Lunde Forlag, 2022), omsammenhengen i menneskesynet mellom abort, eugenikk, fostermedisin, kunstig intelligens og transhumanismen: &laquo;Kombinasjonen av teknologi og liberale abortlover har f\u00f8rt til utviklingen av en sivilisasjon hvor embryoer og tidlige fostre blir testet og forkastet i en milliardindustri. Vi er i ferd med \u00e5 utvikle en ny menneskehet hvor en rekke sykdommer blir eliminerte, ikke ved at medisinen helbreder disse, men fordi man fjerner den syke. Dette f\u00e5r konsekvenser for oss alle. Etter hvert som sorteringen griper om seg, f\u00f8ler flere og flere seg truet, og vi f\u00e5r et hardere samfunn hvor ingen er trygge.&raquo;<br><br><em><strong><em>Ola Didrik Saugs<\/em>tad<\/strong> er professor dr. med. og barnelege. Han er en aktiv og betydningsfull debattant i etiske sp\u00f8rsm\u00e5l, blant annet sp\u00f8rsm\u00e5l om fosterets rettigheter i m\u00f8te med bioteknologien og andre viktige verdisp\u00f8rsm\u00e5l i dagens samfunn. Saugstad er i dag professor emeritus i barnesykdommer ved Universitetet I Oslo. Han var overlege i nyf\u00f8dtmedisin ved Rikshospitalet fra 1986 til 2017 og leder for Pediatrisk forskningsinstitutt 1991 &#8211; 2017. Han er ogs\u00e5 professor i nyf\u00f8dtmedisin ved Northwestern University i Chicago.\u00a0<\/em><\/p>\n\n\n\n<div class=\"wp-block-media-text is-stacked-on-mobile\"><figure class=\"wp-block-media-text__media\"><img loading=\"lazy\" decoding=\"async\" width=\"415\" height=\"418\" src=\"https:\/\/tonsberg.katolsk.no\/wp-content\/uploads\/2026\/01\/Marta-Bivand-Erdal.jpg\" alt=\"\" class=\"wp-image-12202 size-full\" srcset=\"https:\/\/tonsberg.katolsk.no\/wp-content\/uploads\/2026\/01\/Marta-Bivand-Erdal.jpg 415w, https:\/\/tonsberg.katolsk.no\/wp-content\/uploads\/2026\/01\/Marta-Bivand-Erdal-298x300.jpg 298w, https:\/\/tonsberg.katolsk.no\/wp-content\/uploads\/2026\/01\/Marta-Bivand-Erdal-150x150.jpg 150w, https:\/\/tonsberg.katolsk.no\/wp-content\/uploads\/2026\/01\/Marta-Bivand-Erdal-100x100.jpg 100w\" sizes=\"auto, (max-width: 415px) 100vw, 415px\" \/><\/figure><div class=\"wp-block-media-text__content\">\n<p>TORSDAG 30. APRIL:<br><strong>\u00c5 formidle katolsk tro til sine barn som innvandrere i Norge: Spr\u00e5k, kultur og tradisjoner i bevegelse<\/strong><br>Marta Bivand Erdal<\/p>\n<\/div><\/div>\n\n\n\n<p>I Den katolske kirke i Norge er tre av fire medlemmer f\u00f8dt i utlandet. De fleste foreldre til barn i katekesen har et annet morsm\u00e5l enn norsk. Deres barn er ofte flerspr\u00e5klige. Hva betyr dette for innvandrerforeldres trosformidling til sine barn i Norge? Hvilke ressurser finnes i spr\u00e5k, kultur og tradisjoner og hvilke dilemmaer m\u00e5 navigeres, av foreldre, barn og unge \u2013 og i Kirken?&nbsp;<\/p>\n\n\n\n<p><em><a href=\"https:\/\/eur01.safelinks.protection.outlook.com\/?url=https%3A%2F%2Fwww.prio.org%2FPeople%2FPerson%2F%3Fx%3D5830&amp;data=05%7C02%7CSigurd.Hareide%40katolsk.no%7C6d421cbcb99140434c9908de4f5926ce%7Cad74fffa08bb480d939a496b7603f45d%7C0%7C0%7C639035441521722124%7CUnknown%7CTWFpbGZsb3d8eyJFbXB0eU1hcGkiOnRydWUsIlYiOiIwLjAuMDAwMCIsIlAiOiJXaW4zMiIsIkFOIjoiTWFpbCIsIldUIjoyfQ%3D%3D%7C0%7C%7C%7C&amp;sdata=8KK969wVXP9uS12jyRPetaFh1TIMAFD2ksmNKmNoUXc%3D&amp;reserved=0\"><strong>Marta Bivand Erdal<\/strong><\/a>&nbsp;er samfunnsgeograf og migrasjonsforsker ved Institutt for fredsforskning. Hennes forskning dreier seg om migrasjon og utvikling, flyktninger, transnasjonale b\u00e5nd og sammenhengskraft i flerkulturelle samfunn. Og, de siste \u00e5rene: \u00ab<a href=\"https:\/\/eur01.safelinks.protection.outlook.com\/?url=https%3A%2F%2Fwww.inn.no%2Fforskning%2Fforskningsprosjekter%2Ffaithed%2F&amp;data=05%7C02%7CSigurd.Hareide%40katolsk.no%7C6d421cbcb99140434c9908de4f5926ce%7Cad74fffa08bb480d939a496b7603f45d%7C0%7C0%7C639035441521745913%7CUnknown%7CTWFpbGZsb3d8eyJFbXB0eU1hcGkiOnRydWUsIlYiOiIwLjAuMDAwMCIsIlAiOiJXaW4zMiIsIkFOIjoiTWFpbCIsIldUIjoyfQ%3D%3D%7C0%7C%7C%7C&amp;sdata=dtKS7yKK9by5V1rZkGc746al0YM9oKVDKfsWS%2FI1dzc%3D&amp;reserved=0\">katekeseforskning<\/a>\u00bb i Den katolske kirke. P\u00e5 fritiden er hun s\u00f8ndagsskolel\u00e6rer og konfirmantkateket i St Hallvard menighet.<\/em><\/p>\n\n\n\n<p><strong>Vel m\u00f8tt til Katolsk Forum v\u00e5ren 2026! <\/strong><br>Hilsen Katolsk Forum-komit\u00e9een: <br>Tonje G. Hareide, Sigurd Ormbostad, Gro Vitters\u00f8 og diakon Sigurd Hareide. <\/p>\n","protected":false},"excerpt":{"rendered":"<p>Vel m\u00f8tt til en ny sesong med Katolsk Forum i St. Olav kirke! TORSDAG 5. FEBRUAR: \u00c5 m\u00f8te Gud i livet og b\u00f8nnen. Ignatiansk spiritualitetSr. Anette Moltubakk (foto: Petter Stocke-Nicolaisen, katolsk.no) Foredraget vil b\u00e5de ta for seg noe av bakgrunnen til ignatiansk spiritualitet og vise til hvordan man p\u00e5 en enkel m\u00e5te kan praktisere gjennom &hellip; <\/p>\n<p class=\"link-more\"><a href=\"https:\/\/tonsberg.katolsk.no\/index.php\/katolsk-forum\/katolsk-forum-varen-2026\/\" class=\"more-link\">Fortsett \u00e5 lese<span class=\"screen-reader-text\"> \u00abKatolsk Forum v\u00e5ren 2026\u00bb<\/span><\/a><\/p>\n","protected":false},"author":2,"featured_media":0,"parent":17,"menu_order":0,"comment_status":"closed","ping_status":"closed","template":"","meta":{"footnotes":""},"class_list":["post-12195","page","type-page","status-publish","hentry"],"_links":{"self":[{"href":"https:\/\/tonsberg.katolsk.no\/index.php\/wp-json\/wp\/v2\/pages\/12195","targetHints":{"allow":["GET"]}}],"collection":[{"href":"https:\/\/tonsberg.katolsk.no\/index.php\/wp-json\/wp\/v2\/pages"}],"about":[{"href":"https:\/\/tonsberg.katolsk.no\/index.php\/wp-json\/wp\/v2\/types\/page"}],"author":[{"embeddable":true,"href":"https:\/\/tonsberg.katolsk.no\/index.php\/wp-json\/wp\/v2\/users\/2"}],"replies":[{"embeddable":true,"href":"https:\/\/tonsberg.katolsk.no\/index.php\/wp-json\/wp\/v2\/comments?post=12195"}],"version-history":[{"count":5,"href":"https:\/\/tonsberg.katolsk.no\/index.php\/wp-json\/wp\/v2\/pages\/12195\/revisions"}],"predecessor-version":[{"id":12213,"href":"https:\/\/tonsberg.katolsk.no\/index.php\/wp-json\/wp\/v2\/pages\/12195\/revisions\/12213"}],"up":[{"embeddable":true,"href":"https:\/\/tonsberg.katolsk.no\/index.php\/wp-json\/wp\/v2\/pages\/17"}],"wp:attachment":[{"href":"https:\/\/tonsberg.katolsk.no\/index.php\/wp-json\/wp\/v2\/media?parent=12195"}],"curies":[{"name":"wp","href":"https:\/\/api.w.org\/{rel}","templated":true}]}}