{"id":12286,"date":"2026-03-06T14:45:01","date_gmt":"2026-03-06T13:45:01","guid":{"rendered":"https:\/\/tonsberg.katolsk.no\/?page_id=12286"},"modified":"2026-03-06T14:45:38","modified_gmt":"2026-03-06T13:45:38","slug":"faste-messetider","status":"publish","type":"page","link":"https:\/\/tonsberg.katolsk.no\/index.php\/messetider\/faste-messetider\/","title":{"rendered":"Faste messetider"},"content":{"rendered":"\n<p>Faste messetider nedenfor (sjekk aktuelle messetider for endringer og oppdatert informasjon):<\/p>\n\n\n\n<p><strong>S\u00d8NDAGSMESSER:<\/strong><br><strong>L\u00f8rdag kl. 18.00<\/strong>&nbsp;\u2013 aftenmesse p\u00e5 norsk<br><strong>S\u00f8ndag kl. 09.00<\/strong>&nbsp;(08.00 i juli) \u2013 messe p\u00e5&nbsp;<strong>polsk<\/strong>&nbsp;hver s\u00f8ndag<br>(<a href=\"https:\/\/www.stfrans.no\/index.php\/dus\/\" target=\"_blank\" rel=\"noreferrer noopener\">informasjon fra fransiskanerne i Larvik<\/a>)<br><strong>S\u00f8ndag kl. 11.00 \u2013 H\u00d8YMESSE<\/strong>&nbsp;p\u00e5 norsk (Laudes kl. 10.30)<br><em>Anledning til skriftem\u00e5l f\u00f8rste fredag i m\u00e5neden kl. 19-20<br>eller ved henvendelse til prest f\u00f8r eller etter andre messer.<\/em><\/p>\n\n\n\n<p><strong><em>S\u00f8ndagsmesser p\u00e5 andre spr\u00e5k:&nbsp;<\/em><\/strong><br><strong>Polsk<\/strong>&nbsp;(som nevnt over) \u2013 hver s\u00f8ndag kl. 09.00 (<a href=\"https:\/\/www.stfrans.no\/index.php\/dus\/\" target=\"_blank\" rel=\"noreferrer noopener\">polsk sjelesorg i T\u00f8nsberg, Larvik, Sandefjord og Porsgrunn<\/a>)<br><strong>Tamilsk \u2013 f\u00f8rste s\u00f8ndag i m\u00e5neden kl. 13.00<br>Filippinsk\/engelsk<\/strong>&nbsp;\u2013 andre s\u00f8ndag i m\u00e5neden kl. 13.00<br><strong>Ukrainsk&nbsp;<\/strong>(bysantinsk ritus) \u2013 andre s\u00f8ndag i m\u00e5neden kl. 15.00<br>[<strong>Litauisk<\/strong>&nbsp;\u2013 kun i Sandefjord for tiden]<br><strong>Vietnamesisk<\/strong>&nbsp;\u2013 tredje s\u00f8ndag i m\u00e5neden kl. 14.00<br><strong>Kroatisk<\/strong>&nbsp;\u2013 fjerde s\u00f8ndag i m\u00e5neden kl. 16.00<\/p>\n\n\n\n<p><strong>MESSER I UKEDAGENE:<\/strong><br>(fester og h\u00f8ytider p\u00e5 ukedager feires som regel kl. 18):<br><em>Mandag kl. 08.00 \u2013 messe i s\u00f8strenes kapell<\/em><br>Tirsdag kl. 18.00 \u2013 aftenmesse i kirken<br><em>Onsdag kl. 08.00 \u2013 messe i s\u00f8strenes kapell<\/em><br>Torsdag kl. 18.00 \u2013 messe i kirken<br>Fredag kl. 18.00 \u2013 aftenmesse i kirken&nbsp;med sakramentstilbedelse<\/p>\n","protected":false},"excerpt":{"rendered":"<p>Faste messetider nedenfor (sjekk aktuelle messetider for endringer og oppdatert informasjon): S\u00d8NDAGSMESSER:L\u00f8rdag kl. 18.00&nbsp;\u2013 aftenmesse p\u00e5 norskS\u00f8ndag kl. 09.00&nbsp;(08.00 i juli) \u2013 messe p\u00e5&nbsp;polsk&nbsp;hver s\u00f8ndag(informasjon fra fransiskanerne i Larvik)S\u00f8ndag kl. 11.00 \u2013 H\u00d8YMESSE&nbsp;p\u00e5 norsk (Laudes kl. 10.30)Anledning til skriftem\u00e5l f\u00f8rste fredag i m\u00e5neden kl. 19-20eller ved henvendelse til prest f\u00f8r eller etter andre messer. S\u00f8ndagsmesser &hellip; <\/p>\n<p class=\"link-more\"><a href=\"https:\/\/tonsberg.katolsk.no\/index.php\/messetider\/faste-messetider\/\" class=\"more-link\">Fortsett \u00e5 lese<span class=\"screen-reader-text\"> \u00abFaste messetider\u00bb<\/span><\/a><\/p>\n","protected":false},"author":2,"featured_media":0,"parent":7,"menu_order":0,"comment_status":"closed","ping_status":"closed","template":"","meta":{"footnotes":""},"class_list":["post-12286","page","type-page","status-publish","hentry"],"_links":{"self":[{"href":"https:\/\/tonsberg.katolsk.no\/index.php\/wp-json\/wp\/v2\/pages\/12286","targetHints":{"allow":["GET"]}}],"collection":[{"href":"https:\/\/tonsberg.katolsk.no\/index.php\/wp-json\/wp\/v2\/pages"}],"about":[{"href":"https:\/\/tonsberg.katolsk.no\/index.php\/wp-json\/wp\/v2\/types\/page"}],"author":[{"embeddable":true,"href":"https:\/\/tonsberg.katolsk.no\/index.php\/wp-json\/wp\/v2\/users\/2"}],"replies":[{"embeddable":true,"href":"https:\/\/tonsberg.katolsk.no\/index.php\/wp-json\/wp\/v2\/comments?post=12286"}],"version-history":[{"count":1,"href":"https:\/\/tonsberg.katolsk.no\/index.php\/wp-json\/wp\/v2\/pages\/12286\/revisions"}],"predecessor-version":[{"id":12287,"href":"https:\/\/tonsberg.katolsk.no\/index.php\/wp-json\/wp\/v2\/pages\/12286\/revisions\/12287"}],"up":[{"embeddable":true,"href":"https:\/\/tonsberg.katolsk.no\/index.php\/wp-json\/wp\/v2\/pages\/7"}],"wp:attachment":[{"href":"https:\/\/tonsberg.katolsk.no\/index.php\/wp-json\/wp\/v2\/media?parent=12286"}],"curies":[{"name":"wp","href":"https:\/\/api.w.org\/{rel}","templated":true}]}}