{"id":12330,"date":"2026-04-09T09:10:27","date_gmt":"2026-04-09T07:10:27","guid":{"rendered":"https:\/\/tonsberg.katolsk.no\/?page_id=12330"},"modified":"2026-04-09T09:11:26","modified_gmt":"2026-04-09T07:11:26","slug":"gi-en-gave-til-st-olav-menighet","status":"publish","type":"page","link":"https:\/\/tonsberg.katolsk.no\/index.php\/informasjon\/gi-en-gave-til-st-olav-menighet\/","title":{"rendered":"Gi en gave til St. Olav menighet!"},"content":{"rendered":"\n<p>Gi en <strong>gave til St. Olav menighet<\/strong>, <br>bli <strong>fast giver<\/strong> eller <br>gi til <strong>p\u00e5g\u00e5ende prosjekter<\/strong>, <br>alt sammen fra <a href=\"https:\/\/nettbutikk.solidus.no\/nettbutikk\/den_katolske_kirke\/t%C3%B8nsberg\" target=\"_blank\" rel=\"noreferrer noopener\">St. Olav menighets egen gaveside<\/a>!<\/p>\n\n\n\n<p>Ogs\u00e5 gaver til to av v\u00e5re Vippsnummer gir mulighet til skattefradrag: <br>#92258 St. Olav T\u00f8nsberg, kollekt<br>#92260 St. Olav T\u00f8nsberg, prosjektgave (tidligere byggeprosjekt)<\/p>\n\n\n\n<p>Betalinger til St. Olav T\u00f8nsberg, kirkekaffenummer (92259)  <br>og til St. Olav T\u00f8nsberg, b\u00f8ker (130968) gir IKKE mulighet til skattefradrag da disse nummer betaler for en tjeneste (kirkekaffe, b\u00f8ker o.l.).<\/p>\n","protected":false},"excerpt":{"rendered":"<p>Gi en gave til St. Olav menighet, bli fast giver eller gi til p\u00e5g\u00e5ende prosjekter, alt sammen fra St. Olav menighets egen gaveside! Ogs\u00e5 gaver til to av v\u00e5re Vippsnummer gir mulighet til skattefradrag: #92258 St. Olav T\u00f8nsberg, kollekt#92260 St. Olav T\u00f8nsberg, prosjektgave (tidligere byggeprosjekt) Betalinger til St. Olav T\u00f8nsberg, kirkekaffenummer (92259) og til St. &hellip; <\/p>\n<p class=\"link-more\"><a href=\"https:\/\/tonsberg.katolsk.no\/index.php\/informasjon\/gi-en-gave-til-st-olav-menighet\/\" class=\"more-link\">Fortsett \u00e5 lese<span class=\"screen-reader-text\"> \u00abGi en gave til St. Olav menighet!\u00bb<\/span><\/a><\/p>\n","protected":false},"author":2,"featured_media":0,"parent":5,"menu_order":0,"comment_status":"closed","ping_status":"closed","template":"","meta":{"footnotes":""},"class_list":["post-12330","page","type-page","status-publish","hentry"],"_links":{"self":[{"href":"https:\/\/tonsberg.katolsk.no\/index.php\/wp-json\/wp\/v2\/pages\/12330","targetHints":{"allow":["GET"]}}],"collection":[{"href":"https:\/\/tonsberg.katolsk.no\/index.php\/wp-json\/wp\/v2\/pages"}],"about":[{"href":"https:\/\/tonsberg.katolsk.no\/index.php\/wp-json\/wp\/v2\/types\/page"}],"author":[{"embeddable":true,"href":"https:\/\/tonsberg.katolsk.no\/index.php\/wp-json\/wp\/v2\/users\/2"}],"replies":[{"embeddable":true,"href":"https:\/\/tonsberg.katolsk.no\/index.php\/wp-json\/wp\/v2\/comments?post=12330"}],"version-history":[{"count":1,"href":"https:\/\/tonsberg.katolsk.no\/index.php\/wp-json\/wp\/v2\/pages\/12330\/revisions"}],"predecessor-version":[{"id":12332,"href":"https:\/\/tonsberg.katolsk.no\/index.php\/wp-json\/wp\/v2\/pages\/12330\/revisions\/12332"}],"up":[{"embeddable":true,"href":"https:\/\/tonsberg.katolsk.no\/index.php\/wp-json\/wp\/v2\/pages\/5"}],"wp:attachment":[{"href":"https:\/\/tonsberg.katolsk.no\/index.php\/wp-json\/wp\/v2\/media?parent=12330"}],"curies":[{"name":"wp","href":"https:\/\/api.w.org\/{rel}","templated":true}]}}