{"id":1243,"date":"2020-04-07T20:52:26","date_gmt":"2020-04-07T18:52:26","guid":{"rendered":"http:\/\/tonsberg.katolsk.no\/?page_id=1243"},"modified":"2023-10-08T17:20:01","modified_gmt":"2023-10-08T15:20:01","slug":"finansiering-av-ny-menighetssal-og-nytt-tarn-for-st-olav-kirke","status":"publish","type":"page","link":"https:\/\/tonsberg.katolsk.no\/index.php\/byggeprosjekt\/finansiering-av-ny-menighetssal-og-nytt-tarn-for-st-olav-kirke\/","title":{"rendered":"Finansiering av ny menighetssal og nytt t\u00e5rn for St. Olav kirke"},"content":{"rendered":"<p><a href=\"https:\/\/tonsberg.katolsk.no\/index.php\/byggeprosjekt\/\">Ny menighetssal og nytt klokket\u00e5rn for St. Olav kirke<\/a>\u00a0(se bilder i lenken) m\u00e5 i stor grad finansieres av menigheten selv tross solide l\u00f8fter om st\u00f8tte utenfra. <strong>Jo flere som bidrar med faste bel\u00f8p over en periode, jo mindre m\u00e5 vi l\u00e5ne for \u00e5 realisere prosjektet.<\/strong><\/p>\n<p>Vi er allerede lovet et godt bidrag fra <strong><em>Bonifatiuswerk i Tyskland<\/em> <\/strong>som mange ganger har st\u00f8ttet norske, katolske menigheters byggeprosjekter og stadig gj\u00f8r det. Ogs\u00e5\u00a0<strong><em>Oslo katolske bisped\u00f8mme<\/em><\/strong>\u00a0har i juni 2022 og i 2023 vedtatt solid st\u00f8tte til prosjektet. En stor del av det totale bel\u00f8pet prosjektet koster, m\u00e5 vi likevel finansiere ved <em><strong>egne innsamlede midler<\/strong> <\/em>og ved \u00e5 <strong><em>l\u00e5ne penger fra bisped\u00f8mmet<\/em><\/strong>.<\/p>\n<p><span style=\"color: #ff0000;\"><strong>Du kan gi penger til byggeprosjektet p\u00e5 ulike m\u00e5ter, sm\u00e5 og store bel\u00f8p:<\/strong><\/span><\/p>\n<p><strong>1. Faste gaver med skattefradrag:\u00a0<\/strong><br \/>\nMenighetens finansr\u00e5d har i mars bestemt at fra 2020 vil alle gaver fra faste givere g\u00e5 til kirkens byggefond. Vi oppfordrer alle som har anledning til \u00e5 gi fast til kirken via ordningen Oslo katolske bisped\u00f8mme administrerer. Da kan man f\u00e5 skattefradrag p\u00e5 opptil 50 000 kr. En bestemmer selv hvor mye og hvor ofte en vil gi regelmessig.<br \/>\nHer er <a href=\"https:\/\/tonsberg.katolsk.no\/wp-content\/uploads\/2020\/04\/Avtalegiro-skjema-for-gaver-til-St.-Olav-T\u00d8NSBERG.pdf\">Avtalegiroskjema for gaver til St. Olav T\u00d8NSBERG<\/a>.<br \/>\nEn kan ogs\u00e5 <a href=\"http:\/\/www.katolsk.no\/organisasjon\/norge\/bidrag\/index\" target=\"_blank\" rel=\"noopener\">lese mer om ordningen her<\/a> og ta kontakt med bisped\u00f8mmet via epost. <em>Det er veldig viktig at de som vil gi til St. Olav, T\u00d8NSBERG, sier fra om det n\u00e5r de melder seg p\u00e5 ordningen.<\/em> Skjema ligger ogs\u00e5 i kirken og menighetskontoret kan sende inn til bisped\u00f8mmet om du leverer der.<\/p>\n<p><strong>2. Faste gaver og andre gaver til menigheten uten skattefradrag:<\/strong><br \/>\nOm en gir fast eller p\u00e5 andre m\u00e5ter direkte til menighetens byggekonto, betaler en som vanlig direkte, men f\u00e5r ikke skattefradrag for bidraget.<br \/>\nSt. Olav kirkes byggekonto: 1506.35.19070 (DNB)<\/p>\n<p><strong>3. Vippsnummer byggefond:<br \/>\n<\/strong>92260<\/p>\n","protected":false},"excerpt":{"rendered":"<p>Ny menighetssal og nytt klokket\u00e5rn for St. Olav kirke\u00a0(se bilder i lenken) m\u00e5 i stor grad finansieres av menigheten selv tross solide l\u00f8fter om st\u00f8tte utenfra. Jo flere som bidrar med faste bel\u00f8p over en periode, jo mindre m\u00e5 vi l\u00e5ne for \u00e5 realisere prosjektet. Vi er allerede lovet et godt bidrag fra Bonifatiuswerk i &hellip; <\/p>\n<p class=\"link-more\"><a href=\"https:\/\/tonsberg.katolsk.no\/index.php\/byggeprosjekt\/finansiering-av-ny-menighetssal-og-nytt-tarn-for-st-olav-kirke\/\" class=\"more-link\">Fortsett \u00e5 lese<span class=\"screen-reader-text\"> \u00abFinansiering av ny menighetssal og nytt t\u00e5rn for St. Olav kirke\u00bb<\/span><\/a><\/p>\n","protected":false},"author":2,"featured_media":0,"parent":1212,"menu_order":0,"comment_status":"closed","ping_status":"closed","template":"","meta":{"footnotes":""},"class_list":["post-1243","page","type-page","status-publish","hentry"],"_links":{"self":[{"href":"https:\/\/tonsberg.katolsk.no\/index.php\/wp-json\/wp\/v2\/pages\/1243","targetHints":{"allow":["GET"]}}],"collection":[{"href":"https:\/\/tonsberg.katolsk.no\/index.php\/wp-json\/wp\/v2\/pages"}],"about":[{"href":"https:\/\/tonsberg.katolsk.no\/index.php\/wp-json\/wp\/v2\/types\/page"}],"author":[{"embeddable":true,"href":"https:\/\/tonsberg.katolsk.no\/index.php\/wp-json\/wp\/v2\/users\/2"}],"replies":[{"embeddable":true,"href":"https:\/\/tonsberg.katolsk.no\/index.php\/wp-json\/wp\/v2\/comments?post=1243"}],"version-history":[{"count":11,"href":"https:\/\/tonsberg.katolsk.no\/index.php\/wp-json\/wp\/v2\/pages\/1243\/revisions"}],"predecessor-version":[{"id":2884,"href":"https:\/\/tonsberg.katolsk.no\/index.php\/wp-json\/wp\/v2\/pages\/1243\/revisions\/2884"}],"up":[{"embeddable":true,"href":"https:\/\/tonsberg.katolsk.no\/index.php\/wp-json\/wp\/v2\/pages\/1212"}],"wp:attachment":[{"href":"https:\/\/tonsberg.katolsk.no\/index.php\/wp-json\/wp\/v2\/media?parent=1243"}],"curies":[{"name":"wp","href":"https:\/\/api.w.org\/{rel}","templated":true}]}}