{"id":146,"date":"2017-08-24T10:55:09","date_gmt":"2017-08-24T08:55:09","guid":{"rendered":"http:\/\/xn--tnsberg-q1a.katolsk.no\/?page_id=146"},"modified":"2024-01-29T10:54:52","modified_gmt":"2024-01-29T09:54:52","slug":"sakramenter","status":"publish","type":"page","link":"https:\/\/tonsberg.katolsk.no\/index.php\/sakramenter\/","title":{"rendered":"D\u00e5p og ektevigsel"},"content":{"rendered":"<p>Praktisk informasjon om d\u00e5p, ektevigsel (ekteskap) og sykesalving ved \u00e5 f\u00f8lge nedtrekksmenyen.<br \/>\nInformasjon om tidspunkt for skriftem\u00e5l under MESSETIDER og om konfirmasjon under KATEKESE.<br \/>\nLes om Den katolske kirkes syv sakramenter <a href=\"http:\/\/www.katolsk.no\/tro\/tema\/sakramenter\/den-katolske-kirkes-syv-sakramenter\">her<\/a>.<br \/>\nVil du bli katolikk? Informasjon <a href=\"https:\/\/tonsberg.katolsk.no\/index.php\/sakramenter\/vil-du-bli-katolikk\/\">her<\/a>.<\/p>\n","protected":false},"excerpt":{"rendered":"<p>Praktisk informasjon om d\u00e5p, ektevigsel (ekteskap) og sykesalving ved \u00e5 f\u00f8lge nedtrekksmenyen. Informasjon om tidspunkt for skriftem\u00e5l under MESSETIDER og om konfirmasjon under KATEKESE. Les om Den katolske kirkes syv sakramenter her. Vil du bli katolikk? Informasjon her.<\/p>\n","protected":false},"author":2,"featured_media":0,"parent":0,"menu_order":0,"comment_status":"closed","ping_status":"closed","template":"","meta":{"footnotes":""},"class_list":["post-146","page","type-page","status-publish","hentry"],"_links":{"self":[{"href":"https:\/\/tonsberg.katolsk.no\/index.php\/wp-json\/wp\/v2\/pages\/146","targetHints":{"allow":["GET"]}}],"collection":[{"href":"https:\/\/tonsberg.katolsk.no\/index.php\/wp-json\/wp\/v2\/pages"}],"about":[{"href":"https:\/\/tonsberg.katolsk.no\/index.php\/wp-json\/wp\/v2\/types\/page"}],"author":[{"embeddable":true,"href":"https:\/\/tonsberg.katolsk.no\/index.php\/wp-json\/wp\/v2\/users\/2"}],"replies":[{"embeddable":true,"href":"https:\/\/tonsberg.katolsk.no\/index.php\/wp-json\/wp\/v2\/comments?post=146"}],"version-history":[{"count":6,"href":"https:\/\/tonsberg.katolsk.no\/index.php\/wp-json\/wp\/v2\/pages\/146\/revisions"}],"predecessor-version":[{"id":3026,"href":"https:\/\/tonsberg.katolsk.no\/index.php\/wp-json\/wp\/v2\/pages\/146\/revisions\/3026"}],"wp:attachment":[{"href":"https:\/\/tonsberg.katolsk.no\/index.php\/wp-json\/wp\/v2\/media?parent=146"}],"curies":[{"name":"wp","href":"https:\/\/api.w.org\/{rel}","templated":true}]}}