{"id":159,"date":"2017-08-24T11:34:46","date_gmt":"2017-08-24T09:34:46","guid":{"rendered":"http:\/\/xn--tnsberg-q1a.katolsk.no\/?page_id=159"},"modified":"2017-08-24T12:16:53","modified_gmt":"2017-08-24T10:16:53","slug":"om-hjemmesiden","status":"publish","type":"page","link":"https:\/\/tonsberg.katolsk.no\/index.php\/om-hjemmesiden\/","title":{"rendered":"Om hjemmesiden og menigheten"},"content":{"rendered":"<p>Velkommen til hjemmesiden for St. Olav menighet i T\u00f8nsberg, katolsk menighet for Vestfoldkommunene Hof, Holmestrand, Horten, N\u00f8tter\u00f8y, Re, Tj\u00f8me og T\u00f8nsberg, samt poststedene Andebu og Melsomvik (i Sandefjord kommune).<\/p>\n<ul>\n<li>I MENYENE finnes det informasjon om ulike sider ved menighetens liv.<\/li>\n<li>Trykk p\u00e5 overskriften \u00f8verst (St. Olav katolske kirke, T\u00f8nsberg) for \u00e5 komme TILBAKE TIL FORSIDEN.<\/li>\n<li>Nederst p\u00e5 forsiden vil\u00a0vil aktuelle messetider, s\u00f8ndagsblad og eventuelle andre nyheter bli publisert under vignetten INNLEGG.<\/li>\n<\/ul>\n<p>St. Olav menighet tilh\u00f8rer Oslo katolske bisped\u00f8mme, ett av tre norske bisped\u00f8mmer. Som verdensomspennende kirke under ledelse av paven og bispekollegiet, best\u00e5r Den katolske kirke av ca. 3000 bisped\u00f8mmer, spredt over hele verden. Menigheten i T\u00f8nsberg reflekterer dette mangfoldet med medlemmer som har bakgrunn fra mange land og kulturer. Samtidig videref\u00f8rer vi som katolsk menighet i Norges eldste by arven fra den kirken som brakte kristendommen til Norge for tusen \u00e5r siden, ble forbudt ved innf\u00f8ringen av reformasjonen i 1537 og vendte tilbake til Norge p\u00e5 midten av 1800-tallet.<\/p>\n<p>St. Olav kirke ble vigslet i 1958, etter at man tidligere hadde benyttet kapellet i St. Olavs klinikk.\u00a0Det finnes en (ufullstendig)\u00a0<a href=\"http:\/\/www.katolsk.no\/biografier\/historisk\/olav\/kirker\">liste over kirker<\/a>\u00a0oppkalt etter\u00a0<a href=\"http:\/\/www.katolsk.no\/biografier\/historisk\/olav\">den hellige Olav<\/a>.\u00a0<a href=\"http:\/\/galleri.katolsk.no\/thumbnails.php?album=11\">Bilder fra korsveien<\/a><\/p>\n","protected":false},"excerpt":{"rendered":"<p>Velkommen til hjemmesiden for St. Olav menighet i T\u00f8nsberg, katolsk menighet for Vestfoldkommunene Hof, Holmestrand, Horten, N\u00f8tter\u00f8y, Re, Tj\u00f8me og T\u00f8nsberg, samt poststedene Andebu og Melsomvik (i Sandefjord kommune). I MENYENE finnes det informasjon om ulike sider ved menighetens liv. Trykk p\u00e5 overskriften \u00f8verst (St. Olav katolske kirke, T\u00f8nsberg) for \u00e5 komme TILBAKE TIL FORSIDEN. &hellip; <\/p>\n<p class=\"link-more\"><a href=\"https:\/\/tonsberg.katolsk.no\/index.php\/om-hjemmesiden\/\" class=\"more-link\">Fortsett \u00e5 lese<span class=\"screen-reader-text\"> \u00abOm hjemmesiden og menigheten\u00bb<\/span><\/a><\/p>\n","protected":false},"author":2,"featured_media":0,"parent":0,"menu_order":0,"comment_status":"closed","ping_status":"closed","template":"","meta":{"footnotes":""},"class_list":["post-159","page","type-page","status-publish","hentry"],"_links":{"self":[{"href":"https:\/\/tonsberg.katolsk.no\/index.php\/wp-json\/wp\/v2\/pages\/159","targetHints":{"allow":["GET"]}}],"collection":[{"href":"https:\/\/tonsberg.katolsk.no\/index.php\/wp-json\/wp\/v2\/pages"}],"about":[{"href":"https:\/\/tonsberg.katolsk.no\/index.php\/wp-json\/wp\/v2\/types\/page"}],"author":[{"embeddable":true,"href":"https:\/\/tonsberg.katolsk.no\/index.php\/wp-json\/wp\/v2\/users\/2"}],"replies":[{"embeddable":true,"href":"https:\/\/tonsberg.katolsk.no\/index.php\/wp-json\/wp\/v2\/comments?post=159"}],"version-history":[{"count":3,"href":"https:\/\/tonsberg.katolsk.no\/index.php\/wp-json\/wp\/v2\/pages\/159\/revisions"}],"predecessor-version":[{"id":168,"href":"https:\/\/tonsberg.katolsk.no\/index.php\/wp-json\/wp\/v2\/pages\/159\/revisions\/168"}],"wp:attachment":[{"href":"https:\/\/tonsberg.katolsk.no\/index.php\/wp-json\/wp\/v2\/media?parent=159"}],"curies":[{"name":"wp","href":"https:\/\/api.w.org\/{rel}","templated":true}]}}