{"id":1611,"date":"2020-12-22T16:08:58","date_gmt":"2020-12-22T15:08:58","guid":{"rendered":"http:\/\/tonsberg.katolsk.no\/?page_id=1611"},"modified":"2020-12-22T16:17:09","modified_gmt":"2020-12-22T15:17:09","slug":"adventsaksjonen-2020","status":"publish","type":"page","link":"https:\/\/tonsberg.katolsk.no\/index.php\/adventsaksjonen-2020\/","title":{"rendered":"Adventsaksjonen 2020"},"content":{"rendered":"<p>Ungdomslaget har sammen med katekesekoordinator Terese Ranek trukket <span style=\"color: #800080;\">lotteriet til inntekt for Adventsaksjonen<\/span>. Loddsalget har gitt over 6000,- til\u00a0stabil matsikkerhet for 54 000 barn og voksne i tre regioner i Mali (les mer om prosjektet\u00a0<a href=\"https:\/\/www.adventsaksjonen.no\/arets-aksjon-2\" target=\"_blank\" rel=\"noopener\">her<\/a>). I tillegg kommer gaver\/donasjoner via vipps som telles opp senere. Samlet bel\u00f8p vil bli kunngjort. Alle som har vunnet i lotteriet har f\u00e5tt melding. Gevinstene kan hentes i forbindelse med julemessene. De st\u00e5r p\u00e5 kontoret.<br \/>\nHer er en oversikt:<br \/>\n<img loading=\"lazy\" decoding=\"async\" class=\"aligncenter wp-image-1612 size-large\" src=\"https:\/\/tonsberg.katolsk.no\/wp-content\/uploads\/2020\/12\/Gevinster-a-1024x768.jpg\" alt=\"\" width=\"525\" height=\"394\" srcset=\"https:\/\/tonsberg.katolsk.no\/wp-content\/uploads\/2020\/12\/Gevinster-a-1024x768.jpg 1024w, https:\/\/tonsberg.katolsk.no\/wp-content\/uploads\/2020\/12\/Gevinster-a-300x225.jpg 300w, https:\/\/tonsberg.katolsk.no\/wp-content\/uploads\/2020\/12\/Gevinster-a-768x576.jpg 768w, https:\/\/tonsberg.katolsk.no\/wp-content\/uploads\/2020\/12\/Gevinster-a.jpg 2048w\" sizes=\"auto, (max-width: 525px) 100vw, 525px\" \/><\/p>\n<p><img loading=\"lazy\" decoding=\"async\" class=\"aligncenter wp-image-1613 size-large\" src=\"https:\/\/tonsberg.katolsk.no\/wp-content\/uploads\/2020\/12\/Gevinster-b-1024x768.jpg\" alt=\"\" width=\"525\" height=\"394\" srcset=\"https:\/\/tonsberg.katolsk.no\/wp-content\/uploads\/2020\/12\/Gevinster-b-1024x768.jpg 1024w, https:\/\/tonsberg.katolsk.no\/wp-content\/uploads\/2020\/12\/Gevinster-b-300x225.jpg 300w, https:\/\/tonsberg.katolsk.no\/wp-content\/uploads\/2020\/12\/Gevinster-b-768x576.jpg 768w, https:\/\/tonsberg.katolsk.no\/wp-content\/uploads\/2020\/12\/Gevinster-b.jpg 2048w\" sizes=\"auto, (max-width: 525px) 100vw, 525px\" \/><\/p>\n<p><img loading=\"lazy\" decoding=\"async\" class=\"aligncenter wp-image-1614 size-large\" src=\"https:\/\/tonsberg.katolsk.no\/wp-content\/uploads\/2020\/12\/Gevinster-c-1024x768.jpg\" alt=\"\" width=\"525\" height=\"394\" srcset=\"https:\/\/tonsberg.katolsk.no\/wp-content\/uploads\/2020\/12\/Gevinster-c-1024x768.jpg 1024w, https:\/\/tonsberg.katolsk.no\/wp-content\/uploads\/2020\/12\/Gevinster-c-300x225.jpg 300w, https:\/\/tonsberg.katolsk.no\/wp-content\/uploads\/2020\/12\/Gevinster-c-768x576.jpg 768w, https:\/\/tonsberg.katolsk.no\/wp-content\/uploads\/2020\/12\/Gevinster-c.jpg 2048w\" sizes=\"auto, (max-width: 525px) 100vw, 525px\" \/><\/p>\n<p><img loading=\"lazy\" decoding=\"async\" class=\"aligncenter wp-image-1615 size-large\" src=\"https:\/\/tonsberg.katolsk.no\/wp-content\/uploads\/2020\/12\/Gevinster-d-1024x768.jpg\" alt=\"\" width=\"525\" height=\"394\" srcset=\"https:\/\/tonsberg.katolsk.no\/wp-content\/uploads\/2020\/12\/Gevinster-d-1024x768.jpg 1024w, https:\/\/tonsberg.katolsk.no\/wp-content\/uploads\/2020\/12\/Gevinster-d-300x225.jpg 300w, https:\/\/tonsberg.katolsk.no\/wp-content\/uploads\/2020\/12\/Gevinster-d-768x576.jpg 768w, https:\/\/tonsberg.katolsk.no\/wp-content\/uploads\/2020\/12\/Gevinster-d.jpg 2048w\" sizes=\"auto, (max-width: 525px) 100vw, 525px\" \/><\/p>\n<p><img loading=\"lazy\" decoding=\"async\" class=\"aligncenter wp-image-1616 size-large\" src=\"https:\/\/tonsberg.katolsk.no\/wp-content\/uploads\/2020\/12\/Gevinster-e-1024x768.jpg\" alt=\"\" width=\"525\" height=\"394\" srcset=\"https:\/\/tonsberg.katolsk.no\/wp-content\/uploads\/2020\/12\/Gevinster-e-1024x768.jpg 1024w, https:\/\/tonsberg.katolsk.no\/wp-content\/uploads\/2020\/12\/Gevinster-e-300x225.jpg 300w, https:\/\/tonsberg.katolsk.no\/wp-content\/uploads\/2020\/12\/Gevinster-e-768x576.jpg 768w, https:\/\/tonsberg.katolsk.no\/wp-content\/uploads\/2020\/12\/Gevinster-e.jpg 2048w\" sizes=\"auto, (max-width: 525px) 100vw, 525px\" \/><\/p>\n","protected":false},"excerpt":{"rendered":"<p>Ungdomslaget har sammen med katekesekoordinator Terese Ranek trukket lotteriet til inntekt for Adventsaksjonen. Loddsalget har gitt over 6000,- til\u00a0stabil matsikkerhet for 54 000 barn og voksne i tre regioner i Mali (les mer om prosjektet\u00a0her). I tillegg kommer gaver\/donasjoner via vipps som telles opp senere. Samlet bel\u00f8p vil bli kunngjort. Alle som har vunnet i &hellip; <\/p>\n<p class=\"link-more\"><a href=\"https:\/\/tonsberg.katolsk.no\/index.php\/adventsaksjonen-2020\/\" class=\"more-link\">Fortsett \u00e5 lese<span class=\"screen-reader-text\"> \u00abAdventsaksjonen 2020\u00bb<\/span><\/a><\/p>\n","protected":false},"author":2,"featured_media":0,"parent":0,"menu_order":0,"comment_status":"closed","ping_status":"closed","template":"","meta":{"footnotes":""},"class_list":["post-1611","page","type-page","status-publish","hentry"],"_links":{"self":[{"href":"https:\/\/tonsberg.katolsk.no\/index.php\/wp-json\/wp\/v2\/pages\/1611","targetHints":{"allow":["GET"]}}],"collection":[{"href":"https:\/\/tonsberg.katolsk.no\/index.php\/wp-json\/wp\/v2\/pages"}],"about":[{"href":"https:\/\/tonsberg.katolsk.no\/index.php\/wp-json\/wp\/v2\/types\/page"}],"author":[{"embeddable":true,"href":"https:\/\/tonsberg.katolsk.no\/index.php\/wp-json\/wp\/v2\/users\/2"}],"replies":[{"embeddable":true,"href":"https:\/\/tonsberg.katolsk.no\/index.php\/wp-json\/wp\/v2\/comments?post=1611"}],"version-history":[{"count":4,"href":"https:\/\/tonsberg.katolsk.no\/index.php\/wp-json\/wp\/v2\/pages\/1611\/revisions"}],"predecessor-version":[{"id":1621,"href":"https:\/\/tonsberg.katolsk.no\/index.php\/wp-json\/wp\/v2\/pages\/1611\/revisions\/1621"}],"wp:attachment":[{"href":"https:\/\/tonsberg.katolsk.no\/index.php\/wp-json\/wp\/v2\/media?parent=1611"}],"curies":[{"name":"wp","href":"https:\/\/api.w.org\/{rel}","templated":true}]}}