{"id":1830,"date":"2021-05-20T21:32:14","date_gmt":"2021-05-20T19:32:14","guid":{"rendered":"http:\/\/tonsberg.katolsk.no\/?page_id=1830"},"modified":"2021-10-07T16:08:52","modified_gmt":"2021-10-07T14:08:52","slug":"informasjon-om-katekesen-om-det-nye-katekesearet-hosten-2021","status":"publish","type":"page","link":"https:\/\/tonsberg.katolsk.no\/index.php\/katekese\/informasjon-om-katekesen-om-det-nye-katekesearet-hosten-2021\/","title":{"rendered":"INFORMASJON OM KATEKESEN: om det nye  katekese\u00e5ret h\u00f8sten 2021"},"content":{"rendered":"<h1><span style=\"color: #ff0000;\"><span style=\"color: #008000;\"><b>HER FINNER DU INFORMASJON OM:<\/b><\/span><\/span><\/h1>\n<h1><a href=\"https:\/\/tonsberg.katolsk.no\/index.php\/katekese\/datoer-for-forstekommunion-og-konfirmasjon-varen-2022\/\"><strong>Datoer for konfirmasjon og f\u00f8rstekommunion v\u00e5ren 2022<\/strong><\/a><\/h1>\n<h1><a href=\"https:\/\/tonsberg.katolsk.no\/index.php\/katekese\/katekesekontingent-og-pameldingsfrister\/\"><strong>Katekesekontingent og <\/strong><strong>p\u00e5meldingsfrister<\/strong><\/a><\/h1>\n<h1><a href=\"https:\/\/tonsberg.katolsk.no\/index.php\/katekese\/nuk-og-akutt\/\"><strong>Informasjon om v\u00e5r nasjonale katolske barne- og ungdomsorganisasjon, NUK.<\/strong><\/a><\/h1>\n<h1><strong>Brev som har blitt\/blir sendt ut til de forskjellige aldersgruppene (finner du lenker til nedenfor her). Her ligger ogs\u00e5 lenke til datoer for alt opplegg.<\/strong><\/h1>\n<h1><a href=\"https:\/\/tonsberg.katolsk.no\/index.php\/katekese\/generell-informasjon-om-katekesen\/\"><strong>Generell informasjon om katekesen<\/strong><\/a><\/h1>\n<h2><span style=\"color: #0000ff;\"><b><br \/>\nBREV OM KATEKESEN 2021-2022 <\/b><\/span><\/h2>\n<p>Disse var sendt ut f\u00f8r en del av datoene var p\u00e5 plass. Sjekk derfor datoer for overnattingshelg for konfirmanter\u00a0 (b\u00e5de 8. og 9.klasse), datoer for tweenshelg og datoer for konfirmasjon og f\u00f8rstekommunion.<\/p>\n<p><strong><a href=\"https:\/\/tonsberg.katolsk.no\/wp-content\/uploads\/2021\/05\/BREV-TIL-KONFIRMANTER-H\u00d8STEN-2021-9.KL_.docx\">BREV TIL KONFIRMANTER H\u00d8STEN 2021 9.KL<\/a><\/strong><\/p>\n<p><strong><a href=\"https:\/\/tonsberg.katolsk.no\/wp-content\/uploads\/2021\/05\/BREV-TIL-KONFIRMANTER-H\u00d8STEN-2021-8.KL_.docx\">BREV TIL KONFIRMANTER H\u00d8STEN 2021 8.KL<\/a><\/strong><\/p>\n<p><strong><a href=\"https:\/\/tonsberg.katolsk.no\/wp-content\/uploads\/2021\/08\/Brev-om-f\u00f8rstekommunion-til-3.kl-h\u00f8sten-2021.docx\">Brev om f\u00f8rstekommunion til 3.kl h\u00f8sten 2021<\/a><\/strong><\/p>\n<p><strong><a href=\"https:\/\/tonsberg.katolsk.no\/wp-content\/uploads\/2021\/08\/BREV-TIL-4.-5.-6.-og-7.KLASSINGENE-Tweens-I-og-Tweens-II.docx\">BREV TIL 4., 5., 6. og 7.KLASSINGENE (Tweens I og Tweens II)<\/a><\/strong><\/p>\n<p><strong><a href=\"https:\/\/tonsberg.katolsk.no\/wp-content\/uploads\/2021\/08\/BREV-OM-FAMILIEKATEKESE-OG-OM-UNDERVISNING-FOR-2.-KLASSINGENE.docx\">BREV OM FAMILIEKATEKESE OG OM UNDERVISNING FOR 2. KLASSINGENE!<\/a><\/strong><\/p>\n<h1><span style=\"color: #ff0000;\"><strong>DATOER OG OVERSIKT OVER KATEKESE\u00c5RET FINNER MAN <a href=\"https:\/\/tonsberg.katolsk.no\/index.php\/katekese\/informasjon-om-katekesen-om-det-nye-katekesearet-hosten-2021\/1-8-klasse\/\">HER<\/a>.<\/strong><\/span><\/h1>\n<p>&nbsp;<\/p>\n<p>&nbsp;<\/p>\n<p>&nbsp;<\/p>\n","protected":false},"excerpt":{"rendered":"<p>HER FINNER DU INFORMASJON OM: Datoer for konfirmasjon og f\u00f8rstekommunion v\u00e5ren 2022 Katekesekontingent og p\u00e5meldingsfrister Informasjon om v\u00e5r nasjonale katolske barne- og ungdomsorganisasjon, NUK. Brev som har blitt\/blir sendt ut til de forskjellige aldersgruppene (finner du lenker til nedenfor her). Her ligger ogs\u00e5 lenke til datoer for alt opplegg. Generell informasjon om katekesen BREV OM &hellip; <\/p>\n<p class=\"link-more\"><a href=\"https:\/\/tonsberg.katolsk.no\/index.php\/katekese\/informasjon-om-katekesen-om-det-nye-katekesearet-hosten-2021\/\" class=\"more-link\">Fortsett \u00e5 lese<span class=\"screen-reader-text\"> \u00abINFORMASJON OM KATEKESEN: om det nye  katekese\u00e5ret h\u00f8sten 2021\u00bb<\/span><\/a><\/p>\n","protected":false},"author":2,"featured_media":0,"parent":12,"menu_order":0,"comment_status":"closed","ping_status":"closed","template":"","meta":{"footnotes":""},"class_list":["post-1830","page","type-page","status-publish","hentry"],"_links":{"self":[{"href":"https:\/\/tonsberg.katolsk.no\/index.php\/wp-json\/wp\/v2\/pages\/1830","targetHints":{"allow":["GET"]}}],"collection":[{"href":"https:\/\/tonsberg.katolsk.no\/index.php\/wp-json\/wp\/v2\/pages"}],"about":[{"href":"https:\/\/tonsberg.katolsk.no\/index.php\/wp-json\/wp\/v2\/types\/page"}],"author":[{"embeddable":true,"href":"https:\/\/tonsberg.katolsk.no\/index.php\/wp-json\/wp\/v2\/users\/2"}],"replies":[{"embeddable":true,"href":"https:\/\/tonsberg.katolsk.no\/index.php\/wp-json\/wp\/v2\/comments?post=1830"}],"version-history":[{"count":39,"href":"https:\/\/tonsberg.katolsk.no\/index.php\/wp-json\/wp\/v2\/pages\/1830\/revisions"}],"predecessor-version":[{"id":2082,"href":"https:\/\/tonsberg.katolsk.no\/index.php\/wp-json\/wp\/v2\/pages\/1830\/revisions\/2082"}],"up":[{"embeddable":true,"href":"https:\/\/tonsberg.katolsk.no\/index.php\/wp-json\/wp\/v2\/pages\/12"}],"wp:attachment":[{"href":"https:\/\/tonsberg.katolsk.no\/index.php\/wp-json\/wp\/v2\/media?parent=1830"}],"curies":[{"name":"wp","href":"https:\/\/api.w.org\/{rel}","templated":true}]}}