{"id":2032,"date":"2021-09-29T12:42:54","date_gmt":"2021-09-29T10:42:54","guid":{"rendered":"http:\/\/tonsberg.katolsk.no\/?page_id=2032"},"modified":"2025-09-04T20:45:03","modified_gmt":"2025-09-04T18:45:03","slug":"om-st-olav-menighet-og-kirke","status":"publish","type":"page","link":"https:\/\/tonsberg.katolsk.no\/index.php\/informasjon\/om-st-olav-menighet-og-kirke\/","title":{"rendered":"Om St. Olav menighet og kirke"},"content":{"rendered":"<p>Velkommen til hjemmesiden for St. Olav menighet i T\u00f8nsberg, katolsk menighet for Vestfoldkommunene T\u00f8nsberg, F\u00e6rder, Horten og st\u00f8rstedelen av Holmestrand.<\/p>\n<ul>\n<li>Kirken er \u00e5pen og menighetskontoret betjent mandag til fredag kl. 10-14.<\/li>\n<li><strong>E-post til menighetskontoret:<\/strong>\u00a0tonsberg@katolsk.no<\/li>\n<li>Adresse og telefon: Klosterlasses gate 1 (tidligere: <a href=\"http:\/\/www.katolsk.no\/organisasjon\/kart?LH\">Botnegaten 22<\/a>), 3112 T\u00f8nsberg &#8211; 33 31 19 49 \/ 917 95 671<\/li>\n<li><a href=\"https:\/\/tonsberg.katolsk.no\/index.php\/vippsnummer-og-bankkontoer-for-st-olav-kirke-tonsberg\/\" target=\"_blank\" rel=\"noopener\">Vippsnummer og kontonummer m.m. &#8211; St. Olav kirke, T\u00f8nsberg<\/a><\/li>\n<li>Kontakt webmaster.tonsberg@katolsk.no om du har viktig informasjon til hjemmesiden.<\/li>\n<\/ul>\n<p><strong><em>Sogneadministrator (dvs. fungerende sogneprest):<br \/>\n<\/em><\/strong>P.\u00a0<a href=\"http:\/\/www.katolsk.no\/biografier\/innenriks\/jhung\">Johannes Vu Manh Hung<\/a>\u00a0(fra\u00a01. august 2017), tlf. 905 25 631<\/p>\n<p><em><strong>Diakon:<br \/>\n<\/strong><\/em><a href=\"https:\/\/www.katolsk.no\/biografier\/innenriks\/shareide\" target=\"_blank\" rel=\"noopener\">Sigurd Hareide<\/a> (975 21 845, sigurd.hareide@katolsk.no). Diakonens tjeneste i menigheten er en ul\u00f8nnet tjeneste p\u00e5 fritiden (Sigurd er ansatt som sekret\u00e6r for Liturgikommisjonen under Norsk Katolsk Bisper\u00e5d).<\/p>\n<p><em><strong>Kirkelig assistent<\/strong>:<br \/>\n<\/em>Ewald Maria Nebelung (926 11 456)<\/p>\n<p><strong><em>Katekesekoordinator:<br \/>\n<\/em><\/strong>Nanna Natalia J\u00f8rgensen: <em><a href=\"mailto:nanna.jorgensen@katolsk.no\">nanna.jorgensen@katolsk.no<\/a>,<\/em> tlf. 951 41 740.<br \/>\nNanna jobber vanligvis bare 1 dag i uken, s\u00e5 best \u00e5 kontakte henne prim\u00e6rt p\u00e5 e-post, sms eller mobil.\u00a0Hun behersker ogs\u00e5 engelsk, polsk, italiensk, spansk og fransk dersom norsk skulle v\u00e6re en utfordring.\u00a0For informasjon om og p\u00e5melding til katekesen, se under \u00abKatekese\u00bb i menyen.<\/p>\n<p><strong><em>Musikalsk ansvarlig:<\/em><\/strong><br \/>\n<a href=\"https:\/\/www.katolsk.no\/biografier\/innenriks\/tranek\" target=\"_blank\" rel=\"noopener\">Terese Arpas Ranek<\/a>:\u00a0<em><a href=\"mailto:terese.ranek@katolsk.no\">terese.ranek@katolsk.no<\/a><\/em>, tlf. 404 51 985.<br \/>\nTerese har ikke fast kontortid, men send e-post, sms eller ring, s\u00e5 svarer hun s\u00e5 fort hun kan. For informasjon om koret, ta kontakt med Terese.<\/p>\n<p><strong><em>Vaktmesterteam:<\/em><\/strong><br \/>\nNhan Van Tran (958 55 622)<\/p>\n<p><em><strong>Ekstraordin\u00e6re kommunionsutdelere:<\/strong><\/em><br \/>\n\u00d8yvind Olav Oppeg\u00e5rd<\/p>\n<p>Oppdatert informasjon om menigheten med utnevnelsesdatoer m.m. p\u00e5 <a style=\"font-size: 1rem;\" href=\"http:\/\/www.katolsk.no\/organisasjon\/okb\/Tonsberg\">katolsk.no<\/a><span style=\"font-size: 1rem;\">.<\/span><\/p>\n<p><strong>Om St. Olav menighet:<\/strong><br \/>\nSt. Olav menighet tilh\u00f8rer Oslo katolske bisped\u00f8mme, ett av tre norske bisped\u00f8mmer. Som verdensomspennende kirke under ledelse av paven og bispekollegiet, best\u00e5r Den katolske kirke av ca. 3000 bisped\u00f8mmer, spredt over hele verden. Menigheten i T\u00f8nsberg reflekterer dette mangfoldet med medlemmer som har bakgrunn fra 84 nasjoner. Samtidig videref\u00f8rer vi som katolsk menighet i Norges eldste by arven fra den kirken som brakte kristendommen til landet for tusen \u00e5r siden, som ble forbudt ved innf\u00f8ringen av reformasjonen i 1537, og som vendte tilbake til Norge p\u00e5 midten av 1800-tallet. I T\u00f8nsberg og Vestfold g\u00e5r Den katolske kirkes nyere historie tilbake til 1928 da det katolske sykehuset, St. Olavs klinikk, ble etablert. Fra 1929 ble den hellige messe feiret i sykehusets kapell. St. Olav kirke ble vigslet i 1958.<\/p>\n<p>Det finnes en (ufullstendig) <a href=\"http:\/\/www.katolsk.no\/biografier\/historisk\/olav\/kirker\">liste over kirker<\/a>\u00a0oppkalt etter\u00a0<a href=\"http:\/\/www.katolsk.no\/biografier\/historisk\/olav\">den hellige Olav<\/a>. Se\u00a0<a href=\"http:\/\/galleri.katolsk.no\/thumbnails.php?album=11\">bilder fra korsveien i kirken.<\/a><\/p>\n<p>Her er en <a href=\"https:\/\/tonsberg.katolsk.no\/index.php\/informasjon\/kirkens-helgenstatuer\/\">side med bilder av kirkens helgenstatuer<\/a>.<\/p>\n<p><a href=\"https:\/\/tonsberg.katolsk.no\/index.php\/klosterlasse\/\" target=\"_blank\" rel=\"noopener\">Klosterlasse 1622-2022 &#8211; markering av firehundre\u00e5rsminnet for pater Lauritz Nielss\u00f8n SJs d\u00f8d<\/a><\/p>\n","protected":false},"excerpt":{"rendered":"<p>Velkommen til hjemmesiden for St. Olav menighet i T\u00f8nsberg, katolsk menighet for Vestfoldkommunene T\u00f8nsberg, F\u00e6rder, Horten og st\u00f8rstedelen av Holmestrand. Kirken er \u00e5pen og menighetskontoret betjent mandag til fredag kl. 10-14. E-post til menighetskontoret:\u00a0tonsberg@katolsk.no Adresse og telefon: Klosterlasses gate 1 (tidligere: Botnegaten 22), 3112 T\u00f8nsberg &#8211; 33 31 19 49 \/ 917 95 671 Vippsnummer &hellip; <\/p>\n<p class=\"link-more\"><a href=\"https:\/\/tonsberg.katolsk.no\/index.php\/informasjon\/om-st-olav-menighet-og-kirke\/\" class=\"more-link\">Fortsett \u00e5 lese<span class=\"screen-reader-text\"> \u00abOm St. Olav menighet og kirke\u00bb<\/span><\/a><\/p>\n","protected":false},"author":2,"featured_media":0,"parent":5,"menu_order":0,"comment_status":"closed","ping_status":"closed","template":"","meta":{"footnotes":""},"class_list":["post-2032","page","type-page","status-publish","hentry"],"_links":{"self":[{"href":"https:\/\/tonsberg.katolsk.no\/index.php\/wp-json\/wp\/v2\/pages\/2032","targetHints":{"allow":["GET"]}}],"collection":[{"href":"https:\/\/tonsberg.katolsk.no\/index.php\/wp-json\/wp\/v2\/pages"}],"about":[{"href":"https:\/\/tonsberg.katolsk.no\/index.php\/wp-json\/wp\/v2\/types\/page"}],"author":[{"embeddable":true,"href":"https:\/\/tonsberg.katolsk.no\/index.php\/wp-json\/wp\/v2\/users\/2"}],"replies":[{"embeddable":true,"href":"https:\/\/tonsberg.katolsk.no\/index.php\/wp-json\/wp\/v2\/comments?post=2032"}],"version-history":[{"count":10,"href":"https:\/\/tonsberg.katolsk.no\/index.php\/wp-json\/wp\/v2\/pages\/2032\/revisions"}],"predecessor-version":[{"id":11762,"href":"https:\/\/tonsberg.katolsk.no\/index.php\/wp-json\/wp\/v2\/pages\/2032\/revisions\/11762"}],"up":[{"embeddable":true,"href":"https:\/\/tonsberg.katolsk.no\/index.php\/wp-json\/wp\/v2\/pages\/5"}],"wp:attachment":[{"href":"https:\/\/tonsberg.katolsk.no\/index.php\/wp-json\/wp\/v2\/media?parent=2032"}],"curies":[{"name":"wp","href":"https:\/\/api.w.org\/{rel}","templated":true}]}}