{"id":2037,"date":"2021-09-29T14:53:10","date_gmt":"2021-09-29T12:53:10","guid":{"rendered":"http:\/\/tonsberg.katolsk.no\/?page_id=2037"},"modified":"2026-01-08T08:24:07","modified_gmt":"2026-01-08T07:24:07","slug":"vil-du-bli-katolikk","status":"publish","type":"page","link":"https:\/\/tonsberg.katolsk.no\/index.php\/sakramenter\/vil-du-bli-katolikk\/","title":{"rendered":"Vil du bli katolikk?"},"content":{"rendered":"<p>Er du nysgjerrig p\u00e5 katolsk tro og liv? \u00d8nsker du \u00e5 bli d\u00f8pt, eller er du d\u00f8pt i annet trossamfunn og \u00f8nsker \u00e5 bli opptatt i Den katolske kirkes fulle fellesskap?<\/p>\n<p>Alle er hjertelig velkommen til \u00e5 delta i messer og annet som skjer i menigheten. Kun katolikker kan mottak kommunionen\/nattverden, men alle kan komme frem under kommunionen og motta en velsignelse. Legg i s\u00e5 fall h\u00f8yre h\u00e5nd over venstre skulder som tegn p\u00e5 at du skal motta velsignelsen.<\/p>\n<p>Om du \u00f8nsker \u00e5 bli medlem av Den katolske kirke eller vurderer \u00e5 bli det, er det viktig \u00e5 <strong>starte med \u00e5 g\u00e5 i messen p\u00e5 s\u00f8ndager<\/strong> og \u00e5 <strong>l\u00e6re mer om Kirkens trosl\u00e6re og -praksis<\/strong>. Har du sp\u00f8rsm\u00e5l? Ta kontakt med diakonen eller sognepresten for en prat (kontaktinformasjon <a href=\"https:\/\/tonsberg.katolsk.no\/index.php\/informasjon\/om-st-olav-menighet-og-kirke\/\" data-type=\"link\" data-id=\"https:\/\/tonsberg.katolsk.no\/index.php\/informasjon\/om-st-olav-menighet-og-kirke\/\">her<\/a>). Vanlig forberedelsestid f\u00f8r opptakelse i Den katolske kirke er ca. ett \u00e5r. Se informasjon om datoer for trossamtaler i undermenyen.<\/p>\n<p>Se gjerne videoserien <a href=\"http:\/\/www.katolsk.no\/tro\/sycamore\" target=\"_blank\" rel=\"noopener\">Sycamore &#8211; en kursserie i katolsk tro<\/a><br \/>\nLes mer om katolsk trosl\u00e6re\u00a0<a href=\"http:\/\/www.katolsk.no\/tro\">her<\/a>.<br \/>\nLes mer om katolsk trospraksis <a href=\"http:\/\/www.katolsk.no\/praksis\">her<\/a>.<\/p>\n","protected":false},"excerpt":{"rendered":"<p>Er du nysgjerrig p\u00e5 katolsk tro og liv? \u00d8nsker du \u00e5 bli d\u00f8pt, eller er du d\u00f8pt i annet trossamfunn og \u00f8nsker \u00e5 bli opptatt i Den katolske kirkes fulle fellesskap? Alle er hjertelig velkommen til \u00e5 delta i messer og annet som skjer i menigheten. Kun katolikker kan mottak kommunionen\/nattverden, men alle kan komme &hellip; <\/p>\n<p class=\"link-more\"><a href=\"https:\/\/tonsberg.katolsk.no\/index.php\/sakramenter\/vil-du-bli-katolikk\/\" class=\"more-link\">Fortsett \u00e5 lese<span class=\"screen-reader-text\"> \u00abVil du bli katolikk?\u00bb<\/span><\/a><\/p>\n","protected":false},"author":2,"featured_media":0,"parent":146,"menu_order":0,"comment_status":"closed","ping_status":"closed","template":"","meta":{"footnotes":""},"class_list":["post-2037","page","type-page","status-publish","hentry"],"_links":{"self":[{"href":"https:\/\/tonsberg.katolsk.no\/index.php\/wp-json\/wp\/v2\/pages\/2037","targetHints":{"allow":["GET"]}}],"collection":[{"href":"https:\/\/tonsberg.katolsk.no\/index.php\/wp-json\/wp\/v2\/pages"}],"about":[{"href":"https:\/\/tonsberg.katolsk.no\/index.php\/wp-json\/wp\/v2\/types\/page"}],"author":[{"embeddable":true,"href":"https:\/\/tonsberg.katolsk.no\/index.php\/wp-json\/wp\/v2\/users\/2"}],"replies":[{"embeddable":true,"href":"https:\/\/tonsberg.katolsk.no\/index.php\/wp-json\/wp\/v2\/comments?post=2037"}],"version-history":[{"count":12,"href":"https:\/\/tonsberg.katolsk.no\/index.php\/wp-json\/wp\/v2\/pages\/2037\/revisions"}],"predecessor-version":[{"id":12192,"href":"https:\/\/tonsberg.katolsk.no\/index.php\/wp-json\/wp\/v2\/pages\/2037\/revisions\/12192"}],"up":[{"embeddable":true,"href":"https:\/\/tonsberg.katolsk.no\/index.php\/wp-json\/wp\/v2\/pages\/146"}],"wp:attachment":[{"href":"https:\/\/tonsberg.katolsk.no\/index.php\/wp-json\/wp\/v2\/media?parent=2037"}],"curies":[{"name":"wp","href":"https:\/\/api.w.org\/{rel}","templated":true}]}}