{"id":2067,"date":"2021-10-06T16:25:31","date_gmt":"2021-10-06T14:25:31","guid":{"rendered":"http:\/\/tonsberg.katolsk.no\/?page_id=2067"},"modified":"2021-10-07T16:10:08","modified_gmt":"2021-10-07T14:10:08","slug":"nuk-og-akutt","status":"publish","type":"page","link":"https:\/\/tonsberg.katolsk.no\/index.php\/katekese\/nuk-og-akutt\/","title":{"rendered":"NUK og AKUTT"},"content":{"rendered":"<h1><span style=\"color: #ff0000;\"><strong>AKUTT er v\u00e5r katolske ungdomsgruppe her i menigheten<\/strong><\/span><\/h1>\n<p><span style=\"color: #0000ff;\"><strong>Les info her (nedenfor). Alle ungdom fra 8.kl og oppover er velkomne!<\/strong><\/span><\/p>\n<p><span style=\"color: #ff0000;\"><strong><a href=\"https:\/\/tonsberg.katolsk.no\/wp-content\/uploads\/2021\/10\/Om-AKUTT.pdf\">Om AKUTT<\/a><\/strong><\/span><\/p>\n<h1><span style=\"color: #ff0000;\"><strong>Bli NUK-medlem\u00a0<\/strong><\/span><\/h1>\n<p><strong><span style=\"color: #0000ff;\">Alle barn og unge i medlem kan v\u00e6re medlem her. Les mer nedenfor!<\/span><\/strong><\/p>\n<h2><img loading=\"lazy\" decoding=\"async\" class=\"alignnone size-medium wp-image-1996\" src=\"https:\/\/tonsberg.katolsk.no\/wp-content\/uploads\/2021\/08\/nuk-logo-141x300.png\" alt=\"\" width=\"141\" height=\"300\" srcset=\"https:\/\/tonsberg.katolsk.no\/wp-content\/uploads\/2021\/08\/nuk-logo-141x300.png 141w, https:\/\/tonsberg.katolsk.no\/wp-content\/uploads\/2021\/08\/nuk-logo-480x1024.png 480w, https:\/\/tonsberg.katolsk.no\/wp-content\/uploads\/2021\/08\/nuk-logo.png 650w\" sizes=\"auto, (max-width: 141px) 100vw, 141px\" \/>\u00a0 \u00a0\u00a0<strong><a href=\"https:\/\/tonsberg.katolsk.no\/wp-content\/uploads\/2021\/10\/Om-NUK.pdf\">Om NUK<\/a><\/strong><\/h2>\n<p>Vi kommer til \u00e5 oppfordre alle barn og unge i katekesen til \u00e5 bli medlem av v\u00e5r nasjonale katolske barne- ungdomsorganisasjon, Norges Unge Katolikker (NUK). Dette koster kun 50 kr. Hvis alle i katekesen er medlemmer f\u00e5r vi mer \u00f8konomisk st\u00f8tte til katekesen. NUK-medlemmer f\u00e5r ogs\u00e5 flotte medlemsblad, og tilbud om mange flotte NUK-arrangementer og leire. Menigheten betaler f.eks. ca. halvparten av leirutgifter for de som er NUK-medlemmer. Les mer om Norges Unge Katolikker p\u00e5 deres nettside\u00a0<strong><a href=\"https:\/\/www.nuk.no\/\">HER<\/a>.<\/strong><\/p>\n","protected":false},"excerpt":{"rendered":"<p>AKUTT er v\u00e5r katolske ungdomsgruppe her i menigheten Les info her (nedenfor). Alle ungdom fra 8.kl og oppover er velkomne! Om AKUTT Bli NUK-medlem\u00a0 Alle barn og unge i medlem kan v\u00e6re medlem her. Les mer nedenfor! \u00a0 \u00a0\u00a0Om NUK Vi kommer til \u00e5 oppfordre alle barn og unge i katekesen til \u00e5 bli medlem &hellip; <\/p>\n<p class=\"link-more\"><a href=\"https:\/\/tonsberg.katolsk.no\/index.php\/katekese\/nuk-og-akutt\/\" class=\"more-link\">Fortsett \u00e5 lese<span class=\"screen-reader-text\"> \u00abNUK og AKUTT\u00bb<\/span><\/a><\/p>\n","protected":false},"author":3,"featured_media":0,"parent":12,"menu_order":0,"comment_status":"closed","ping_status":"closed","template":"","meta":{"footnotes":""},"class_list":["post-2067","page","type-page","status-publish","hentry"],"_links":{"self":[{"href":"https:\/\/tonsberg.katolsk.no\/index.php\/wp-json\/wp\/v2\/pages\/2067","targetHints":{"allow":["GET"]}}],"collection":[{"href":"https:\/\/tonsberg.katolsk.no\/index.php\/wp-json\/wp\/v2\/pages"}],"about":[{"href":"https:\/\/tonsberg.katolsk.no\/index.php\/wp-json\/wp\/v2\/types\/page"}],"author":[{"embeddable":true,"href":"https:\/\/tonsberg.katolsk.no\/index.php\/wp-json\/wp\/v2\/users\/3"}],"replies":[{"embeddable":true,"href":"https:\/\/tonsberg.katolsk.no\/index.php\/wp-json\/wp\/v2\/comments?post=2067"}],"version-history":[{"count":1,"href":"https:\/\/tonsberg.katolsk.no\/index.php\/wp-json\/wp\/v2\/pages\/2067\/revisions"}],"predecessor-version":[{"id":2068,"href":"https:\/\/tonsberg.katolsk.no\/index.php\/wp-json\/wp\/v2\/pages\/2067\/revisions\/2068"}],"up":[{"embeddable":true,"href":"https:\/\/tonsberg.katolsk.no\/index.php\/wp-json\/wp\/v2\/pages\/12"}],"wp:attachment":[{"href":"https:\/\/tonsberg.katolsk.no\/index.php\/wp-json\/wp\/v2\/media?parent=2067"}],"curies":[{"name":"wp","href":"https:\/\/api.w.org\/{rel}","templated":true}]}}