{"id":2070,"date":"2021-10-06T16:29:10","date_gmt":"2021-10-06T14:29:10","guid":{"rendered":"http:\/\/tonsberg.katolsk.no\/?page_id=2070"},"modified":"2021-10-07T16:06:47","modified_gmt":"2021-10-07T14:06:47","slug":"generell-informasjon-om-katekesen","status":"publish","type":"page","link":"https:\/\/tonsberg.katolsk.no\/index.php\/katekese\/generell-informasjon-om-katekesen\/","title":{"rendered":"Generell informasjon om katekesen"},"content":{"rendered":"<h1><span style=\"color: #ff0000;\"><strong>Generell informasjon om katekesen<\/strong><\/span><\/h1>\n<p><strong><br \/>\n<\/strong><strong><em>Vi har foretatt EN LITEN OMORGANISERING AV KATEKESEN: Dette er veldig spennende! Vi har en god del nye tanker og ideer, og s\u00e5 kommer noen store endringer som vi b\u00f8r gj\u00f8re; endringer som er \u00f8nsket av bisped\u00f8mmet.\u00a0<\/em><\/strong><\/p>\n<p><strong>Katekesen 2021\/2022 blir dermed slik:<br \/>\n<\/strong><em>(<a href=\"https:\/\/tonsberg.katolsk.no\/index.php\/katekese\/informasjon-om-katekesen-om-det-nye-katekesearet-hosten-2021\/1-8-klasse\/\">Forenklet oversikt med datoer og dagsplan<\/a>)<br \/>\n<\/em><strong>Familiekatekese:<\/strong>\u00a0 Hver 4.s\u00f8ndag i m\u00e5neden blir det familiekatekese.<strong>\u00a0\u00a0<\/strong>Oppstart er s\u00f8ndag 26.september. Opplegget er for alle barnefamilier helt til barna begynner i 3.klasse. <strong>For 2.klassingene er familiekatekesen obligatorisk<\/strong>\u00a0for dette er det f\u00f8rste av to f\u00f8rstekommunions\u00e5r, &laquo;Kommunion I&raquo;. Fra n\u00e5 av skal man g\u00e5 til undervisning b\u00e5de i 2.klasse (p\u00e5 familiekatekeses\u00f8ndagene sammen med familien sin), og i 3.klasse (katekesel\u00f8rdager. Se nedenfor.)<\/p>\n<p><strong>3.klasse &#8211; Det siste f\u00f8rstekommunions\u00e5ret &#8211; L\u00f8rdagskatekese\u00a0 \u00a0 \u00a0 \u00a0 \u00a0 \u00a0 \u00a0 \u00a0 \u00a0 \u00a0 \u00a0 <\/strong>Dette regnes som <strong>det andre og siste f\u00f8rstekommunions\u00e5ret, <\/strong>&laquo;Kommunion II&raquo;. Undervisningen er hver andre l\u00f8rdag i m\u00e5neden. Oppstart l\u00f8rdag 11.september.<\/p>\n<ol start=\"4\">\n<li><strong> og 5.klasse: Tweens I &#8211;\u00a0L\u00f8rdagskatekese\u00a0<\/strong> \u00a0 \u00a0 \u00a0 \u00a0 \u00a0 \u00a0 \u00a0 \u00a0 \u00a0 \u00a0 \u00a0 \u00a0 \u00a0 \u00a0 \u00a0 \u00a0 \u00a0 \u00a0 \u00a0 \u00a0 \u00a0 \u00a0 \u00a0 \u00a0 \u00a0 \u00a0 \u00a0 \u00a0 <strong> \u00a0 <\/strong>Dette er skal v\u00e6re en aktiv gruppe der undervisning skjer p\u00e5 spennende og artige m\u00e5ter. &laquo;Learning by doing&raquo; og det \u00e5 skape et trygt milj\u00f8 med godt samhold er noe av det viktigste. Her kommer vi til \u00e5 gj\u00f8re mange forskjellige aktiviteter, samtidig som vi videref\u00f8rer det barna l\u00e6rte da de gikk til f\u00f8rstekommunion, og i tillegg fordyper oss en del mer i den katolske tro. Da sees vi l\u00f8rdag den 11.september, og det er den 2.l\u00f8rdagen hver m\u00e5ned som<\/li>\n<li><strong> og 7.klasse: Tweens II\u00a0&#8211;\u00a0L\u00f8rdagskatekese<\/strong> \u00a0 \u00a0 \u00a0 \u00a0 \u00a0 \u00a0 \u00a0 \u00a0 \u00a0 \u00a0 \u00a0 \u00a0 \u00a0 \u00a0 \u00a0 \u00a0 \u00a0 \u00a0 \u00a0 \u00a0 \u00a0 \u00a0 \u00a0 \u00a0 \u00a0 \u00a0 \u00a0 \u00a0 \u00a0 \u00a0 \u00a0 \u00a0 \u00a0 \u00a0 \u00a0 Det er det samme som Tweens I, men for de litt eldre barna. Her tas det hensyn til at mange sliter med \u00e5 v\u00e6re &laquo;in-betweens&raquo;, med andre ord de kan f\u00f8le seg som ten\u00e5ringer, men s\u00e5 har de ikke blitt det enn\u00e5. M\u00e5let er \u00e5 skape et milj\u00f8 disse \u00f8nsker \u00e5 ta del i. Det skal v\u00e6re en mening med det \u00e5 v\u00e6re katolikk for de eldre barna !!! F\u00f8rste gang vi m\u00f8tes blir l\u00f8rdag 11.september.<\/li>\n<\/ol>\n<p><strong>8.klassingene &#8211; Det f\u00f8rste konfirmasjons\u00e5ret &#8211;\u00a0L\u00f8rdagskatekese<\/strong>\u00a0 \u00a0 \u00a0 \u00a0 \u00a0 \u00a0 \u00a0 \u00a0 \u00a0 \u00a0 \u00a0 \u00a0 \u00a0 HURRA! Som katolikk er du konfirmant allerede i 8.klasse. Bisped\u00f8mme \u00f8nsker at konfirmasjonsundervisningen skal v\u00e6re to\u00e5rig. Dette er bare et pluss! Vi gleder oss til \u00e5 \u00f8nske 8.klassingene velkommen. Det blir mye moro! Du kommer til\u00a0 \u00e5 l\u00e6re deg selv og din tro mye bedre \u00e5 kjenne n\u00e5r du f\u00e5r litt mer tid p\u00e5 deg. Da f\u00e5r du ogs\u00e5 tid til \u00e5 bli bedre kjent med NUK (Norges Unge Katolikker), den landsdekkende ungdomsorganisasjonen v\u00e5r. Mange katolske ungdommer i Norge er ganske ensomme som katolikker rundt om p\u00e5 skolene og i venneflokkene sine. Ved \u00e5 bli en del av NUK vil det \u00e5pne seg en helt ny verden for deg som ung katolikk. 8.klasse-\u00e5ret blir fra n\u00e5 av en obligatorisk del av konfirmasjonsundervisningen. Det f\u00f8rste m\u00f8tet er l\u00f8rdag 11.september.<\/p>\n<p><strong>9.klassingene &#8211; Det andre og siste konfirmasjons\u00e5ret &#8211; S\u00f8ndagskatekese\u00a0 \u00a0<\/strong> Dette er hoved\u00e5ret for konfirmantene. Det er <em>dette<\/em> skole\u00e5ret dere skal konfirmeres; men ikke f\u00f8r til v\u00e5ren. I mellomtiden skal vi gj\u00f8re mye spennende sammen! Gled dere! Vi m\u00f8tes som regel hver f\u00f8rste s\u00f8ndag i m\u00e5neden til messen kl 11. Etter messen har vi litt sosialt med litt \u00e5 spise f\u00f8r vi har en \u00f8kt med undervisning. Det f\u00f8rste m\u00f8tet blir b\u00e5de p\u00e5 en l\u00f8rdag og s\u00f8ndag; l\u00f8rdag 4.september (kl 14 &#8211; 20) og s\u00f8ndag 5.september (kl 11 i messen &#8211; kl 15).<\/p>\n<p><strong>Struktur\/ramme for katekesen 2021\/2022:\u00a0 \u00a0<\/strong>\u00a0 \u00a0 \u00a0 \u00a0 \u00a0 \u00a0 \u00a0 \u00a0 \u00a0 \u00a0 \u00a0 \u00a0 \u00a0 \u00a0 \u00a0 \u00a0 \u00a0 \u00a0 \u00a0 \u00a0 \u00a0 \u00a0 \u00a0 \u00a0 \u00a0 \u00a0 \u00a0 \u00a0 \u00a0 \u00a0 \u00a0 \u00a0 \u00a0 \u00a0 \u00a0L\u00f8rdager fra kl 11 &#8211; 15 m\u00f8tes 3.klassingene (Kommunion II-gruppa), og <em>begge<\/em> Tweens-gruppene.<\/p>\n<p>L\u00f8rdager fra kl 14 &#8211; 17 m\u00f8tes Konfirmant I-gruppa (8.klassingene).<\/p>\n<p>Den f\u00f8rste s\u00f8ndagen hver m\u00e5ned m\u00f8tes Konfirmant II-gruppa (9.klassingene) f\u00f8rst til messe kl 11, og deretter til undervisning med litt matservering etter messen til kl 15:00.<\/p>\n<p>Den fjerde s\u00f8ndagen hver m\u00e5ned er det familiekatekese. Dette blir obligatorisk for 2.klassinger (Kommunion I-gruppa). Da m\u00f8ter vi f\u00f8rst til messen kl 11, og s\u00e5 blir det opplegg og matservering for hele familien etter messen.<\/p>\n<p><strong>VIKTIG BESKJED TIL NESTE \u00c5RS 3. OG 9.KLASSINGER:<\/strong> Dere trenger ikke \u00e5 g\u00e5 to \u00e5r i denne overgangsfasen. Det blir ikke riktig. Dere g\u00e5r kun ett \u00e5r og mottar sakramentene til v\u00e5ren 2022. Det nye to\u00e5rige l\u00f8pet for f\u00f8rstekommunikanter og konfirmanter gjelder for de fra h\u00f8sten av g\u00e5r i 2. og 8.klasse. Etter dette \u00e5ret blir det to\u00e5rig l\u00f8p for alle.<\/p>\n<p><strong>EN SV\u00c6RT VIKTIG BESKJED TIL FORESATTE, MENIGHETENS ELDRE UNGDOMMER OG TIL ALLE VOKSNE:<\/strong> F\u00e5r \u00e5 f\u00e5 til denne endringen i katekesen trenger vi flere pedagoger\/kateketer og assistenter. Kan det v\u00e6re deg? Ta kontakt med katekesekoordinator Terese Ranek (tlf# 40451985).<\/p>\n<p>&nbsp;<\/p>\n<p>&nbsp;<\/p>\n","protected":false},"excerpt":{"rendered":"<p>Generell informasjon om katekesen Vi har foretatt EN LITEN OMORGANISERING AV KATEKESEN: Dette er veldig spennende! Vi har en god del nye tanker og ideer, og s\u00e5 kommer noen store endringer som vi b\u00f8r gj\u00f8re; endringer som er \u00f8nsket av bisped\u00f8mmet.\u00a0 Katekesen 2021\/2022 blir dermed slik: (Forenklet oversikt med datoer og dagsplan) Familiekatekese:\u00a0 Hver 4.s\u00f8ndag &hellip; <\/p>\n<p class=\"link-more\"><a href=\"https:\/\/tonsberg.katolsk.no\/index.php\/katekese\/generell-informasjon-om-katekesen\/\" class=\"more-link\">Fortsett \u00e5 lese<span class=\"screen-reader-text\"> \u00abGenerell informasjon om katekesen\u00bb<\/span><\/a><\/p>\n","protected":false},"author":3,"featured_media":0,"parent":12,"menu_order":0,"comment_status":"closed","ping_status":"closed","template":"","meta":{"footnotes":""},"class_list":["post-2070","page","type-page","status-publish","hentry"],"_links":{"self":[{"href":"https:\/\/tonsberg.katolsk.no\/index.php\/wp-json\/wp\/v2\/pages\/2070","targetHints":{"allow":["GET"]}}],"collection":[{"href":"https:\/\/tonsberg.katolsk.no\/index.php\/wp-json\/wp\/v2\/pages"}],"about":[{"href":"https:\/\/tonsberg.katolsk.no\/index.php\/wp-json\/wp\/v2\/types\/page"}],"author":[{"embeddable":true,"href":"https:\/\/tonsberg.katolsk.no\/index.php\/wp-json\/wp\/v2\/users\/3"}],"replies":[{"embeddable":true,"href":"https:\/\/tonsberg.katolsk.no\/index.php\/wp-json\/wp\/v2\/comments?post=2070"}],"version-history":[{"count":1,"href":"https:\/\/tonsberg.katolsk.no\/index.php\/wp-json\/wp\/v2\/pages\/2070\/revisions"}],"predecessor-version":[{"id":2071,"href":"https:\/\/tonsberg.katolsk.no\/index.php\/wp-json\/wp\/v2\/pages\/2070\/revisions\/2071"}],"up":[{"embeddable":true,"href":"https:\/\/tonsberg.katolsk.no\/index.php\/wp-json\/wp\/v2\/pages\/12"}],"wp:attachment":[{"href":"https:\/\/tonsberg.katolsk.no\/index.php\/wp-json\/wp\/v2\/media?parent=2070"}],"curies":[{"name":"wp","href":"https:\/\/api.w.org\/{rel}","templated":true}]}}