{"id":2078,"date":"2021-10-07T16:04:11","date_gmt":"2021-10-07T14:04:11","guid":{"rendered":"http:\/\/tonsberg.katolsk.no\/?page_id=2078"},"modified":"2021-10-07T16:10:24","modified_gmt":"2021-10-07T14:10:24","slug":"katekesekontingent-og-pameldingsfrister","status":"publish","type":"page","link":"https:\/\/tonsberg.katolsk.no\/index.php\/katekese\/katekesekontingent-og-pameldingsfrister\/","title":{"rendered":"Katekesekontingent og p\u00e5meldingsfrister"},"content":{"rendered":"<h1>Hva koster katekesen?<br \/>\n<strong>Katekesekontingent og p\u00e5meldingsfrister<br \/>\n<\/strong><strong>Kirkens katekesekonto:\u00a0<span style=\"color: #ff0000;\">1638 17 36583<\/span><\/strong><\/h1>\n<p>&nbsp;<\/p>\n<p><strong>Hvis man har flere barn i katekesen ( i forskjellige grupper): Se kontingenter for \u00ab\u2026barn i flere katekesegrupper?\u00bb.<\/strong><\/p>\n<p>2.klasse og Familiekatekese: kr 350 \u2013 \u00c5pen p\u00e5melding<\/p>\n<p>3.klasse ( f\u00f8rstekommunion hovedgr.):\u00a0\u00a0<strong>kr 350 \u2013 Ingen flere p\u00e5meldinger<\/strong><\/p>\n<p>Tweens I og II (4. \u2013 7.klasse); kr 350 \u2013 \u00c5pen p\u00e5melding<\/p>\n<p>8.klasse (Konfirmant I);\u00a0<strong>kr 500 \u2013 Ingen flere p\u00e5meldinger<\/strong><\/p>\n<p>9.klasse (Konfirmant II):\u00a0<strong>kr 500 \u2013 Ingen flere p\u00e5meldinger<\/strong><\/p>\n<p><strong>\u00a0<\/strong><\/p>\n<p><strong>Har du barn i flere katekesegrupper?\u00a0<\/strong><\/p>\n<p>Flere barn i katekesen (men ingen i konfirmantgruppene\/ikke 8.kl eller 9.kl) =<br \/>\n<strong>SAMLET KONTINGENT KR 500<\/strong><\/p>\n<p>Flere barn i katekesen og en eller flere av dem er konfirmanter =<br \/>\n<strong>SAMLET KONTINGENT ER KR 700<\/strong><\/p>\n<p><strong>Hva g\u00e5r kontingenten til:<\/strong><\/p>\n<p>Katekese skal i utgangspunktet ikke koste noe, og de som er kateketer er frivillige. Menigheten trenger likevel st\u00f8tte til \u00e5 kj\u00f8pe inn mat og utstyr\/b\u00f8ker til katekesen.<\/p>\n<p>&nbsp;<\/p>\n","protected":false},"excerpt":{"rendered":"<p>Hva koster katekesen? Katekesekontingent og p\u00e5meldingsfrister Kirkens katekesekonto:\u00a01638 17 36583 &nbsp; Hvis man har flere barn i katekesen ( i forskjellige grupper): Se kontingenter for \u00ab\u2026barn i flere katekesegrupper?\u00bb. 2.klasse og Familiekatekese: kr 350 \u2013 \u00c5pen p\u00e5melding 3.klasse ( f\u00f8rstekommunion hovedgr.):\u00a0\u00a0kr 350 \u2013 Ingen flere p\u00e5meldinger Tweens I og II (4. \u2013 7.klasse); kr 350 &hellip; <\/p>\n<p class=\"link-more\"><a href=\"https:\/\/tonsberg.katolsk.no\/index.php\/katekese\/katekesekontingent-og-pameldingsfrister\/\" class=\"more-link\">Fortsett \u00e5 lese<span class=\"screen-reader-text\"> \u00abKatekesekontingent og p\u00e5meldingsfrister\u00bb<\/span><\/a><\/p>\n","protected":false},"author":3,"featured_media":0,"parent":12,"menu_order":0,"comment_status":"closed","ping_status":"closed","template":"","meta":{"footnotes":""},"class_list":["post-2078","page","type-page","status-publish","hentry"],"_links":{"self":[{"href":"https:\/\/tonsberg.katolsk.no\/index.php\/wp-json\/wp\/v2\/pages\/2078","targetHints":{"allow":["GET"]}}],"collection":[{"href":"https:\/\/tonsberg.katolsk.no\/index.php\/wp-json\/wp\/v2\/pages"}],"about":[{"href":"https:\/\/tonsberg.katolsk.no\/index.php\/wp-json\/wp\/v2\/types\/page"}],"author":[{"embeddable":true,"href":"https:\/\/tonsberg.katolsk.no\/index.php\/wp-json\/wp\/v2\/users\/3"}],"replies":[{"embeddable":true,"href":"https:\/\/tonsberg.katolsk.no\/index.php\/wp-json\/wp\/v2\/comments?post=2078"}],"version-history":[{"count":1,"href":"https:\/\/tonsberg.katolsk.no\/index.php\/wp-json\/wp\/v2\/pages\/2078\/revisions"}],"predecessor-version":[{"id":2079,"href":"https:\/\/tonsberg.katolsk.no\/index.php\/wp-json\/wp\/v2\/pages\/2078\/revisions\/2079"}],"up":[{"embeddable":true,"href":"https:\/\/tonsberg.katolsk.no\/index.php\/wp-json\/wp\/v2\/pages\/12"}],"wp:attachment":[{"href":"https:\/\/tonsberg.katolsk.no\/index.php\/wp-json\/wp\/v2\/media?parent=2078"}],"curies":[{"name":"wp","href":"https:\/\/api.w.org\/{rel}","templated":true}]}}