{"id":2274,"date":"2022-03-12T15:56:39","date_gmt":"2022-03-12T14:56:39","guid":{"rendered":"http:\/\/tonsberg.katolsk.no\/?page_id=2274"},"modified":"2022-03-12T15:56:49","modified_gmt":"2022-03-12T14:56:49","slug":"vil-du-bli-ministrant","status":"publish","type":"page","link":"https:\/\/tonsberg.katolsk.no\/index.php\/vil-du-bli-ministrant\/","title":{"rendered":"Vil du bli ministrant?"},"content":{"rendered":"<p>Ministrantlaget har f\u00e5tt egen side under Grupper: <a href=\"https:\/\/tonsberg.katolsk.no\/index.php\/grupper\/ministrantlaget\/\">Ministrantlaget<\/a><\/p>\n<p>Det blir ministrants\u00f8ndag 3. april kl. 12.30-15.00 der nye barn og ungdom fra 3. klasse til 3. videreg\u00e5ende er spesielt velkommen. Mer informasjon p\u00e5 ministrantsiden.<\/p>\n","protected":false},"excerpt":{"rendered":"<p>Ministrantlaget har f\u00e5tt egen side under Grupper: Ministrantlaget Det blir ministrants\u00f8ndag 3. april kl. 12.30-15.00 der nye barn og ungdom fra 3. klasse til 3. videreg\u00e5ende er spesielt velkommen. Mer informasjon p\u00e5 ministrantsiden.<\/p>\n","protected":false},"author":2,"featured_media":0,"parent":0,"menu_order":0,"comment_status":"closed","ping_status":"closed","template":"","meta":{"footnotes":""},"class_list":["post-2274","page","type-page","status-publish","hentry"],"_links":{"self":[{"href":"https:\/\/tonsberg.katolsk.no\/index.php\/wp-json\/wp\/v2\/pages\/2274","targetHints":{"allow":["GET"]}}],"collection":[{"href":"https:\/\/tonsberg.katolsk.no\/index.php\/wp-json\/wp\/v2\/pages"}],"about":[{"href":"https:\/\/tonsberg.katolsk.no\/index.php\/wp-json\/wp\/v2\/types\/page"}],"author":[{"embeddable":true,"href":"https:\/\/tonsberg.katolsk.no\/index.php\/wp-json\/wp\/v2\/users\/2"}],"replies":[{"embeddable":true,"href":"https:\/\/tonsberg.katolsk.no\/index.php\/wp-json\/wp\/v2\/comments?post=2274"}],"version-history":[{"count":2,"href":"https:\/\/tonsberg.katolsk.no\/index.php\/wp-json\/wp\/v2\/pages\/2274\/revisions"}],"predecessor-version":[{"id":2276,"href":"https:\/\/tonsberg.katolsk.no\/index.php\/wp-json\/wp\/v2\/pages\/2274\/revisions\/2276"}],"wp:attachment":[{"href":"https:\/\/tonsberg.katolsk.no\/index.php\/wp-json\/wp\/v2\/media?parent=2274"}],"curies":[{"name":"wp","href":"https:\/\/api.w.org\/{rel}","templated":true}]}}