{"id":2281,"date":"2022-03-21T10:46:54","date_gmt":"2022-03-21T09:46:54","guid":{"rendered":"http:\/\/tonsberg.katolsk.no\/?page_id=2281"},"modified":"2022-03-22T14:46:58","modified_gmt":"2022-03-22T13:46:58","slug":"kirkekor-og-kirkemusikken","status":"publish","type":"page","link":"https:\/\/tonsberg.katolsk.no\/index.php\/grupper\/kirkekor\/kirkekor-og-kirkemusikken\/","title":{"rendered":"Kirkemusikken"},"content":{"rendered":"<h1><span style=\"color: #008000;\"><strong>&laquo;NYE&raquo; MESSELEDD TIL P\u00c5SKETIDEN<\/strong><\/span><\/h1>\n<h2><span style=\"color: #ff9900;\"><strong>Kj\u00e6re alle i menigheten!\u00a0<\/strong><\/span><br \/>\n<strong>Denne p\u00e5sken \u00f8nsker vi \u00e5 l\u00e6re inn en ny gregoriansk messe, nemlig p\u00e5skemessen Lux et Origo. Den st\u00e5r som Messe nr 1 i salmeboken.\u00a0Her (lenger ned) finner du Youtube-videoer med alle disse messeleddene (Kyrie, Gloria, Credo, Sanctus og Agnus Dei).<\/strong><\/h2>\n<p>Messen er s\u00e5 absolutt ikke nyskrevet, da den ble til p\u00e5 900- og 1000-tallet, men for oss er den ny. Vi kan riktignok en god del av de gregorianske messene allerede, b\u00e5de MissaVII (De Angelis, Lov Herren nr 8), Missa VI (Requiem, LH # 6),\u00a0 Missa XI (Orbis Factor, LH # 11), Missa XVII (messe for advent og fastetid, den vi synger n\u00e5, LH # 17), og flere av de norske messene. Dette er imponerende for en menighet!<\/p>\n<p>Det tar likevel litt tid for en menighet \u00e5 l\u00e6re seg en <em>ny<\/em> messe. N\u00e5r vi n\u00e5 skal pr\u00f8ve \u00e5 l\u00e6re oss Missa I, Lux et Origo, anbefaler jeg for alle \u00e5 lytte til dette n\u00e5\u00a0s\u00e5 mye som mulig i resten av fastetiden slik at dette ikke blir veldig fremmed n\u00e5r vi f\u00f8rst begynner \u00e5 bruke disse allerede p\u00e5 p\u00e5skenatt og f\u00f8rste p\u00e5skedag. Credo I (nr 21) har vi allerede brukt tidligere, men n\u00e5 tenker vi da \u00e5 bruke denne sammen med Missa I (messe nr 1).<\/p>\n<p>Hvis det lar seg gj\u00f8re skal jeg pr\u00f8ve \u00e5 arrangere en liten \u00f8velse for menigheten i l\u00f8pet av den stille uke en eller annen gang. Det skal bli gitt beskjed om dette veldig snart.<\/p>\n<p>-Hilsen Terese<\/p>\n<h1><span style=\"color: #ff9900;\"><strong>HER ER MESSELEDDENE:<\/strong><\/span><\/h1>\n<p><strong>Kyrie:<\/strong>\u00a0<a href=\"https:\/\/www.youtube.com\/watch?v=KnBzUj_K3Ic\">(361) Kyrie I (Lux et Origo) &#8211; YouTube<\/a><\/p>\n<p><strong>Gloria:\u00a0<\/strong>\u00a0<a href=\"https:\/\/www.youtube.com\/watch?v=gVLlP0uoSFg\">(361) Gloria I (Lux et Origo) &#8211; YouTube<\/a><\/p>\n<p><strong>Credo I:<\/strong>\u00a0<a href=\"https:\/\/www.youtube.com\/watch?v=N4BZkv7Aa7o&amp;t=54s\">(361) Credo I &#8211; YouTube<\/a><\/p>\n<p><strong>Sanctus:<\/strong>\u00a0<a href=\"https:\/\/www.youtube.com\/watch?v=1JXcSmSLfbI\">(361) Sanctus I (Lux et Origo) &#8211; YouTube<\/a><\/p>\n<p><strong>Agnus Dei:<\/strong>\u00a0<a href=\"https:\/\/www.youtube.com\/watch?v=OcngUd1oMm0\">(361) Agnus Dei I (Lux et Origo) &#8211; YouTube<\/a><\/p>\n","protected":false},"excerpt":{"rendered":"<p>&laquo;NYE&raquo; MESSELEDD TIL P\u00c5SKETIDEN Kj\u00e6re alle i menigheten!\u00a0 Denne p\u00e5sken \u00f8nsker vi \u00e5 l\u00e6re inn en ny gregoriansk messe, nemlig p\u00e5skemessen Lux et Origo. Den st\u00e5r som Messe nr 1 i salmeboken.\u00a0Her (lenger ned) finner du Youtube-videoer med alle disse messeleddene (Kyrie, Gloria, Credo, Sanctus og Agnus Dei). Messen er s\u00e5 absolutt ikke nyskrevet, da &hellip; <\/p>\n<p class=\"link-more\"><a href=\"https:\/\/tonsberg.katolsk.no\/index.php\/grupper\/kirkekor\/kirkekor-og-kirkemusikken\/\" class=\"more-link\">Fortsett \u00e5 lese<span class=\"screen-reader-text\"> \u00abKirkemusikken\u00bb<\/span><\/a><\/p>\n","protected":false},"author":3,"featured_media":0,"parent":261,"menu_order":0,"comment_status":"closed","ping_status":"closed","template":"","meta":{"footnotes":""},"class_list":["post-2281","page","type-page","status-publish","hentry"],"_links":{"self":[{"href":"https:\/\/tonsberg.katolsk.no\/index.php\/wp-json\/wp\/v2\/pages\/2281","targetHints":{"allow":["GET"]}}],"collection":[{"href":"https:\/\/tonsberg.katolsk.no\/index.php\/wp-json\/wp\/v2\/pages"}],"about":[{"href":"https:\/\/tonsberg.katolsk.no\/index.php\/wp-json\/wp\/v2\/types\/page"}],"author":[{"embeddable":true,"href":"https:\/\/tonsberg.katolsk.no\/index.php\/wp-json\/wp\/v2\/users\/3"}],"replies":[{"embeddable":true,"href":"https:\/\/tonsberg.katolsk.no\/index.php\/wp-json\/wp\/v2\/comments?post=2281"}],"version-history":[{"count":4,"href":"https:\/\/tonsberg.katolsk.no\/index.php\/wp-json\/wp\/v2\/pages\/2281\/revisions"}],"predecessor-version":[{"id":2297,"href":"https:\/\/tonsberg.katolsk.no\/index.php\/wp-json\/wp\/v2\/pages\/2281\/revisions\/2297"}],"up":[{"embeddable":true,"href":"https:\/\/tonsberg.katolsk.no\/index.php\/wp-json\/wp\/v2\/pages\/261"}],"wp:attachment":[{"href":"https:\/\/tonsberg.katolsk.no\/index.php\/wp-json\/wp\/v2\/media?parent=2281"}],"curies":[{"name":"wp","href":"https:\/\/api.w.org\/{rel}","templated":true}]}}