{"id":2428,"date":"2022-07-04T13:29:26","date_gmt":"2022-07-04T11:29:26","guid":{"rendered":"http:\/\/tonsberg.katolsk.no\/?page_id=2428"},"modified":"2022-09-14T12:44:22","modified_gmt":"2022-09-14T10:44:22","slug":"presseklipp-i-forbindelse-med-400-arsminnet-for-klosterlasses-dod","status":"publish","type":"page","link":"https:\/\/tonsberg.katolsk.no\/index.php\/klosterlasse\/presseklipp-i-forbindelse-med-400-arsminnet-for-klosterlasses-dod\/","title":{"rendered":"Presseklipp i forbindelse med 400-\u00e5rsminnet for Klosterlasses d\u00f8d"},"content":{"rendered":"<p><strong>Presseklipp i forbindelse med markeringen av 400-\u00e5rsminnet for Klosterlasses d\u00f8d, 5.-6. mai 2022<\/strong><\/p>\n<p><a href=\"https:\/\/tonsberg.katolsk.no\/wp-content\/uploads\/2022\/07\/Minneplaten-avduket-og-velsignet-05052022.jpg\"><img loading=\"lazy\" decoding=\"async\" class=\"alignleft wp-image-2432 size-medium\" src=\"https:\/\/tonsberg.katolsk.no\/wp-content\/uploads\/2022\/07\/Minneplaten-avduket-og-velsignet-05052022-215x300.jpg\" alt=\"\" width=\"215\" height=\"300\" srcset=\"https:\/\/tonsberg.katolsk.no\/wp-content\/uploads\/2022\/07\/Minneplaten-avduket-og-velsignet-05052022-215x300.jpg 215w, https:\/\/tonsberg.katolsk.no\/wp-content\/uploads\/2022\/07\/Minneplaten-avduket-og-velsignet-05052022.jpg 601w\" sizes=\"auto, (max-width: 215px) 100vw, 215px\" \/><\/a><\/p>\n<p><em>Firehundre\u00e5rsminnet for pater Lauritz Nielss\u00f8n SJ, alias Klosterlasse, ble markert i T\u00f8nsberg 5. og 6. mai 2022. Han d\u00f8de 5. mai 1622 og ble begravet i St. Johannes-kirken i Vilnius. Senere ble han flyttet til en fellesgrav utenfor kirken, p\u00e5 venstre side av kirken. I september 1998 ble en minneplate avduket av kong Harald V inne i kirken. P\u00e5 firehundre\u00e5rsdagen for Klosterlasses d\u00f8d, torsdag 5. mai 2022, ble en <a href=\"https:\/\/tonsberg.katolsk.no\/index.php\/2022\/05\/08\/minneplaten-for-pater-lauritz-nielsson-sj\/\">minneplate avduket og velsignet<\/a> utenfor St. Olav kirke i T\u00f8nsberg, Lauritz Nielss\u00f8ns f\u00f8deby. Dagen etter arrangerte Universitetet i S\u00f8r\u00f8st-Norge, i samarbeid med Slottsfjellsmuseet og St. Olav forlag, fagseminaret \u00abKlosterlasse og motreformasjonen i Skandinavia\u00bb (skjermbilde av programmet nedenfor):<br \/>\n<a href=\"https:\/\/tonsberg.katolsk.no\/wp-content\/uploads\/2022\/07\/Fagseminar-Klosterlasse-050522.png\"><img loading=\"lazy\" decoding=\"async\" class=\"alignleft wp-image-2515 size-large\" src=\"https:\/\/tonsberg.katolsk.no\/wp-content\/uploads\/2022\/07\/Fagseminar-Klosterlasse-050522-560x1024.png\" alt=\"\" width=\"525\" height=\"960\" srcset=\"https:\/\/tonsberg.katolsk.no\/wp-content\/uploads\/2022\/07\/Fagseminar-Klosterlasse-050522-560x1024.png 560w, https:\/\/tonsberg.katolsk.no\/wp-content\/uploads\/2022\/07\/Fagseminar-Klosterlasse-050522-164x300.png 164w, https:\/\/tonsberg.katolsk.no\/wp-content\/uploads\/2022\/07\/Fagseminar-Klosterlasse-050522.png 764w\" sizes=\"auto, (max-width: 525px) 100vw, 525px\" \/><\/a><br \/>\n<\/em><\/p>\n<p><strong>ONSDAG 30. MARS:<\/strong><br \/>\n&#8211;\u00a0<em><a href=\"https:\/\/www.katolsk.no\/nyheter\/2022\/03\/stor-klosterlasse-markering-i-tonsberg\" target=\"_blank\" rel=\"noopener\">Stor Klosterlasse-markering i T\u00f8nsberg<\/a> <\/em>(katolsk.no)<\/p>\n<p><strong>MANDAG 2. MAI:<\/strong><br \/>\n&#8211;<a href=\"https:\/\/www.tb.no\/klosterlasse-fra-vilnius-i-1622-til-tonsberg-i-2022\/o\/5-76-1785520\" target=\"_blank\" rel=\"noopener\">\u00a0<em>Klosterlasse: Fra Vilnius i 1622 til T\u00f8nsberg i 2022<\/em><\/a> (digital kronikk i T\u00f8nsbergs Blad, senere publisert i papiravisen 5. mai)<\/p>\n<p><strong>TIRSDAG 3. MAI:<\/strong><br \/>\n&#8211; <em><a href=\"https:\/\/www.katolsk.no\/nyheter\/2022\/05\/400-arsmarkering-vil-oppkalle-gate-etter-klosterlasse\">400-\u00e5rsmarkering: Vil oppkalle gate etter Klosterlasse<\/a><\/em> (katolsk.no)<br \/>\n&#8211; <em><a href=\"https:\/\/www.dagen.no\/nyheter\/tonsberg-kirke-ber-kommunen-oppkalle-gate-etter-katolsk-helt\/\" target=\"_blank\" rel=\"noopener\">T\u00f8nsberg-kirke ber kommunen kalle opp gate etter katolsk helt<\/a><\/em> (Dagen.no \u2013 bak betalingsmur)<\/p>\n<p><strong>ONSDAG 4. MAI:<\/strong><br \/>\n&#8211; <em><a href=\"https:\/\/www.katolsk.no\/nyheter\/2022\/05\/400-ar-siden-klosterlasse-dode-far-gate-oppkalt-etter-seg\" target=\"_blank\" rel=\"noopener\">400 \u00e5r siden Klosterlasse d\u00f8de. F\u00e5r gate oppkalt etter seg. F\u00f8rste offisielle anerkjennelse i Norge<\/a> <\/em>(katolsk.no)<br \/>\n&#8211; <em>Politikere i T\u00f8nsberg gikk inn for \u00e5 hedre hemmelig katolsk agent\/<a href=\"https:\/\/www.dagen.no\/nyheter\/katolikker-fikk-politikerne-med-pa-a-hedre-klosterlasse\/\" target=\"_blank\" rel=\"noopener\">Katolikker fikk politikere med p\u00e5 \u00e5 hedre \u00abKlosterlasse\u00bb<\/a><\/em> (Dagen.no \u2013 bak betalingsmur)<br \/>\n<a href=\"https:\/\/tonsberg.katolsk.no\/wp-content\/uploads\/2022\/07\/Skjermbilde-fra-overskrifter-i-Dagen.png\"><img loading=\"lazy\" decoding=\"async\" class=\"size-medium wp-image-2437 aligncenter\" src=\"https:\/\/tonsberg.katolsk.no\/wp-content\/uploads\/2022\/07\/Skjermbilde-fra-overskrifter-i-Dagen-300x247.png\" alt=\"\" width=\"300\" height=\"247\" srcset=\"https:\/\/tonsberg.katolsk.no\/wp-content\/uploads\/2022\/07\/Skjermbilde-fra-overskrifter-i-Dagen-300x247.png 300w, https:\/\/tonsberg.katolsk.no\/wp-content\/uploads\/2022\/07\/Skjermbilde-fra-overskrifter-i-Dagen.png 625w\" sizes=\"auto, (max-width: 300px) 100vw, 300px\" \/><\/a><br \/>\n<strong>TORSDAG 5. MAI:<\/strong><br \/>\n&#8211; NRK Radio P1, <em>Morran i Vestfold<\/em> \u2013 tre innslag:<br \/>\n1) <a href=\"https:\/\/radio.nrk.no\/serie\/distriktsprogram-vestfold\/sesong\/202205\/DKVE01008622#t=1h6m51s\" target=\"_blank\" rel=\"noopener\">Historien om Klosterlasse<\/a><br \/>\n2) <a href=\"https:\/\/radio.nrk.no\/serie\/distriktsprogram-vestfold\/sesong\/202205\/DKVE01008622#t=1h13m4s\" target=\"_blank\" rel=\"noopener\">Hvem var Klosterlasse?<\/a> (Fem p\u00e5 gata)<br \/>\n3) <a href=\"https:\/\/radio.nrk.no\/serie\/distriktsprogram-vestfold\/sesong\/202205\/DKVE01008622#t=1h15m46s\" target=\"_blank\" rel=\"noopener\">Klosterlasse f\u00e5r sin hyllest i dag<\/a><\/p>\n<p>&#8211; NRK TV 1:<br \/>\n1) <em>Distriktsnyheter Vestfold og Telemark kl. 19.45<\/em> (ca. 2 minutters innslag): <a href=\"https:\/\/tv.nrk.no\/serie\/distriktsnyheter-fra-vestfold-og-telemark\/202205\/DKVT98050522\/avspiller#t=11m32s\" target=\"_blank\" rel=\"noopener\">KLOSTER-LASSE<\/a><br \/>\n2) <em>Distriktsnyheter V. og T. kl. 22.55<\/em> (ca. et halvt minutts innslag): <a href=\"https:\/\/tv.nrk.no\/serie\/distriktsnyheter-fra-vestfold-og-telemark\/202205\/DKVT99050522\/avspiller#t=3m49s\" target=\"_blank\" rel=\"noopener\">Messe for Kloster-Lasse<\/a><\/p>\n<p>&#8211; T\u00f8nsbergs Blad: <em><a href=\"https:\/\/tonsberg.katolsk.no\/wp-content\/uploads\/2022\/07\/Klosterlasse-kronikk-p\u00e5-en-side-TB-05.05.22.pdf\" target=\"_blank\" rel=\"noopener\">Klosterlasse: Fra Vilnius i 1622 til T\u00f8nsberg i 2022<\/a><\/em>\u00a0(kronikk i T\u00f8nsbergs Blad, f\u00f8rst publisert digitalt 2. mai)<\/p>\n<p><strong>FREDAG 6. MAI:<\/strong><br \/>\n&#8211;\u00a0<a href=\"https:\/\/www.youtube.com\/watch?v=deI-OSFXJ5E\" target=\"_blank\" rel=\"noopener\">Video med h\u00f8ydepunkt fra rekviemmessen og avduking og velsignelse av minneplaten<\/a> (5.24 min., katolsk.no)<\/p>\n<p><strong>L\u00d8RDAG 7. MAI:<\/strong><br \/>\n&#8211; <em><a href=\"https:\/\/tonsberg.katolsk.no\/wp-content\/uploads\/2022\/07\/Om-utstilling-og-seminar-TB-07.05.22.pdf\" target=\"_blank\" rel=\"noopener\">Viser fram &laquo;Klosterlasse&raquo;<\/a>.<\/em> Intervju i T\u00f8nsbergs blad ang\u00e5ende utstillingen p\u00e5 Slottsfjellsmuseet \u00abKlosterlasse og motreformasjonen i Skandinavia\u00bb<\/p>\n<p><strong>TORSDAG 12. MAI:<\/strong><br \/>\n&#8211; <em><a href=\"https:\/\/www.tb.no\/fire-hundre-ar-etter-sin-dod-ble-klosterlasse-hedret-det-er-bade-fint-og-viktig\/s\/5-76-1789112\" target=\"_blank\" rel=\"noopener\">Fire hundre \u00e5r etter sin d\u00f8d, ble Klosterlasse hedret<\/a> <\/em>(nettartikkel i T\u00f8nsbergs Blad med flere bilder, bak betalingsmur, senere publisert i papiravisen 16. mai med kun ett bilde)<br \/>\n&#8211; <em><a href=\"https:\/\/www.katolsk.no\/nyheter\/2022\/05\/klosterlasse-kom-hjem-messe-og-avduking-av-minneplate-i-tonsberg\" target=\"_blank\" rel=\"noopener\">Klosterlasse kom hjem: Messe og avduking av minneplate i T\u00f8nsberg<\/a><\/em> (katolsk.no, stor reportasje med mange bilder \u2013 samme reportasje <a href=\"https:\/\/www.katolsk.no\/nyheter\/2022\/05\/klosterlasse-powrocil-do-domu-msza-i-odsloniecie-tablicy-pamiatkowej-w-tonsberg\" target=\"_blank\" rel=\"noopener\">p\u00e5 polsk publisert 11. mai<\/a>)<\/p>\n<p><strong>MANDAG 16. MAI:<\/strong><br \/>\n&#8211; <em><a href=\"https:\/\/www.tb.no\/en-farlig-kriminell-har-fatt-sin-belonning-sa-hva-na\/o\/5-76-1790687\" target=\"_blank\" rel=\"noopener\">En farlig kriminell har f\u00f8dt sin bel\u00f8nning. S\u00e5 hva n\u00e5?<\/a><\/em> Kommentarartikkel ved debattansvarlig i T\u00f8nsbergs Blad<br \/>\n&#8211; <em><a href=\"https:\/\/tonsberg.katolsk.no\/wp-content\/uploads\/2022\/07\/TB-160522-bare-den-ene-siden.pdf\" target=\"_blank\" rel=\"noopener\">Fire hundre \u00e5r etter sin d\u00f8d ble Klosterlasse hedret<\/a><\/em> (papirutgaven av T\u00f8nsbergs Blad, tidligere publiser som nettartikkel med flere bilder)<\/p>\n<p><strong>TIRSDAG 17. MAI:<\/strong><br \/>\n&#8211;\u00a0<em><a href=\"https:\/\/forskersonen.no\/meninger-populaervitenskap-religionshistorie\/klosterlasse-var-en-av-historiens-mest-betydelige-nordmenn-hvorfor-har-vi-ikke-hort-om-ham\/2026783\" target=\"_blank\" rel=\"noopener\">\u00abKlosterlasse\u00bb var en av historiens mest betydelige nordmenn. Hvorfor har vi ikke h\u00f8rt om ham?<\/a><\/em> (kronikk i forskersonen.no)<\/p>\n","protected":false},"excerpt":{"rendered":"<p>Presseklipp i forbindelse med markeringen av 400-\u00e5rsminnet for Klosterlasses d\u00f8d, 5.-6. mai 2022 Firehundre\u00e5rsminnet for pater Lauritz Nielss\u00f8n SJ, alias Klosterlasse, ble markert i T\u00f8nsberg 5. og 6. mai 2022. Han d\u00f8de 5. mai 1622 og ble begravet i St. Johannes-kirken i Vilnius. Senere ble han flyttet til en fellesgrav utenfor kirken, p\u00e5 venstre side &hellip; <\/p>\n<p class=\"link-more\"><a href=\"https:\/\/tonsberg.katolsk.no\/index.php\/klosterlasse\/presseklipp-i-forbindelse-med-400-arsminnet-for-klosterlasses-dod\/\" class=\"more-link\">Fortsett \u00e5 lese<span class=\"screen-reader-text\"> \u00abPresseklipp i forbindelse med 400-\u00e5rsminnet for Klosterlasses d\u00f8d\u00bb<\/span><\/a><\/p>\n","protected":false},"author":2,"featured_media":0,"parent":49,"menu_order":0,"comment_status":"closed","ping_status":"closed","template":"","meta":{"footnotes":""},"class_list":["post-2428","page","type-page","status-publish","hentry"],"_links":{"self":[{"href":"https:\/\/tonsberg.katolsk.no\/index.php\/wp-json\/wp\/v2\/pages\/2428","targetHints":{"allow":["GET"]}}],"collection":[{"href":"https:\/\/tonsberg.katolsk.no\/index.php\/wp-json\/wp\/v2\/pages"}],"about":[{"href":"https:\/\/tonsberg.katolsk.no\/index.php\/wp-json\/wp\/v2\/types\/page"}],"author":[{"embeddable":true,"href":"https:\/\/tonsberg.katolsk.no\/index.php\/wp-json\/wp\/v2\/users\/2"}],"replies":[{"embeddable":true,"href":"https:\/\/tonsberg.katolsk.no\/index.php\/wp-json\/wp\/v2\/comments?post=2428"}],"version-history":[{"count":11,"href":"https:\/\/tonsberg.katolsk.no\/index.php\/wp-json\/wp\/v2\/pages\/2428\/revisions"}],"predecessor-version":[{"id":2517,"href":"https:\/\/tonsberg.katolsk.no\/index.php\/wp-json\/wp\/v2\/pages\/2428\/revisions\/2517"}],"up":[{"embeddable":true,"href":"https:\/\/tonsberg.katolsk.no\/index.php\/wp-json\/wp\/v2\/pages\/49"}],"wp:attachment":[{"href":"https:\/\/tonsberg.katolsk.no\/index.php\/wp-json\/wp\/v2\/media?parent=2428"}],"curies":[{"name":"wp","href":"https:\/\/api.w.org\/{rel}","templated":true}]}}