{"id":261,"date":"2017-08-26T08:37:43","date_gmt":"2017-08-26T06:37:43","guid":{"rendered":"http:\/\/xn--tnsberg-q1a.katolsk.no\/?page_id=261"},"modified":"2023-10-04T10:05:54","modified_gmt":"2023-10-04T08:05:54","slug":"kirkekor","status":"publish","type":"page","link":"https:\/\/tonsberg.katolsk.no\/index.php\/grupper\/kirkekor\/","title":{"rendered":"Kirkekoret"},"content":{"rendered":"<h1><span style=\"color: #ff6600;\"><strong>KOR\u00d8VELSER &#8211; H\u00d8STEN 2023<\/strong><\/span><\/h1>\n<p>\u00d8velsene er p\u00e5 onsdager fra kl 18:30 &#8211; 20:00. Koret synger som regel til alle h\u00f8ymesser og til en god del av de store h\u00f8ytidene og kirkelige festene. Det er viktig \u00e5 sjekke datoene nedenfor datoene da det er noen onsdager uten \u00f8velser.<\/p>\n<p><strong>Datoer for \u00f8velser<\/strong> (kl 18:30 &#8211; 20:00. Noen \u00f8velser blir lengre. Det gis beskjed)<strong>:<\/strong><br \/>\nOktober: <strong>4.okt.<\/strong> og <strong>11.okt.<\/strong><br \/>\nNovember: <strong>1.nov.<\/strong> kl 17:15 (\u00d8velse f\u00f8r allehelgensmessen)., <strong>2.nov<\/strong>. kl 17:15 (\u00f8velse f\u00f8r allesjelers messen), <strong>8.nov.<\/strong>, <strong>15.nov.<\/strong>, <strong>22.nov.<\/strong>, <strong>29.nov.<\/strong>,<br \/>\nDesember: <strong>6.des.<\/strong>, <strong>13.des<\/strong>., <strong>20.des.<\/strong><\/p>\n<p><strong>Store h\u00f8ytider og fester <\/strong>(foruten vanlige s\u00f8ndagsmesser)<strong>:<\/strong><br \/>\n<strong>November:<\/strong> onsdag 1.nov. = Allehelgens dag, torsdag 2.nov. = Allesjelers dag, s\u00f8ndag 26.nov. = Kristi Kongefest,<br \/>\n<strong>Desember:<\/strong> s\u00f8ndag kveld\/natt 24.des. = Julenattsmessen, mandag 25.des. 1.juledagsmesse, s\u00f8ndag 31.des. = Den hellige familie<\/p>\n<p><span style=\"color: #ff6600;\"><strong>Vi \u00f8nsker alle interesserte hjertelig velkommen til kor\u00f8velsene<\/strong><\/span>. Det er ingen krav om \u00e5 ha mye kor- eller erfaring \u00e5 synge fra f\u00f8r, om man er ikke n\u00f8dt til \u00e5 kunne lese noter.<\/p>\n<p><strong>For sp\u00f8rsm\u00e5l:<\/strong> Ta kontakt med Terese tlfnr. 40451985 eller e-post: <span style=\"color: #3366ff;\"><em>terese.ranek@katolsk.no\u00a0<\/em><\/span><\/p>\n<p><img loading=\"lazy\" decoding=\"async\" class=\"wp-image-2861 aligncenter\" src=\"https:\/\/tonsberg.katolsk.no\/wp-content\/uploads\/2017\/08\/Koret_Klosterlasse-2022-300x161.jpeg\" alt=\"\" width=\"457\" height=\"245\" srcset=\"https:\/\/tonsberg.katolsk.no\/wp-content\/uploads\/2017\/08\/Koret_Klosterlasse-2022-300x161.jpeg 300w, https:\/\/tonsberg.katolsk.no\/wp-content\/uploads\/2017\/08\/Koret_Klosterlasse-2022.jpeg 629w\" sizes=\"auto, (max-width: 457px) 100vw, 457px\" \/><\/p>\n<p>&nbsp;<\/p>\n<p>&nbsp;<\/p>\n<p><span style=\"color: #008000;\"><strong><span style=\"color: #808000;\">INFORMASJON OM NYE MESSELEDD TIL P\u00c5SKETIDEN FINNES<\/span> <a href=\"https:\/\/tonsberg.katolsk.no\/index.php\/grupper\/kirkekor-og-kirkemusikken\/\">HER<\/a>.\u00a0<\/strong><\/span><br \/>\nDet er en fordel om alle i menigheten f\u00e5r lyttet litt til dette n\u00e5 f\u00f8r p\u00e5sketiden begynner.<br \/>\n<img loading=\"lazy\" decoding=\"async\" class=\"alignnone wp-image-2284\" src=\"https:\/\/tonsberg.katolsk.no\/wp-content\/uploads\/2017\/08\/Illuminated-Manuscript-207x300.jpg\" alt=\"\" width=\"263\" height=\"381\" srcset=\"https:\/\/tonsberg.katolsk.no\/wp-content\/uploads\/2017\/08\/Illuminated-Manuscript-207x300.jpg 207w, https:\/\/tonsberg.katolsk.no\/wp-content\/uploads\/2017\/08\/Illuminated-Manuscript.jpg 551w\" sizes=\"auto, (max-width: 263px) 100vw, 263px\" \/><\/p>\n<h2><\/h2>\n<h2>St. Olav kirkekor<\/h2>\n<p>Kantor: Terese Arpas Ranek,\u00a0tlf. 404 51 985<\/p>\n<p><a href=\"https:\/\/www.facebook.com\/christian.christiansen.568\/videos\/10156274990088268\/\" target=\"_blank\" rel=\"noopener\">Opptak av konsert &laquo;Til Marias \u00e6re&raquo; 19. november 2017<\/a>.<\/p>\n","protected":false},"excerpt":{"rendered":"<p>KOR\u00d8VELSER &#8211; H\u00d8STEN 2023 \u00d8velsene er p\u00e5 onsdager fra kl 18:30 &#8211; 20:00. Koret synger som regel til alle h\u00f8ymesser og til en god del av de store h\u00f8ytidene og kirkelige festene. Det er viktig \u00e5 sjekke datoene nedenfor datoene da det er noen onsdager uten \u00f8velser. Datoer for \u00f8velser (kl 18:30 &#8211; 20:00. Noen &hellip; <\/p>\n<p class=\"link-more\"><a href=\"https:\/\/tonsberg.katolsk.no\/index.php\/grupper\/kirkekor\/\" class=\"more-link\">Fortsett \u00e5 lese<span class=\"screen-reader-text\"> \u00abKirkekoret\u00bb<\/span><\/a><\/p>\n","protected":false},"author":2,"featured_media":0,"parent":15,"menu_order":0,"comment_status":"closed","ping_status":"closed","template":"","meta":{"footnotes":""},"class_list":["post-261","page","type-page","status-publish","hentry"],"_links":{"self":[{"href":"https:\/\/tonsberg.katolsk.no\/index.php\/wp-json\/wp\/v2\/pages\/261","targetHints":{"allow":["GET"]}}],"collection":[{"href":"https:\/\/tonsberg.katolsk.no\/index.php\/wp-json\/wp\/v2\/pages"}],"about":[{"href":"https:\/\/tonsberg.katolsk.no\/index.php\/wp-json\/wp\/v2\/types\/page"}],"author":[{"embeddable":true,"href":"https:\/\/tonsberg.katolsk.no\/index.php\/wp-json\/wp\/v2\/users\/2"}],"replies":[{"embeddable":true,"href":"https:\/\/tonsberg.katolsk.no\/index.php\/wp-json\/wp\/v2\/comments?post=261"}],"version-history":[{"count":10,"href":"https:\/\/tonsberg.katolsk.no\/index.php\/wp-json\/wp\/v2\/pages\/261\/revisions"}],"predecessor-version":[{"id":2862,"href":"https:\/\/tonsberg.katolsk.no\/index.php\/wp-json\/wp\/v2\/pages\/261\/revisions\/2862"}],"up":[{"embeddable":true,"href":"https:\/\/tonsberg.katolsk.no\/index.php\/wp-json\/wp\/v2\/pages\/15"}],"wp:attachment":[{"href":"https:\/\/tonsberg.katolsk.no\/index.php\/wp-json\/wp\/v2\/media?parent=261"}],"curies":[{"name":"wp","href":"https:\/\/api.w.org\/{rel}","templated":true}]}}