{"id":2625,"date":"2022-12-14T21:16:08","date_gmt":"2022-12-14T20:16:08","guid":{"rendered":"http:\/\/tonsberg.katolsk.no\/?page_id=2625"},"modified":"2026-03-06T14:46:11","modified_gmt":"2026-03-06T13:46:11","slug":"det-liturgiske-ar-i-st-olav-kirke-tonsberg","status":"publish","type":"page","link":"https:\/\/tonsberg.katolsk.no\/index.php\/messetider\/det-liturgiske-ar-i-st-olav-kirke-tonsberg\/","title":{"rendered":"Det liturgiske \u00e5r i St. Olav kirke, T\u00f8nsberg"},"content":{"rendered":"<p>S\u00d8NDAGSMESSER<br \/>\nDet liturgiske \u00e5r starter <strong>f\u00f8rste s\u00f8ndag i advent <\/strong>(mellom 27. november og 3. desember). I St. Olav kirke er det hver uke flere s\u00f8ndagsmesser p\u00e5 ulike spr\u00e5k. Se oversikt over <strong>faste messetider p\u00e5 s\u00f8ndager og hverdager og m\u00e5nedens messetider<\/strong> <a href=\"https:\/\/tonsberg.katolsk.no\/index.php\/messetider\/\">her<\/a>.<\/p>\n<p>HVERDAGER OG H\u00d8YTIDSDAGER UTENOM S\u00d8NDAG<br \/>\nI l\u00f8pet av \u00e5ret feires det <strong>messe de fleste hverdager<\/strong>, ofte som en enkel, lest messe p\u00e5 ca. 25-30 minutter. <strong>I l\u00f8pet av \u00e5ret feires det h\u00f8ytidelig messe p\u00e5 norsk med sang (kor eller forsanger) p\u00e5 f\u00f8lgende h\u00f8ytidsdager <em>utenom<\/em> s\u00f8ndager (to dager utenom s\u00f8ndag med helligdagsforpliktelse for katolikker er markert MED STORE R\u00d8DE BOKSTAVER i oversikten nedenfor):\u00a0<\/strong><\/p>\n<p><em>FRA MARIAS UPLETTEDE UNNFANGELSE (8.12.) TIL KYNDELSMESSE (2.2.)<\/em><br \/>\n&#8211; 8. desember: <strong>Jomfru Marias uplettede unnfangelse<\/strong><br \/>\n&#8211; 25. desember: <span style=\"color: #ff0000;\"><strong>F\u00d8RSTE JULEDAG<\/strong><\/span>\u00a0med midnattsmessen natt til 25. desember og dagmessen 25. desember<br \/>\n&#8211; 1. januar: <strong>H\u00f8ytiden for Guds hellige mor Maria\u00a0<\/strong><br \/>\n&#8211; 6. januar: <strong>Herrens \u00e5penbaring\u00a0<\/strong><br \/>\n&#8211; 2. februar: <strong>Herrens fremstilling i tempelet\u00a0<\/strong>(festdag, ikke h\u00f8ytidsdag, med h\u00f8ytidelig prosesjon ved starten av messen)<\/p>\n<p><em>FRA ASKEONSDAG TIL KRISTI HIMMELFARTSDAG (OG PINSE)<\/em><br \/>\n&#8211; <strong>Askeonsdag<\/strong> (begynnelsen p\u00e5 fastetiden &#8211; mellom 4. februar og 10. mars)<br \/>\n&#8211; 19. mars: <strong>Den hellige Josef, Jomfru Marias brudgom<\/strong><br \/>\n&#8211; 25. mars: <strong>Herrens bebudelse\u00a0<\/strong>(ni m\u00e5neder = ett svangerskap fra jul)<br \/>\n&#8211; <strong>Skj\u00e6rtorsdag<\/strong> (messe) og <strong>langfredag<\/strong> (gudstjeneste med tilbedelse av korset og utdeling av den hellige kommunion)<br \/>\n&#8211; (p\u00e5skedag er alltid p\u00e5 en s\u00f8ndag mellom 22. mars og 25. april)<br \/>\n&#8211; <span style=\"color: #ff0000;\"><strong>KRISTI HIMMELFARTSDAG<\/strong><\/span>\u00a0(torsdagen 40 dager etter p\u00e5skedag, som regel i mai)<br \/>\n&#8211; (pinsedag er alltid p\u00e5 en s\u00f8ndag)<\/p>\n<p><em>FRA ST. HANS TIL MARIAS OPPTAGELSE<\/em><br \/>\n&#8211; 24. juni: <strong>Johannes D\u00f8perens f\u00f8dsel<\/strong> (St. Hansdagen, St. Hansaften er kvelden 23. juni)<br \/>\n&#8211; 29. juni: <strong>De hellige apostler Peter og Paulus<\/strong><br \/>\n&#8211; <strong>Jesu hjertefest<\/strong> (fredag etter 2. s\u00f8ndag etter pinse &#8211; kommer f\u00f8r eller etter St. Hans)<br \/>\n&#8211; 29. juli: <strong>Olsok &#8211; St. Olav, Norges vernehelgen og v\u00e5r kirkes vernehelgen<\/strong><br \/>\n&#8211; 15. august: <strong>Jomfru Marias opptagelse i himmelen<\/strong><\/p>\n<p><em>NOVEMBER MED FEIRING AV ALLE HELGENER OG B\u00d8NN FOR DE D\u00d8DE<\/em><br \/>\n&#8211; 1. november: <strong>Allehelgensdag<\/strong><br \/>\n&#8211; 2. november: <strong>Allesjelersdag<br \/>\n<\/strong>&#8211; (siste s\u00f8ndag i kirke\u00e5ret: Kristi kongefest)<\/p>\n","protected":false},"excerpt":{"rendered":"<p>S\u00d8NDAGSMESSER Det liturgiske \u00e5r starter f\u00f8rste s\u00f8ndag i advent (mellom 27. november og 3. desember). I St. Olav kirke er det hver uke flere s\u00f8ndagsmesser p\u00e5 ulike spr\u00e5k. Se oversikt over faste messetider p\u00e5 s\u00f8ndager og hverdager og m\u00e5nedens messetider her. HVERDAGER OG H\u00d8YTIDSDAGER UTENOM S\u00d8NDAG I l\u00f8pet av \u00e5ret feires det messe de fleste &hellip; <\/p>\n<p class=\"link-more\"><a href=\"https:\/\/tonsberg.katolsk.no\/index.php\/messetider\/det-liturgiske-ar-i-st-olav-kirke-tonsberg\/\" class=\"more-link\">Fortsett \u00e5 lese<span class=\"screen-reader-text\"> \u00abDet liturgiske \u00e5r i St. Olav kirke, T\u00f8nsberg\u00bb<\/span><\/a><\/p>\n","protected":false},"author":2,"featured_media":0,"parent":7,"menu_order":0,"comment_status":"closed","ping_status":"closed","template":"","meta":{"footnotes":""},"class_list":["post-2625","page","type-page","status-publish","hentry"],"_links":{"self":[{"href":"https:\/\/tonsberg.katolsk.no\/index.php\/wp-json\/wp\/v2\/pages\/2625","targetHints":{"allow":["GET"]}}],"collection":[{"href":"https:\/\/tonsberg.katolsk.no\/index.php\/wp-json\/wp\/v2\/pages"}],"about":[{"href":"https:\/\/tonsberg.katolsk.no\/index.php\/wp-json\/wp\/v2\/types\/page"}],"author":[{"embeddable":true,"href":"https:\/\/tonsberg.katolsk.no\/index.php\/wp-json\/wp\/v2\/users\/2"}],"replies":[{"embeddable":true,"href":"https:\/\/tonsberg.katolsk.no\/index.php\/wp-json\/wp\/v2\/comments?post=2625"}],"version-history":[{"count":11,"href":"https:\/\/tonsberg.katolsk.no\/index.php\/wp-json\/wp\/v2\/pages\/2625\/revisions"}],"predecessor-version":[{"id":12007,"href":"https:\/\/tonsberg.katolsk.no\/index.php\/wp-json\/wp\/v2\/pages\/2625\/revisions\/12007"}],"up":[{"embeddable":true,"href":"https:\/\/tonsberg.katolsk.no\/index.php\/wp-json\/wp\/v2\/pages\/7"}],"wp:attachment":[{"href":"https:\/\/tonsberg.katolsk.no\/index.php\/wp-json\/wp\/v2\/media?parent=2625"}],"curies":[{"name":"wp","href":"https:\/\/api.w.org\/{rel}","templated":true}]}}