{"id":2664,"date":"2023-01-22T16:59:12","date_gmt":"2023-01-22T15:59:12","guid":{"rendered":"http:\/\/tonsberg.katolsk.no\/?page_id=2664"},"modified":"2023-03-24T16:12:19","modified_gmt":"2023-03-24T15:12:19","slug":"caritaskafeen-varen-2023","status":"publish","type":"page","link":"https:\/\/tonsberg.katolsk.no\/index.php\/grupper\/caritasgruppe\/caritaskafeen-varen-2023\/","title":{"rendered":"Caritaskaf\u00e9en v\u00e5ren 2023"},"content":{"rendered":"<p>Caritaskaf\u00e9en finner sted <strong>\u00e9n torsdag i m\u00e5neden<\/strong>. Vi starter med\u00a0<strong>messe kl. 12.00<\/strong>, og fortsetter\u00a0i menighetshuset med foredrag eller sang\/allsang\/informasjon og med kaffe og noe \u00e5 bite i etterp\u00e5.<\/p>\n<p><strong>26. januar:<\/strong> <a href=\"https:\/\/tonsberg.katolsk.no\/index.php\/2023\/01\/17\/caritasmote-torsdag-26-januar\/\">Reformasjonen \u2013 foredrag av Ola Breivega<\/a><br \/>\n<span style=\"color: #ff0000;\">Les hele foredraget her:\u00a0<a href=\"https:\/\/tonsberg.katolsk.no\/wp-content\/uploads\/2023\/01\/Ola-I.-Breivega-26.01.2023-K\u00e5seri-om-reformasjonen.pdf\" target=\"_blank\" rel=\"noopener\">Ola I. Breivega 26.01.2023 &#8211; K\u00e5seri om reformasjonen<\/a><\/span><\/p>\n<p><strong>23. februar:<\/strong> Felix Sanchez underholder med sang<br \/>\n<strong>30. mars:<\/strong> Allsang med salmer ledet av Per H. Caritasinfo. av Grethe Nyg\u00e5rd<br \/>\n<strong>27. april:\u00a0<\/strong><span style=\"font-size: 1rem;\">Ola Breivega holder foredraget: <em>Salmen Leid milde ljos og hvordan den ble til.<\/em><br \/>\n<strong>25. mai:<\/strong><\/span><span style=\"font-size: 1rem;\">\u00a0Per Evtun holder foredraget: <em>Fra den barmhjertige samaritan til moderne sykehus<\/em><\/span><\/p>\n<p>&nbsp;<\/p>\n","protected":false},"excerpt":{"rendered":"<p>Caritaskaf\u00e9en finner sted \u00e9n torsdag i m\u00e5neden. Vi starter med\u00a0messe kl. 12.00, og fortsetter\u00a0i menighetshuset med foredrag eller sang\/allsang\/informasjon og med kaffe og noe \u00e5 bite i etterp\u00e5. 26. januar: Reformasjonen \u2013 foredrag av Ola Breivega Les hele foredraget her:\u00a0Ola I. Breivega 26.01.2023 &#8211; K\u00e5seri om reformasjonen 23. februar: Felix Sanchez underholder med sang 30. &hellip; <\/p>\n<p class=\"link-more\"><a href=\"https:\/\/tonsberg.katolsk.no\/index.php\/grupper\/caritasgruppe\/caritaskafeen-varen-2023\/\" class=\"more-link\">Fortsett \u00e5 lese<span class=\"screen-reader-text\"> \u00abCaritaskaf\u00e9en v\u00e5ren 2023\u00bb<\/span><\/a><\/p>\n","protected":false},"author":2,"featured_media":0,"parent":40,"menu_order":0,"comment_status":"closed","ping_status":"closed","template":"","meta":{"footnotes":""},"class_list":["post-2664","page","type-page","status-publish","hentry"],"_links":{"self":[{"href":"https:\/\/tonsberg.katolsk.no\/index.php\/wp-json\/wp\/v2\/pages\/2664","targetHints":{"allow":["GET"]}}],"collection":[{"href":"https:\/\/tonsberg.katolsk.no\/index.php\/wp-json\/wp\/v2\/pages"}],"about":[{"href":"https:\/\/tonsberg.katolsk.no\/index.php\/wp-json\/wp\/v2\/types\/page"}],"author":[{"embeddable":true,"href":"https:\/\/tonsberg.katolsk.no\/index.php\/wp-json\/wp\/v2\/users\/2"}],"replies":[{"embeddable":true,"href":"https:\/\/tonsberg.katolsk.no\/index.php\/wp-json\/wp\/v2\/comments?post=2664"}],"version-history":[{"count":8,"href":"https:\/\/tonsberg.katolsk.no\/index.php\/wp-json\/wp\/v2\/pages\/2664\/revisions"}],"predecessor-version":[{"id":2716,"href":"https:\/\/tonsberg.katolsk.no\/index.php\/wp-json\/wp\/v2\/pages\/2664\/revisions\/2716"}],"up":[{"embeddable":true,"href":"https:\/\/tonsberg.katolsk.no\/index.php\/wp-json\/wp\/v2\/pages\/40"}],"wp:attachment":[{"href":"https:\/\/tonsberg.katolsk.no\/index.php\/wp-json\/wp\/v2\/media?parent=2664"}],"curies":[{"name":"wp","href":"https:\/\/api.w.org\/{rel}","templated":true}]}}