{"id":2891,"date":"2023-10-21T14:09:10","date_gmt":"2023-10-21T12:09:10","guid":{"rendered":"http:\/\/tonsberg.katolsk.no\/?page_id=2891"},"modified":"2023-11-20T20:44:57","modified_gmt":"2023-11-20T19:44:57","slug":"pilegrimstur-til-roma-med-akutt","status":"publish","type":"page","link":"https:\/\/tonsberg.katolsk.no\/index.php\/grupper\/ungdomslaget\/pilegrimstur-til-roma-med-akutt\/","title":{"rendered":"Pilegrimstur til Roma med AKUTT"},"content":{"rendered":"<p><img loading=\"lazy\" decoding=\"async\" class=\"aligncenter wp-image-2901 size-full\" src=\"https:\/\/tonsberg.katolsk.no\/wp-content\/uploads\/2023\/10\/Roma-tur.png\" alt=\"\" width=\"605\" height=\"420\" srcset=\"https:\/\/tonsberg.katolsk.no\/wp-content\/uploads\/2023\/10\/Roma-tur.png 605w, https:\/\/tonsberg.katolsk.no\/wp-content\/uploads\/2023\/10\/Roma-tur-300x208.png 300w\" sizes=\"auto, (max-width: 605px) 100vw, 605px\" \/><\/p>\n<p><em>Program: <\/em><br \/>\n<strong>Mandag 19. februar \u2013 reisedag<br \/>\n<\/strong>Fremm\u00f8te p\u00e5 Torp klokken 16.00, fly med KLM via Amsterdam, ankomst hotellet i Roma ved midnatt.<\/p>\n<p><strong>Tirsdag 20. februar \u2013 fra de f\u00f8rste kristne i Roma til keiseren ble kristen<br \/>\n<\/strong>10-13: Kapitol, Colosseum, Forum Romanum, Palatinerh\u00f8yden<br \/>\n<em>Felles lunsj<br \/>\n<\/em>15-17: San Clemente (en tidsreise i tre etasjer) og Santa Sabina med utsikten fra Aventinerh\u00f8yden (med rosenkrans p\u00e5 veien)<br \/>\n<em>Ca. 19.30: Middag i Trastevere<\/em><\/p>\n<p><strong>Onsdag 21. februar \u2013 byvandring, fritid og m\u00f8te med prestestudentene<br \/>\n<\/strong>09-12 Byvandring \u2013 Pantheon og andre kirker og plasser i Romas historiske sentrum (Spansketrappen, Trevi-fontenen, Olavsalteret osv.)<br \/>\n<em>Lunsj og fritid (alle g\u00e5r sammen med noen, ingen g\u00e5r alene).\u00a0<\/em>Det blir f.eks. mulighet for \u00e5 dra til<em> MAXXI \u2013 Museum of the Arts of the 21st Century.<\/em><br \/>\n17.30 Omvisning i Det \u00e6rverdige engelske kollegium med de norske prestestudentene<br \/>\n18.30 <strong>Messe<\/strong> i kollegiet (Venerable English College)<br \/>\n<em>Ca. 19.30: Middag<\/em><\/p>\n<p><strong>Torsdag 22. februar \u2013 de to viktigste pilegrimskirkene, St. Peter og St. Paulus<br \/>\n<\/strong>9-ca. 15 Sammen ser vi Peterskirken og utsikten over Vatikanet og byen fra kuppelen og tar buss til St. Paulus utenfor murene.\u00a0<strong>Messe<\/strong>\u00a0enten i Peterskirken eller St. Paulus utenfor murene.\u00a0<em>Felles lunsj <\/em>underveis<em><br \/>\n<\/em>Fritid<br \/>\n<em>Ca. 19.30: Middag<\/em><\/p>\n<p><strong>Fredag 23. februar &#8211; reisedag<br \/>\n<\/strong>Avreise fra hotellet ca. 09.45, fly med KLM via Amsterdam, ankomst Torp 17.40<\/p>\n<p><strong>F\u00f8r pilegrimsturen vil vi lade opp med samlinger i AKUTT med Roma-tema:<\/strong><br \/>\n1) Fra Jerusalem til Roma (Roma i Bibelen)<br \/>\n2) Romas historie og Kirkens historie \u2013 del 1<br \/>\n3) Romas historie og Kirkens historie \u2013 del 2<br \/>\n4) Roma og kunsthistorien<\/p>\n<p><em><br \/>\n<a href=\"https:\/\/forms.office.com\/Pages\/ResponsePage.aspx?id=-v90rbsIDUiTmklrdgP0XSoFUFNvd4BEkENxI1hIcM9UMjk5RlhPODBFSkxQMFdYUTRPNk9YNkZEMi4u\" target=\"_blank\" rel=\"noopener\">P\u00c5MELDING HER<\/a><\/em><\/p>\n<p><em>P\u00e5meldingsfrist:<\/em> Meld deg p\u00e5 <strong>innen 30. november<\/strong>.<br \/>\nF\u00f8rste avdrag p\u00e5 3000 kr m\u00e5 betales innen 1. desember. Da er p\u00e5meldingen bindende. Se <a href=\"https:\/\/tonsberg.katolsk.no\/index.php\/grupper\/ungdomslaget\/pilegrimstur-til-roma-med-akutt\/pameldingsregler-ved-pilegrimstur-til-roma-med-akutt-19-23-februar-2024\/\" target=\"_blank\" rel=\"noopener\">alle frister og p\u00e5meldingsregler her<\/a>.<\/p>\n<p><em>Pris:<\/em> 7 500,- (kan reduseres til ca. 5 000,- ved deltagelse i dugnad og med NUK-st\u00f8tte). Prisen dekker reise, overnatting, inngangsbilletter og m\u00e5ltider (unntatt p\u00e5 reisedagene og lunsj onsdag).<\/p>\n<p>Det er mulighet for \u00e5 redusere egenbetalingen ved \u00e5 stille opp p\u00e5 dugnad, dvs. \u00e5 bake og selge kaker o.l. p\u00e5 kirkekaffen. For \u00e5 bli med p\u00e5 dugnad, ta kontakt med leder i AKUTT, Camilla Vu (+47 980 41 371), som organiserer dette. Vi vil s\u00f8ke reisest\u00f8tte fra NUK, det vil redusere prisen med 1000,- for NUK-medlemmer, men vi kan ikke garantere at den innvilges. Alle m\u00e5 selv skaffe gyldig pass og reiseforsikring.<\/p>\n<p><a href=\"https:\/\/tonsberg.katolsk.no\/index.php\/grupper\/ungdomslaget\/pilegrimstur-til-roma-med-akutt\/egenerklaering-for-deltagelse-ved-pilegrimstur-til-roma-med-akutt-19-23-februar-2024\/\" target=\"_blank\" rel=\"noopener\">Egenerkl\u00e6ring for deltagelse<\/a> m\u00e5 godkjennes og underskrives.<\/p>\n<p><em>Ansvarlige voksenledere p\u00e5 turen:<\/em> Tonje G. Hareide (voksenleder i AKUTT) og Sigurd Hareide (diakon i St. Olav kirke)<\/p>\n<p>Lurer du p\u00e5 noe? Ta kontakt med:<br \/>\nLeder i AKUTT, Camilla Vu, telefon: +47 980 41 371<br \/>\nVoksenleder i AKUTT, Tonje Hareide, telefon: +47 41460053,<br \/>\ne-post:\u00a0<a href=\"mailto:tonjegh@gmail.com\">tonjegh@gmail.com<\/a><\/p>\n","protected":false},"excerpt":{"rendered":"<p>Program: Mandag 19. februar \u2013 reisedag Fremm\u00f8te p\u00e5 Torp klokken 16.00, fly med KLM via Amsterdam, ankomst hotellet i Roma ved midnatt. Tirsdag 20. februar \u2013 fra de f\u00f8rste kristne i Roma til keiseren ble kristen 10-13: Kapitol, Colosseum, Forum Romanum, Palatinerh\u00f8yden Felles lunsj 15-17: San Clemente (en tidsreise i tre etasjer) og Santa Sabina &hellip; <\/p>\n<p class=\"link-more\"><a href=\"https:\/\/tonsberg.katolsk.no\/index.php\/grupper\/ungdomslaget\/pilegrimstur-til-roma-med-akutt\/\" class=\"more-link\">Fortsett \u00e5 lese<span class=\"screen-reader-text\"> \u00abPilegrimstur til Roma med AKUTT\u00bb<\/span><\/a><\/p>\n","protected":false},"author":2,"featured_media":0,"parent":38,"menu_order":0,"comment_status":"closed","ping_status":"closed","template":"","meta":{"footnotes":""},"class_list":["post-2891","page","type-page","status-publish","hentry"],"_links":{"self":[{"href":"https:\/\/tonsberg.katolsk.no\/index.php\/wp-json\/wp\/v2\/pages\/2891","targetHints":{"allow":["GET"]}}],"collection":[{"href":"https:\/\/tonsberg.katolsk.no\/index.php\/wp-json\/wp\/v2\/pages"}],"about":[{"href":"https:\/\/tonsberg.katolsk.no\/index.php\/wp-json\/wp\/v2\/types\/page"}],"author":[{"embeddable":true,"href":"https:\/\/tonsberg.katolsk.no\/index.php\/wp-json\/wp\/v2\/users\/2"}],"replies":[{"embeddable":true,"href":"https:\/\/tonsberg.katolsk.no\/index.php\/wp-json\/wp\/v2\/comments?post=2891"}],"version-history":[{"count":9,"href":"https:\/\/tonsberg.katolsk.no\/index.php\/wp-json\/wp\/v2\/pages\/2891\/revisions"}],"predecessor-version":[{"id":2949,"href":"https:\/\/tonsberg.katolsk.no\/index.php\/wp-json\/wp\/v2\/pages\/2891\/revisions\/2949"}],"up":[{"embeddable":true,"href":"https:\/\/tonsberg.katolsk.no\/index.php\/wp-json\/wp\/v2\/pages\/38"}],"wp:attachment":[{"href":"https:\/\/tonsberg.katolsk.no\/index.php\/wp-json\/wp\/v2\/media?parent=2891"}],"curies":[{"name":"wp","href":"https:\/\/api.w.org\/{rel}","templated":true}]}}