{"id":2896,"date":"2023-10-21T21:08:47","date_gmt":"2023-10-21T19:08:47","guid":{"rendered":"http:\/\/tonsberg.katolsk.no\/?page_id=2896"},"modified":"2023-10-21T21:08:47","modified_gmt":"2023-10-21T19:08:47","slug":"pameldingsregler-ved-pilegrimstur-til-roma-med-akutt-19-23-februar-2024","status":"publish","type":"page","link":"https:\/\/tonsberg.katolsk.no\/index.php\/grupper\/ungdomslaget\/pilegrimstur-til-roma-med-akutt\/pameldingsregler-ved-pilegrimstur-til-roma-med-akutt-19-23-februar-2024\/","title":{"rendered":"P\u00e5meldingsregler ved Pilegrimstur til Roma med AKUTT, 19.\u2013 23. februar 2024"},"content":{"rendered":"<p>&nbsp;<\/p>\n<p>P\u00e5melding m\u00e5 skje f\u00f8r <strong>30. oktober<\/strong> for \u00e5 v\u00e6re sikret plass.<\/p>\n<p>F\u00f8rste avdrag p\u00e5 3000 kr m\u00e5 betales innen <strong>1. desember.<\/strong> Da er p\u00e5meldingen bindende.<\/p>\n<p>Andre avdrag p\u00e5 2000 kr m\u00e5 betales innen <strong>1. januar<\/strong>.<\/p>\n<p>Det resterende bel\u00f8p, inntil 2500 kr, m\u00e5 betales innen <strong>10. februar<\/strong>. Hver deltager f\u00e5r beskjed om bel\u00f8p, da det avhenger av deltagelse i dugnad og NUK-medlemskap.<\/p>\n<p><strong>Innbetalinger<\/strong> til St. Olav kirke sin bankkonto: 2400.31.19994.<br \/>\nMerk innbetalingen med \u00abAKUTT til Roma\u00bb og deltagers fulle navn.<\/p>\n<p>Ved en <strong>eventuell avmelding<\/strong>, vil AKUTT kreve \u00e5 f\u00e5 dekket de utgiftene dette p\u00e5f\u00f8rer AKUTT (avbestillingsgebyr for billetter og andre utlegg AKUTT ikke f\u00e5r refundert). AKUTT vil derfor ikke refundere hele deltakeravgiften ved avmelding, men gj\u00f8re fratrekk for disse utgiftene.<\/p>\n<p>Alle m\u00e5 selv skaffe <strong>gyldig pass og reiseforsikring<\/strong>. Utgifter til dette m\u00e5 dekkes av den enkelte. Kopi av pass og reiseforsikringsbevis m\u00e5 leveres til reiseleder innen 1. desember.<\/p>\n<p>Hvis det er 7 deltagere eller mindre vil turen avlyses senest 1. desember. Ved avlysning av arrang\u00f8ren (AKUTT) refunderes hele bel\u00f8pet.<\/p>\n","protected":false},"excerpt":{"rendered":"<p>&nbsp; P\u00e5melding m\u00e5 skje f\u00f8r 30. oktober for \u00e5 v\u00e6re sikret plass. F\u00f8rste avdrag p\u00e5 3000 kr m\u00e5 betales innen 1. desember. Da er p\u00e5meldingen bindende. Andre avdrag p\u00e5 2000 kr m\u00e5 betales innen 1. januar. Det resterende bel\u00f8p, inntil 2500 kr, m\u00e5 betales innen 10. februar. Hver deltager f\u00e5r beskjed om bel\u00f8p, da det &hellip; <\/p>\n<p class=\"link-more\"><a href=\"https:\/\/tonsberg.katolsk.no\/index.php\/grupper\/ungdomslaget\/pilegrimstur-til-roma-med-akutt\/pameldingsregler-ved-pilegrimstur-til-roma-med-akutt-19-23-februar-2024\/\" class=\"more-link\">Fortsett \u00e5 lese<span class=\"screen-reader-text\"> \u00abP\u00e5meldingsregler ved Pilegrimstur til Roma med AKUTT, 19.\u2013 23. februar 2024\u00bb<\/span><\/a><\/p>\n","protected":false},"author":2,"featured_media":0,"parent":2891,"menu_order":0,"comment_status":"closed","ping_status":"closed","template":"","meta":{"footnotes":""},"class_list":["post-2896","page","type-page","status-publish","hentry"],"_links":{"self":[{"href":"https:\/\/tonsberg.katolsk.no\/index.php\/wp-json\/wp\/v2\/pages\/2896","targetHints":{"allow":["GET"]}}],"collection":[{"href":"https:\/\/tonsberg.katolsk.no\/index.php\/wp-json\/wp\/v2\/pages"}],"about":[{"href":"https:\/\/tonsberg.katolsk.no\/index.php\/wp-json\/wp\/v2\/types\/page"}],"author":[{"embeddable":true,"href":"https:\/\/tonsberg.katolsk.no\/index.php\/wp-json\/wp\/v2\/users\/2"}],"replies":[{"embeddable":true,"href":"https:\/\/tonsberg.katolsk.no\/index.php\/wp-json\/wp\/v2\/comments?post=2896"}],"version-history":[{"count":1,"href":"https:\/\/tonsberg.katolsk.no\/index.php\/wp-json\/wp\/v2\/pages\/2896\/revisions"}],"predecessor-version":[{"id":2897,"href":"https:\/\/tonsberg.katolsk.no\/index.php\/wp-json\/wp\/v2\/pages\/2896\/revisions\/2897"}],"up":[{"embeddable":true,"href":"https:\/\/tonsberg.katolsk.no\/index.php\/wp-json\/wp\/v2\/pages\/2891"}],"wp:attachment":[{"href":"https:\/\/tonsberg.katolsk.no\/index.php\/wp-json\/wp\/v2\/media?parent=2896"}],"curies":[{"name":"wp","href":"https:\/\/api.w.org\/{rel}","templated":true}]}}