{"id":2898,"date":"2023-10-21T21:20:33","date_gmt":"2023-10-21T19:20:33","guid":{"rendered":"http:\/\/tonsberg.katolsk.no\/?page_id=2898"},"modified":"2023-10-21T21:20:33","modified_gmt":"2023-10-21T19:20:33","slug":"egenerklaering-for-deltagelse-ved-pilegrimstur-til-roma-med-akutt-19-23-februar-2024","status":"publish","type":"page","link":"https:\/\/tonsberg.katolsk.no\/index.php\/grupper\/ungdomslaget\/pilegrimstur-til-roma-med-akutt\/egenerklaering-for-deltagelse-ved-pilegrimstur-til-roma-med-akutt-19-23-februar-2024\/","title":{"rendered":"Egenerkl\u00e6ring for deltagelse ved Pilegrimstur til Roma med AKUTT, 19.\u201323. februar 2024"},"content":{"rendered":"<p>&nbsp;<\/p>\n<p>Vi vil sammen legge ut p\u00e5 en pilegrimstur. Sammen vil vi gj\u00f8re pilegrimsturen til en god opplevelse for alle.<\/p>\n<p><strong><em>Du forplikter deg derfor til:<\/em><\/strong><\/p>\n<ul>\n<li>\u00e5 dele reisens m\u00e5l; nemlig et \u00f8nske om \u00e5 delta p\u00e5 pilegrimstur til Roma med AKUTT<\/li>\n<li>\u00e5 ha en positiv innstilling til reisen og dens ledere, samt de andre deltagerne<\/li>\n<li><span style=\"font-size: 1rem;\">\u00e5 f\u00f8lge de beskjeder som blir gitt av lederne <\/span><\/li>\n<li><span style=\"font-size: 1rem;\">\u00e5 f\u00f8lge reisens\u00a0<\/span>program under hele turen.<\/li>\n<\/ul>\n<p>Vi tolerer ikke baksnakking, mobbing eller klikkdannelse. Annen usosial adferd som f.eks. overdreven\u00a0mobilbruk, eller nettbrett, er heller ikke akseptert.<\/p>\n<p>Vi forventer at alle deltagere tar vare p\u00e5 hverandre. Dette gjelder helt uavhengig av lederansvar\u00a0og oppgaver p\u00e5 reisen. Lederne p\u00e5 turen har p\u00e5 lik linje forpliktet seg til \u00e5 gj\u00f8re sitt beste for at alle skal ha det bra under reisen. Lederne vil til enhver tid gj\u00f8re det som er til beste for hele gruppen.<\/p>\n<p>Vi f\u00f8lger norsk alkohollovgivning, det betyr at deltagere under 18 \u00e5r ikke kan nyte alkohol. Videre f\u00f8lger vi NUK (Norges unge katolikker) sine regler for deltagere over 18 \u00e5r: Grensen for\u00a0alkoholbruk g\u00e5r i ethvert tilfelle p\u00e5 synlig beruselse. Dette h\u00e5ndhever vi strengt, og det er ledernes\u00a0vurdering som er gjeldende. Drikker du deg full og\/eller oppf\u00f8rer deg til sjenanse for ledere eller andre deltagere vil du i verste fall kunne bli sendt hjem for egen regning.\u00a0Narkotikamisbruk blir politianmeldt umiddelbart, og medf\u00f8rer hjemsendelse for egen regning.<\/p>\n<p><strong>Gjentatte regelbrudd, eller gjentatte tilfeller av manglende vilje til \u00e5 f\u00f8lge beskjeder fra lederne, kan f\u00f8re til hjemsendelse for egen regning.<\/strong><\/p>\n<p>&nbsp;<\/p>\n<p>Jeg har lest og forst\u00e5tt disse reglene.<br \/>\nJeg forplikter meg til \u00e5 f\u00f8lge disse, samt de beskjeder som blir gitt av lederne.<\/p>\n","protected":false},"excerpt":{"rendered":"<p>&nbsp; Vi vil sammen legge ut p\u00e5 en pilegrimstur. Sammen vil vi gj\u00f8re pilegrimsturen til en god opplevelse for alle. Du forplikter deg derfor til: \u00e5 dele reisens m\u00e5l; nemlig et \u00f8nske om \u00e5 delta p\u00e5 pilegrimstur til Roma med AKUTT \u00e5 ha en positiv innstilling til reisen og dens ledere, samt de andre deltagerne &hellip; <\/p>\n<p class=\"link-more\"><a href=\"https:\/\/tonsberg.katolsk.no\/index.php\/grupper\/ungdomslaget\/pilegrimstur-til-roma-med-akutt\/egenerklaering-for-deltagelse-ved-pilegrimstur-til-roma-med-akutt-19-23-februar-2024\/\" class=\"more-link\">Fortsett \u00e5 lese<span class=\"screen-reader-text\"> \u00abEgenerkl\u00e6ring for deltagelse ved Pilegrimstur til Roma med AKUTT, 19.\u201323. februar 2024\u00bb<\/span><\/a><\/p>\n","protected":false},"author":2,"featured_media":0,"parent":2891,"menu_order":0,"comment_status":"closed","ping_status":"closed","template":"","meta":{"footnotes":""},"class_list":["post-2898","page","type-page","status-publish","hentry"],"_links":{"self":[{"href":"https:\/\/tonsberg.katolsk.no\/index.php\/wp-json\/wp\/v2\/pages\/2898","targetHints":{"allow":["GET"]}}],"collection":[{"href":"https:\/\/tonsberg.katolsk.no\/index.php\/wp-json\/wp\/v2\/pages"}],"about":[{"href":"https:\/\/tonsberg.katolsk.no\/index.php\/wp-json\/wp\/v2\/types\/page"}],"author":[{"embeddable":true,"href":"https:\/\/tonsberg.katolsk.no\/index.php\/wp-json\/wp\/v2\/users\/2"}],"replies":[{"embeddable":true,"href":"https:\/\/tonsberg.katolsk.no\/index.php\/wp-json\/wp\/v2\/comments?post=2898"}],"version-history":[{"count":1,"href":"https:\/\/tonsberg.katolsk.no\/index.php\/wp-json\/wp\/v2\/pages\/2898\/revisions"}],"predecessor-version":[{"id":2899,"href":"https:\/\/tonsberg.katolsk.no\/index.php\/wp-json\/wp\/v2\/pages\/2898\/revisions\/2899"}],"up":[{"embeddable":true,"href":"https:\/\/tonsberg.katolsk.no\/index.php\/wp-json\/wp\/v2\/pages\/2891"}],"wp:attachment":[{"href":"https:\/\/tonsberg.katolsk.no\/index.php\/wp-json\/wp\/v2\/media?parent=2898"}],"curies":[{"name":"wp","href":"https:\/\/api.w.org\/{rel}","templated":true}]}}