{"id":2963,"date":"2023-12-02T14:10:19","date_gmt":"2023-12-02T13:10:19","guid":{"rendered":"http:\/\/tonsberg.katolsk.no\/?page_id=2963"},"modified":"2023-12-02T14:10:19","modified_gmt":"2023-12-02T13:10:19","slug":"viktig-melding-om-parkering","status":"publish","type":"page","link":"https:\/\/tonsberg.katolsk.no\/index.php\/viktig-melding-om-parkering\/","title":{"rendered":"Viktig melding om parkering"},"content":{"rendered":"<p><strong>Viktig melding om parkering &#8211; h\u00f8st\/vinter 2023-24:<\/strong><br \/>\n<em>1) Pga. byggearbeidet og nytt skilt (se 3 nedenfor) m\u00e5 flere parkere i nabogatene eller ved sv\u00f8mmehallen.<\/em><br \/>\n<em>2) Det er <strong>IKKE<\/strong> lov \u00e5 parkere p\u00e5 St. Olav borettslags parkering.<\/em><br \/>\n<em>3) Gjennomkj\u00f8ring er forbudt i Botnegaten foran kirken (nytt skilt). Det er lov \u00e5 slippe av passasjerer. \u00c5 kj\u00f8re gjennom gaten uten stopp er forbudt og kan bli b\u00f8telagt av Politiet.\u00a0<\/em><br \/>\n<em>4) Oppfordring: Dra hjemmefra fem minutter tidligere, parker i nabogatene eller sv\u00f8mmehallen, og g\u00e5 den siste lille biten!<\/em><\/p>\n","protected":false},"excerpt":{"rendered":"<p>Viktig melding om parkering &#8211; h\u00f8st\/vinter 2023-24: 1) Pga. byggearbeidet og nytt skilt (se 3 nedenfor) m\u00e5 flere parkere i nabogatene eller ved sv\u00f8mmehallen. 2) Det er IKKE lov \u00e5 parkere p\u00e5 St. Olav borettslags parkering. 3) Gjennomkj\u00f8ring er forbudt i Botnegaten foran kirken (nytt skilt). Det er lov \u00e5 slippe av passasjerer. \u00c5 kj\u00f8re &hellip; <\/p>\n<p class=\"link-more\"><a href=\"https:\/\/tonsberg.katolsk.no\/index.php\/viktig-melding-om-parkering\/\" class=\"more-link\">Fortsett \u00e5 lese<span class=\"screen-reader-text\"> \u00abViktig melding om parkering\u00bb<\/span><\/a><\/p>\n","protected":false},"author":2,"featured_media":0,"parent":0,"menu_order":0,"comment_status":"closed","ping_status":"closed","template":"","meta":{"footnotes":""},"class_list":["post-2963","page","type-page","status-publish","hentry"],"_links":{"self":[{"href":"https:\/\/tonsberg.katolsk.no\/index.php\/wp-json\/wp\/v2\/pages\/2963","targetHints":{"allow":["GET"]}}],"collection":[{"href":"https:\/\/tonsberg.katolsk.no\/index.php\/wp-json\/wp\/v2\/pages"}],"about":[{"href":"https:\/\/tonsberg.katolsk.no\/index.php\/wp-json\/wp\/v2\/types\/page"}],"author":[{"embeddable":true,"href":"https:\/\/tonsberg.katolsk.no\/index.php\/wp-json\/wp\/v2\/users\/2"}],"replies":[{"embeddable":true,"href":"https:\/\/tonsberg.katolsk.no\/index.php\/wp-json\/wp\/v2\/comments?post=2963"}],"version-history":[{"count":1,"href":"https:\/\/tonsberg.katolsk.no\/index.php\/wp-json\/wp\/v2\/pages\/2963\/revisions"}],"predecessor-version":[{"id":2964,"href":"https:\/\/tonsberg.katolsk.no\/index.php\/wp-json\/wp\/v2\/pages\/2963\/revisions\/2964"}],"wp:attachment":[{"href":"https:\/\/tonsberg.katolsk.no\/index.php\/wp-json\/wp\/v2\/media?parent=2963"}],"curies":[{"name":"wp","href":"https:\/\/api.w.org\/{rel}","templated":true}]}}