{"id":2977,"date":"2023-12-14T11:29:24","date_gmt":"2023-12-14T10:29:24","guid":{"rendered":"http:\/\/tonsberg.katolsk.no\/?page_id=2977"},"modified":"2023-12-14T11:29:24","modified_gmt":"2023-12-14T10:29:24","slug":"julespillet-7-januar-2024","status":"publish","type":"page","link":"https:\/\/tonsberg.katolsk.no\/index.php\/julespillet-7-januar-2024\/","title":{"rendered":"Julespillet 7.januar 2024"},"content":{"rendered":"<h1><strong><span style=\"color: #008000;\">Julespillet denne julen gjennomf\u00f8res i 11-messen den 7.januar.<\/span><\/strong><\/h1>\n<h2><strong>F\u00f8rstekommunionsgruppen har hovedansvaret for spillet, men andre i barnekatekesen er ogs\u00e5 med.<\/strong><\/h2>\n<p><span style=\"color: #008000;\"><strong>\u00d8VELSENE<\/strong><br \/>\n<\/span><strong>For alle:<\/strong><br \/>\nL\u00f8rdag 9.desember under katekesen + L\u00f8rdag 16. desember fra kl 13 &#8211; 15,<br \/>\n<strong>For hovedroller<\/strong> (+de som ikke kom den 16.desember + de som vil v\u00e6re med p\u00e5 alle \u00f8velsene): Onsdag 20.des fra kl 16:45 &#8211; 18:15<\/p>\n<p><span style=\"color: #008000;\"><strong>NEDENFOR HER<\/strong><\/span>\u00a0finner dere dokumenter (manus og sanger) tilh\u00f8rende dette \u00e5rets julespill (dette er mest til deltakerne):<\/p>\n<p><a href=\"https:\/\/tonsberg.katolsk.no\/wp-content\/uploads\/2023\/12\/Julespillet-2023.docx\">Julespillet 2023<\/a><\/p>\n<p><a href=\"https:\/\/tonsberg.katolsk.no\/wp-content\/uploads\/2023\/12\/\u00c5-kom-\u00e5-kom-Immanuel.docx\">\u00c5 kom, \u00e5 kom Immanuel<\/a><\/p>\n<p><a href=\"https:\/\/tonsberg.katolsk.no\/wp-content\/uploads\/2023\/12\/Den-store-Julespillsangen.docx\">Den store Julespillsangen<\/a><\/p>\n<p><a href=\"https:\/\/tonsberg.katolsk.no\/wp-content\/uploads\/2023\/12\/To-sanger-til-julespillet-7.docx\">To sanger til julespillet 7<\/a><\/p>\n<p><span style=\"color: #008000;\"><strong>FOR SP\u00d8RSM\u00c5L:<\/strong><\/span> Ta kontakt med Terese Ranek p\u00e5 tlfnr. 40451985<\/p>\n","protected":false},"excerpt":{"rendered":"<p>Julespillet denne julen gjennomf\u00f8res i 11-messen den 7.januar. F\u00f8rstekommunionsgruppen har hovedansvaret for spillet, men andre i barnekatekesen er ogs\u00e5 med. \u00d8VELSENE For alle: L\u00f8rdag 9.desember under katekesen + L\u00f8rdag 16. desember fra kl 13 &#8211; 15, For hovedroller (+de som ikke kom den 16.desember + de som vil v\u00e6re med p\u00e5 alle \u00f8velsene): Onsdag 20.des &hellip; <\/p>\n<p class=\"link-more\"><a href=\"https:\/\/tonsberg.katolsk.no\/index.php\/julespillet-7-januar-2024\/\" class=\"more-link\">Fortsett \u00e5 lese<span class=\"screen-reader-text\"> \u00abJulespillet 7.januar 2024\u00bb<\/span><\/a><\/p>\n","protected":false},"author":3,"featured_media":0,"parent":0,"menu_order":0,"comment_status":"closed","ping_status":"closed","template":"","meta":{"footnotes":""},"class_list":["post-2977","page","type-page","status-publish","hentry"],"_links":{"self":[{"href":"https:\/\/tonsberg.katolsk.no\/index.php\/wp-json\/wp\/v2\/pages\/2977","targetHints":{"allow":["GET"]}}],"collection":[{"href":"https:\/\/tonsberg.katolsk.no\/index.php\/wp-json\/wp\/v2\/pages"}],"about":[{"href":"https:\/\/tonsberg.katolsk.no\/index.php\/wp-json\/wp\/v2\/types\/page"}],"author":[{"embeddable":true,"href":"https:\/\/tonsberg.katolsk.no\/index.php\/wp-json\/wp\/v2\/users\/3"}],"replies":[{"embeddable":true,"href":"https:\/\/tonsberg.katolsk.no\/index.php\/wp-json\/wp\/v2\/comments?post=2977"}],"version-history":[{"count":1,"href":"https:\/\/tonsberg.katolsk.no\/index.php\/wp-json\/wp\/v2\/pages\/2977\/revisions"}],"predecessor-version":[{"id":2982,"href":"https:\/\/tonsberg.katolsk.no\/index.php\/wp-json\/wp\/v2\/pages\/2977\/revisions\/2982"}],"wp:attachment":[{"href":"https:\/\/tonsberg.katolsk.no\/index.php\/wp-json\/wp\/v2\/media?parent=2977"}],"curies":[{"name":"wp","href":"https:\/\/api.w.org\/{rel}","templated":true}]}}