{"id":31,"date":"2017-08-23T10:32:14","date_gmt":"2017-08-23T08:32:14","guid":{"rendered":"http:\/\/xn--tnsberg-q1a.katolsk.no\/?page_id=31"},"modified":"2020-04-20T13:40:16","modified_gmt":"2020-04-20T11:40:16","slug":"kloster","status":"publish","type":"page","link":"https:\/\/tonsberg.katolsk.no\/index.php\/kloster\/","title":{"rendered":"Klosterliv"},"content":{"rendered":"<p>Midt i St. Olav menighet lever <a href=\"https:\/\/stelisabeth.katolsk.no\/provins\/tonsberg\/\" target=\"_blank\" rel=\"noopener\">St. Elisabeths\u00f8strene<\/a> ut sitt klosterkall. De har eget hus i T\u00f8nsberg som n\u00e6rmeste naboer til kirken. Messer og tideb\u00f8nner i kapellet er \u00e5pne for deltakelse utenfra.<\/p>\n<p>I Larvik har <a href=\"http:\/\/www.katolsk.no\/organisasjon\/norge\/ordener\/osc\">klarissene<\/a> og\u00a0<a href=\"http:\/\/www.katolsk.no\/organisasjon\/norge\/ordener\/ofm\">fransiskanerne<\/a>\u00a0sine kommuniteter. Fransiskanerne er ansvarlige for polsk sjelesorg i Vestfold. I middelalderen var det fransiskanere i T\u00f8nsberg (kalt &laquo;gr\u00e5br\u00f8dre&raquo; pga. drakten som i dag er brun). S\u00e6ttargjerden i Tunsberg, den viktigste avtalen\/konkordatet mellom kongemakten og Kirken i norsk middelalder ble undertegnet i gr\u00e5br\u00f8drenes kloster i T\u00f8nsberg i 1277.<\/p>\n<p>I middelalderen var det i tillegg til fransiskanerne premonstratensere i T\u00f8nsberg, s\u00e5kalte hvite kanniker (etter drakten) eller norbertinere (etter grunnleggeren, <a href=\"http:\/\/www.katolsk.no\/biografier\/historisk\/norbert\">St. Norbert av Xanten<\/a>). De hadde kloster der T\u00f8nsberg og N\u00f8tter\u00f8y bibliotek ligger i dag og feiret gudstjenestene sine i St. Olav kirke, Nordens st\u00f8rste rundkirke, som i dag er en \u00e5pen kirkeruin.<\/p>\n","protected":false},"excerpt":{"rendered":"<p>Midt i St. Olav menighet lever St. Elisabeths\u00f8strene ut sitt klosterkall. De har eget hus i T\u00f8nsberg som n\u00e6rmeste naboer til kirken. Messer og tideb\u00f8nner i kapellet er \u00e5pne for deltakelse utenfra. I Larvik har klarissene og\u00a0fransiskanerne\u00a0sine kommuniteter. Fransiskanerne er ansvarlige for polsk sjelesorg i Vestfold. I middelalderen var det fransiskanere i T\u00f8nsberg (kalt &laquo;gr\u00e5br\u00f8dre&raquo; &hellip; <\/p>\n<p class=\"link-more\"><a href=\"https:\/\/tonsberg.katolsk.no\/index.php\/kloster\/\" class=\"more-link\">Fortsett \u00e5 lese<span class=\"screen-reader-text\"> \u00abKlosterliv\u00bb<\/span><\/a><\/p>\n","protected":false},"author":2,"featured_media":0,"parent":0,"menu_order":0,"comment_status":"closed","ping_status":"closed","template":"","meta":{"footnotes":""},"class_list":["post-31","page","type-page","status-publish","hentry"],"_links":{"self":[{"href":"https:\/\/tonsberg.katolsk.no\/index.php\/wp-json\/wp\/v2\/pages\/31","targetHints":{"allow":["GET"]}}],"collection":[{"href":"https:\/\/tonsberg.katolsk.no\/index.php\/wp-json\/wp\/v2\/pages"}],"about":[{"href":"https:\/\/tonsberg.katolsk.no\/index.php\/wp-json\/wp\/v2\/types\/page"}],"author":[{"embeddable":true,"href":"https:\/\/tonsberg.katolsk.no\/index.php\/wp-json\/wp\/v2\/users\/2"}],"replies":[{"embeddable":true,"href":"https:\/\/tonsberg.katolsk.no\/index.php\/wp-json\/wp\/v2\/comments?post=31"}],"version-history":[{"count":8,"href":"https:\/\/tonsberg.katolsk.no\/index.php\/wp-json\/wp\/v2\/pages\/31\/revisions"}],"predecessor-version":[{"id":1274,"href":"https:\/\/tonsberg.katolsk.no\/index.php\/wp-json\/wp\/v2\/pages\/31\/revisions\/1274"}],"wp:attachment":[{"href":"https:\/\/tonsberg.katolsk.no\/index.php\/wp-json\/wp\/v2\/media?parent=31"}],"curies":[{"name":"wp","href":"https:\/\/api.w.org\/{rel}","templated":true}]}}