{"id":359,"date":"2017-11-02T19:34:29","date_gmt":"2017-11-02T18:34:29","guid":{"rendered":"http:\/\/xn--tnsberg-q1a.katolsk.no\/?page_id=359"},"modified":"2017-11-02T19:41:54","modified_gmt":"2017-11-02T18:41:54","slug":"vietnamesisk-gruppe","status":"publish","type":"page","link":"https:\/\/tonsberg.katolsk.no\/index.php\/vietnamesisk-gruppe\/","title":{"rendered":"Vietnamesisk gruppe"},"content":{"rendered":"<p>L\u00f8rdag 25. november 2017 feirer den vietnamesiske gruppen i St. Olav menighet, T\u00f8nsberg, minnedagen for <a href=\"http:\/\/www.katolsk.no\/biografier\/historisk\/117viet\" target=\"_blank\" rel=\"noopener\">de hellige vietnamesiske martyrer<\/a>.<\/p>\n<p>Messe kl. 14.00 i St. Olav kirke, T\u00f8nsberg.<br \/>\nTilbedelse med rosenkrans kl. 13.30.<\/p>\n<p><a href=\"http:\/\/xn--tnsberg-q1a.katolsk.no\/wp-content\/uploads\/2017\/11\/Th\u00e1nh-L\u1ec5-M\u1eebng-K\u00ednh-c\u00e1c-Th\u00e1nh-T\u1eed-\u0110\u1ea1o-Vi\u1ec7t-Nam.pdf\">Th\u00e1nh L\u1ec5 M\u1eebng K\u00ednh c\u00e1c Th\u00e1nh T\u1eed \u0110\u1ea1o Vi\u1ec7t Nam<\/a><\/p>\n","protected":false},"excerpt":{"rendered":"<p>L\u00f8rdag 25. november 2017 feirer den vietnamesiske gruppen i St. Olav menighet, T\u00f8nsberg, minnedagen for de hellige vietnamesiske martyrer. Messe kl. 14.00 i St. Olav kirke, T\u00f8nsberg. Tilbedelse med rosenkrans kl. 13.30. Th\u00e1nh L\u1ec5 M\u1eebng K\u00ednh c\u00e1c Th\u00e1nh T\u1eed \u0110\u1ea1o Vi\u1ec7t Nam<\/p>\n","protected":false},"author":2,"featured_media":0,"parent":0,"menu_order":0,"comment_status":"closed","ping_status":"closed","template":"","meta":{"footnotes":""},"class_list":["post-359","page","type-page","status-publish","hentry"],"_links":{"self":[{"href":"https:\/\/tonsberg.katolsk.no\/index.php\/wp-json\/wp\/v2\/pages\/359","targetHints":{"allow":["GET"]}}],"collection":[{"href":"https:\/\/tonsberg.katolsk.no\/index.php\/wp-json\/wp\/v2\/pages"}],"about":[{"href":"https:\/\/tonsberg.katolsk.no\/index.php\/wp-json\/wp\/v2\/types\/page"}],"author":[{"embeddable":true,"href":"https:\/\/tonsberg.katolsk.no\/index.php\/wp-json\/wp\/v2\/users\/2"}],"replies":[{"embeddable":true,"href":"https:\/\/tonsberg.katolsk.no\/index.php\/wp-json\/wp\/v2\/comments?post=359"}],"version-history":[{"count":2,"href":"https:\/\/tonsberg.katolsk.no\/index.php\/wp-json\/wp\/v2\/pages\/359\/revisions"}],"predecessor-version":[{"id":364,"href":"https:\/\/tonsberg.katolsk.no\/index.php\/wp-json\/wp\/v2\/pages\/359\/revisions\/364"}],"wp:attachment":[{"href":"https:\/\/tonsberg.katolsk.no\/index.php\/wp-json\/wp\/v2\/media?parent=359"}],"curies":[{"name":"wp","href":"https:\/\/api.w.org\/{rel}","templated":true}]}}