{"id":36,"date":"2017-08-23T10:34:28","date_gmt":"2017-08-23T08:34:28","guid":{"rendered":"http:\/\/xn--tnsberg-q1a.katolsk.no\/?page_id=36"},"modified":"2026-01-08T08:52:40","modified_gmt":"2026-01-08T07:52:40","slug":"marialegionen","status":"publish","type":"page","link":"https:\/\/tonsberg.katolsk.no\/index.php\/grupper\/marialegionen\/","title":{"rendered":"Marialegionen"},"content":{"rendered":"\n<ul class=\"wp-block-list\">\n<li>\u00d8nsker du \u00e5 l\u00e6re mer om din tro?<\/li>\n\n\n\n<li>\u00d8nsker du \u00e5 berike ditt b\u00f8nneliv?<\/li>\n\n\n\n<li>\u00d8nsker du \u00e5 utvikle n\u00e6re katolske vennskap?<\/li>\n\n\n\n<li>\u00d8nsker du \u00e5 komme n\u00e6rmere Jesus og Hans mor?<\/li>\n<\/ul>\n\n\n\n<figure class=\"wp-block-image size-full\"><img loading=\"lazy\" decoding=\"async\" width=\"125\" height=\"253\" src=\"https:\/\/tonsberg.katolsk.no\/wp-content\/uploads\/2024\/04\/Legio-Mariae.png\" alt=\"\" class=\"wp-image-3131\"\/><\/figure>\n\n\n\n<p><strong>HVA ER MARIALEGIONEN?<\/strong><br>Maria Legionen (<em>Legio Mariae<\/em>) er den st\u00f8rste apostoliske organisering av lekfolk i Den katolske kirke med rundt 10 millioner aktive medlemmer. Legionen er i nesten alle land i verden. Legionen har blitt godkjent av de sist sju paver, og ble godkjent av Det annet Vatikankonsil. Hovedform\u00e5let med Marialegionen er \u00e5 gi Gud \u00e6re gjennom utvikling av sine medlemmer i \u00e5ndelighet og livsferdigheter.<\/p>\n\n\n\n<p><strong>HVORDAN VIRKER DET?<\/strong><br>Medlemmene m\u00f8tes en gang i uken for b\u00f8nn, planlegging og diskusjon i en famili\u00e6r setting. Legionen er i hovedsak en utvidelse av \u00abhjertet og hendene\u00bb til prestene for \u00e5 m\u00f8te de \u00e5ndelige behovene i samfunnet og menigheten.<\/p>\n\n\n\n<p><strong>HVA SLAGS ARBEID GJ\u00d8R LEGIONEN?<\/strong><br>Marialegionen er til tjeneste for presten i \u00e5 gj\u00f8re en form for \u00e5ndelig arbeid av n\u00e5de. Det inkluderer bes\u00f8k til syke og eldre, kontakt med publikum, trosoppl\u00e6ring, bes\u00f8ke foreldre til nyd\u00f8pte, hjemmebes\u00f8k og mange andre typer jobber. Der er, og vil sikkert v\u00e6re noe som passer for deg.<\/p>\n\n\n\n<p><strong>HVEM KAN BLI MED?<\/strong><br>Marialegionen er \u00e5pen for alle praktiserende katolikker som er besjelet av et \u00f8nske om \u00e5 delta i Kirkens arbeid om evangelisering som ledes av Kanonisk Lov: \u00abSiden, som alle trofaste kristne, lekfolk er utpekt av Gud for apostolatet gjennom d\u00e5p og konfirmasjon, er de bundet av den generelle plikten og de har rett som enkeltpersoner, eller sluttet i foreninger, i \u00e5 arbeide for at det gudommelige budskapet om frelse er gjort kjent, og akseptert av alle personer over alt i verden\u00bb. (Can.225\u00a71.)<\/p>\n\n\n\n<p><strong>KONTAKT N\u00c6RMESTE LEGION FOR MER INFORMASJON.<\/strong><br><strong>T\u00f8nsberg:<\/strong> Beatriz Quiles Svorst\u00f8l, tlf. 984 82 745, email: beatriz.svorstol@vtfk.no<br><strong>Drammen: <\/strong>Anna Hoa Thi D\u00f4, tlf: 463 60 781, email: annahoatd@gmail.com<br><strong>Oslo: <\/strong>Helen B\u00f8her, tlf: 921 27 780, email: helsoli@outlook.com<br><strong>Lillestr\u00f8m:<\/strong> p. Godwin, tlf: 483 97 070, email: Godwin.Adahada@katolsk.no<\/p>\n","protected":false},"excerpt":{"rendered":"<p>HVA ER MARIALEGIONEN?Maria Legionen (Legio Mariae) er den st\u00f8rste apostoliske organisering av lekfolk i Den katolske kirke med rundt 10 millioner aktive medlemmer. Legionen er i nesten alle land i verden. Legionen har blitt godkjent av de sist sju paver, og ble godkjent av Det annet Vatikankonsil. Hovedform\u00e5let med Marialegionen er \u00e5 gi Gud \u00e6re &hellip; <\/p>\n<p class=\"link-more\"><a href=\"https:\/\/tonsberg.katolsk.no\/index.php\/grupper\/marialegionen\/\" class=\"more-link\">Fortsett \u00e5 lese<span class=\"screen-reader-text\"> \u00abMarialegionen\u00bb<\/span><\/a><\/p>\n","protected":false},"author":2,"featured_media":0,"parent":15,"menu_order":0,"comment_status":"closed","ping_status":"closed","template":"","meta":{"footnotes":""},"class_list":["post-36","page","type-page","status-publish","hentry"],"_links":{"self":[{"href":"https:\/\/tonsberg.katolsk.no\/index.php\/wp-json\/wp\/v2\/pages\/36","targetHints":{"allow":["GET"]}}],"collection":[{"href":"https:\/\/tonsberg.katolsk.no\/index.php\/wp-json\/wp\/v2\/pages"}],"about":[{"href":"https:\/\/tonsberg.katolsk.no\/index.php\/wp-json\/wp\/v2\/types\/page"}],"author":[{"embeddable":true,"href":"https:\/\/tonsberg.katolsk.no\/index.php\/wp-json\/wp\/v2\/users\/2"}],"replies":[{"embeddable":true,"href":"https:\/\/tonsberg.katolsk.no\/index.php\/wp-json\/wp\/v2\/comments?post=36"}],"version-history":[{"count":5,"href":"https:\/\/tonsberg.katolsk.no\/index.php\/wp-json\/wp\/v2\/pages\/36\/revisions"}],"predecessor-version":[{"id":12193,"href":"https:\/\/tonsberg.katolsk.no\/index.php\/wp-json\/wp\/v2\/pages\/36\/revisions\/12193"}],"up":[{"embeddable":true,"href":"https:\/\/tonsberg.katolsk.no\/index.php\/wp-json\/wp\/v2\/pages\/15"}],"wp:attachment":[{"href":"https:\/\/tonsberg.katolsk.no\/index.php\/wp-json\/wp\/v2\/media?parent=36"}],"curies":[{"name":"wp","href":"https:\/\/api.w.org\/{rel}","templated":true}]}}