{"id":38,"date":"2017-08-23T10:35:00","date_gmt":"2017-08-23T08:35:00","guid":{"rendered":"http:\/\/xn--tnsberg-q1a.katolsk.no\/?page_id=38"},"modified":"2026-01-27T14:49:32","modified_gmt":"2026-01-27T13:49:32","slug":"ungdomslaget","status":"publish","type":"page","link":"https:\/\/tonsberg.katolsk.no\/index.php\/grupper\/ungdomslaget\/","title":{"rendered":"Ungdomslaget"},"content":{"rendered":"\n<figure class=\"wp-block-image size-full\"><img loading=\"lazy\" decoding=\"async\" width=\"602\" height=\"851\" src=\"https:\/\/tonsberg.katolsk.no\/wp-content\/uploads\/2026\/01\/KATU.png\" alt=\"\" class=\"wp-image-12224\" srcset=\"https:\/\/tonsberg.katolsk.no\/wp-content\/uploads\/2026\/01\/KATU.png 602w, https:\/\/tonsberg.katolsk.no\/wp-content\/uploads\/2026\/01\/KATU-212x300.png 212w\" sizes=\"auto, (max-width: 602px) 100vw, 602px\" \/><\/figure>\n\n\n\n<p><strong>KATU (Katolske aktive i T\u00f8nsberg ungdomslag)<\/strong> er et lokallag drevet av ungdommer for ungdommer. Vi \u00f8nsker \u00e5 styrke samholdet og troen til ungdommer i St. Olav kirke gjennom b\u00e5de \u00e5ndelige og sosiale aktiviteter. Alle ungdommer fra 14-18 \u00e5r er velkomne! Vi mener at sammen er det enklere \u00e5 styrke troen og motivere alle til \u00e5 holde troen levende.\u00a0<\/p>\n\n\n\n<p>\u00abLa ingen se ned p\u00e5 deg fordi du er ung, men v\u00e6r et forbilde for de troende i tale, i ferd, i kj\u00e6rlighet, i tro, i renhet!\u00bb&nbsp; 1 Tim 4,12&nbsp;<\/p>\n\n\n\n<p><em>Kontakt:\u00a0<\/em>\u00a0<br>Victoria Thorlakson\u00a0\u00a0<br>-Leder av KATU\u00a0\u00a0<br>-Telefon: 41300519\u00a0<\/p>\n\n\n\n<p>Sophia Strange Fernandes<br>-Leder av KATU&nbsp;&nbsp;<br>-Telefon: 48069932&nbsp;<\/p>\n\n\n\n<p><em>Voksenkontakt:\u00a0\u00a0<\/em><br>-Lino Thorlakson<br>-Telefon: 40055862\u00a0<\/p>\n\n\n\n<p><strong>Om <a href=\"https:\/\/www.nuk.no\/\" target=\"_blank\" rel=\"noreferrer noopener\">NUK<\/a> <\/strong>(Norges Unge Katolikker)<\/p>\n","protected":false},"excerpt":{"rendered":"<p>KATU (Katolske aktive i T\u00f8nsberg ungdomslag) er et lokallag drevet av ungdommer for ungdommer. Vi \u00f8nsker \u00e5 styrke samholdet og troen til ungdommer i St. Olav kirke gjennom b\u00e5de \u00e5ndelige og sosiale aktiviteter. Alle ungdommer fra 14-18 \u00e5r er velkomne! Vi mener at sammen er det enklere \u00e5 styrke troen og motivere alle til \u00e5 &hellip; <\/p>\n<p class=\"link-more\"><a href=\"https:\/\/tonsberg.katolsk.no\/index.php\/grupper\/ungdomslaget\/\" class=\"more-link\">Fortsett \u00e5 lese<span class=\"screen-reader-text\"> \u00abUngdomslaget\u00bb<\/span><\/a><\/p>\n","protected":false},"author":2,"featured_media":0,"parent":15,"menu_order":0,"comment_status":"closed","ping_status":"closed","template":"","meta":{"footnotes":""},"class_list":["post-38","page","type-page","status-publish","hentry"],"_links":{"self":[{"href":"https:\/\/tonsberg.katolsk.no\/index.php\/wp-json\/wp\/v2\/pages\/38","targetHints":{"allow":["GET"]}}],"collection":[{"href":"https:\/\/tonsberg.katolsk.no\/index.php\/wp-json\/wp\/v2\/pages"}],"about":[{"href":"https:\/\/tonsberg.katolsk.no\/index.php\/wp-json\/wp\/v2\/types\/page"}],"author":[{"embeddable":true,"href":"https:\/\/tonsberg.katolsk.no\/index.php\/wp-json\/wp\/v2\/users\/2"}],"replies":[{"embeddable":true,"href":"https:\/\/tonsberg.katolsk.no\/index.php\/wp-json\/wp\/v2\/comments?post=38"}],"version-history":[{"count":6,"href":"https:\/\/tonsberg.katolsk.no\/index.php\/wp-json\/wp\/v2\/pages\/38\/revisions"}],"predecessor-version":[{"id":12250,"href":"https:\/\/tonsberg.katolsk.no\/index.php\/wp-json\/wp\/v2\/pages\/38\/revisions\/12250"}],"up":[{"embeddable":true,"href":"https:\/\/tonsberg.katolsk.no\/index.php\/wp-json\/wp\/v2\/pages\/15"}],"wp:attachment":[{"href":"https:\/\/tonsberg.katolsk.no\/index.php\/wp-json\/wp\/v2\/media?parent=38"}],"curies":[{"name":"wp","href":"https:\/\/api.w.org\/{rel}","templated":true}]}}