{"id":49,"date":"2017-08-23T10:55:49","date_gmt":"2017-08-23T08:55:49","guid":{"rendered":"http:\/\/xn--tnsberg-q1a.katolsk.no\/?page_id=49"},"modified":"2022-09-14T12:45:33","modified_gmt":"2022-09-14T10:45:33","slug":"klosterlasse","status":"publish","type":"page","link":"https:\/\/tonsberg.katolsk.no\/index.php\/klosterlasse\/","title":{"rendered":"Klosterlasse 1622-2022"},"content":{"rendered":"<figure id=\"attachment_2221\" aria-describedby=\"caption-attachment-2221\" style=\"width: 525px\" class=\"wp-caption aligncenter\"><a href=\"https:\/\/tonsberg.katolsk.no\/wp-content\/uploads\/2017\/08\/St.-Johannes-kirken-Vilnius.jpg\"><img loading=\"lazy\" decoding=\"async\" class=\"wp-image-2221 size-large\" src=\"https:\/\/tonsberg.katolsk.no\/wp-content\/uploads\/2017\/08\/St.-Johannes-kirken-Vilnius-1024x768.jpg\" alt=\"\" width=\"525\" height=\"394\" srcset=\"https:\/\/tonsberg.katolsk.no\/wp-content\/uploads\/2017\/08\/St.-Johannes-kirken-Vilnius-1024x768.jpg 1024w, https:\/\/tonsberg.katolsk.no\/wp-content\/uploads\/2017\/08\/St.-Johannes-kirken-Vilnius-300x225.jpg 300w, https:\/\/tonsberg.katolsk.no\/wp-content\/uploads\/2017\/08\/St.-Johannes-kirken-Vilnius-768x576.jpg 768w, https:\/\/tonsberg.katolsk.no\/wp-content\/uploads\/2017\/08\/St.-Johannes-kirken-Vilnius.jpg 1174w\" sizes=\"auto, (max-width: 525px) 100vw, 525px\" \/><\/a><figcaption id=\"caption-attachment-2221\" class=\"wp-caption-text\">Universitetskirken St. Johannes i Vilnius der Klosterlasse &#8211; Lauritz Nielss\u00f8n fra T\u00f8nsberg &#8211; ble begravet i 1622 og der minneplaten for ham ble avduket av kong Harald V i 1998<\/figcaption><\/figure>\n<p><strong>Firehundre\u00e5rsminnet for Klosterlasses d\u00f8d, 5.-6. mai 2022 <\/strong><strong><br \/>\n<\/strong><strong><em>Lauritz Nielss\u00f8n, \u00abKlosterlasse\u00bb, T\u00f8nsberg 1537-Vilnius 1622<\/em><\/strong><strong><br \/>\n<\/strong><\/p>\n<figure id=\"attachment_2218\" aria-describedby=\"caption-attachment-2218\" style=\"width: 201px\" class=\"wp-caption alignright\"><a href=\"https:\/\/tonsberg.katolsk.no\/wp-content\/uploads\/2017\/08\/Minneplate-1.jpg\"><img loading=\"lazy\" decoding=\"async\" class=\"wp-image-2218 size-medium\" src=\"https:\/\/tonsberg.katolsk.no\/wp-content\/uploads\/2017\/08\/Minneplate-1-201x300.jpg\" alt=\"\" width=\"201\" height=\"300\" srcset=\"https:\/\/tonsberg.katolsk.no\/wp-content\/uploads\/2017\/08\/Minneplate-1-201x300.jpg 201w, https:\/\/tonsberg.katolsk.no\/wp-content\/uploads\/2017\/08\/Minneplate-1.jpg 589w\" sizes=\"auto, (max-width: 201px) 100vw, 201px\" \/><\/a><figcaption id=\"caption-attachment-2218\" class=\"wp-caption-text\">Minneplaten i St. Johannes-kirken, Vilnius<\/figcaption><\/figure>\n<p><a href=\"https:\/\/tonsberg.katolsk.no\/index.php\/klosterlasse\/presseklipp-i-forbindelse-med-400-arsminnet-for-klosterlasses-dod\/\" target=\"_blank\" rel=\"noopener\"><strong><span style=\"color: #ff0000;\">Se egen samleside med presseklipp og video fra rekviemmessen og avdukingen av minneplaten<\/span><\/strong><\/a>\u00a0[sist oppdatert 4. juli 2022]<\/p>\n<p><strong>Torsdag 5. mai:<br \/>\n<\/strong><strong><em>Program i St. Olav kirke p\u00e5 firehundre\u00e5rsdagen for Klosterlasses d\u00f8d<\/em><\/strong><\/p>\n<p>&#8211; 18.00 <strong>Pontifikal rekviemmesse<\/strong><br \/>\n&#8211; 19.15 <strong>Avduking av minneplate<\/strong><br \/>\n<em>Messen og avdukingen umiddelbart etterp\u00e5 er \u00e5pne arrangementer. Messen vil bli streamet p\u00e5 <a href=\"https:\/\/www.katolsk.no\/\" target=\"_blank\" rel=\"noopener\">katolsk.no<\/a>.<br \/>\n<\/em><br \/>\n&#8211; ca. 19.45-21.15 <strong>Mottakelse i St. Olavs menighetslokale<\/strong> (innbudte gjester og enkel servering)\u00a0<em>Ogs\u00e5 dette arrangementet er \u00e5pent for alle som deltar i messen s\u00e5 langt det er ledige plasser i menighetslokalet.<\/em><\/p>\n<p>Programmet for dagen og minneplaten har v\u00e6rt planlagt av en <strong>komit\u00e9<\/strong> helt siden St. Olav menighet i juni 2019 arrangerte pilegrimstur til Vilnius og Litauen. Komit\u00e9en har best\u00e5tt av Ola Breivega, Per Evtun, Erling Dahle, Sigurd Hareide og Ellinor Hilberg (sekret\u00e6r, fra 2020). Gunnhild B\u00e6r\u00f8 og Anne-Rigmor Stock Evje deltok i den f\u00f8rste fasen av komit\u00e9ens arbeid.<\/p>\n<p><strong>Fredag 6. mai:<\/strong><br \/>\n<strong><em>Klosterlasse og motreformasjonen i Skandinavia<br \/>\n<\/em><\/strong><strong>Fagseminar med utstillings\u00e5pning og bokpresentasjon p\u00e5 Slottsfjellsmuseet <\/strong>(se samlesiden over for bilde av seminarprogrammet)<br \/>\nUniversitetet i S\u00f8r\u00f8st-Norge i samarbeid med Slottsfjellsmuseet og St. Olav forlag (program og p\u00e5melding p\u00e5 usn.no)<\/p>\n","protected":false},"excerpt":{"rendered":"<p>Firehundre\u00e5rsminnet for Klosterlasses d\u00f8d, 5.-6. mai 2022 Lauritz Nielss\u00f8n, \u00abKlosterlasse\u00bb, T\u00f8nsberg 1537-Vilnius 1622 Se egen samleside med presseklipp og video fra rekviemmessen og avdukingen av minneplaten\u00a0[sist oppdatert 4. juli 2022] Torsdag 5. mai: Program i St. Olav kirke p\u00e5 firehundre\u00e5rsdagen for Klosterlasses d\u00f8d &#8211; 18.00 Pontifikal rekviemmesse &#8211; 19.15 Avduking av minneplate Messen og avdukingen &hellip; <\/p>\n<p class=\"link-more\"><a href=\"https:\/\/tonsberg.katolsk.no\/index.php\/klosterlasse\/\" class=\"more-link\">Fortsett \u00e5 lese<span class=\"screen-reader-text\"> \u00abKlosterlasse 1622-2022\u00bb<\/span><\/a><\/p>\n","protected":false},"author":2,"featured_media":0,"parent":0,"menu_order":0,"comment_status":"closed","ping_status":"closed","template":"","meta":{"footnotes":""},"class_list":["post-49","page","type-page","status-publish","hentry"],"_links":{"self":[{"href":"https:\/\/tonsberg.katolsk.no\/index.php\/wp-json\/wp\/v2\/pages\/49","targetHints":{"allow":["GET"]}}],"collection":[{"href":"https:\/\/tonsberg.katolsk.no\/index.php\/wp-json\/wp\/v2\/pages"}],"about":[{"href":"https:\/\/tonsberg.katolsk.no\/index.php\/wp-json\/wp\/v2\/types\/page"}],"author":[{"embeddable":true,"href":"https:\/\/tonsberg.katolsk.no\/index.php\/wp-json\/wp\/v2\/users\/2"}],"replies":[{"embeddable":true,"href":"https:\/\/tonsberg.katolsk.no\/index.php\/wp-json\/wp\/v2\/comments?post=49"}],"version-history":[{"count":33,"href":"https:\/\/tonsberg.katolsk.no\/index.php\/wp-json\/wp\/v2\/pages\/49\/revisions"}],"predecessor-version":[{"id":2518,"href":"https:\/\/tonsberg.katolsk.no\/index.php\/wp-json\/wp\/v2\/pages\/49\/revisions\/2518"}],"wp:attachment":[{"href":"https:\/\/tonsberg.katolsk.no\/index.php\/wp-json\/wp\/v2\/media?parent=49"}],"curies":[{"name":"wp","href":"https:\/\/api.w.org\/{rel}","templated":true}]}}