{"id":5,"date":"2017-08-23T09:47:06","date_gmt":"2017-08-23T07:47:06","guid":{"rendered":"http:\/\/xn--tnsberg-q1a.katolsk.no\/?page_id=5"},"modified":"2025-02-27T11:11:53","modified_gmt":"2025-02-27T10:11:53","slug":"informasjon","status":"publish","type":"page","link":"https:\/\/tonsberg.katolsk.no\/index.php\/informasjon\/","title":{"rendered":"Info"},"content":{"rendered":"<p>Velkommen til hjemmesidene for St. Olav menighet i T\u00f8nsberg, katolsk menighet for Vestfoldkommunene T\u00f8nsberg, F\u00e6rder, Horten og st\u00f8rstedelen av Holmestrand.<\/p>\n<p>Se undermenyene ved Info-menyen for viktig informasjon om St. Olav menighet og kirke.<\/p>\n","protected":false},"excerpt":{"rendered":"<p>Velkommen til hjemmesidene for St. Olav menighet i T\u00f8nsberg, katolsk menighet for Vestfoldkommunene T\u00f8nsberg, F\u00e6rder, Horten og st\u00f8rstedelen av Holmestrand. Se undermenyene ved Info-menyen for viktig informasjon om St. Olav menighet og kirke.<\/p>\n","protected":false},"author":2,"featured_media":0,"parent":0,"menu_order":0,"comment_status":"closed","ping_status":"closed","template":"","meta":{"footnotes":""},"class_list":["post-5","page","type-page","status-publish","hentry"],"_links":{"self":[{"href":"https:\/\/tonsberg.katolsk.no\/index.php\/wp-json\/wp\/v2\/pages\/5","targetHints":{"allow":["GET"]}}],"collection":[{"href":"https:\/\/tonsberg.katolsk.no\/index.php\/wp-json\/wp\/v2\/pages"}],"about":[{"href":"https:\/\/tonsberg.katolsk.no\/index.php\/wp-json\/wp\/v2\/types\/page"}],"author":[{"embeddable":true,"href":"https:\/\/tonsberg.katolsk.no\/index.php\/wp-json\/wp\/v2\/users\/2"}],"replies":[{"embeddable":true,"href":"https:\/\/tonsberg.katolsk.no\/index.php\/wp-json\/wp\/v2\/comments?post=5"}],"version-history":[{"count":75,"href":"https:\/\/tonsberg.katolsk.no\/index.php\/wp-json\/wp\/v2\/pages\/5\/revisions"}],"predecessor-version":[{"id":11456,"href":"https:\/\/tonsberg.katolsk.no\/index.php\/wp-json\/wp\/v2\/pages\/5\/revisions\/11456"}],"wp:attachment":[{"href":"https:\/\/tonsberg.katolsk.no\/index.php\/wp-json\/wp\/v2\/media?parent=5"}],"curies":[{"name":"wp","href":"https:\/\/api.w.org\/{rel}","templated":true}]}}