{"id":54,"date":"2017-08-23T10:58:00","date_gmt":"2017-08-23T08:58:00","guid":{"rendered":"http:\/\/xn--tnsberg-q1a.katolsk.no\/?page_id=54"},"modified":"2025-10-12T21:20:41","modified_gmt":"2025-10-12T19:20:41","slug":"vigsel","status":"publish","type":"page","link":"https:\/\/tonsberg.katolsk.no\/index.php\/vigsel\/","title":{"rendered":"Vigsel"},"content":{"rendered":"<p>Ved inng\u00e5else av ekteskap, ta kontakt med sognepresten. Kirken legger vekt p\u00e5 \u00e5 st\u00f8tte parene i forberedelsen til ekteskapsinng\u00e5elsen og tilbyr kurs og samtaler.<br \/>\nEkteskapet mellom d\u00f8pte er et sakrament. Les mer om den katolske forst\u00e5elsen av ekteskapet <a href=\"http:\/\/www.katolsk.no\/tro\/tema\/sakramenter\/artikler\/sakramen#5\">her<\/a>.<\/p>\n","protected":false},"excerpt":{"rendered":"<p>Ved inng\u00e5else av ekteskap, ta kontakt med sognepresten. Kirken legger vekt p\u00e5 \u00e5 st\u00f8tte parene i forberedelsen til ekteskapsinng\u00e5elsen og tilbyr kurs og samtaler. Ekteskapet mellom d\u00f8pte er et sakrament. Les mer om den katolske forst\u00e5elsen av ekteskapet her.<\/p>\n","protected":false},"author":2,"featured_media":0,"parent":0,"menu_order":0,"comment_status":"closed","ping_status":"closed","template":"","meta":{"footnotes":""},"class_list":["post-54","page","type-page","status-publish","hentry"],"_links":{"self":[{"href":"https:\/\/tonsberg.katolsk.no\/index.php\/wp-json\/wp\/v2\/pages\/54","targetHints":{"allow":["GET"]}}],"collection":[{"href":"https:\/\/tonsberg.katolsk.no\/index.php\/wp-json\/wp\/v2\/pages"}],"about":[{"href":"https:\/\/tonsberg.katolsk.no\/index.php\/wp-json\/wp\/v2\/types\/page"}],"author":[{"embeddable":true,"href":"https:\/\/tonsberg.katolsk.no\/index.php\/wp-json\/wp\/v2\/users\/2"}],"replies":[{"embeddable":true,"href":"https:\/\/tonsberg.katolsk.no\/index.php\/wp-json\/wp\/v2\/comments?post=54"}],"version-history":[{"count":4,"href":"https:\/\/tonsberg.katolsk.no\/index.php\/wp-json\/wp\/v2\/pages\/54\/revisions"}],"predecessor-version":[{"id":11928,"href":"https:\/\/tonsberg.katolsk.no\/index.php\/wp-json\/wp\/v2\/pages\/54\/revisions\/11928"}],"wp:attachment":[{"href":"https:\/\/tonsberg.katolsk.no\/index.php\/wp-json\/wp\/v2\/media?parent=54"}],"curies":[{"name":"wp","href":"https:\/\/api.w.org\/{rel}","templated":true}]}}